
{"id":877,"date":"2019-01-07T09:06:31","date_gmt":"2019-01-07T08:06:31","guid":{"rendered":"http:\/\/scf.se\/trial\/?page_id=877"},"modified":"2019-01-07T09:06:31","modified_gmt":"2019-01-07T08:06:31","slug":"sm-trial-inomhus-2019","status":"publish","type":"page","link":"https:\/\/scf.se\/trial\/sm-trial-inomhus-2019\/","title":{"rendered":"SM Trial inomhus 2019"},"content":{"rendered":"<p>Fredagen den 1:a februari \u00e4r det dags att \u00e5ter s\u00e4tta sig tillr\u00e4tta i tv-soffan eller p\u00e5 l\u00e4ktaren i Sundsvall f\u00f6r att f\u00f6lja den sp\u00e4nnande direkts\u00e4nda finalen av SCF\u00b4s svenska m\u00e4sterskap i trial. T\u00e4vlingen genomf\u00f6rs i samband med SM-veckan vinter i Sundsvall och direkts\u00e4nds av SVT.<\/p>\n<p>T\u00e4vlingen \u00e4r nu \u00f6ppen f\u00f6r anm\u00e4lan\u00a0<a href=\"https:\/\/www.swecyclingonline.se\/tavling\/17853\">h\u00e4r\u2026<\/a><\/p>\n<ul>\n<li><a href=\"http:\/\/www.smveckan.se\/Deltagandeidrotter\/Cykeltrial\/\">SM veckan Sundsvall<\/a><\/li>\n<li><a href=\"https:\/\/scf.se\/trial\/wp-content\/uploads\/sites\/8\/2018\/12\/PM-1.pdf\">PM<\/a><\/li>\n<\/ul>\n<p>&nbsp;<\/p>\n","protected":false},"excerpt":{"rendered":"<p>Fredagen den 1:a februari \u00e4r det dags att \u00e5ter s\u00e4tta sig tillr\u00e4tta i tv-soffan eller p\u00e5 l\u00e4ktaren i Sundsvall f\u00f6r att f\u00f6lja den sp\u00e4nnande direkts\u00e4nda finalen av SCF\u00b4s svenska m\u00e4sterskap i trial. T\u00e4vlingen genomf\u00f6rs i samband med SM-veckan vinter i Sundsvall och direkts\u00e4nds av SVT. T\u00e4vlingen \u00e4r nu \u00f6ppen f\u00f6r anm\u00e4lan\u00a0h\u00e4r\u2026 SM veckan Sundsvall<a href=\"https:\/\/scf.se\/trial\/sm-trial-inomhus-2019\/\" class=\"news-card__more\"> &#8230;<\/a><\/p>\n","protected":false},"author":2,"featured_media":0,"parent":0,"menu_order":0,"comment_status":"closed","ping_status":"closed","template":"","meta":{"_acf_changed":false,"footnotes":""},"class_list":["post-877","page","type-page","status-publish","hentry"],"acf":[],"_links":{"self":[{"href":"https:\/\/scf.se\/trial\/wp-json\/wp\/v2\/pages\/877","targetHints":{"allow":["GET"]}}],"collection":[{"href":"https:\/\/scf.se\/trial\/wp-json\/wp\/v2\/pages"}],"about":[{"href":"https:\/\/scf.se\/trial\/wp-json\/wp\/v2\/types\/page"}],"author":[{"embeddable":true,"href":"https:\/\/scf.se\/trial\/wp-json\/wp\/v2\/users\/2"}],"replies":[{"embeddable":true,"href":"https:\/\/scf.se\/trial\/wp-json\/wp\/v2\/comments?post=877"}],"version-history":[{"count":0,"href":"https:\/\/scf.se\/trial\/wp-json\/wp\/v2\/pages\/877\/revisions"}],"wp:attachment":[{"href":"https:\/\/scf.se\/trial\/wp-json\/wp\/v2\/media?parent=877"}],"curies":[{"name":"wp","href":"https:\/\/api.w.org\/{rel}","templated":true}]}}