
{"id":719,"date":"2018-03-22T09:40:46","date_gmt":"2018-03-22T08:40:46","guid":{"rendered":"http:\/\/scf.se\/trial\/?page_id=719"},"modified":"2018-08-08T13:48:29","modified_gmt":"2018-08-08T11:48:29","slug":"sm-trial-utomhus-2018","status":"publish","type":"page","link":"https:\/\/scf.se\/trial\/sm-trial-utomhus-2018\/","title":{"rendered":"SM Trial Utomhus 2018"},"content":{"rendered":"<p>Utomhus-SM kommer att arrangeras den 15 september p\u00e5 Dunteberget under V\u00e4ttern Bike Games. Som arrang\u00f6r st\u00e5r Motala AIF\/V\u00e4tternrundan.\u00a0 Mer information om V\u00e4ttern Bike Games och t\u00e4vlingen hittar du p\u00e5 <a href=\"https:\/\/vatternbikegames.se\/tavlingar\/sm-i-trial-utomhus\">vatternbikegames.se<\/a><\/p>\n<p>Lite inspiration fr\u00e5n f\u00f6rra \u00e5rets SM:<\/p>\n<p><div class=\"video-wrapper\"><iframe loading=\"lazy\" title=\"SM trial utomhus 2017\" width=\"500\" height=\"281\" src=\"https:\/\/www.youtube.com\/embed\/Si7l0gRG-fU?feature=oembed\" frameborder=\"0\" allow=\"accelerometer; autoplay; clipboard-write; encrypted-media; gyroscope; picture-in-picture; web-share\" referrerpolicy=\"strict-origin-when-cross-origin\" allowfullscreen><\/iframe><\/div><\/p>\n","protected":false},"excerpt":{"rendered":"<p>Utomhus-SM kommer att arrangeras den 15 september p\u00e5 Dunteberget under V\u00e4ttern Bike Games. Som arrang\u00f6r st\u00e5r Motala AIF\/V\u00e4tternrundan.\u00a0 Mer information om V\u00e4ttern Bike Games och t\u00e4vlingen hittar du p\u00e5 vatternbikegames.se Lite inspiration fr\u00e5n f\u00f6rra \u00e5rets SM:<\/p>\n","protected":false},"author":2,"featured_media":0,"parent":0,"menu_order":0,"comment_status":"closed","ping_status":"closed","template":"","meta":{"_acf_changed":false,"footnotes":""},"class_list":["post-719","page","type-page","status-publish","hentry"],"acf":[],"_links":{"self":[{"href":"https:\/\/scf.se\/trial\/wp-json\/wp\/v2\/pages\/719","targetHints":{"allow":["GET"]}}],"collection":[{"href":"https:\/\/scf.se\/trial\/wp-json\/wp\/v2\/pages"}],"about":[{"href":"https:\/\/scf.se\/trial\/wp-json\/wp\/v2\/types\/page"}],"author":[{"embeddable":true,"href":"https:\/\/scf.se\/trial\/wp-json\/wp\/v2\/users\/2"}],"replies":[{"embeddable":true,"href":"https:\/\/scf.se\/trial\/wp-json\/wp\/v2\/comments?post=719"}],"version-history":[{"count":0,"href":"https:\/\/scf.se\/trial\/wp-json\/wp\/v2\/pages\/719\/revisions"}],"wp:attachment":[{"href":"https:\/\/scf.se\/trial\/wp-json\/wp\/v2\/media?parent=719"}],"curies":[{"name":"wp","href":"https:\/\/api.w.org\/{rel}","templated":true}]}}