
{"id":486,"date":"2016-10-30T18:15:15","date_gmt":"2016-10-30T17:15:15","guid":{"rendered":"http:\/\/scf.se\/trial\/?page_id=486"},"modified":"2020-09-26T21:23:14","modified_gmt":"2020-09-26T19:23:14","slug":"resultat","status":"publish","type":"page","link":"https:\/\/scf.se\/trial\/resultat\/","title":{"rendered":"Resultat"},"content":{"rendered":"<ul>\n<li><a href=\"https:\/\/scf.se\/trial\/1101-2\/\">SM Trial utomhus 2020, Arvika<\/a><\/li>\n<\/ul>\n<hr \/>\n<ul>\n<li><a href=\"https:\/\/scf.se\/trial\/wp-content\/uploads\/sites\/8\/2019\/08\/Totaltresultat-Swe-Cup-2019.pdf\">Totalresultat Swe Cup\/SCF Trial Cup 2019<\/a><\/li>\n<li><a href=\"https:\/\/docs.google.com\/spreadsheets\/d\/1UQUExuWC48rxK2bti_qm9dk0H3pRUz0k7ibDZ8pHPGk\/edit?usp=sharing\">SM utomhus, G\u00f6teborg 2019<\/a><\/li>\n<li><a href=\"https:\/\/docs.google.com\/spreadsheets\/d\/1Y-EmgHHCjpn1mVQA-gU9cROchU-OpdKkDtors0qzBYI\/edit?usp=sharing\">Girotrialen, G\u00f6teborg 2019<\/a><\/li>\n<li><a href=\"https:\/\/scf.se\/trial\/wp-content\/uploads\/sites\/8\/2019\/02\/Finalta\u0308vling-inomhus-SM-2019.pdf\">SM Trial inomhus 2019, Sundsvall<\/a><\/li>\n<\/ul>\n<hr \/>\n<ul>\n<li><a href=\"https:\/\/scf.se\/trial\/wp-content\/uploads\/sites\/8\/2019\/01\/Totalt-SWE-Cup-SCF-Trial-cup-2018.pdf\">Totalresultat\u00a0Swe Cup\/SCF Trial Cup 2018<\/a><\/li>\n<li><a href=\"https:\/\/docs.google.com\/spreadsheets\/d\/1McZaoRRWw1skqnar7cs4FCFeS04CWINNKZDd1aeI9aQ\/edit?usp=sharing\">SM utomhus, Motala 2018<\/a><\/li>\n<li><a href=\"http:\/\/www.swecyclingonline.se\/api\/v1\/fil\/bilagor\/42c417a8-0546-460a-b63f-e138eb4aa63c\/girotrialen5_6maj2018.pdf\">Girotrialen, G\u00f6teborg<\/a><\/li>\n<li><a href=\"http:\/\/www.swecyclingonline.se\/api\/v1\/fil\/bilagor\/ecde8eb5-d298-47b2-8748-1b89f4866e55\/resultatfilsmskelleftea.pdf\">SM Trial inomhus 2018, Skellefte\u00e5<\/a><\/li>\n<\/ul>\n<hr \/>\n<ul>\n<li><a href=\"https:\/\/docs.google.com\/spreadsheets\/d\/1eVTzDozT00H_475uwsYNeK1CwSzkhNRmQ6Ib2kWIJow\/edit#gid=0\">Totalst\u00e4llning Swe Cup\/SCF Trial Cup, 2017<\/a><\/li>\n<li><a href=\"http:\/\/www.swecyclingonline.se\/api\/v1\/fil\/bilagor\/16acd8a0-fd14-413a-9921-485c3524fb9e\/resultat_sm_2017.pdf\">SM Trial utomhus Tranemo 2017<\/a><\/li>\n<li><a href=\"http:\/\/www.swecyclingonline.se\/api\/v1\/fil\/bilagor\/110661c3-b7a2-4fb4-a4ac-272147a03629\/girotrialen_2017___2017.pdf\">Girotrialen, G\u00f6teborg<\/a><\/li>\n<li><a href=\"https:\/\/scf.se\/trial\/wp-content\/uploads\/sites\/8\/2016\/10\/Resultat-inomhus-SM-Cyketlrial-2017-S\u00f6derhamn-IndTA-2.pdf\">SM Trial inomhus\u00a0Cyketlrial 2017, S\u00f6derhamn<\/a><\/li>\n<\/ul>\n<hr \/>\n<ul>\n<li><a href=\"https:\/\/scf.se\/trial\/wp-content\/uploads\/sites\/8\/2016\/10\/SWE-Cup-Trial-resultat-2016.xlsx\">SWE Cup Trial Slutresultat 2016<\/a><\/li>\n<li><a href=\"https:\/\/scf.se\/trial\/wp-content\/uploads\/sites\/8\/2016\/10\/Resultat-SM-trial-utomhus-Huskvarna-2016.xlsx\">SM Trial utomhus Huskvarna 2016<\/a><\/li>\n<li><a href=\"https:\/\/scf.se\/trial\/wp-content\/uploads\/sites\/8\/2016\/10\/Resultat-SM-trial-inomhus-Pite\u00e5-2016.xlsx\">SM Trial inomhus Pite\u00e5 2016<\/a><\/li>\n<\/ul>\n","protected":false},"excerpt":{"rendered":"<p>SM Trial utomhus 2020, Arvika Totalresultat Swe Cup\/SCF Trial Cup 2019 SM utomhus, G\u00f6teborg 2019 Girotrialen, G\u00f6teborg 2019 SM Trial inomhus 2019, Sundsvall Totalresultat\u00a0Swe Cup\/SCF Trial Cup 2018 SM utomhus, Motala 2018 Girotrialen, G\u00f6teborg SM Trial inomhus 2018, Skellefte\u00e5 Totalst\u00e4llning Swe Cup\/SCF Trial Cup, 2017 SM Trial utomhus Tranemo 2017 Girotrialen, G\u00f6teborg SM Trial<a href=\"https:\/\/scf.se\/trial\/resultat\/\" class=\"news-card__more\"> &#8230;<\/a><\/p>\n","protected":false},"author":9,"featured_media":0,"parent":0,"menu_order":0,"comment_status":"closed","ping_status":"closed","template":"","meta":{"_acf_changed":false,"footnotes":""},"class_list":["post-486","page","type-page","status-publish","hentry"],"acf":[],"_links":{"self":[{"href":"https:\/\/scf.se\/trial\/wp-json\/wp\/v2\/pages\/486","targetHints":{"allow":["GET"]}}],"collection":[{"href":"https:\/\/scf.se\/trial\/wp-json\/wp\/v2\/pages"}],"about":[{"href":"https:\/\/scf.se\/trial\/wp-json\/wp\/v2\/types\/page"}],"author":[{"embeddable":true,"href":"https:\/\/scf.se\/trial\/wp-json\/wp\/v2\/users\/9"}],"replies":[{"embeddable":true,"href":"https:\/\/scf.se\/trial\/wp-json\/wp\/v2\/comments?post=486"}],"version-history":[{"count":0,"href":"https:\/\/scf.se\/trial\/wp-json\/wp\/v2\/pages\/486\/revisions"}],"wp:attachment":[{"href":"https:\/\/scf.se\/trial\/wp-json\/wp\/v2\/media?parent=486"}],"curies":[{"name":"wp","href":"https:\/\/api.w.org\/{rel}","templated":true}]}}