
{"id":30,"date":"2025-05-09T15:52:02","date_gmt":"2025-05-09T13:52:02","guid":{"rendered":"http:\/\/svenskcykel.grandpublic.se\/trial\/?page_id=30"},"modified":"2026-04-09T15:40:50","modified_gmt":"2026-04-09T13:40:50","slug":"landslagsuttagningar","status":"publish","type":"page","link":"https:\/\/scf.se\/trial\/landslag\/landslagsuttagningar\/","title":{"rendered":"Landslagsuttagningar"},"content":{"rendered":"<h2>Uttagningskriterier<\/h2>\n<h3><strong>Landslaget Trial<\/strong><\/h3>\n<p>Svenska Cykelf\u00f6rbundets inriktning att ta medaljer p\u00e5 internationella m\u00e4sterskap \u00e4r ett huvudm\u00e5l med landslagsverksamheten. I \u00f6vrigt g\u00e4ller nedanst\u00e5ende generella m\u00e5l med landslagst\u00e4vlande:<\/p>\n<ul>\n<li>Prestera topp 10 (damer elit)<\/li>\n<li>Prestera topp 15 (herrar junior)<\/li>\n<li>Prestera topp 15 (herrar elit)<\/li>\n<li>Ge cyklister med s\u00e4rskilt god trend p\u00e5 sin utvecklingskurva internationell erfarenhet<\/li>\n<li>Niv\u00e5n p\u00e5 tr\u00e4ning och t\u00e4vling ska motsvara topp 15 i v\u00e4rlden<\/li>\n<\/ul>\n<h3><strong>Uttagningskriterier\/resultat<br \/>\n<\/strong><\/h3>\n<p>Resultat som g\u00e4ller som underlag f\u00f6r uttagning \u00e4r:<\/p>\n<ul>\n<li>VM, EM och v\u00e4rldscupen<\/li>\n<li>Svenska t\u00e4vlingar<\/li>\n<li>Det anses tungt v\u00e4gande att cyklisten prioriterar t\u00e4vlande, s\u00e5v\u00e4l nationellt som internationellt<\/li>\n<\/ul>\n<h3><strong>\u00d6vriga uttagningskriterier<br \/>\n<\/strong><\/h3>\n<p>Ut\u00f6ver de rent objektiva uttagningskriterierna v\u00e4gs \u00e4ven f\u00f6ljande subjektiva aspekter in:<\/p>\n<ul>\n<li>Cyklistens personliga egenskaper, till exempel hum\u00f6r, handlingskraft och social f\u00f6rm\u00e5ga<\/li>\n<li>Cyklistens t\u00e4vlingsmentalitet, till exempel k\u00e4mparanda och \u201dvinnarskalle\u201d<\/li>\n<li>F\u00f6rm\u00e5ga att organisera och genomf\u00f6ra t\u00e4vlingsf\u00f6rberedelser<\/li>\n<li>Seriositet i sin satsning att bli s\u00e5 bra som m\u00f6jligt<\/li>\n<li>F\u00f6rm\u00e5ga att f\u00f6lja de beslut som tas av landslagsledningen<\/li>\n<\/ul>\n<h3><strong>Landslagsprogram<\/strong><\/h3>\n<ul>\n<li>Presenteras l\u00f6pande f\u00f6r ber\u00f6rda cyklister.<\/li>\n<li>Vid fr\u00e5gor, kontakta f\u00f6rbundskaptenen Christian Andersson: <a href=\"mailto:christian.andersson@scf.se\"><em><strong>christian.andersson@scf.se<\/strong><\/em><\/a><\/li>\n<\/ul>\n<p>&nbsp;<\/p>\n<hr \/>\n<h2>Landslagsavtal<\/h2>\n<ul>\n<li>F\u00f6r deltagande i landslaget kr\u00e4vs att cyklisten undertecknar och efterlever Svenska Cykelf\u00f6rbundets \u201davtal f\u00f6r landslagst\u00e4vlande\u201d som cyklisten f\u00e5r i samband med uttagning till landslagsuppdrag. Samt genomg\u00e5tt antidoping webbutbildning <em><strong><a href=\"https:\/\/scf.se\/forbundet\/tavlingsverksamhet\/antidoping\/\">REN VINNARE<\/a><\/strong><\/em>\u00a0och s\u00e4nt certifikat till kansliet (<a href=\"mailto:kansli@scf.se\"><em><strong>kansli@scf.se<\/strong><\/em><\/a>).<\/li>\n<li>Ers\u00e4ttningsniv\u00e5er kan komma att variera fr\u00e5n tillf\u00e4lle till tillf\u00e4lle och \u00e4ven fr\u00e5n \u00e5kare till \u00e5kare, det specificeras i personlig inbjudan vid landslagsuppdrag. A-och B-uttagning kan till\u00e4mpas och kommer i s\u00e5 fall inneb\u00e4ra olika\u00a0ers\u00e4ttningsniv\u00e5er.<\/li>\n<li>Avtal mellan cyklist uttagen till landslagsuppdrag och Svenska Cykelf\u00f6rbundet kan komma att uppr\u00e4ttas avseende PR-uppdrag f\u00f6r Svenska Cykelf\u00f6rbundet och\/eller dess sponsorer.<\/li>\n<li>Det \u00e4r m\u00f6jligt f\u00f6r ej uttagen cyklist, i m\u00e5n av plats, att delta i m\u00e4sterskap i egen regi med undantag av VM.<\/li>\n<li>Uttagningar kommer ske l\u00f6pande och ber\u00f6rda cyklister kommer att f\u00e5 personlig information. Antalet uttagna cyklister kan variera. Cyklister kan utg\u00e5 eller tillkomma under s\u00e4songen.<\/li>\n<li>Vid fr\u00e5gor avseende n\u00e5got av ovanst\u00e5ende kontakta f\u00f6rbundskaptenen Christian Andersson: <a href=\"mailto:christian.andersson@scf.se\"><em><strong>christian.andersson@scf.se<\/strong><\/em><\/a><\/li>\n<\/ul>\n<p>&nbsp;<\/p>\n","protected":false},"excerpt":{"rendered":"<p>Uttagningskriterier Landslaget Trial Svenska Cykelf\u00f6rbundets inriktning att ta medaljer p\u00e5 internationella m\u00e4sterskap \u00e4r ett huvudm\u00e5l med landslagsverksamheten. I \u00f6vrigt g\u00e4ller nedanst\u00e5ende generella m\u00e5l med landslagst\u00e4vlande: Prestera topp 10 (damer elit) Prestera topp 15 (herrar junior) Prestera topp 15 (herrar elit) Ge cyklister med s\u00e4rskilt god trend p\u00e5 sin utvecklingskurva internationell erfarenhet Niv\u00e5n p\u00e5 tr\u00e4ning<a href=\"https:\/\/scf.se\/trial\/landslag\/landslagsuttagningar\/\" class=\"news-card__more\"> &#8230;<\/a><\/p>\n","protected":false},"author":58,"featured_media":0,"parent":26,"menu_order":0,"comment_status":"closed","ping_status":"closed","template":"","meta":{"_acf_changed":false,"footnotes":""},"class_list":["post-30","page","type-page","status-publish","hentry"],"acf":[],"_links":{"self":[{"href":"https:\/\/scf.se\/trial\/wp-json\/wp\/v2\/pages\/30","targetHints":{"allow":["GET"]}}],"collection":[{"href":"https:\/\/scf.se\/trial\/wp-json\/wp\/v2\/pages"}],"about":[{"href":"https:\/\/scf.se\/trial\/wp-json\/wp\/v2\/types\/page"}],"author":[{"embeddable":true,"href":"https:\/\/scf.se\/trial\/wp-json\/wp\/v2\/users\/58"}],"replies":[{"embeddable":true,"href":"https:\/\/scf.se\/trial\/wp-json\/wp\/v2\/comments?post=30"}],"version-history":[{"count":6,"href":"https:\/\/scf.se\/trial\/wp-json\/wp\/v2\/pages\/30\/revisions"}],"predecessor-version":[{"id":2198,"href":"https:\/\/scf.se\/trial\/wp-json\/wp\/v2\/pages\/30\/revisions\/2198"}],"up":[{"embeddable":true,"href":"https:\/\/scf.se\/trial\/wp-json\/wp\/v2\/pages\/26"}],"wp:attachment":[{"href":"https:\/\/scf.se\/trial\/wp-json\/wp\/v2\/media?parent=30"}],"curies":[{"name":"wp","href":"https:\/\/api.w.org\/{rel}","templated":true}]}}