
{"id":26,"date":"2015-11-09T15:51:38","date_gmt":"2015-11-09T14:51:38","guid":{"rendered":"http:\/\/svenskcykel.grandpublic.se\/trial\/?page_id=26"},"modified":"2019-03-17T20:52:15","modified_gmt":"2019-03-17T19:52:15","slug":"landslag","status":"publish","type":"page","link":"https:\/\/scf.se\/trial\/landslag\/","title":{"rendered":"Landslag"},"content":{"rendered":"<p>-I\u00a0september 2015 avgjordes VM Mountainbike och Trial i Andorra och Sverige var f\u00f6r f\u00f6rsta g\u00e5ngen representerat av ett landslag uttaget av f\u00f6rbundet \u2013 en milstolpe i svensk cykeltrialhistoria!<br \/>\nLandslaget bestod av\u00a0Joacim Nymann, Tobias Hult, Alexander Carlsson och Viktor Hedin. Joacim representerade ocks\u00e5 Sverige p\u00e5 EM i Italien i juli.-<\/p>\n<div id=\"attachment_131\" class=\"wp-caption alignnone\" ><img loading=\"lazy\" decoding=\"async\" class=\"size-large wp-image-131\" src=\"http:\/\/svenskcykel.grandpublic.se\/trial\/wp-content\/uploads\/sites\/8\/2016\/01\/DSC_4888-1024x678.jpg\" alt=\"Landslaget i Trial VM 2015\" width=\"1024\" height=\"678\" srcset=\"https:\/\/scf.se\/trial\/wp-content\/uploads\/sites\/8\/2016\/01\/DSC_4888-1024x678.jpg 1024w, https:\/\/scf.se\/trial\/wp-content\/uploads\/sites\/8\/2016\/01\/DSC_4888-300x199.jpg 300w, https:\/\/scf.se\/trial\/wp-content\/uploads\/sites\/8\/2016\/01\/DSC_4888-768x509.jpg 768w\" sizes=\"auto, (max-width: 1024px) 100vw, 1024px\" \/><p class=\"wp-caption-text\">Landslaget i Trial VM 2015<\/p><\/div>\n","protected":false},"excerpt":{"rendered":"<p>-I\u00a0september 2015 avgjordes VM Mountainbike och Trial i Andorra och Sverige var f\u00f6r f\u00f6rsta g\u00e5ngen representerat av ett landslag uttaget av f\u00f6rbundet \u2013 en milstolpe i svensk cykeltrialhistoria! Landslaget bestod av\u00a0Joacim Nymann, Tobias Hult, Alexander Carlsson och Viktor Hedin. Joacim representerade ocks\u00e5 Sverige p\u00e5 EM i Italien i juli.-<\/p>\n","protected":false},"author":1,"featured_media":0,"parent":0,"menu_order":0,"comment_status":"closed","ping_status":"closed","template":"","meta":{"_acf_changed":false,"footnotes":""},"class_list":["post-26","page","type-page","status-publish","hentry"],"acf":[],"_links":{"self":[{"href":"https:\/\/scf.se\/trial\/wp-json\/wp\/v2\/pages\/26","targetHints":{"allow":["GET"]}}],"collection":[{"href":"https:\/\/scf.se\/trial\/wp-json\/wp\/v2\/pages"}],"about":[{"href":"https:\/\/scf.se\/trial\/wp-json\/wp\/v2\/types\/page"}],"author":[{"embeddable":true,"href":"https:\/\/scf.se\/trial\/wp-json\/wp\/v2\/users\/1"}],"replies":[{"embeddable":true,"href":"https:\/\/scf.se\/trial\/wp-json\/wp\/v2\/comments?post=26"}],"version-history":[{"count":0,"href":"https:\/\/scf.se\/trial\/wp-json\/wp\/v2\/pages\/26\/revisions"}],"wp:attachment":[{"href":"https:\/\/scf.se\/trial\/wp-json\/wp\/v2\/media?parent=26"}],"curies":[{"name":"wp","href":"https:\/\/api.w.org\/{rel}","templated":true}]}}