
{"id":24,"date":"2021-03-09T15:43:07","date_gmt":"2021-03-09T14:43:07","guid":{"rendered":"http:\/\/svenskcykel.grandpublic.se\/trial\/?page_id=24"},"modified":"2026-04-09T18:08:40","modified_gmt":"2026-04-09T16:08:40","slug":"borja-cykla","status":"publish","type":"page","link":"https:\/\/scf.se\/trial\/borja-cykla\/","title":{"rendered":"B\u00f6rja cykla trial!"},"content":{"rendered":"<blockquote><p>Trial \u00e4r en sport f\u00f6r alla, fr\u00e5n liten till stor som kan ut\u00f6vas var som helst! D\u00e5 fokus ligger p\u00e5 balans, teknik och koordination kan ocks\u00e5 cyklister inom andra grenar\u00a0ha nytta av att tr\u00e4na\u00a0trial.\u00a0Tillsammans kan vi f\u00e5 trial att v\u00e4xa i Sverige!<\/p><\/blockquote>\n<p>Trial \u00e4r en sp\u00e4nnande och spektakul\u00e4r cykelgren, d\u00e4r de viktigaste faktorerna \u00e4r stabilitet och kontroll av cykeln i extrema situationer. Trial v\u00e4xte fram i Europa p\u00e5 1970-talet och har sina r\u00f6tter i den motordrivna versionen. 1985 integrerades trial helt inom det internationella cykelf\u00f6rbundet UCI varefter sporten har utvecklats snabbt. Trial \u00e4r en l\u00e4ttillg\u00e4nglig idrott som ut\u00f6vas \u00f6ver hela v\u00e4rlden av barn och vuxna i s\u00e5v\u00e4l skogsterr\u00e4ng som stadsmilj\u00f6.<\/p>\n<p>Utmaningen i trial\u00a0\u00e4r att ta sig \u00f6ver grupperade sektioner utan att s\u00e4tta foten i marken eller med n\u00e5gon del av cykeln (med undantag av hjulen) vidr\u00f6ra marken eftersom detta medf\u00f6r straff. Efter att ha genomf\u00f6rt sektionerna, \u00e4r det den cyklist som har minst antal straffpo\u00e4ng som f\u00f6rklaras som vinnare. De vanligaste hjulstorlekarna som anv\u00e4nds inom sporten \u00e4r 20 och 26 tum.<\/p>\n<p>Om du som privatperson eller f\u00f6rening vill veta mer om trial, kontakta grengruppen:\u00a0<em><strong><a href=\"mailto:trial@scf.se\">trial@scf.se<\/a><\/strong><\/em><\/p>\n<h3>Grengrupp Trial<\/h3>\n<ul>\n<li>Kontakt:\u00a0<em><strong><a href=\"trial@scf.se\">trial@scf.se<\/a><\/strong><\/em><\/li>\n<li>Ordf\u00f6rande: Stefan Lid\u00e9n<\/li>\n<li>Ledam\u00f6ter: Christian Andersson och Nadine K\u00e5mark<\/li>\n<li>Adjungerad styrelserepresentant: Tomas Ringsby<\/li>\n<li>F\u00f6rbundskapten och ansvarig f\u00f6r elitverksamheten: Christian Andersson<\/li>\n<li>T\u00e4vlingsansvarig trial: Jonas Haglund,<em><strong> <a href=\"mailto:jonas.haglund@scf.se\">jonas.haglund@scf.se<\/a><\/strong><\/em><\/li>\n<\/ul>\n<p><em><strong><a href=\"https:\/\/scf.se\/trial\">Om Trial<\/a><\/strong><\/em><\/p>\n<h3>Aktiva f\u00f6reningar<\/h3>\n<ul>\n<li><em><strong><a href=\"http:\/\/idrottonline.se\/PartilleTrialklubb-Cykel\">Partille Trialklubb<\/a><\/strong><\/em><\/li>\n<li><em><strong><a href=\"http:\/\/idrottonline.se\/HawkhillsTrialklubb-Cykel\">Hawkhills Trialklubb<\/a><\/strong><\/em><\/li>\n<li><em><strong><a href=\"http:\/\/idrottonline.se\/TranemoCykelsallskap-Cykel\/\">Tranemo Cykels\u00e4llskap<\/a><\/strong><\/em><\/li>\n<li><em><strong><a href=\"http:\/\/idrottonline.se\/ArvikaIS-Cykel\/\">Arvika IS<\/a><\/strong><\/em><\/li>\n<li><em><strong><a href=\"http:\/\/www.ckdainon.se\/\">CK Dainon<\/a><\/strong><\/em><\/li>\n<li><em><strong><a href=\"http:\/\/www.rhckcykel.com\/\">R\u00e4vlanda Hind\u00e5s CK\u00a0<\/a><\/strong><\/em><\/li>\n<\/ul>\n<h3><strong>Cykelhandlare <\/strong><strong>i Sverige <\/strong><strong>som s\u00e4ljer trialcyklar\u00a0<\/strong><\/h3>\n<ul>\n<li><em><strong><a href=\"http:\/\/www.kleivard.com\/\" target=\"_blank\" rel=\"noopener noreferrer\">Martin Kleivard<\/a><\/strong><\/em><\/li>\n<\/ul>\n","protected":false},"excerpt":{"rendered":"<p>Trial \u00e4r en sport f\u00f6r alla, fr\u00e5n liten till stor som kan ut\u00f6vas var som helst! D\u00e5 fokus ligger p\u00e5 balans, teknik och koordination kan ocks\u00e5 cyklister inom andra grenar\u00a0ha nytta av att tr\u00e4na\u00a0trial.\u00a0Tillsammans kan vi f\u00e5 trial att v\u00e4xa i Sverige! Trial \u00e4r en sp\u00e4nnande och spektakul\u00e4r cykelgren, d\u00e4r de viktigaste faktorerna \u00e4r<a href=\"https:\/\/scf.se\/trial\/borja-cykla\/\" class=\"news-card__more\"> &#8230;<\/a><\/p>\n","protected":false},"author":58,"featured_media":0,"parent":0,"menu_order":0,"comment_status":"closed","ping_status":"closed","template":"","meta":{"_acf_changed":false,"footnotes":""},"class_list":["post-24","page","type-page","status-publish","hentry"],"acf":[],"_links":{"self":[{"href":"https:\/\/scf.se\/trial\/wp-json\/wp\/v2\/pages\/24","targetHints":{"allow":["GET"]}}],"collection":[{"href":"https:\/\/scf.se\/trial\/wp-json\/wp\/v2\/pages"}],"about":[{"href":"https:\/\/scf.se\/trial\/wp-json\/wp\/v2\/types\/page"}],"author":[{"embeddable":true,"href":"https:\/\/scf.se\/trial\/wp-json\/wp\/v2\/users\/58"}],"replies":[{"embeddable":true,"href":"https:\/\/scf.se\/trial\/wp-json\/wp\/v2\/comments?post=24"}],"version-history":[{"count":2,"href":"https:\/\/scf.se\/trial\/wp-json\/wp\/v2\/pages\/24\/revisions"}],"predecessor-version":[{"id":2204,"href":"https:\/\/scf.se\/trial\/wp-json\/wp\/v2\/pages\/24\/revisions\/2204"}],"wp:attachment":[{"href":"https:\/\/scf.se\/trial\/wp-json\/wp\/v2\/media?parent=24"}],"curies":[{"name":"wp","href":"https:\/\/api.w.org\/{rel}","templated":true}]}}