
{"id":1695,"date":"2024-02-09T12:31:50","date_gmt":"2024-02-09T11:31:50","guid":{"rendered":"https:\/\/scf.se\/trial\/?page_id=1695"},"modified":"2024-05-14T12:31:16","modified_gmt":"2024-05-14T10:31:16","slug":"sm-trial-inomhus-2024","status":"publish","type":"page","link":"https:\/\/scf.se\/trial\/sm-trial-inomhus-2024\/","title":{"rendered":"SM Trial inomhus 2024"},"content":{"rendered":"<p>SM Trial inomhus<\/p>\n<p>Plats: Sunderbyns ishall<\/p>\n<p>Genomf\u00f6rdes under SM-veckan Lule\u00e5\/Boden 22 mars 2024<\/p>\n<h3>SM-final trial inomhus<\/h3>\n<ol>\n<li><strong>Ludvig Andersson<\/strong>, Arvika IS 40+40+40+50 = 170 po\u00e4ng<\/li>\n<li><strong>Alexander Karlsson<\/strong>, Hawkhills TK 40+20+30+40 = 130 po\u00e4ng<\/li>\n<li><strong>Kasper Waldest\u00e5l<\/strong>, Hawkhills TK 0+10+20+0 = 30 po\u00e4ng<\/li>\n<\/ol>\n<h3>SM-kval trial inomhus<\/h3>\n<ol>\n<li><strong>Ludvig Andersson<\/strong>, Arvika IS 170+200+90 = 460 po\u00e4ng<\/li>\n<li><strong>Alexander Karlsson<\/strong>, Hawkhills TK 170+180+100 = 450 po\u00e4ng<\/li>\n<li><strong>Kasper Waldest\u00e5l<\/strong>, Hawkhills TK 100+100+60 = 260 po\u00e4ng<\/li>\n<li><strong>Holger Johansson<\/strong>, Tranemo CS 60+80+50 = 190 po\u00e4ng<\/li>\n<li><strong>Jonathan Bylund<\/strong>, Hawkhills TK 40+40+20 = 100 po\u00e4ng<\/li>\n<li><strong>Jakob Nilsson<\/strong>, Hawkhills TK 10+20+10 = 40 po\u00e4ng<\/li>\n<\/ol>\n","protected":false},"excerpt":{"rendered":"<p>SM Trial inomhus Plats: Sunderbyns ishall Genomf\u00f6rdes under SM-veckan Lule\u00e5\/Boden 22 mars 2024 SM-final trial inomhus Ludvig Andersson, Arvika IS 40+40+40+50 = 170 po\u00e4ng Alexander Karlsson, Hawkhills TK 40+20+30+40 = 130 po\u00e4ng Kasper Waldest\u00e5l, Hawkhills TK 0+10+20+0 = 30 po\u00e4ng SM-kval trial inomhus Ludvig Andersson, Arvika IS 170+200+90 = 460 po\u00e4ng Alexander Karlsson, Hawkhills<a href=\"https:\/\/scf.se\/trial\/sm-trial-inomhus-2024\/\" class=\"news-card__more\"> &#8230;<\/a><\/p>\n","protected":false},"author":58,"featured_media":0,"parent":0,"menu_order":0,"comment_status":"closed","ping_status":"closed","template":"","meta":{"_acf_changed":false,"footnotes":""},"class_list":["post-1695","page","type-page","status-publish","hentry"],"acf":[],"_links":{"self":[{"href":"https:\/\/scf.se\/trial\/wp-json\/wp\/v2\/pages\/1695","targetHints":{"allow":["GET"]}}],"collection":[{"href":"https:\/\/scf.se\/trial\/wp-json\/wp\/v2\/pages"}],"about":[{"href":"https:\/\/scf.se\/trial\/wp-json\/wp\/v2\/types\/page"}],"author":[{"embeddable":true,"href":"https:\/\/scf.se\/trial\/wp-json\/wp\/v2\/users\/58"}],"replies":[{"embeddable":true,"href":"https:\/\/scf.se\/trial\/wp-json\/wp\/v2\/comments?post=1695"}],"version-history":[{"count":2,"href":"https:\/\/scf.se\/trial\/wp-json\/wp\/v2\/pages\/1695\/revisions"}],"predecessor-version":[{"id":1774,"href":"https:\/\/scf.se\/trial\/wp-json\/wp\/v2\/pages\/1695\/revisions\/1774"}],"wp:attachment":[{"href":"https:\/\/scf.se\/trial\/wp-json\/wp\/v2\/media?parent=1695"}],"curies":[{"name":"wp","href":"https:\/\/api.w.org\/{rel}","templated":true}]}}