
{"id":1224,"date":"2022-02-01T10:04:26","date_gmt":"2022-02-01T09:04:26","guid":{"rendered":"http:\/\/scf.se\/trial\/?page_id=1224"},"modified":"2022-05-24T18:32:18","modified_gmt":"2022-05-24T16:32:18","slug":"sm-trial-inomhus-2022","status":"publish","type":"page","link":"https:\/\/scf.se\/trial\/sm-trial-inomhus-2022\/","title":{"rendered":"SM Trial inomhus 2022"},"content":{"rendered":"<p>SM Trial inomhus 2022<\/p>\n<p>Plats:\u00a0 SM Veckan Pite\u00e5, LF Arena<\/p>\n<p>Datum: 27 mars<\/p>\n<h3>SM-finalen resultat sektion f\u00f6r sektion<\/h3>\n<ol>\n<li>Ludvig Andersson, Arvika IS 50, 40, 50, 40 = 180<\/li>\n<li>Joacim Lundgren, Partille TK 50, 30, 50, 40 = 170<\/li>\n<li>Alexander Karlsson, Hawkhills TK 20, 30, 40, 40 = 130<\/li>\n<li>Rasmus Lid\u00e9n, Tranemo CS 20, 30, 30, 40 = 120<\/li>\n<\/ol>\n<p><em>I kvalet k\u00f6rde \u00e4ven Hilda Andersson (femma) och Nadine K\u00e5mark (sexa) bra, men inga SM-medaljer f\u00f6r damer delades ut d\u00e5 samtliga t\u00e4vlade i samma klass, se SCF\/trial &#8221;Specialreglemente f\u00f6r SCF SM Trial inomhus&#8221;.<\/em><\/p>\n","protected":false},"excerpt":{"rendered":"<p>SM Trial inomhus 2022 Plats:\u00a0 SM Veckan Pite\u00e5, LF Arena Datum: 27 mars SM-finalen resultat sektion f\u00f6r sektion Ludvig Andersson, Arvika IS 50, 40, 50, 40 = 180 Joacim Lundgren, Partille TK 50, 30, 50, 40 = 170 Alexander Karlsson, Hawkhills TK 20, 30, 40, 40 = 130 Rasmus Lid\u00e9n, Tranemo CS 20, 30,<a href=\"https:\/\/scf.se\/trial\/sm-trial-inomhus-2022\/\" class=\"news-card__more\"> &#8230;<\/a><\/p>\n","protected":false},"author":58,"featured_media":0,"parent":0,"menu_order":0,"comment_status":"closed","ping_status":"closed","template":"","meta":{"_acf_changed":false,"footnotes":""},"class_list":["post-1224","page","type-page","status-publish","hentry"],"acf":[],"_links":{"self":[{"href":"https:\/\/scf.se\/trial\/wp-json\/wp\/v2\/pages\/1224","targetHints":{"allow":["GET"]}}],"collection":[{"href":"https:\/\/scf.se\/trial\/wp-json\/wp\/v2\/pages"}],"about":[{"href":"https:\/\/scf.se\/trial\/wp-json\/wp\/v2\/types\/page"}],"author":[{"embeddable":true,"href":"https:\/\/scf.se\/trial\/wp-json\/wp\/v2\/users\/58"}],"replies":[{"embeddable":true,"href":"https:\/\/scf.se\/trial\/wp-json\/wp\/v2\/comments?post=1224"}],"version-history":[{"count":0,"href":"https:\/\/scf.se\/trial\/wp-json\/wp\/v2\/pages\/1224\/revisions"}],"wp:attachment":[{"href":"https:\/\/scf.se\/trial\/wp-json\/wp\/v2\/media?parent=1224"}],"curies":[{"name":"wp","href":"https:\/\/api.w.org\/{rel}","templated":true}]}}