
{"id":1132,"date":"2020-11-17T14:10:36","date_gmt":"2020-11-17T13:10:36","guid":{"rendered":"http:\/\/scf.se\/trial\/?page_id=1132"},"modified":"2021-07-14T10:18:58","modified_gmt":"2021-07-14T08:18:58","slug":"sm-trial-utomhus-2021","status":"publish","type":"page","link":"https:\/\/scf.se\/trial\/sm-trial-utomhus-2021\/","title":{"rendered":"SM Trial utomhus 2021"},"content":{"rendered":"<p>\u00c5rets S<span id=\"page3R_mcid2\" class=\"markedContent\"><span dir=\"ltr\">M i <\/span><span dir=\"ltr\">cykelt<\/span><span dir=\"ltr\">rial arrangerades av <span id=\"page3R_mcid7\" class=\"markedContent\">CK Dainon i <\/span><\/span><span dir=\"ltr\">Bj\u00f6rkvik <\/span><span dir=\"ltr\">20<\/span><span dir=\"ltr\">2<\/span><span dir=\"ltr\">1<\/span><span dir=\"ltr\">&#8211;<\/span><span dir=\"ltr\">0<\/span><span dir=\"ltr\">6<\/span><span dir=\"ltr\">&#8211;<\/span><span dir=\"ltr\">06<\/span><\/span><\/p>\n<p>Fokuset var p\u00e5 topp under s\u00f6ndagens Svenska M\u00e4sterskapen (SM) Trial i Bj\u00f6rkvik. att banorna l\u00e5g i gassande sol och i myggt\u00e4t skog bekom inte \u00e5karna. P\u00e5 de utmanade banorna var det endast Hilda Andersson (Dam elit) som slog till med full pott, 250 po\u00e4ng, redan under det f\u00f6rsta varvet av tre.<\/p>\n<blockquote><p>Jag tror att Hilda Andersson \u00e4r ett namn vi ska l\u00e4gga p\u00e5 minnet inf\u00f6r kommande stora m\u00e4sterskap. Det var en mycket imponerande k\u00f6rning idag, s\u00e4ger Malin Lindgren Henttonen, T\u00e4vlingsansvarig f\u00f6r Trial, BMX, MTB, Svenska Cykelf\u00f6rbundet.<\/p><\/blockquote>\n<p>Dagens SM arrangerades av CK Dainon, som var os\u00e4kra in i det sista om de skulle kunna genomf\u00f6ra t\u00e4vlingen med tanke p\u00e5 r\u00e5dande pandemi. Tack vare de nya direktiven som b\u00f6rjade g\u00e4lla 1 juni l\u00f6ste det sig.<\/p>\n<blockquote><p>Vi valde att vara flexibla i v\u00e5ra f\u00f6rberedelser och sedan l\u00e4gga in en spurt under de sista dagarna. Under t\u00e4vlingsdagen fl\u00f6t allt p\u00e5 bra. Vi fick lagom mycket v\u00e4rme och lagom mycket mygg\u2026 Stort tack till Cykelf\u00f6rbundet f\u00f6r allt st\u00f6d i samband med denna t\u00e4vling.<\/p><\/blockquote>\n<p>P\u00e5 plats var \u00e4ven F\u00f6rbundskapten och Chefskommissarie Mats Hult.<\/p>\n<blockquote><p>Det var roligt att se cyklisterna t\u00e4vla igen. I b\u00e5de Herr Elit och Herr Junior tycker jag att favoriterna pallade trycket och upprepade sina titlar fr\u00e5n 2020. Extra kul var att vi f\u00f6r f\u00f6rsta g\u00e5ngen fick kora m\u00e4stare \u00e4ven i Dam Elit. Vi fick se m\u00e5nga fina prestationer under dagen d\u00e4r Hilda Andersson kanske stack ut mest, s\u00e4ger Mats Hult, f\u00f6rbundskapten Trial, Svenska Cykelf\u00f6rbundet.<\/p><\/blockquote>\n<p>Resultat:<\/p>\n<p>Herr Elit<\/p>\n<ol>\n<li>Alexander Karlsson Hawkhills TK, 540<\/li>\n<li>Tobias Hult CK Dainon, 420<\/li>\n<li>Viktor Fredriksson CK Dainon, 140<\/li>\n<\/ol>\n<p>Dam Elit<\/p>\n<ol>\n<li>Hilda Andersson Arvika IS, 680<\/li>\n<li>Nadine K\u00e5mark Partille TK, 420<\/li>\n<\/ol>\n<p>Herr Junior<\/p>\n<ol>\n<li>Ludvig Andersson Arvika IS, 670<\/li>\n<li>Oskar B\u00e4ckman Arvika IS, 360<\/li>\n<li>Simon Nordstr\u00f6m Partille TK, 110<\/li>\n<\/ol>\n<p>Fullst\u00e4ndigt resultat g\u00e5r att hitta <a href=\"https:\/\/scf.se\/trial\/wp-content\/uploads\/sites\/8\/2021\/06\/resultatsmtrialutomhus2021.pdf\">H\u00c4R<\/a><\/p>\n","protected":false},"excerpt":{"rendered":"<p>\u00c5rets SM i cykeltrial arrangerades av CK Dainon i Bj\u00f6rkvik 2021&#8211;06&#8211;06 Fokuset var p\u00e5 topp under s\u00f6ndagens Svenska M\u00e4sterskapen (SM) Trial i Bj\u00f6rkvik. att banorna l\u00e5g i gassande sol och i myggt\u00e4t skog bekom inte \u00e5karna. P\u00e5 de utmanade banorna var det endast Hilda Andersson (Dam elit) som slog till med full pott, 250<a href=\"https:\/\/scf.se\/trial\/sm-trial-utomhus-2021\/\" class=\"news-card__more\"> &#8230;<\/a><\/p>\n","protected":false},"author":34,"featured_media":0,"parent":0,"menu_order":0,"comment_status":"closed","ping_status":"closed","template":"","meta":{"_acf_changed":false,"footnotes":""},"class_list":["post-1132","page","type-page","status-publish","hentry"],"acf":[],"_links":{"self":[{"href":"https:\/\/scf.se\/trial\/wp-json\/wp\/v2\/pages\/1132","targetHints":{"allow":["GET"]}}],"collection":[{"href":"https:\/\/scf.se\/trial\/wp-json\/wp\/v2\/pages"}],"about":[{"href":"https:\/\/scf.se\/trial\/wp-json\/wp\/v2\/types\/page"}],"author":[{"embeddable":true,"href":"https:\/\/scf.se\/trial\/wp-json\/wp\/v2\/users\/34"}],"replies":[{"embeddable":true,"href":"https:\/\/scf.se\/trial\/wp-json\/wp\/v2\/comments?post=1132"}],"version-history":[{"count":0,"href":"https:\/\/scf.se\/trial\/wp-json\/wp\/v2\/pages\/1132\/revisions"}],"wp:attachment":[{"href":"https:\/\/scf.se\/trial\/wp-json\/wp\/v2\/media?parent=1132"}],"curies":[{"name":"wp","href":"https:\/\/api.w.org\/{rel}","templated":true}]}}