
{"id":1130,"date":"2020-11-17T14:09:37","date_gmt":"2020-11-17T13:09:37","guid":{"rendered":"http:\/\/scf.se\/trial\/?page_id=1130"},"modified":"2020-11-17T14:20:33","modified_gmt":"2020-11-17T13:20:33","slug":"sm-trial-inomhus-2021","status":"publish","type":"page","link":"https:\/\/scf.se\/trial\/sm-trial-inomhus-2021\/","title":{"rendered":"SM Trial inomhus 2021"},"content":{"rendered":"<header class=\"entry-header\">\n<p class=\"entry-title\"><strong>SM-veckan vinter i Bor\u00e5s st\u00e4lls in<\/strong><\/p>\n<\/header>\n<div class=\"entry-title\">\n<div>Med anledning av r\u00e5dande pandemi och den \u00f6kande smittspridningen har RF och SVT i samr\u00e5d med Bor\u00e5s stad beslutat att st\u00e4lla in SM-veckan vinter 2021.<\/div>\n<div>Det inneb\u00e4r att det i nul\u00e4get inte finns n\u00e5gon l\u00f6sning f\u00f6r SM Trial inomhus som brukar vara en del av SM-veckan vinter.<\/div>\n<div>SM-veckan vinter i Bor\u00e5s skulle ha genomf\u00f6rts 2\u20137 februari 2021 med SM-t\u00e4vlingar i 22 olika idrotter.<\/div>\n<div><a href=\"https:\/\/www.rf.se\/Nyheter\/Allanyheter\/sm-veckanvinteriborasstallsin\">L\u00c4S MER<\/a><\/div>\n<\/div>\n","protected":false},"excerpt":{"rendered":"<p>SM-veckan vinter i Bor\u00e5s st\u00e4lls in Med anledning av r\u00e5dande pandemi och den \u00f6kande smittspridningen har RF och SVT i samr\u00e5d med Bor\u00e5s stad beslutat att st\u00e4lla in SM-veckan vinter 2021. Det inneb\u00e4r att det i nul\u00e4get inte finns n\u00e5gon l\u00f6sning f\u00f6r SM Trial inomhus som brukar vara en del av SM-veckan vinter. SM-veckan<a href=\"https:\/\/scf.se\/trial\/sm-trial-inomhus-2021\/\" class=\"news-card__more\"> &#8230;<\/a><\/p>\n","protected":false},"author":34,"featured_media":0,"parent":0,"menu_order":0,"comment_status":"closed","ping_status":"closed","template":"","meta":{"_acf_changed":false,"footnotes":""},"class_list":["post-1130","page","type-page","status-publish","hentry"],"acf":[],"_links":{"self":[{"href":"https:\/\/scf.se\/trial\/wp-json\/wp\/v2\/pages\/1130","targetHints":{"allow":["GET"]}}],"collection":[{"href":"https:\/\/scf.se\/trial\/wp-json\/wp\/v2\/pages"}],"about":[{"href":"https:\/\/scf.se\/trial\/wp-json\/wp\/v2\/types\/page"}],"author":[{"embeddable":true,"href":"https:\/\/scf.se\/trial\/wp-json\/wp\/v2\/users\/34"}],"replies":[{"embeddable":true,"href":"https:\/\/scf.se\/trial\/wp-json\/wp\/v2\/comments?post=1130"}],"version-history":[{"count":0,"href":"https:\/\/scf.se\/trial\/wp-json\/wp\/v2\/pages\/1130\/revisions"}],"wp:attachment":[{"href":"https:\/\/scf.se\/trial\/wp-json\/wp\/v2\/media?parent=1130"}],"curies":[{"name":"wp","href":"https:\/\/api.w.org\/{rel}","templated":true}]}}