
{"id":928,"date":"2024-05-30T11:06:44","date_gmt":"2024-05-30T09:06:44","guid":{"rendered":"http:\/\/scf.se\/paracykel\/?page_id=928"},"modified":"2026-04-02T10:45:02","modified_gmt":"2026-04-02T08:45:02","slug":"kontakta-grengrupp-paracykel","status":"publish","type":"page","link":"https:\/\/scf.se\/paracykel\/kontakta-grengrupp-paracykel\/","title":{"rendered":"Kontakta Paracykel"},"content":{"rendered":"<p>Gemensam mejladress f\u00f6r grengruppen: <a href=\"mailto:paracykel@scf.se\">paracykel@scf.se<\/a><\/p>\n<p>Anna Beck, Skoghalls CK Hammar\u00f6, F\u00f6rbundskapten och Projektmedarbetare iCykel.<br \/>\n<a href=\"anna.beck@scf.se\">anna.beck@scf.se<\/a>, tfn: 070-8511969<\/p>\n<p>Michael Lindgren, M\u00f6lndals CK, Assisterande F\u00f6rbundskapten, Projektmedarbetare iCykel och sammankallande f\u00f6r grengruppen.<br \/>\n<a href=\"mailto:michael.lindgren@scf.se\">michael.lindgren@scf.se<\/a>, tfn:\u00a0070-370 85 07<\/p>\n<p>Karl Utterhall, M\u00f6lndals CK, Projektmedarbetare iCykel.<br \/>\n<a href=\"mailto:karl.utterhall@scf.se\">karl.utterhall@scf.se<\/a><\/p>\n<p>Emma Stenberg, Projektmedarbetare iCykel.<br \/>\n<a href=\"emma.stenberg@scf.se\">emma.stenberg@scf.se<\/a><\/p>\n<p>Philip Lindau, J\u00f6nk\u00f6pings CK, Performance Coach.<br \/>\n<a href=\"philip.lindau@scf.se\">philip.lindau@scf.se<\/a><\/p>\n<p>Jonas Haglund, T\u00e4vlingsansvarig SCF.<br \/>\n<a href=\"jonas.haglund@scf.se\">jonas.haglund@scf.se<\/a><\/p>\n<p>Anna Simonsen, Styrelserepresentant SCF.<br \/>\n<a href=\"mailto:anna.simonsen@scf.se\">anna.simonsen@scf.se<\/a><\/p>\n<p>Henrik Marvig, J\u00f6nk\u00f6pings CK.<br \/>\n<a href=\"mailto:henrik.marvig@scf.se\">henrik.marvig@scf.se<\/a><\/p>\n<p>Eva Zahawi, CK Uni.<br \/>\n<a href=\"mailto:eva.zahawi@scf.se\">eva.zahawi@scf.se<\/a><\/p>\n<p>Eric Poignant, CK Armkraft.<br \/>\n<a href=\"mailto:eric.poignant@scf.se\">eric.poignant@scf.se<\/a><\/p>\n<p>Jan Brug\u00e5rd, CK Hymer<br \/>\n<a href=\"mailto:brugard@gmail.com\">brugard@gmail.com<\/a><\/p>\n<p>Vill du komma i kontakt med \u00f6vrig personal p\u00e5 Svenska Cykelf\u00f6rbundet klickar du <a href=\"https:\/\/scf.se\/forbundet\/kontakt\/\">h\u00e4r<\/a>.<\/p>\n","protected":false},"excerpt":{"rendered":"<p>Gemensam mejladress f\u00f6r grengruppen: paracykel@scf.se Anna Beck, Skoghalls CK Hammar\u00f6, F\u00f6rbundskapten och Projektmedarbetare iCykel. anna.beck@scf.se, tfn: 070-8511969 Michael Lindgren, M\u00f6lndals CK, Assisterande F\u00f6rbundskapten, Projektmedarbetare iCykel och sammankallande f\u00f6r grengruppen. michael.lindgren@scf.se, tfn:\u00a0070-370 85 07 Karl Utterhall, M\u00f6lndals CK, Projektmedarbetare iCykel. karl.utterhall@scf.se Emma Stenberg, Projektmedarbetare iCykel. emma.stenberg@scf.se Philip Lindau, J\u00f6nk\u00f6pings CK, Performance Coach. philip.lindau@scf.se Jonas Haglund,<a href=\"https:\/\/scf.se\/paracykel\/kontakta-grengrupp-paracykel\/\" class=\"news-card__more\"> &#8230;<\/a><\/p>\n","protected":false},"author":43,"featured_media":0,"parent":0,"menu_order":0,"comment_status":"closed","ping_status":"closed","template":"","meta":{"_acf_changed":false,"footnotes":""},"class_list":["post-928","page","type-page","status-publish","hentry"],"acf":[],"_links":{"self":[{"href":"https:\/\/scf.se\/paracykel\/wp-json\/wp\/v2\/pages\/928","targetHints":{"allow":["GET"]}}],"collection":[{"href":"https:\/\/scf.se\/paracykel\/wp-json\/wp\/v2\/pages"}],"about":[{"href":"https:\/\/scf.se\/paracykel\/wp-json\/wp\/v2\/types\/page"}],"author":[{"embeddable":true,"href":"https:\/\/scf.se\/paracykel\/wp-json\/wp\/v2\/users\/43"}],"replies":[{"embeddable":true,"href":"https:\/\/scf.se\/paracykel\/wp-json\/wp\/v2\/comments?post=928"}],"version-history":[{"count":16,"href":"https:\/\/scf.se\/paracykel\/wp-json\/wp\/v2\/pages\/928\/revisions"}],"predecessor-version":[{"id":4193,"href":"https:\/\/scf.se\/paracykel\/wp-json\/wp\/v2\/pages\/928\/revisions\/4193"}],"wp:attachment":[{"href":"https:\/\/scf.se\/paracykel\/wp-json\/wp\/v2\/media?parent=928"}],"curies":[{"name":"wp","href":"https:\/\/api.w.org\/{rel}","templated":true}]}}