
{"id":67,"date":"2025-12-15T10:53:01","date_gmt":"2025-12-15T09:53:01","guid":{"rendered":"http:\/\/svenskcykel.grandpublic.se\/paracykel\/?page_id=67"},"modified":"2025-12-15T14:33:50","modified_gmt":"2025-12-15T13:33:50","slug":"kom-igang-med-paracykel","status":"publish","type":"page","link":"https:\/\/scf.se\/paracykel\/borja-cykla-paracykel\/kom-igang-med-paracykel\/","title":{"rendered":"Hitta en f\u00f6rening"},"content":{"rendered":"<h2><strong>\u00c4r du intresserad av att bli medlem i en f\u00f6rening? \u00a0<\/strong><\/h2>\n<p>F\u00f6reningar anslutna till SCF som har aktiviteter med Paracykel\u00a0och\/eller aktiva Paracyklister:<\/p>\n<p><a href=\"http:\/\/www7.idrottonline.se\/ArmkraftCKHandbike-Cykel\/\" target=\"_blank\" rel=\"noopener noreferrer\">Armkraft CK<\/a> (\u00d6rebro)<br \/>\n<a href=\"https:\/\/www.acsaltlake.se\/\">Atletic Salt Lake(Stockholm)<\/a><br \/>\n<a href=\"https:\/\/www.ckbure.se\/ck-bure-paracykel\">Bure CK (Halmstad)<\/a><br \/>\n<a href=\"http:\/\/www.fredrikshof.se\/\">Fredrikshofs CK<\/a> (Stockholm)<br \/>\n<a href=\"https:\/\/elmhultssportclub.se\/\">Elmhults Sport Club<\/a> (\u00c4lmhult)<br \/>\n<a href=\"https:\/\/eck.nu\/\">Enk\u00f6pings CK(Enk\u00f6ping)<\/a><br \/>\n<a href=\"http:\/\/www.eskilstunack.se\/\">Eskilstuna CK<\/a> (Eskilstuna)<br \/>\n<a href=\"https:\/\/idrottonline.se\/FinspangsCA-Cykel\/\">Finsp\u00e5ngs CA (Finsp\u00e5ng)<\/a><br \/>\n<a href=\"https:\/\/www.xn--gimonsck-4za.nu\/sv-SE\">Gimon\u00e4s CK (Ume\u00e5)<\/a><br \/>\n<a href=\"https:\/\/heleneholmsif.se\/\">Heleneholms IF (Malm\u00f6)<\/a><br \/>\n<a href=\"http:\/\/www.jck.se\/wp\/\">J\u00f6nk\u00f6pings CK<\/a>\u00a0(J\u00f6nk\u00f6ping)<br \/>\n<a href=\"https:\/\/www.karlskronack.com\/\">Karlskrona CK (Karlskrona)<\/a><br \/>\n<a href=\"https:\/\/frifor.koping.se\/forening\/visapublik.aspx?id=K%c3%96P-CYK\">K\u00f6pingsCK (K\u00f6ping)<\/a><br \/>\n<a href=\"https:\/\/www.laholmscyklisten.nu\/\">Laholmscyklisten (Laholm)<\/a><br \/>\n<a href=\"http:\/\/www6.idrottonline.se\/MolndalsCK-Cykel\" target=\"_blank\" rel=\"noopener noreferrer\">M\u00f6lndals CK<\/a> (G\u00f6teborg)<br \/>\n<a href=\"http:\/\/obbolaik.sportadmin.se\/start\/?ID=158888\">Obbola IK<\/a> (Ume\u00e5)<br \/>\n<a href=\"http:\/\/idrottonline.se\/SkoghallsCK-Hammaro-Cykel\/\">Skoghalls CK<\/a> (Hammar\u00f6 &#8211; Karlstad)<br \/>\n<a href=\"http:\/\/www.smack.se\/\" target=\"_blank\" rel=\"noopener noreferrer\">SMACK<\/a> (Norra Stockholm)<br \/>\n<a href=\"https:\/\/sockertoppenif.se\/\">Sockertoppen IF<\/a> (Riksf\u00f6rening)<br \/>\n<a href=\"https:\/\/cksundet.se\/\">Sundet CK (Stenungsund)<\/a><br \/>\n<a href=\"http:\/\/tjustbrc.se\/\">Tjust Bike &amp; Running Club<\/a> (V\u00e4stervik)<br \/>\n<a href=\"http:\/\/www.uddevallack.se\/\" target=\"_blank\" rel=\"noopener noreferrer\">Uddevalla CK<\/a> (Uddevalla)<br \/>\n<a href=\"https:\/\/www.ckuni.se\/\">Uni CK(Uppsala)<\/a><br \/>\n<a href=\"https:\/\/upsalack.se\/\">Upsala CK (Uppsala)<\/a><\/p>\n<p>Vill du bli medlem i en f\u00f6rening, kontakta n\u00e5gon av f\u00f6reningarna ovan, eller<br \/>\nkontakta <a href=\"mailto:paracykel@scf.se\">paracykel@scf.se<\/a><\/p>\n<p>Parasport har tagit fram en funktion som heter <a href=\"https:\/\/para-me.se\/\">ParaMe<\/a> f\u00f6r att s\u00f6ka upp f\u00f6reningar med Parasport.<\/p>\n<h2><\/h2>\n","protected":false},"excerpt":{"rendered":"<p>\u00c4r du intresserad av att bli medlem i en f\u00f6rening? \u00a0 F\u00f6reningar anslutna till SCF som har aktiviteter med Paracykel\u00a0och\/eller aktiva Paracyklister: Armkraft CK (\u00d6rebro) Atletic Salt Lake(Stockholm) Bure CK (Halmstad) Fredrikshofs CK (Stockholm) Elmhults Sport Club (\u00c4lmhult) Enk\u00f6pings CK(Enk\u00f6ping) Eskilstuna CK (Eskilstuna) Finsp\u00e5ngs CA (Finsp\u00e5ng) Gimon\u00e4s CK (Ume\u00e5) Heleneholms IF (Malm\u00f6) J\u00f6nk\u00f6pings CK\u00a0(J\u00f6nk\u00f6ping)<a href=\"https:\/\/scf.se\/paracykel\/borja-cykla-paracykel\/kom-igang-med-paracykel\/\" class=\"news-card__more\"> &#8230;<\/a><\/p>\n","protected":false},"author":43,"featured_media":0,"parent":21,"menu_order":0,"comment_status":"closed","ping_status":"closed","template":"","meta":{"_acf_changed":false,"footnotes":""},"class_list":["post-67","page","type-page","status-publish","hentry"],"acf":[],"_links":{"self":[{"href":"https:\/\/scf.se\/paracykel\/wp-json\/wp\/v2\/pages\/67","targetHints":{"allow":["GET"]}}],"collection":[{"href":"https:\/\/scf.se\/paracykel\/wp-json\/wp\/v2\/pages"}],"about":[{"href":"https:\/\/scf.se\/paracykel\/wp-json\/wp\/v2\/types\/page"}],"author":[{"embeddable":true,"href":"https:\/\/scf.se\/paracykel\/wp-json\/wp\/v2\/users\/43"}],"replies":[{"embeddable":true,"href":"https:\/\/scf.se\/paracykel\/wp-json\/wp\/v2\/comments?post=67"}],"version-history":[{"count":6,"href":"https:\/\/scf.se\/paracykel\/wp-json\/wp\/v2\/pages\/67\/revisions"}],"predecessor-version":[{"id":4010,"href":"https:\/\/scf.se\/paracykel\/wp-json\/wp\/v2\/pages\/67\/revisions\/4010"}],"up":[{"embeddable":true,"href":"https:\/\/scf.se\/paracykel\/wp-json\/wp\/v2\/pages\/21"}],"wp:attachment":[{"href":"https:\/\/scf.se\/paracykel\/wp-json\/wp\/v2\/media?parent=67"}],"curies":[{"name":"wp","href":"https:\/\/api.w.org\/{rel}","templated":true}]}}