
{"id":65,"date":"2016-01-13T10:51:26","date_gmt":"2016-01-13T09:51:26","guid":{"rendered":"http:\/\/svenskcykel.grandpublic.se\/paracykel\/?page_id=65"},"modified":"2018-01-10T09:19:37","modified_gmt":"2018-01-10T08:19:37","slug":"projekt-paracykel","status":"publish","type":"page","link":"https:\/\/scf.se\/paracykel\/borja-cykla-paracykel\/projekt-paracykel\/","title":{"rendered":"Projekt Paracykel"},"content":{"rendered":"<p>V\u00e5ren 2013 startade Projekt Paracykel.\u00a0SCF fick d\u00e5 tillsammans med ett flertal meds\u00f6kande en projektans\u00f6kan accepterad hos Allm\u00e4nna Arvsfonden.\u00a0Detta m\u00f6jliggjorde bland annat ink\u00f6p av ett stort antal paracyklar till prova-p\u00e5 och motionsverksamhet.<\/p>\n<p>Projektet bedrivs fr\u00e5n tv\u00e5 dep\u00e5er med cyklar f\u00f6r prova-p\u00e5 och motionsaktiviteter.\u00a0 En dep\u00e5 i Fr\u00f6sundavik hos\u00a0Rehab Station Stockholm\u00a0och en dep\u00e5 i Lindome hos M\u00f6lndals CK.<\/p>\n<p>Eftersom en cykel kan anpassas efter en persons funktionsneds\u00e4ttning \u00e4r ledordet i projektet- &#8221;Alla kan cykla&#8221; !<\/p>\n<p><strong>Projektet avslutades 2016-09-30 men har fortsatt med aktiviteter i Stockholm, \u00d6rebro och Lindome. Samt genom Projekt Paracykelakademin.<\/strong><\/p>\n<h2>Projektbeskrivning<\/h2>\n<h3>Syfte<\/h3>\n<p>Ge fler personer med fysiska funktionsneds\u00e4ttningar m\u00f6jlighet att f\u00e5 en fysisk aktiv livsstil och uppt\u00e4cka gl\u00e4djen och frihetsk\u00e4nslan med cykling.<br \/>\nUtveckla och implementera ett samarbete, fr\u00e5n skada till ett aktivt vardagsliv, mellan rehabiliterings- habiliteringsenheter och idrottsr\u00f6relsen f\u00f6r att ge personer med fysisk funktionsneds\u00e4ttning tillg\u00e5ng till s\u00e5v\u00e4l redskap som ett etablerat sammanhang att forts\u00e4tta med fysisk aktivitet i \u00e4ven efter rehabilitering.<br \/>\nProjektet, med dess utformning, inneb\u00e4r att Svenska Cykelf\u00f6rbundet (SCF) kommer att leda utvecklingen bland specialidrottsf\u00f6rbunden i det viktiga arbetet med att skapa f\u00f6ruts\u00e4ttningar f\u00f6r personer med fysiska funktionsneds\u00e4ttningar att leva ett fysiskt aktivt vardagsliv.<\/p>\n<h3>M\u00e5lgrupp<\/h3>\n<p>Projektet v\u00e4nder sig till personer \u00f6ver 16 \u00e5r som har en fysisk funktionsneds\u00e4ttning eller en synneds\u00e4ttning, vilket omfattar ca 150 000 personer i Sverige.<\/p>\n<p>En annan viktig m\u00e5lgrupp \u00e4r familj och n\u00e4ra anh\u00f6riga, d\u00e5 vi vet hur mycket ett gemensamt aktivt liv betyder f\u00f6r hela familjen. H\u00e4r \u00e4r m\u00e5lgruppen sv\u00e5rare att s\u00e4tta i siffror.<\/p>\n<h3>Nyskapande<\/h3>\n<p>Vi vill ers\u00e4tta kostsam sjukv\u00e5rd med berikande friskv\u00e5rd!<\/p>\n<p>&#8211; \u00a0Projektet m\u00f6jligg\u00f6r ett nytt och s\u00e4tt att st\u00f6tta personer med fysik funktionsneds\u00e4ttning hela v\u00e4gen fr\u00e5n skada till ett fysiskt aktivt vardagsliv. Det finns en stor potential i att utveckla samarbete mellan rehabilitering, friskv\u00e5rd och idrottsr\u00f6relser, f\u00f6r att fr\u00e4mja h\u00e4lsa och livskvalitet f\u00f6r personer med fysiskt funktionsneds\u00e4ttning \u00e4r n\u00e5got helt nytt.<\/p>\n<p>&#8211; \u00a0Svenska cykelf\u00f6rbundet tar en helt ny roll i arbetet med att f\u00e5 fler personer med fysisk funktionsneds\u00e4ttning att tillgodog\u00f6ra sig den fysiska aktivitetens positiva tr\u00e4nings- och h\u00e4lsoeffekter och samtidigt uppt\u00e4cka gl\u00e4djen och frihetsk\u00e4nslan med cykling<\/p>\n<p>&#8211; \u00a0 Projekt utg\u00f6r ett pilotprojekt f\u00f6r \u00f6vriga idrottsf\u00f6rbund d\u00e4r samarbetsmodeller och arbetss\u00e4tt som tas fram inom projektet kan anv\u00e4ndas \u00e4ven av andra f\u00f6rbund och gagnar d\u00e4rmed inte bara SCF utan handikappidrotten i stort.<\/p>\n<p>&#8211; \u00a0 Det har aldrig tidigare gjorts en s\u00e5 bred och genomgripande satsning f\u00f6r att f\u00e5r fler personer med fysisk funktionsneds\u00e4ttning att b\u00f6rja cykla. Projektet skapar helt nya f\u00f6ruts\u00e4ttningar att integrera paracykling som en naturlig del i cykelsverige.<\/p>\n<h3>Meds\u00f6kande<\/h3>\n<p>Rehab Station Stockholm,\u00a0RTP Personskadef\u00f6rbundet och\u00a0RG Aktiv Rehabilitering-<\/p>\n<h3>Samarbetspartners<\/h3>\n<p>Cykelfr\u00e4mjandet,\u00a0Synskadades Riksf\u00f6rbund,\u00a0Svensk Cykling,\u00a0\u00d6ssur Nordic,\u00a0Invacare,\u00a0Tj\u00f6rn Triathlon,\u00a0Hisingen CK,\u00a0M\u00f6lndals CK,\u00a0SMACK,\u00a0Merida AB,\u00a0Sunrise Medical,\u00a0Scandinavian Flyers och\u00a0Alu Rehab.<\/p>\n","protected":false},"excerpt":{"rendered":"<p>V\u00e5ren 2013 startade Projekt Paracykel.\u00a0SCF fick d\u00e5 tillsammans med ett flertal meds\u00f6kande en projektans\u00f6kan accepterad hos Allm\u00e4nna Arvsfonden.\u00a0Detta m\u00f6jliggjorde bland annat ink\u00f6p av ett stort antal paracyklar till prova-p\u00e5 och motionsverksamhet. Projektet bedrivs fr\u00e5n tv\u00e5 dep\u00e5er med cyklar f\u00f6r prova-p\u00e5 och motionsaktiviteter.\u00a0 En dep\u00e5 i Fr\u00f6sundavik hos\u00a0Rehab Station Stockholm\u00a0och en dep\u00e5 i Lindome hos<a href=\"https:\/\/scf.se\/paracykel\/borja-cykla-paracykel\/projekt-paracykel\/\" class=\"news-card__more\"> &#8230;<\/a><\/p>\n","protected":false},"author":2,"featured_media":0,"parent":21,"menu_order":0,"comment_status":"closed","ping_status":"closed","template":"","meta":{"_acf_changed":false,"footnotes":""},"class_list":["post-65","page","type-page","status-publish","hentry"],"acf":[],"_links":{"self":[{"href":"https:\/\/scf.se\/paracykel\/wp-json\/wp\/v2\/pages\/65","targetHints":{"allow":["GET"]}}],"collection":[{"href":"https:\/\/scf.se\/paracykel\/wp-json\/wp\/v2\/pages"}],"about":[{"href":"https:\/\/scf.se\/paracykel\/wp-json\/wp\/v2\/types\/page"}],"author":[{"embeddable":true,"href":"https:\/\/scf.se\/paracykel\/wp-json\/wp\/v2\/users\/2"}],"replies":[{"embeddable":true,"href":"https:\/\/scf.se\/paracykel\/wp-json\/wp\/v2\/comments?post=65"}],"version-history":[{"count":0,"href":"https:\/\/scf.se\/paracykel\/wp-json\/wp\/v2\/pages\/65\/revisions"}],"up":[{"embeddable":true,"href":"https:\/\/scf.se\/paracykel\/wp-json\/wp\/v2\/pages\/21"}],"wp:attachment":[{"href":"https:\/\/scf.se\/paracykel\/wp-json\/wp\/v2\/media?parent=65"}],"curies":[{"name":"wp","href":"https:\/\/api.w.org\/{rel}","templated":true}]}}