
{"id":461,"date":"2025-05-19T16:01:14","date_gmt":"2025-05-19T14:01:14","guid":{"rendered":"http:\/\/scf.se\/paracykel\/?page_id=461"},"modified":"2025-05-19T14:46:33","modified_gmt":"2025-05-19T12:46:33","slug":"allt-om-paracykel","status":"publish","type":"page","link":"https:\/\/scf.se\/paracykel\/allt-om-paracykel\/","title":{"rendered":"Om Paracykel"},"content":{"rendered":"<blockquote><p>Svenska Cykelf\u00f6rbundets projekt f\u00f6r paracykels utveckling i Sverige syftar till att ge fler med funktionsneds\u00e4ttningar m\u00f6jlighet till en fysiskt aktiv livsstil genom att uppt\u00e4cka frihetsk\u00e4nslan med cykling!<\/p><\/blockquote>\n<p><strong>Paracykel \u00e4r cykel f\u00f6r personer med fysiska funktionsneds\u00e4ttningar samt synskadade\/blinda<\/strong><\/p>\n<ul>\n<li>Genom att anpassa cykeln efter en persons funktionsneds\u00e4ttning m\u00f6jligg\u00f6rs f\u00f6r en stor grupp att cykla.<\/li>\n<li>Paracykling har sin b\u00f6rjan p\u00e5 80-talet och har vuxit sig starkt i Europa och Nordamerika och ing\u00e5r sedan 1988 i Paralympics.<\/li>\n<li>Svenska Cykelf\u00f6rbundet arbetar med fokus att f\u00e5 paracykling att v\u00e4xa i bredd, elit och landslag samt integreras i \u00f6vriga cykelsverige med Paracykel.se.<\/li>\n<li>Cyklar finns i Stockholm, \u00d6rebro, Falun, J\u00f6nk\u00f6ping, Lindome och Malm\u00f6.<\/li>\n<li><a href=\"https:\/\/scf.se\/paracykel\/borja-cykla-paracykel\/projekt-paracykel\/\">Projektet Paracykel <\/a>startade 2013 med i ett tre\u00e5rigt projekt som avslutades i september 2016.<\/li>\n<li><a href=\"https:\/\/scf.se\/paracykel\/paracykelakademin\/\">Paracykelakademin<\/a> startade i september 2016, b\u00e5de paracykelakademin och projekt paracykel \u00e4r delvis finansierade av Allm\u00e4nna Arvsfonden. Verksamheter startade initialt upp i \u00d6rebro, Lindome och Sk\u00e5ne.<\/li>\n<li>Projekt iCykel, finsansierad av Allm\u00e4nna Arvsfonden startade upp i oktober 2024.<\/li>\n<\/ul>\n<p><strong>Verksamheten paracykel.se erbjuder olika typer av cyklar f\u00f6r olika typer av funktionsneds\u00e4ttning:<\/strong><\/p>\n<ul>\n<li>Tandem: f\u00f6r synskadade eller blinda<\/li>\n<li>Handcykel: cykeln trampas med h\u00e4nderna (f\u00f6r amputerade eller ryggm\u00e4rgsskadade)<\/li>\n<li>Trike: cykeln har tre hjul f\u00f6r balansen. (funkar bra f\u00f6r neurologiskt eller muskul\u00e4rt nedsatta)<\/li>\n<li>Racercykel: vanlig cykel f\u00f6r klassificerbar funktionsneds\u00e4ttning, t.ex. amputerade, neurologiskt eller muskul\u00e4rt nedsatta<\/li>\n<\/ul>\n<p><strong><br \/>\nGrengrupp paracykel<br \/>\n<\/strong>Paracykel \u00e4r en av nio grenar inom Svenska Cykelf\u00f6rbundet med en grengrupp som hanterar verksamheten. Kontakta dem om du vill veta mer!<br \/>\n<a href=\"https:\/\/scf.se\/paracykel\/kontakta-grengrupp-paracykel\/\">Kontaktuppgifter grengrupp paracykel<\/a><\/p>\n","protected":false},"excerpt":{"rendered":"<p>Svenska Cykelf\u00f6rbundets projekt f\u00f6r paracykels utveckling i Sverige syftar till att ge fler med funktionsneds\u00e4ttningar m\u00f6jlighet till en fysiskt aktiv livsstil genom att uppt\u00e4cka frihetsk\u00e4nslan med cykling! Paracykel \u00e4r cykel f\u00f6r personer med fysiska funktionsneds\u00e4ttningar samt synskadade\/blinda Genom att anpassa cykeln efter en persons funktionsneds\u00e4ttning m\u00f6jligg\u00f6rs f\u00f6r en stor grupp att cykla. Paracykling har<a href=\"https:\/\/scf.se\/paracykel\/allt-om-paracykel\/\" class=\"news-card__more\"> &#8230;<\/a><\/p>\n","protected":false},"author":43,"featured_media":0,"parent":0,"menu_order":0,"comment_status":"closed","ping_status":"closed","template":"","meta":{"_acf_changed":false,"footnotes":""},"class_list":["post-461","page","type-page","status-publish","hentry"],"acf":[],"_links":{"self":[{"href":"https:\/\/scf.se\/paracykel\/wp-json\/wp\/v2\/pages\/461","targetHints":{"allow":["GET"]}}],"collection":[{"href":"https:\/\/scf.se\/paracykel\/wp-json\/wp\/v2\/pages"}],"about":[{"href":"https:\/\/scf.se\/paracykel\/wp-json\/wp\/v2\/types\/page"}],"author":[{"embeddable":true,"href":"https:\/\/scf.se\/paracykel\/wp-json\/wp\/v2\/users\/43"}],"replies":[{"embeddable":true,"href":"https:\/\/scf.se\/paracykel\/wp-json\/wp\/v2\/comments?post=461"}],"version-history":[{"count":4,"href":"https:\/\/scf.se\/paracykel\/wp-json\/wp\/v2\/pages\/461\/revisions"}],"predecessor-version":[{"id":3646,"href":"https:\/\/scf.se\/paracykel\/wp-json\/wp\/v2\/pages\/461\/revisions\/3646"}],"wp:attachment":[{"href":"https:\/\/scf.se\/paracykel\/wp-json\/wp\/v2\/media?parent=461"}],"curies":[{"name":"wp","href":"https:\/\/api.w.org\/{rel}","templated":true}]}}