
{"id":4213,"date":"2026-04-20T03:06:16","date_gmt":"2026-04-20T01:06:16","guid":{"rendered":"https:\/\/scf.se\/paracykel\/?page_id=4213"},"modified":"2026-04-20T11:46:43","modified_gmt":"2026-04-20T09:46:43","slug":"paracertifiering","status":"publish","type":"page","link":"https:\/\/scf.se\/paracykel\/paracertifiering\/","title":{"rendered":"Paracertifiering"},"content":{"rendered":"<p><strong>Svenska Cykelf\u00f6rbundet<\/strong> tillsammans med <strong>Svenska Triathlonf\u00f6rbundet<\/strong> och <strong>V\u00e4tternrundan<\/strong>\u00a0har tillsammans tagit initiativ till att skapa en tillg\u00e4nglighetscertifiering f\u00f6r t\u00e4vlingar, motionslopp och andra evenemang. Certifieringen inneb\u00e4r att arrang\u00f6ren har gjort en gedigen <em>tillg\u00e4nglighetsinventering<\/em> av sitt arrangemang och att arrangemangen, allra minst, uppfyller fastst\u00e4llda minimikrav.<\/p>\n<p><strong>Ingen k\u00e4nner b\u00e4ttre till just dina f\u00f6ruts\u00e4ttningar \u00e4n du sj\u00e4lv!<\/strong> Certifieringens huvudsyfte \u00e4r d\u00e4rf\u00f6r att ge dig all n\u00f6dv\u00e4ndig information om ett arrangemangs tillg\u00e4nglighet p\u00e5 ett l\u00e4tt\u00f6versk\u00e5dligt s\u00e4tt, s\u00e5 att du kan avg\u00f6ra vad som fungerar, <em>eller inte fungerar<\/em>, f\u00f6r just dig!<\/p>\n<p><strong>F\u00f6rst ut \u00e4r V\u00e4tternrundan 100 km, Tjejv\u00e4ttern 100 km och Miniv\u00e4ttern!<\/strong> Men fler arrangemang \u00e4r redan p\u00e5 g\u00e5ng, och b\u00e5de certifiering och tillg\u00e4nglighetsinventering kommer att vidareutvecklas med varje ny arrang\u00f6r som v\u00e4ljer att prioritera inkludering i sitt arbetss\u00e4tt.<\/p>\n<p>&nbsp;<\/p>\n<p>Tillg\u00e4nglighetsinventering:<br \/>\n<a href=\"https:\/\/scf.se\/paracykel\/paracertifiering\/tillganglighetsinventering-vr-26\/\">V\u00e4tternrundan 100 km, Tjejv\u00e4ttern 100 km samt Miniv\u00e4ttern 2026<\/a><\/p>\n","protected":false},"excerpt":{"rendered":"<p>Svenska Cykelf\u00f6rbundet tillsammans med Svenska Triathlonf\u00f6rbundet och V\u00e4tternrundan\u00a0har tillsammans tagit initiativ till att skapa en tillg\u00e4nglighetscertifiering f\u00f6r t\u00e4vlingar, motionslopp och andra evenemang. Certifieringen inneb\u00e4r att arrang\u00f6ren har gjort en gedigen tillg\u00e4nglighetsinventering av sitt arrangemang och att arrangemangen, allra minst, uppfyller fastst\u00e4llda minimikrav. Ingen k\u00e4nner b\u00e4ttre till just dina f\u00f6ruts\u00e4ttningar \u00e4n du sj\u00e4lv! Certifieringens huvudsyfte<a href=\"https:\/\/scf.se\/paracykel\/paracertifiering\/\" class=\"news-card__more\"> &#8230;<\/a><\/p>\n","protected":false},"author":12,"featured_media":4214,"parent":0,"menu_order":0,"comment_status":"closed","ping_status":"closed","template":"","meta":{"_acf_changed":false,"footnotes":""},"class_list":["post-4213","page","type-page","status-publish","hentry"],"acf":[],"_links":{"self":[{"href":"https:\/\/scf.se\/paracykel\/wp-json\/wp\/v2\/pages\/4213","targetHints":{"allow":["GET"]}}],"collection":[{"href":"https:\/\/scf.se\/paracykel\/wp-json\/wp\/v2\/pages"}],"about":[{"href":"https:\/\/scf.se\/paracykel\/wp-json\/wp\/v2\/types\/page"}],"author":[{"embeddable":true,"href":"https:\/\/scf.se\/paracykel\/wp-json\/wp\/v2\/users\/12"}],"replies":[{"embeddable":true,"href":"https:\/\/scf.se\/paracykel\/wp-json\/wp\/v2\/comments?post=4213"}],"version-history":[{"count":15,"href":"https:\/\/scf.se\/paracykel\/wp-json\/wp\/v2\/pages\/4213\/revisions"}],"predecessor-version":[{"id":4246,"href":"https:\/\/scf.se\/paracykel\/wp-json\/wp\/v2\/pages\/4213\/revisions\/4246"}],"wp:featuredmedia":[{"embeddable":true,"href":"https:\/\/scf.se\/paracykel\/wp-json\/wp\/v2\/media\/4214"}],"wp:attachment":[{"href":"https:\/\/scf.se\/paracykel\/wp-json\/wp\/v2\/media?parent=4213"}],"curies":[{"name":"wp","href":"https:\/\/api.w.org\/{rel}","templated":true}]}}