
{"id":386,"date":"2016-09-02T11:34:01","date_gmt":"2016-09-02T09:34:01","guid":{"rendered":"http:\/\/scf.se\/paracykel\/?page_id=386"},"modified":"2025-05-19T15:24:55","modified_gmt":"2025-05-19T13:24:55","slug":"paracykelakademin","status":"publish","type":"page","link":"https:\/\/scf.se\/paracykel\/paracykelakademin\/","title":{"rendered":"Paracykelakademin"},"content":{"rendered":"<p><img decoding=\"async\" style=\"width: 150px;height: 150px;float: left\" src=\"https:\/\/scf.se\/paracykel\/wp-content\/uploads\/sites\/7\/2016\/09\/Paracykelakademin-150x150.png\" alt=\"Paracykelakademin\" \/><span id=\"dfgtre\">Under \u00e5ren 2016-2019 genomf\u00f6rdes Projekt Paracykelakademin genom Svenska Cykelf\u00f6rbundet. Med medel fr\u00e5n <a href=\"http:\/\/arvsfonden.se\" target=\"_blank\" rel=\"noopener\">Allm\u00e4nna Arvsfonden<\/a> genomf\u00f6rdes det tillsammans med <a href=\"http:\/\/rgaktivrehab.se\/\" target=\"_blank\" rel=\"noopener\">RG Aktiv Rehabilitering<\/a> och <a href=\"http:\/\/valjeviken.se\/\" target=\"_blank\" rel=\"noopener\">Valjevikens Folkh\u00f6gskola<\/a>.<\/span><\/p>\n<p><span id=\"dfgtre\"> Projektet syftade till att b\u00e4ttre inkludera barn och unga med r\u00f6relse- eller synneds\u00e4ttningar i samh\u00e4llet samt \u00f6ppna f\u00f6r social interaktion och b\u00e4ttre h\u00e4lsa. Barn och unga med r\u00f6relse- eller synneds\u00e4ttningar blir v\u00e4ldigt ofta underprioriterade n\u00e4r det kommer till fysiska aktiviteter. D\u00e4rf\u00f6r ville vi genom projektet ta fram metoder f\u00f6r att ge fler m\u00f6jlighet att b\u00f6rja cykla och genom samverkan med samh\u00e4llsinstitutioner, ideella organisationer och kommersiella intressen skapa f\u00f6ruts\u00e4ttningar f\u00f6r att barn och unga med r\u00f6relse- eller synneds\u00e4ttningar ska kunna anv\u00e4nda cykel b\u00e5de f\u00f6r transport, motion och social samvaro, p\u00e5 s\u00e5 lika villkor som det \u00e4r m\u00f6jligt.<\/span><\/p>\n<p>Paracykelsporten har vuxit enormt i Sverige under de senaste \u00e5ren. Samtidigt finns det n\u00e4stan inga m\u00f6jligheter f\u00f6r barn och unga med r\u00f6relse- eller synneds\u00e4ttningar att ens f\u00e5 prova hur det \u00e4r att cykla. Det saknas anpassade cyklar och det saknas kunskap om vilka m\u00f6jligheter som finns. Projektet kommer i sig sj\u00e4lvt ha tillg\u00e5ng till cyklar och kunskap men den viktigaste uppgiften \u00e4r att utveckla metoder f\u00f6r att sprida b\u00e5de m\u00f6jligheterna och kunskapen!<\/p>\n<p>Bland v\u00e5ra samarbetspartners fanns <a href=\"http:\/\/www.invacare.se\/sv\" target=\"_blank\" rel=\"noopener\">Invacare<\/a> och <a href=\"https:\/\/www.autoadapt.com\/sv\/\" target=\"_blank\" rel=\"noopener\">Autoadapt<\/a>.<\/p>\n<p>Utfall:<\/p>\n<p>Under projektet rekryterades fler barn och ungdomar till Paracykel, det genomf\u00f6rdes m\u00e5nga Prova-P\u00e5-tillf\u00e4llen och k\u00f6ptes in m\u00e5nga cyklar. Vi st\u00f6tte dock p\u00e5 utmaningar i att hitta tillg\u00e4ngliga Cykelf\u00f6reningar att cykla i.<\/p>\n<p>L\u00e4s g\u00e4rna om Projekt iCykel f\u00f6r att f\u00e5 reda p\u00e5 vad det mynnade ut i:)<\/p>\n","protected":false},"excerpt":{"rendered":"<p>Under \u00e5ren 2016-2019 genomf\u00f6rdes Projekt Paracykelakademin genom Svenska Cykelf\u00f6rbundet. Med medel fr\u00e5n Allm\u00e4nna Arvsfonden genomf\u00f6rdes det tillsammans med RG Aktiv Rehabilitering och Valjevikens Folkh\u00f6gskola. Projektet syftade till att b\u00e4ttre inkludera barn och unga med r\u00f6relse- eller synneds\u00e4ttningar i samh\u00e4llet samt \u00f6ppna f\u00f6r social interaktion och b\u00e4ttre h\u00e4lsa. Barn och unga med r\u00f6relse- eller synneds\u00e4ttningar<a href=\"https:\/\/scf.se\/paracykel\/paracykelakademin\/\" class=\"news-card__more\"> &#8230;<\/a><\/p>\n","protected":false},"author":43,"featured_media":0,"parent":0,"menu_order":0,"comment_status":"closed","ping_status":"closed","template":"","meta":{"_acf_changed":false,"footnotes":""},"class_list":["post-386","page","type-page","status-publish","hentry"],"acf":[],"_links":{"self":[{"href":"https:\/\/scf.se\/paracykel\/wp-json\/wp\/v2\/pages\/386","targetHints":{"allow":["GET"]}}],"collection":[{"href":"https:\/\/scf.se\/paracykel\/wp-json\/wp\/v2\/pages"}],"about":[{"href":"https:\/\/scf.se\/paracykel\/wp-json\/wp\/v2\/types\/page"}],"author":[{"embeddable":true,"href":"https:\/\/scf.se\/paracykel\/wp-json\/wp\/v2\/users\/43"}],"replies":[{"embeddable":true,"href":"https:\/\/scf.se\/paracykel\/wp-json\/wp\/v2\/comments?post=386"}],"version-history":[{"count":4,"href":"https:\/\/scf.se\/paracykel\/wp-json\/wp\/v2\/pages\/386\/revisions"}],"predecessor-version":[{"id":3660,"href":"https:\/\/scf.se\/paracykel\/wp-json\/wp\/v2\/pages\/386\/revisions\/3660"}],"wp:attachment":[{"href":"https:\/\/scf.se\/paracykel\/wp-json\/wp\/v2\/media?parent=386"}],"curies":[{"name":"wp","href":"https:\/\/api.w.org\/{rel}","templated":true}]}}