
{"id":3733,"date":"2025-12-15T12:04:02","date_gmt":"2025-12-15T11:04:02","guid":{"rendered":"https:\/\/scf.se\/paracykel\/?page_id=3733"},"modified":"2025-12-15T14:24:15","modified_gmt":"2025-12-15T13:24:15","slug":"vara-depaer","status":"publish","type":"page","link":"https:\/\/scf.se\/paracykel\/vara-depaer\/","title":{"rendered":"V\u00e5ra Dep\u00e5er"},"content":{"rendered":"<p>I v\u00e5ra dep\u00e5er finner du Prova-p\u00e5-verksamhet, l\u00e5necyklar.<\/p>\n<p><strong>Falun<\/strong> &#8211; Emma Stenberg,\u00a0<a href=\"emma.stenberg@scf.se\">emma.stenberg@scf.se<\/a><a href=\"emma.stenberg@scf.se\"><br \/>\n<\/a><strong>Stockholm &#8211; SMACK<\/strong>&#8211; <a href=\"mailto:hakan@smack.se\">hakan@smack.se\u00a0<\/a><br \/>\n<strong>Malm\u00f6- Heleneholms IF-\u00a0<\/strong><a href=\"mailto:vanessa@heleholmsif.se\">vanessa@heleholmsif.se<\/a><br \/>\n<strong>\u00d6rebro-CK Armkraft<\/strong> &#8211; Eric Poignant, <a href=\"mailto:eric.poignant@ckarmkraft.se\">eric.poignant@ckarmkraft.se<\/a><a href=\"mailto:eric.poignant@scf.se\"><br \/>\n<\/a><strong>J\u00f6nk\u00f6ping &#8211; J\u00f6nk\u00f6pings CK<\/strong>&#8211; Henrik Marvig, <a href=\"mailto:henrik.marvig@gmail.com\">henrik.marvig@gmail.com<\/a><br \/>\n<strong>Lindome- M\u00f6lndals CK<\/strong> &#8211; Michael Lindgren, <a href=\"mailto:michael.lindgren@scf.se\">michael.lindgren@scf.se<\/a><br \/>\n<strong>Uppsala- Upsala CK <\/strong>&#8211; Eva Zahawi <a href=\"mailto:eva.zahawi@scf.se\">eva.zahawi@scf.se<\/a><\/p>\n","protected":false},"excerpt":{"rendered":"<p>I v\u00e5ra dep\u00e5er finner du Prova-p\u00e5-verksamhet, l\u00e5necyklar. Falun &#8211; Emma Stenberg,\u00a0emma.stenberg@scf.se Stockholm &#8211; SMACK&#8211; hakan@smack.se\u00a0 Malm\u00f6- Heleneholms IF-\u00a0vanessa@heleholmsif.se \u00d6rebro-CK Armkraft &#8211; Eric Poignant, eric.poignant@ckarmkraft.se J\u00f6nk\u00f6ping &#8211; J\u00f6nk\u00f6pings CK&#8211; Henrik Marvig, henrik.marvig@gmail.com Lindome- M\u00f6lndals CK &#8211; Michael Lindgren, michael.lindgren@scf.se Uppsala- Upsala CK &#8211; Eva Zahawi eva.zahawi@scf.se<\/p>\n","protected":false},"author":60,"featured_media":0,"parent":0,"menu_order":0,"comment_status":"closed","ping_status":"closed","template":"","meta":{"_acf_changed":false,"footnotes":""},"class_list":["post-3733","page","type-page","status-publish","hentry"],"acf":[],"_links":{"self":[{"href":"https:\/\/scf.se\/paracykel\/wp-json\/wp\/v2\/pages\/3733","targetHints":{"allow":["GET"]}}],"collection":[{"href":"https:\/\/scf.se\/paracykel\/wp-json\/wp\/v2\/pages"}],"about":[{"href":"https:\/\/scf.se\/paracykel\/wp-json\/wp\/v2\/types\/page"}],"author":[{"embeddable":true,"href":"https:\/\/scf.se\/paracykel\/wp-json\/wp\/v2\/users\/60"}],"replies":[{"embeddable":true,"href":"https:\/\/scf.se\/paracykel\/wp-json\/wp\/v2\/comments?post=3733"}],"version-history":[{"count":3,"href":"https:\/\/scf.se\/paracykel\/wp-json\/wp\/v2\/pages\/3733\/revisions"}],"predecessor-version":[{"id":4006,"href":"https:\/\/scf.se\/paracykel\/wp-json\/wp\/v2\/pages\/3733\/revisions\/4006"}],"wp:attachment":[{"href":"https:\/\/scf.se\/paracykel\/wp-json\/wp\/v2\/media?parent=3733"}],"curies":[{"name":"wp","href":"https:\/\/api.w.org\/{rel}","templated":true}]}}