
{"id":3710,"date":"2025-05-27T08:13:17","date_gmt":"2025-05-27T06:13:17","guid":{"rendered":"https:\/\/scf.se\/paracykel\/?page_id=3710"},"modified":"2025-05-27T08:24:01","modified_gmt":"2025-05-27T06:24:01","slug":"projekt-icykel-2024-2027","status":"publish","type":"page","link":"https:\/\/scf.se\/paracykel\/projekt\/projekt-icykel-2024-2027\/","title":{"rendered":"Projekt iCykel 2024 &#8211; 2027"},"content":{"rendered":"<p><strong>Syfte<\/strong><\/p>\n<p>Projektid\u00e9n kommer ur ett tydligt behov fr\u00e5n Cykelf\u00f6rbundets paracykelverksamhet &#8211; Nya paracyklister hittar inga n\u00e4rliggande cykelklubbar att b\u00f6rja tr\u00e4na hos, och l\u00e4mpliga cykelklubbar v\u00e5gar inte ta steget till paraverksamhet eftersom de inte vet vad det innefattar.<\/p>\n<p><strong>Metod<\/strong><\/p>\n<p>F\u00f6rbundet vill st\u00e4rka inflytandet av personer ur m\u00e5lgruppen genom att skapa demokratiska m\u00f6tesplatser d\u00e4r f\u00f6reningsledare och aktiva ur referensgruppen f\u00e5r utrymme att p\u00e5verka verksamheten. Samt m\u00f6jligg\u00f6ra fortsatt engagemang och trygghet som ledare genom integration i Cykelf\u00f6rbundets utbildningsprogram f\u00f6r Unga ledare och tr\u00e4nare.<\/p>\n<p>Kartl\u00e4gga f\u00f6reningsverksamheten i Cykelsverige f\u00f6r att utreda f\u00f6reningens verksamhet, utmaningar, behov och m\u00f6jlighet till inkludering.<\/p>\n<p>Skapa en l\u00e5ngsiktigt h\u00e5llbar utvecklings- och utbildningsplan, s\u00e5 att ideella ledare inom svensk cykelsport kan k\u00e4nna trygghet i sitt bem\u00f6tande av personer med syn- eller r\u00f6relseneds\u00e4ttning.<br \/>\nSkapa en utvecklingstrappa fr\u00e5n bredd till elitidrott f\u00f6r paracyklister som bygger p\u00e5 cyklande hela livet. Denna ska implementeras i f\u00f6rbudets ordinarie utbildning och utveckling.<\/p>\n<p>Som del i projektet forts\u00e4tta arbeta f\u00f6r nyrekrytering och nyetablering av m\u00e5lgruppen i Cykelf\u00f6rbundets alla grenar, med s\u00e4rskilt fokus p\u00e5 MTB och E-cykling.<\/p>\n<p>Cykelf\u00f6rbundet har efter en behovsanalys sett m\u00f6jligheter att tillg\u00e4ngligg\u00f6ra dessa tv\u00e5 grenar utifr\u00e5n den utveckling kring teknik, material och popularitet p\u00e5 idrottsarenan\/cykelarenan.<\/p>\n<p><strong>M\u00e5l<\/strong><\/p>\n<p>F\u00f6rbundet ska arbeta l\u00e5ngsiktigt och h\u00e5llbart med fr\u00e5gor g\u00e4llande diskriminering och allas lika r\u00e4ttigheter, oberoende av k\u00f6n, sexualitet, hudf\u00e4rg, etnicitet och\/eller funktionsneds\u00e4ttning. Det \u00e4r v\u00e5r skyldighet att se till att \u00e4ven barn och ungdomar med funktionsneds\u00e4ttningar f\u00e5r sin r\u00e4tt till en aktiv fritid, utbildning och utveckling tillgodosedd, i enighet med Barnkonventionen och FN:s konvention om r\u00e4ttigheter f\u00f6r personer med funktionsneds\u00e4ttning.<\/p>\n<p>F\u00f6rbundet ska arbeta utifr\u00e5n FN:s globala m\u00e5l och Agenda 2030 med s\u00e4rskilt fokus p\u00e5 punkterna 3, 4 och 5:<\/p>\n<p>3) Fr\u00e4mja v\u00e4lbefinnande och en h\u00e4lsosam livsh\u00e5llning i alla \u00e5ldrar.<\/p>\n<p>4) Fr\u00e4mja ett livsl\u00e5ngt l\u00e4rande genom att s\u00e4kerst\u00e4lla inkludering och likv\u00e4rdig utbildning f\u00f6r alla, i f\u00f6rbundet och i anslutna f\u00f6reningar.<\/p>\n<p>5) Fr\u00e4mja \u00f6kad j\u00e4mst\u00e4lldhet oavsett kroppsfunktion eller livsf\u00f6ruts\u00e4ttningar.<\/p>\n<p>&nbsp;<\/p>\n<p>Vid projektets slut s\u00e5 ska det finnas ett gediget informationsmaterial som ska hj\u00e4lpa och fr\u00e4mja cykelklubbarna att starta upp paracykelverksamhet.<\/p>\n<p>Det ska finnas ett etablerat samarbete med &#8221;Fritidsbanken&#8221; p\u00e5 lokal niv\u00e5 s\u00e5 att b\u00e5de cykelklubbar och ut\u00f6vare ges tillg\u00e5ng till de specialcyklar som kr\u00e4vs f\u00f6r att g\u00f6ra det m\u00f6jligt f\u00f6r m\u00e5lgruppen att bli aktiva cyklister.<\/p>\n<p>Som en effekt av projektets genomf\u00f6rande, och f\u00f6rvecklingen av projektm\u00e5len, s\u00e5 kommer cykelgrenarna MTB och e-cykling bli inf\u00f6rlivade i cykelf\u00f6rbundets och ber\u00f6rda f\u00f6reningars paracykelverksamhet.<\/p>\n","protected":false},"excerpt":{"rendered":"<p>Syfte Projektid\u00e9n kommer ur ett tydligt behov fr\u00e5n Cykelf\u00f6rbundets paracykelverksamhet &#8211; Nya paracyklister hittar inga n\u00e4rliggande cykelklubbar att b\u00f6rja tr\u00e4na hos, och l\u00e4mpliga cykelklubbar v\u00e5gar inte ta steget till paraverksamhet eftersom de inte vet vad det innefattar. Metod F\u00f6rbundet vill st\u00e4rka inflytandet av personer ur m\u00e5lgruppen genom att skapa demokratiska m\u00f6tesplatser d\u00e4r f\u00f6reningsledare och<a href=\"https:\/\/scf.se\/paracykel\/projekt\/projekt-icykel-2024-2027\/\" class=\"news-card__more\"> &#8230;<\/a><\/p>\n","protected":false},"author":60,"featured_media":3712,"parent":1371,"menu_order":0,"comment_status":"closed","ping_status":"closed","template":"","meta":{"_acf_changed":false,"footnotes":""},"class_list":["post-3710","page","type-page","status-publish","hentry"],"acf":[],"_links":{"self":[{"href":"https:\/\/scf.se\/paracykel\/wp-json\/wp\/v2\/pages\/3710","targetHints":{"allow":["GET"]}}],"collection":[{"href":"https:\/\/scf.se\/paracykel\/wp-json\/wp\/v2\/pages"}],"about":[{"href":"https:\/\/scf.se\/paracykel\/wp-json\/wp\/v2\/types\/page"}],"author":[{"embeddable":true,"href":"https:\/\/scf.se\/paracykel\/wp-json\/wp\/v2\/users\/60"}],"replies":[{"embeddable":true,"href":"https:\/\/scf.se\/paracykel\/wp-json\/wp\/v2\/comments?post=3710"}],"version-history":[{"count":2,"href":"https:\/\/scf.se\/paracykel\/wp-json\/wp\/v2\/pages\/3710\/revisions"}],"predecessor-version":[{"id":3713,"href":"https:\/\/scf.se\/paracykel\/wp-json\/wp\/v2\/pages\/3710\/revisions\/3713"}],"up":[{"embeddable":true,"href":"https:\/\/scf.se\/paracykel\/wp-json\/wp\/v2\/pages\/1371"}],"wp:featuredmedia":[{"embeddable":true,"href":"https:\/\/scf.se\/paracykel\/wp-json\/wp\/v2\/media\/3712"}],"wp:attachment":[{"href":"https:\/\/scf.se\/paracykel\/wp-json\/wp\/v2\/media?parent=3710"}],"curies":[{"name":"wp","href":"https:\/\/api.w.org\/{rel}","templated":true}]}}