
{"id":3666,"date":"2025-05-19T16:24:32","date_gmt":"2025-05-19T14:24:32","guid":{"rendered":"https:\/\/scf.se\/paracykel\/?page_id=3666"},"modified":"2025-05-19T16:27:18","modified_gmt":"2025-05-19T14:27:18","slug":"enkatundersokning","status":"publish","type":"page","link":"https:\/\/scf.se\/paracykel\/enkatundersokning\/","title":{"rendered":"Enk\u00e4tunders\u00f6kning"},"content":{"rendered":"<p>Under v\u00e5ren 2025 genomf\u00f6rdes en enk\u00e4tunders\u00f6kning som skickades ut till alla 470 cykelf\u00f6reningar i Sverige. Ta del av resultaten h\u00e4r:<\/p>\n<p><a href=\"https:\/\/scf.se\/paracykel\/wp-content\/uploads\/sites\/7\/2025\/05\/Enkatundersokning-VT2025.pdf\">Enk\u00e4tunders\u00f6kning VT2025<\/a><\/p>\n","protected":false},"excerpt":{"rendered":"<p>Under v\u00e5ren 2025 genomf\u00f6rdes en enk\u00e4tunders\u00f6kning som skickades ut till alla 470 cykelf\u00f6reningar i Sverige. Ta del av resultaten h\u00e4r: Enk\u00e4tunders\u00f6kning VT2025<\/p>\n","protected":false},"author":60,"featured_media":0,"parent":0,"menu_order":0,"comment_status":"closed","ping_status":"closed","template":"","meta":{"_acf_changed":false,"footnotes":""},"class_list":["post-3666","page","type-page","status-publish","hentry"],"acf":[],"_links":{"self":[{"href":"https:\/\/scf.se\/paracykel\/wp-json\/wp\/v2\/pages\/3666","targetHints":{"allow":["GET"]}}],"collection":[{"href":"https:\/\/scf.se\/paracykel\/wp-json\/wp\/v2\/pages"}],"about":[{"href":"https:\/\/scf.se\/paracykel\/wp-json\/wp\/v2\/types\/page"}],"author":[{"embeddable":true,"href":"https:\/\/scf.se\/paracykel\/wp-json\/wp\/v2\/users\/60"}],"replies":[{"embeddable":true,"href":"https:\/\/scf.se\/paracykel\/wp-json\/wp\/v2\/comments?post=3666"}],"version-history":[{"count":1,"href":"https:\/\/scf.se\/paracykel\/wp-json\/wp\/v2\/pages\/3666\/revisions"}],"predecessor-version":[{"id":3668,"href":"https:\/\/scf.se\/paracykel\/wp-json\/wp\/v2\/pages\/3666\/revisions\/3668"}],"wp:attachment":[{"href":"https:\/\/scf.se\/paracykel\/wp-json\/wp\/v2\/media?parent=3666"}],"curies":[{"name":"wp","href":"https:\/\/api.w.org\/{rel}","templated":true}]}}