
{"id":3661,"date":"2025-05-19T15:52:47","date_gmt":"2025-05-19T13:52:47","guid":{"rendered":"https:\/\/scf.se\/paracykel\/?page_id=3661"},"modified":"2025-05-19T15:52:47","modified_gmt":"2025-05-19T13:52:47","slug":"utbildning","status":"publish","type":"page","link":"https:\/\/scf.se\/paracykel\/utbildning\/","title":{"rendered":"Utbildning"},"content":{"rendered":"<p>H\u00e4r kommer du att hitta v\u00e5ra egna framtagna utbildningar och vid vilka tillf\u00e4llen dessa ges.<\/p>\n<p><strong>VT 2025:<\/strong><\/p>\n<p>Ledarutbildning i f\u00f6rening &#8211; utbildningen ges via Teams till f\u00f6reningar som vill bli mer tillg\u00e4ngliga<\/p>\n<p><strong>HT 2025:<\/strong><\/p>\n<p>Ledarutbildning i f\u00f6rening &#8211; utbildningen ges via Teams till f\u00f6reningar som vill bli mer tillg\u00e4ngliga<\/p>\n<p>F\u00f6r bokning: Kontakta paracykel@scf.se<\/p>\n","protected":false},"excerpt":{"rendered":"<p>H\u00e4r kommer du att hitta v\u00e5ra egna framtagna utbildningar och vid vilka tillf\u00e4llen dessa ges. VT 2025: Ledarutbildning i f\u00f6rening &#8211; utbildningen ges via Teams till f\u00f6reningar som vill bli mer tillg\u00e4ngliga HT 2025: Ledarutbildning i f\u00f6rening &#8211; utbildningen ges via Teams till f\u00f6reningar som vill bli mer tillg\u00e4ngliga F\u00f6r bokning: Kontakta paracykel@scf.se<\/p>\n","protected":false},"author":60,"featured_media":0,"parent":0,"menu_order":0,"comment_status":"closed","ping_status":"closed","template":"","meta":{"_acf_changed":false,"footnotes":""},"class_list":["post-3661","page","type-page","status-publish","hentry"],"acf":[],"_links":{"self":[{"href":"https:\/\/scf.se\/paracykel\/wp-json\/wp\/v2\/pages\/3661","targetHints":{"allow":["GET"]}}],"collection":[{"href":"https:\/\/scf.se\/paracykel\/wp-json\/wp\/v2\/pages"}],"about":[{"href":"https:\/\/scf.se\/paracykel\/wp-json\/wp\/v2\/types\/page"}],"author":[{"embeddable":true,"href":"https:\/\/scf.se\/paracykel\/wp-json\/wp\/v2\/users\/60"}],"replies":[{"embeddable":true,"href":"https:\/\/scf.se\/paracykel\/wp-json\/wp\/v2\/comments?post=3661"}],"version-history":[{"count":3,"href":"https:\/\/scf.se\/paracykel\/wp-json\/wp\/v2\/pages\/3661\/revisions"}],"predecessor-version":[{"id":3665,"href":"https:\/\/scf.se\/paracykel\/wp-json\/wp\/v2\/pages\/3661\/revisions\/3665"}],"wp:attachment":[{"href":"https:\/\/scf.se\/paracykel\/wp-json\/wp\/v2\/media?parent=3661"}],"curies":[{"name":"wp","href":"https:\/\/api.w.org\/{rel}","templated":true}]}}