
{"id":3653,"date":"2025-05-19T16:16:26","date_gmt":"2025-05-19T14:16:26","guid":{"rendered":"https:\/\/scf.se\/paracykel\/?page_id=3653"},"modified":"2025-11-24T13:56:42","modified_gmt":"2025-11-24T12:56:42","slug":"kunskapsbank","status":"publish","type":"page","link":"https:\/\/scf.se\/paracykel\/kunskapsbank\/","title":{"rendered":"Kunskapsbank"},"content":{"rendered":"<h4>Den bl\u00e5gula cykelv\u00e4gen<\/h4>\n<p>F\u00f6r ledare, aktiva eller tr\u00e4nare &#8211;\u00a0<a href=\"https:\/\/utbildning.scf.se\/\">Den bl\u00e5gula cykelv\u00e4gen\u00a0<\/a>-Svenska Cykelf\u00f6rbundets kunskapsportal f\u00f6r l\u00e4rande<\/p>\n<p><strong>Enk\u00e4tunders\u00f6kning<\/strong><br \/>\nUnder v\u00e5ren 2025 genomf\u00f6rdes en enk\u00e4tunders\u00f6kning som skickades ut till alla 470 cykelf\u00f6reningar i Sverige. Ta del av resultaten h\u00e4r: <a href=\"https:\/\/scf.se\/paracykel\/wp-content\/uploads\/sites\/7\/2025\/05\/Enkatundersokning-VT2025.pdf\">Enk\u00e4tunders\u00f6kning VT2025<\/a><\/p>\n<h4><strong>Publikationer:<\/strong><\/h4>\n<p>Under v\u00e5ren 2025 publicerades en studie i samverkan med Linn\u00e9universitetet. L\u00e4s h\u00e4r:<\/p>\n<p><a href=\"https:\/\/www.diva-portal.org\/smash\/get\/diva2:1970612\/FULLTEXT01.pdf\">&#8221;Det \u00e4r ingen rymdforskning&#8221; &#8211; en intervjustudie om inkluderingsarbetet inom svensk paracykling<\/a><\/p>\n<p>Under h\u00f6sten 2025 publicerade <a href=\"https:\/\/cykelcentrum.vti.se\/larande---kunskapsbibliotek\/nya-publikationer\">Cykelcentrum, vti<\/a> en studie:<\/p>\n<p><a href=\"https:\/\/vti.diva-portal.org\/smash\/get\/diva2:2015157\/FULLTEXT01.pdf\">\u201dMan t\u00e4nker att folk med\u00a0funktionsneds\u00e4ttning\u00a0inte kan cykla\u201d: En studie om hur personer med\u00a0funktionsneds\u00e4ttning upplever\u00a0barri\u00e4rer och m\u00f6jligheter\u00a0f\u00f6r att cykla<\/a><\/p>\n<p><strong>L\u00e4r dig mer om Parasport:<\/strong><\/p>\n<ul style=\"font-weight: 400\">\n<li data-aria-posinset=\"1\" data-aria-level=\"1\"><a href=\"https:\/\/parasport.se\/download\/18.275257001825758a516a43cd\/1660298797344\/sa-funkar-parasport_funktionslara_2022.pdf\" data-hyperlinktype=\"0\"><span data-usefontface=\"false\" data-contrast=\"none\">S\u00e5 funkar parasport<\/span><\/a>\u200b<\/li>\n<li data-aria-posinset=\"2\" data-aria-level=\"1\"><a href=\"https:\/\/parasport.se\/download\/18.53f11f3818d87562b86a95ce\/1707929456566\/Checklista%20fo%CC%88r%20trygga%20idrottsmiljo%CC%88er%20till%20fo%CC%88rening.pdf\" data-hyperlinktype=\"0\"><span data-usefontface=\"false\" data-contrast=\"none\">Checklista f\u00f6r trygga idrottsmilj\u00f6er<\/span><\/a>\u200b<\/li>\n<li data-aria-posinset=\"3\" data-aria-level=\"1\"><a href=\"https:\/\/www.safeparasport.com\/web\/#\/home\" data-hyperlinktype=\"0\"><span data-usefontface=\"false\" data-contrast=\"none\">Safe Parasport<\/span><\/a>\u200b<\/li>\n<li data-aria-posinset=\"4\" data-aria-level=\"1\"><a href=\"https:\/\/parasport.se\/kompetensstod\/samlat-kompetensstod\/kommunikation\" data-hyperlinktype=\"0\"><span data-usefontface=\"false\" data-contrast=\"none\">Kommunikation<\/span><\/a>\u200b<\/li>\n<li data-aria-posinset=\"5\" data-aria-level=\"1\"><a href=\"https:\/\/utbildning.sisuforlag.se\/rfsisu\/idrottens-webbar\/trygg-och-inkluderande-idrott\/\" data-hyperlinktype=\"0\"><span data-usefontface=\"false\" data-contrast=\"none\">RF Inkluderande idrottsmilj\u00f6er<\/span><\/a>\u200b<\/li>\n<\/ul>\n<p><em>Material till barn och unga:<\/em>\u200b<\/p>\n<ul style=\"font-weight: 400\">\n<li data-aria-posinset=\"7\" data-aria-level=\"1\"><a href=\"https:\/\/parasport.se\/kompetensstod\/samlat-kompetensstod\/utbildningar\/trygg-tillsammans---inom-idrotten\" data-hyperlinktype=\"0\"><span data-usefontface=\"false\" data-contrast=\"none\">Trygg idrott tillsammans<\/span><\/a>\u200b<\/li>\n<li data-aria-posinset=\"8\" data-aria-level=\"1\"><a href=\"https:\/\/kunskapsarenan.se\/parasport\/synnedsattning\"><span data-usefontface=\"false\" data-contrast=\"none\">Unga med <\/span><span data-usefontface=\"true\" data-contrast=\"none\">synneds\u00e4ttning<\/span><\/a><\/li>\n<\/ul>\n<p>&nbsp;<\/p>\n<p>&nbsp;<\/p>\n","protected":false},"excerpt":{"rendered":"<p>Den bl\u00e5gula cykelv\u00e4gen F\u00f6r ledare, aktiva eller tr\u00e4nare &#8211;\u00a0Den bl\u00e5gula cykelv\u00e4gen\u00a0-Svenska Cykelf\u00f6rbundets kunskapsportal f\u00f6r l\u00e4rande Enk\u00e4tunders\u00f6kning Under v\u00e5ren 2025 genomf\u00f6rdes en enk\u00e4tunders\u00f6kning som skickades ut till alla 470 cykelf\u00f6reningar i Sverige. Ta del av resultaten h\u00e4r: Enk\u00e4tunders\u00f6kning VT2025 Publikationer: Under v\u00e5ren 2025 publicerades en studie i samverkan med Linn\u00e9universitetet. L\u00e4s h\u00e4r: &#8221;Det \u00e4r ingen<a href=\"https:\/\/scf.se\/paracykel\/kunskapsbank\/\" class=\"news-card__more\"> &#8230;<\/a><\/p>\n","protected":false},"author":60,"featured_media":0,"parent":0,"menu_order":0,"comment_status":"closed","ping_status":"closed","template":"","meta":{"_acf_changed":false,"footnotes":""},"class_list":["post-3653","page","type-page","status-publish","hentry"],"acf":[],"_links":{"self":[{"href":"https:\/\/scf.se\/paracykel\/wp-json\/wp\/v2\/pages\/3653","targetHints":{"allow":["GET"]}}],"collection":[{"href":"https:\/\/scf.se\/paracykel\/wp-json\/wp\/v2\/pages"}],"about":[{"href":"https:\/\/scf.se\/paracykel\/wp-json\/wp\/v2\/types\/page"}],"author":[{"embeddable":true,"href":"https:\/\/scf.se\/paracykel\/wp-json\/wp\/v2\/users\/60"}],"replies":[{"embeddable":true,"href":"https:\/\/scf.se\/paracykel\/wp-json\/wp\/v2\/comments?post=3653"}],"version-history":[{"count":14,"href":"https:\/\/scf.se\/paracykel\/wp-json\/wp\/v2\/pages\/3653\/revisions"}],"predecessor-version":[{"id":3970,"href":"https:\/\/scf.se\/paracykel\/wp-json\/wp\/v2\/pages\/3653\/revisions\/3970"}],"wp:attachment":[{"href":"https:\/\/scf.se\/paracykel\/wp-json\/wp\/v2\/media?parent=3653"}],"curies":[{"name":"wp","href":"https:\/\/api.w.org\/{rel}","templated":true}]}}