
{"id":3448,"date":"2025-03-07T13:56:04","date_gmt":"2025-03-07T12:56:04","guid":{"rendered":"https:\/\/scf.se\/paracykel\/?page_id=3448"},"modified":"2025-03-18T08:38:22","modified_gmt":"2025-03-18T07:38:22","slug":"kom-igang-och-tavla","status":"publish","type":"page","link":"https:\/\/scf.se\/paracykel\/kom-igang-och-tavla\/","title":{"rendered":"Kom ig\u00e5ng och t\u00e4vla"},"content":{"rendered":"<p>Kom ig\u00e5ng och t\u00e4vla<\/p>\n<p>Nedan kommer information till nya cyklister som vill komma ig\u00e5ng och t\u00e4vla.<\/p>\n<ol>\n<li>Bli medlem i en f\u00f6rening som \u00e4r ansluten till Svenska cykelf\u00f6rbundet.<a href=\"https:\/\/scf.se\/forbundet\/hitta-din-forening\/\">Hitta din f\u00f6rening &#8211; F\u00f6rbundet &#8211; Svenska Cykelf\u00f6rbundet<\/a><\/li>\n<\/ol>\n<ol start=\"2\">\n<li>Skaffa licens. <a href=\"https:\/\/scf.se\/licenser\/\">Licenser &#8211; Svenska Cykelf\u00f6rbundet &#8211; H\u00e4r tecknar du din Motions-, E-cycling- eller Eng\u00e5ngslicens\u00a0<\/a>Om du inte hittar dig i medlemsregistret s\u00e5 beror det troligtvis p\u00e5 det h\u00e4r- <a href=\"https:\/\/scf.se\/forbundet\/andringar-i-roller-inom-idrottonline-paverkar-bade-scf-och-foreningarna\/\">https:\/\/scf.se\/forbundet\/andringar-i-roller-inom-idrottonline-paverkar-bade-scf-och-foreningarna\/<\/a>kontakta din f\u00f6rening s\u00e5 att de kan \u00e4ndra.<\/li>\n<\/ol>\n<ol start=\"3\">\n<li>Cyklister som \u00e4r 17 \u00e5r och \u00e4ldre som s\u00f6ker licens f\u00f6r junior, elit, master, para eller ledarlicens <strong>ska<\/strong> genomg\u00e5 den kostnadsfria webbaserade antidopingutbildningen\u00a0<em>\u201dRen vinnare\u201d<\/em>. Kursen ger dig, s\u00e5v\u00e4l idrottare som ledare, n\u00f6dv\u00e4ndiga kunskaper i \u00e4mnet. \u00a0\u00a0 \u00a0<a href=\"https:\/\/scf.se\/forbundet\/tavlingsverksamhet\/antidoping\/\">Mer information om antidopingutbildningen\u00a0 \u00a0\u00a0<\/a><\/li>\n<\/ol>\n<ol start=\"4\">\n<li>S\u00f6k upp den t\u00e4vling du vill delta p\u00e5 och anm\u00e4l dig. <a href=\"https:\/\/scf.se\/paracykel\/swe-cup\/\">Svenska t\u00e4vlingar Paracykel &#8211; Paracykel &#8211; Svenska Cykelf\u00f6rbundet<\/a> eller \u00a0<a href=\"https:\/\/swecyclingonline.se\/\">indTA2.0<\/a> Har du en nationell eller internationell klassificering s\u00e5 fyller du i den cykeltyp du t\u00e4vlar i(ex handcykel). Har du ingen klassificering s\u00e5 v\u00e4ljer du \u201c\u00d6ppen klass\u201d.<\/li>\n<\/ol>\n<ol start=\"5\">\n<li>F\u00f6r att f\u00e5 t\u00e4vla beh\u00f6ver du ett chip. <a href=\"https:\/\/scf.se\/forbundet\/transponder-chip\/\">Transponder (chip) &#8211; F\u00f6rbundet &#8211; Svenska Cykelf\u00f6rbundet<\/a>Det g\u00e5r ocks\u00e5 att hyra ett chip p\u00e5 t\u00e4vlingen f\u00f6r en summa, det fyller du i n\u00e4r du g\u00f6r anm\u00e4lan till t\u00e4vlingen.<\/li>\n<\/ol>\n<ol start=\"6\">\n<li>Grengrupp Paracykel \u00e4r behj\u00e4lpliga med att boka boende under 2025. S\u00e5 att alla t\u00e4vlande kan bo p\u00e5 samma hotell. Intresseanm\u00e4lan g\u00f6rs h\u00e4r-<a href=\"https:\/\/forms.office.com\/e\/pEyZS9as3p\">https:\/\/forms.office.com\/e\/pEyZS9as3p<\/a><\/li>\n<\/ol>\n<p>\u00c4r du tandempilot g\u00e4ller f\u00f6ljande:<\/p>\n<ol>\n<li>Du beh\u00f6ver vara medlem i en f\u00f6rening som \u00e4r ansluten till Svenska cykelf\u00f6rbundet. <a href=\"https:\/\/scf.se\/forbundet\/hitta-din-forening\/\">Hitta din f\u00f6rening &#8211; F\u00f6rbundet &#8211; Svenska Cykelf\u00f6rbundet<\/a><\/li>\n<\/ol>\n<ol start=\"2\">\n<li>Skaffa licens. Har du en personlig t\u00e4vlingslicens s\u00e5 beh\u00f6ver du inte skaffa en separat pilotlicens Har du ingen licens beh\u00f6ver du skaffa en licens. <a href=\"https:\/\/scf.se\/licenser\/\">Licenser &#8211; Svenska Cykelf\u00f6rbundet &#8211; H\u00e4r tecknar du din Motions-, E-cycling- eller Eng\u00e5ngslicens.<\/a> Om du inte hittar dig i medlemsregistret s\u00e5 beror det troligtvis p\u00e5 det h\u00e4r- <a href=\"https:\/\/scf.se\/forbundet\/andringar-i-roller-inom-idrottonline-paverkar-bade-scf-och-foreningarna\/\">https:\/\/scf.se\/forbundet\/andringar-i-roller-inom-idrottonline-paverkar-bade-scf-och-foreningarna\/<\/a> kontakta din f\u00f6rening s\u00e5 att de kan \u00e4ndra.<\/li>\n<\/ol>\n<ol start=\"3\">\n<li>Cyklister som \u00e4r 17 \u00e5r och \u00e4ldre som s\u00f6ker licens f\u00f6r junior, elit, master eller ledarlicens <strong>ska<\/strong> genomg\u00e5 den kostnadsfria webbaserade antidopingutbildningen\u00a0<em>\u201dRen vinnare\u201d<\/em>. Kursen ger dig, s\u00e5v\u00e4l idrottare som ledare, n\u00f6dv\u00e4ndiga kunskaper i \u00e4mnet. Mer information om antidopingutbildningen. <a href=\"https:\/\/scf.se\/forbundet\/tavlingsverksamhet\/antidoping\/ren-vinnare\/\">Ren vinnare &#8211; F\u00f6rbundet &#8211; Svenska Cykelf\u00f6rbundet<\/a><\/li>\n<\/ol>\n<ol start=\"4\">\n<li>Anm\u00e4lan beh\u00f6ver endast g\u00f6ras av Stokern.<\/li>\n<\/ol>\n<ol start=\"5\">\n<li>Chip ordnas genom Stokern och det \u00e4r det enda som ska anv\u00e4ndas.<\/li>\n<\/ol>\n<ol start=\"6\">\n<li>Grengrupp Paracykel \u00e4r behj\u00e4lpliga med att boka boende under 2025. S\u00e5 att alla t\u00e4vlande kan bo p\u00e5 samma hotell. Intresseanm\u00e4lan g\u00f6rs h\u00e4r-<a href=\"https:\/\/forms.office.com\/e\/pEyZS9as3p\">https:\/\/forms.office.com\/e\/pEyZS9as3p<\/a><\/li>\n<\/ol>\n<p>F\u00f6reningsst\u00f6d 2025<\/p>\n<p>Verksamhetsst\u00f6d till f\u00f6reningar med licensierade Paracyklister 2025<\/p>\n<p>F\u00f6reningar som har minst en paracyklist med vanlig\/\u00e5rsl\u00e5ng t\u00e4vlingslicens i sin f\u00f6rening kan ans\u00f6ka om verksamhetst\u00f6d om 5000 kr\/f\u00f6rening.<\/p>\n<p>Ans\u00f6kan om st\u00f6d ska g\u00f6ras av Cykelf\u00f6reningens styrelse och skickas till paracykel@scf.se. Beslut om verksamhetsst\u00f6d tas av Grengrupp Paracykel.<\/p>\n","protected":false},"excerpt":{"rendered":"<p>Kom ig\u00e5ng och t\u00e4vla Nedan kommer information till nya cyklister som vill komma ig\u00e5ng och t\u00e4vla. Bli medlem i en f\u00f6rening som \u00e4r ansluten till Svenska cykelf\u00f6rbundet.Hitta din f\u00f6rening &#8211; F\u00f6rbundet &#8211; Svenska Cykelf\u00f6rbundet Skaffa licens. Licenser &#8211; Svenska Cykelf\u00f6rbundet &#8211; H\u00e4r tecknar du din Motions-, E-cycling- eller Eng\u00e5ngslicens\u00a0Om du inte hittar dig i<a href=\"https:\/\/scf.se\/paracykel\/kom-igang-och-tavla\/\" class=\"news-card__more\"> &#8230;<\/a><\/p>\n","protected":false},"author":43,"featured_media":3184,"parent":0,"menu_order":0,"comment_status":"closed","ping_status":"closed","template":"","meta":{"_acf_changed":false,"footnotes":""},"class_list":["post-3448","page","type-page","status-publish","hentry"],"acf":[],"_links":{"self":[{"href":"https:\/\/scf.se\/paracykel\/wp-json\/wp\/v2\/pages\/3448","targetHints":{"allow":["GET"]}}],"collection":[{"href":"https:\/\/scf.se\/paracykel\/wp-json\/wp\/v2\/pages"}],"about":[{"href":"https:\/\/scf.se\/paracykel\/wp-json\/wp\/v2\/types\/page"}],"author":[{"embeddable":true,"href":"https:\/\/scf.se\/paracykel\/wp-json\/wp\/v2\/users\/43"}],"replies":[{"embeddable":true,"href":"https:\/\/scf.se\/paracykel\/wp-json\/wp\/v2\/comments?post=3448"}],"version-history":[{"count":7,"href":"https:\/\/scf.se\/paracykel\/wp-json\/wp\/v2\/pages\/3448\/revisions"}],"predecessor-version":[{"id":3458,"href":"https:\/\/scf.se\/paracykel\/wp-json\/wp\/v2\/pages\/3448\/revisions\/3458"}],"wp:featuredmedia":[{"embeddable":true,"href":"https:\/\/scf.se\/paracykel\/wp-json\/wp\/v2\/media\/3184"}],"wp:attachment":[{"href":"https:\/\/scf.se\/paracykel\/wp-json\/wp\/v2\/media?parent=3448"}],"curies":[{"name":"wp","href":"https:\/\/api.w.org\/{rel}","templated":true}]}}