
{"id":29,"date":"2025-01-09T15:50:53","date_gmt":"2025-01-09T14:50:53","guid":{"rendered":"http:\/\/svenskcykel.grandpublic.se\/paracykel\/?page_id=29"},"modified":"2025-05-19T11:43:13","modified_gmt":"2025-05-19T09:43:13","slug":"landslagsuttagningar","status":"publish","type":"page","link":"https:\/\/scf.se\/paracykel\/landslagsuttagningar\/","title":{"rendered":"Landslagsuttagningar"},"content":{"rendered":"<p>I uttagningen till att representera landslaget och utvecklingslandslaget anv\u00e4nder vi oss kvalificeringskrav, prestandakrav och uttagningskriterier.<\/p>\n<ul>\n<li><a href=\"https:\/\/scf.se\/paracykel\/wp-content\/uploads\/sites\/7\/2024\/12\/Kvalificeringskrav-landslag-2025.docx\">Kvalificeringskrav landslag 2025<\/a><\/li>\n<li><a href=\"https:\/\/scf.se\/paracykel\/wp-content\/uploads\/sites\/7\/2025\/01\/Prestandakrav-Paracykel-Bana-2025.pdf\">Prestandakrav Paracykel Bana 2025<\/a><\/li>\n<li><a href=\"https:\/\/scf.se\/paracykel\/wp-content\/uploads\/sites\/7\/2025\/01\/Prestandakrav-Paracykel-Landsvag-2025.pdf\">Prestandakrav Paracykel Landsv\u00e4g 2025<\/a><\/li>\n<li>Uttagningskriterier VM Belgien 2025<\/li>\n<li>Kompendium Paracykel<\/li>\n<li><a href=\"https:\/\/scf.se\/paracykel\/wp-content\/uploads\/sites\/7\/2019\/04\/ELITPLAN-Paracykel-revidering-20190116.pdf\">ELITPLAN Paracykel 2019<\/a><\/li>\n<\/ul>\n<p>Paracykel \u00e4r en elitidrott d\u00e4r det kr\u00e4vs en seri\u00f6s och l\u00e5ngsiktig satsning f\u00f6r att vara med och t\u00e4vla om medaljer och pallplatser p\u00e5 internationella t\u00e4vlingar och m\u00e4sterskap.<br \/>\nNormalt tar det mellan 4- 6 \u00e5r med tr\u00e4ning och t\u00e4vling f\u00f6r att kunna vara med och t\u00e4vla p\u00e5 h\u00f6g niv\u00e5, beroende p\u00e5 \u00e5lder och om man har varit aktiv inom cykel eller n\u00e5gon annan fysisk idrott tidigare.<br \/>\nInternationellt g\u00f6rs stora satsningar av l\u00e4nder och aktiva f\u00f6r att n\u00e5 v\u00e4rldseliten. Ett v\u00e4gledande dokument har Kanada tagit fram 2013 med<br \/>\nvad det kr\u00e4vs i tr\u00e4ningstimmar <a href=\"https:\/\/scf.se\/paracykel\/wp-content\/uploads\/sites\/7\/2020\/10\/Para-LTAD-Kanada-antal-timmar-per-klass.pdf\">Para-LTAD-Kanada &#8211; antal timmar per klass.<\/a><\/p>\n<p>V\u00e5r m\u00e5ls\u00e4ttning \u00e4r att vi har en prestationsmilj\u00f6 med v\u00e5rt ledord &#8221;Med Skratt Skapar Vi Watt&#8221;<br \/>\nKommande \u00e5ren kommer vi arbeta med att klassificera, coacha och utbilda cyklister mot Paralympics i Los Angeles 2028 och Brisbane 2032.<\/p>\n<p><a href=\"https:\/\/scf.se\/paracykel\/swe-paracykelteam-2028\/\" target=\"_blank\" rel=\"noopener noreferrer\">SWE Cycling Paracykelteam 2028<\/a><\/p>\n<p>&nbsp;<\/p>\n<p>&nbsp;<\/p>\n","protected":false},"excerpt":{"rendered":"<p>I uttagningen till att representera landslaget och utvecklingslandslaget anv\u00e4nder vi oss kvalificeringskrav, prestandakrav och uttagningskriterier. Kvalificeringskrav landslag 2025 Prestandakrav Paracykel Bana 2025 Prestandakrav Paracykel Landsv\u00e4g 2025 Uttagningskriterier VM Belgien 2025 Kompendium Paracykel ELITPLAN Paracykel 2019 Paracykel \u00e4r en elitidrott d\u00e4r det kr\u00e4vs en seri\u00f6s och l\u00e5ngsiktig satsning f\u00f6r att vara med och t\u00e4vla om<a href=\"https:\/\/scf.se\/paracykel\/landslagsuttagningar\/\" class=\"news-card__more\"> &#8230;<\/a><\/p>\n","protected":false},"author":43,"featured_media":0,"parent":0,"menu_order":0,"comment_status":"closed","ping_status":"closed","template":"","meta":{"_acf_changed":false,"footnotes":""},"class_list":["post-29","page","type-page","status-publish","hentry"],"acf":[],"_links":{"self":[{"href":"https:\/\/scf.se\/paracykel\/wp-json\/wp\/v2\/pages\/29","targetHints":{"allow":["GET"]}}],"collection":[{"href":"https:\/\/scf.se\/paracykel\/wp-json\/wp\/v2\/pages"}],"about":[{"href":"https:\/\/scf.se\/paracykel\/wp-json\/wp\/v2\/types\/page"}],"author":[{"embeddable":true,"href":"https:\/\/scf.se\/paracykel\/wp-json\/wp\/v2\/users\/43"}],"replies":[{"embeddable":true,"href":"https:\/\/scf.se\/paracykel\/wp-json\/wp\/v2\/comments?post=29"}],"version-history":[{"count":7,"href":"https:\/\/scf.se\/paracykel\/wp-json\/wp\/v2\/pages\/29\/revisions"}],"predecessor-version":[{"id":3274,"href":"https:\/\/scf.se\/paracykel\/wp-json\/wp\/v2\/pages\/29\/revisions\/3274"}],"wp:attachment":[{"href":"https:\/\/scf.se\/paracykel\/wp-json\/wp\/v2\/media?parent=29"}],"curies":[{"name":"wp","href":"https:\/\/api.w.org\/{rel}","templated":true}]}}