
{"id":2085,"date":"2023-03-16T14:31:09","date_gmt":"2023-03-16T13:31:09","guid":{"rendered":"http:\/\/scf.se\/paracykel\/?page_id=2085"},"modified":"2023-03-16T14:31:12","modified_gmt":"2023-03-16T13:31:12","slug":"sm-tempo-2022","status":"publish","type":"page","link":"https:\/\/scf.se\/paracykel\/sm-tempo-2022\/","title":{"rendered":"SM Tempo 2022"},"content":{"rendered":"<h3>Genomf\u00f6rdes 2022 under den gemensamma SM-veckan i Uppsala<\/h3>\n<p>&nbsp;<\/p>\n<p><strong>Arrang\u00f6r:<\/strong> Upsala CK.<\/p>\n<p><strong>Datum:<\/strong> 23 juni.<\/p>\n<p><strong>Genomf\u00f6rda klasser<\/strong>: Handcykel, racer (gemensam klass) och tandem.<\/p>\n<p><a href=\"https:\/\/scf.se\/landsvag\/wp-content\/uploads\/sites\/5\/2022\/07\/TEmpo-alla-klasser.pdf\"><em><strong>Alla resultat fr\u00e5n SM i tempo para H\u00c4R!<\/strong><\/em><\/a><\/p>\n","protected":false},"excerpt":{"rendered":"<p>Genomf\u00f6rdes 2022 under den gemensamma SM-veckan i Uppsala &nbsp; Arrang\u00f6r: Upsala CK. Datum: 23 juni. Genomf\u00f6rda klasser: Handcykel, racer (gemensam klass) och tandem. Alla resultat fr\u00e5n SM i tempo para H\u00c4R!<\/p>\n","protected":false},"author":41,"featured_media":0,"parent":0,"menu_order":0,"comment_status":"closed","ping_status":"closed","template":"","meta":{"_acf_changed":false,"footnotes":""},"class_list":["post-2085","page","type-page","status-publish","hentry"],"acf":[],"_links":{"self":[{"href":"https:\/\/scf.se\/paracykel\/wp-json\/wp\/v2\/pages\/2085","targetHints":{"allow":["GET"]}}],"collection":[{"href":"https:\/\/scf.se\/paracykel\/wp-json\/wp\/v2\/pages"}],"about":[{"href":"https:\/\/scf.se\/paracykel\/wp-json\/wp\/v2\/types\/page"}],"author":[{"embeddable":true,"href":"https:\/\/scf.se\/paracykel\/wp-json\/wp\/v2\/users\/41"}],"replies":[{"embeddable":true,"href":"https:\/\/scf.se\/paracykel\/wp-json\/wp\/v2\/comments?post=2085"}],"version-history":[{"count":0,"href":"https:\/\/scf.se\/paracykel\/wp-json\/wp\/v2\/pages\/2085\/revisions"}],"wp:attachment":[{"href":"https:\/\/scf.se\/paracykel\/wp-json\/wp\/v2\/media?parent=2085"}],"curies":[{"name":"wp","href":"https:\/\/api.w.org\/{rel}","templated":true}]}}