
{"id":1659,"date":"2022-02-04T14:31:36","date_gmt":"2022-02-04T13:31:36","guid":{"rendered":"http:\/\/scf.se\/paracykel\/?page_id=1659"},"modified":"2025-01-10T12:43:08","modified_gmt":"2025-01-10T11:43:08","slug":"sm-jaktstart-2022","status":"publish","type":"page","link":"https:\/\/scf.se\/paracykel\/sm-jaktstart-2022\/","title":{"rendered":"SM Jaktstart 2022"},"content":{"rendered":"<p><strong>SM Jaktstart Para 2022<\/strong><\/p>\n<p><strong>Senast uppdaterad:<\/strong> 04.02.2022<\/p>\n<p><strong>Arrang\u00f6r;<\/strong> SCF, CK Hymer och Link\u00f6ping<\/p>\n<p><strong>Plats:<\/strong> Centrala Link\u00f6ping<\/p>\n<p><strong>Datum:<\/strong> 30 juni<\/p>\n<p><strong>T\u00e4vlingsklass:<\/strong><\/p>\n<ul>\n<li>30 juni Para Racer(svt tider 10.00-10.45)<\/li>\n<\/ul>\n<p><strong>Resultat:<\/strong><\/p>\n<ul>\n<li><a href=\"https:\/\/www.sportstiming.se\/event\/10725\/results\">https:\/\/www.sportstiming.se\/event\/10725\/results<\/a><\/li>\n<\/ul>\n<p>&nbsp;<\/p>\n","protected":false},"excerpt":{"rendered":"<p>SM Jaktstart Para 2022 Senast uppdaterad: 04.02.2022 Arrang\u00f6r; SCF, CK Hymer och Link\u00f6ping Plats: Centrala Link\u00f6ping Datum: 30 juni T\u00e4vlingsklass: 30 juni Para Racer(svt tider 10.00-10.45) Resultat: https:\/\/www.sportstiming.se\/event\/10725\/results &nbsp;<\/p>\n","protected":false},"author":11,"featured_media":0,"parent":0,"menu_order":0,"comment_status":"closed","ping_status":"closed","template":"","meta":{"_acf_changed":false,"footnotes":""},"class_list":["post-1659","page","type-page","status-publish","hentry"],"acf":[],"_links":{"self":[{"href":"https:\/\/scf.se\/paracykel\/wp-json\/wp\/v2\/pages\/1659","targetHints":{"allow":["GET"]}}],"collection":[{"href":"https:\/\/scf.se\/paracykel\/wp-json\/wp\/v2\/pages"}],"about":[{"href":"https:\/\/scf.se\/paracykel\/wp-json\/wp\/v2\/types\/page"}],"author":[{"embeddable":true,"href":"https:\/\/scf.se\/paracykel\/wp-json\/wp\/v2\/users\/11"}],"replies":[{"embeddable":true,"href":"https:\/\/scf.se\/paracykel\/wp-json\/wp\/v2\/comments?post=1659"}],"version-history":[{"count":3,"href":"https:\/\/scf.se\/paracykel\/wp-json\/wp\/v2\/pages\/1659\/revisions"}],"predecessor-version":[{"id":3216,"href":"https:\/\/scf.se\/paracykel\/wp-json\/wp\/v2\/pages\/1659\/revisions\/3216"}],"wp:attachment":[{"href":"https:\/\/scf.se\/paracykel\/wp-json\/wp\/v2\/media?parent=1659"}],"curies":[{"name":"wp","href":"https:\/\/api.w.org\/{rel}","templated":true}]}}