
{"id":1628,"date":"2022-01-21T12:25:53","date_gmt":"2022-01-21T11:25:53","guid":{"rendered":"http:\/\/scf.se\/paracykel\/?page_id=1628"},"modified":"2022-09-26T14:18:26","modified_gmt":"2022-09-26T12:18:26","slug":"virtuell-cykling-e-cykling","status":"publish","type":"page","link":"https:\/\/scf.se\/paracykel\/virtuell-cykling-e-cykling\/","title":{"rendered":"Virtuell Cykling \u2013 E-Cykling &#8211; Paracykel"},"content":{"rendered":"<p>Virtuell cykling eller E-Cycling som det heter inom cykel Sverige ger \u00e4ven paracyklister en fantastiskt bra m\u00f6jlighet till<br \/>\ntr\u00e4ning och t\u00e4vling.<\/p>\n<p>Vi kommer l\u00f6pande att utveckla och informera om det h\u00e4r med E-cycling f\u00f6r paracyklister. Med att vi informerar hur man g\u00e5r till v\u00e4ga f\u00f6r<br \/>\natt komma ig\u00e5ng. Vilka olika plattformar och utrustningar som finns att tillg\u00e5.<\/p>\n<p>Det finns ett antal olika plattformar f\u00f6r att bedriva tr\u00e4ning och t\u00e4vling virtuellt. I dagsl\u00e4get anv\u00e4nder vi plattformen Zwift f\u00f6r v\u00e5ra<br \/>\naktiviteter med Paracykel.<\/p>\n<p><strong>Paracykel.se kommer arrangera tr\u00e4ningar en g\u00e5ng per vecka<br \/>\n<\/strong>Vi kommer att k\u00f6ra tr\u00e4ningar och tester 30 &#8211; 85 minuter.<\/p>\n<p>Ett magiskt gummiband h\u00e5ller oss alla samman s\u00e5 det spelar ingen roll vilken takt du tar det i s\u00e5 l\u00e4nge du inte stannar helt.<\/p>\n<p><strong>INSTRUKTIONER F\u00d6R ATT G\u00c5 MED Club Paracykel Se p\u00e5 Zwift<\/strong><br \/>\nFyll i med information om vad du heter som anv\u00e4ndare p\u00e5 Zwift p\u00e5 enk\u00e4ten &#8211; anm\u00e4lan nedan.<br \/>\nDu f\u00e5r efter en v\u00e4nf\u00f6rfr\u00e5gan fr\u00e5n Michael Lindgren som du accepterar, efter det f\u00e5r du en inbjudan att vara medlem i Paracykel Se.<\/p>\n<p><strong>F\u00f6r att vara med p\u00e5 tr\u00e4ningar<br \/>\n<\/strong>Du f\u00e5r en inbjudan i Zwift appen som du accepterar f\u00f6r de tr\u00e4ningar du vill vara med p\u00e5.<\/p>\n<p>Starta en egen &#8221;ride&#8221; 5-10 minuter innan passet startar.<br \/>\nDet kommer d\u00e5 ploppa upp en &#8221;Join meetup&#8221; knapp som du trycker p\u00e5.<\/p>\n<p>F\u00f6r att vi ska kunna prata med varandra och pusha varandra s\u00e5 kommer vi \u00e4ven<br \/>\nanv\u00e4nda Paracykel.se Discord kanal:<br \/>\n<a class=\"oajrlxb2 g5ia77u1 qu0x051f esr5mh6w e9989ue4 r7d6kgcz rq0escxv nhd2j8a9 nc684nl6 p7hjln8o kvgmc6g5 cxmmr5t8 oygrvhab hcukyx3x jb3vyjys rz4wbd8a qt6c0cv9 a8nywdso i1ao9s8h esuyzwwr f1sip0of lzcic4wl gpro0wi8 py34i1dx\" role=\"link\" href=\"https:\/\/l.facebook.com\/l.php?u=https%3A%2F%2Fdiscord.gg%2FE5V2duUE%3Ffbclid%3DIwAR0ao6X02KpHmv7hNCMg4KZOC1GvPlRMEEKl9steVbFIYqLRNbbpghxKzEg&amp;h=AT2vq1aFQawSKyyzkaCv7GqJY-WweqZXl-63K2QmB1FdUsJK93HfgAWQWC5T3nWkRDG-kBtXT5x8HriDJBQx4z3lja7r6TUFCuM3Ir5h1ygaagl-zqtKLjyNxAwfx_y-Kw&amp;__tn__=q&amp;c[0]=AT2cPZtXrAokT-Qm9xUalkAy37ttQfB1mmDa18qT3CsuhoT07-_UX1C-CC9PWI09M7GO_GuN2RTdLmLiyArHc48-nPxLLoavaniJZrP9G78grzmpNU_BF9-0NwYfp2g4257TwmDZSkN88EMMwTBPX7pr5rCOAz2yW_y1VkfWY_NkoqxL\" target=\"_blank\" rel=\"nofollow noopener noreferrer\">https:\/\/discord.gg\/E5V2duUE<\/a><\/p>\n<p><strong>Var v\u00e4nliga och fyll i v\u00e5r enk\u00e4t och anm\u00e4lan\u00a0 f\u00f6r Zwifttr\u00e4ning med Paracykel Se<\/strong><\/p>\n<p><a href=\"https:\/\/forms.office.com\/r\/WJKemBDUhd\">https:\/\/forms.office.com\/r\/WJKemBDUhd<\/a><\/p>\n<p>&nbsp;<\/p>\n","protected":false},"excerpt":{"rendered":"<p>Virtuell cykling eller E-Cycling som det heter inom cykel Sverige ger \u00e4ven paracyklister en fantastiskt bra m\u00f6jlighet till tr\u00e4ning och t\u00e4vling. Vi kommer l\u00f6pande att utveckla och informera om det h\u00e4r med E-cycling f\u00f6r paracyklister. Med att vi informerar hur man g\u00e5r till v\u00e4ga f\u00f6r att komma ig\u00e5ng. Vilka olika plattformar och utrustningar som<a href=\"https:\/\/scf.se\/paracykel\/virtuell-cykling-e-cykling\/\" class=\"news-card__more\"> &#8230;<\/a><\/p>\n","protected":false},"author":11,"featured_media":1631,"parent":0,"menu_order":0,"comment_status":"closed","ping_status":"closed","template":"","meta":{"_acf_changed":false,"footnotes":""},"class_list":["post-1628","page","type-page","status-publish","hentry"],"acf":[],"_links":{"self":[{"href":"https:\/\/scf.se\/paracykel\/wp-json\/wp\/v2\/pages\/1628","targetHints":{"allow":["GET"]}}],"collection":[{"href":"https:\/\/scf.se\/paracykel\/wp-json\/wp\/v2\/pages"}],"about":[{"href":"https:\/\/scf.se\/paracykel\/wp-json\/wp\/v2\/types\/page"}],"author":[{"embeddable":true,"href":"https:\/\/scf.se\/paracykel\/wp-json\/wp\/v2\/users\/11"}],"replies":[{"embeddable":true,"href":"https:\/\/scf.se\/paracykel\/wp-json\/wp\/v2\/comments?post=1628"}],"version-history":[{"count":0,"href":"https:\/\/scf.se\/paracykel\/wp-json\/wp\/v2\/pages\/1628\/revisions"}],"wp:featuredmedia":[{"embeddable":true,"href":"https:\/\/scf.se\/paracykel\/wp-json\/wp\/v2\/media\/1631"}],"wp:attachment":[{"href":"https:\/\/scf.se\/paracykel\/wp-json\/wp\/v2\/media?parent=1628"}],"curies":[{"name":"wp","href":"https:\/\/api.w.org\/{rel}","templated":true}]}}