
{"id":1570,"date":"2021-10-15T14:25:54","date_gmt":"2021-10-15T12:25:54","guid":{"rendered":"http:\/\/scf.se\/paracykel\/?page_id=1570"},"modified":"2021-10-15T14:29:03","modified_gmt":"2021-10-15T12:29:03","slug":"sm-jaktstart-2021","status":"publish","type":"page","link":"https:\/\/scf.se\/paracykel\/sm-jaktstart-2021\/","title":{"rendered":"SM Jaktstart 2021"},"content":{"rendered":"<h2><strong>SM Para Jaktstart 2021\u00a0<\/strong><\/h2>\n<p><strong>Senast uppdaterad:<\/strong> 21.10.15<\/p>\n<p><strong>Arrang\u00f6r: <\/strong>CK Bure i samarbete med Falkenberg Motorklubb<\/p>\n<p><strong>Inbjudan:<\/strong>\u00a0Finns p\u00e5 Sportstiming\u00a0<a href=\"https:\/\/www.sportstiming.se\/event\/9102\/page\/InbjudanPara\">h\u00e4r<\/a><\/p>\n<p><strong>Plats: <\/strong>Falkenbergs Motorbana, Falkenberg<\/p>\n<p><strong>Datum: <\/strong>3 juli\u00a02021<\/p>\n<p><strong>T\u00e4vlingsklass 3 juli:<\/strong><\/p>\n<ul>\n<li>Elit Para Handbike<\/li>\n<\/ul>\n<p><strong>Resultat: <a href=\"https:\/\/scf.se\/paracykel\/wp-content\/uploads\/sites\/7\/2021\/07\/SM-Handbike-Falkenberg-Para-resultat.pdf\">Para<\/a><\/strong><\/p>\n<p><strong>Racerapport:<\/strong> L\u00e4s mer om SM Elit Para Jaktstart 2021 <a href=\"https:\/\/scf.se\/paracykel\/vinnaren-i-svenska-masterskapen-elit-para-handbike-2021-ar-korad\/\">h\u00e4r<\/a><\/p>\n","protected":false},"excerpt":{"rendered":"<p>SM Para Jaktstart 2021\u00a0 Senast uppdaterad: 21.10.15 Arrang\u00f6r: CK Bure i samarbete med Falkenberg Motorklubb Inbjudan:\u00a0Finns p\u00e5 Sportstiming\u00a0h\u00e4r Plats: Falkenbergs Motorbana, Falkenberg Datum: 3 juli\u00a02021 T\u00e4vlingsklass 3 juli: Elit Para Handbike Resultat: Para Racerapport: L\u00e4s mer om SM Elit Para Jaktstart 2021 h\u00e4r<\/p>\n","protected":false},"author":38,"featured_media":0,"parent":0,"menu_order":0,"comment_status":"closed","ping_status":"closed","template":"","meta":{"_acf_changed":false,"footnotes":""},"class_list":["post-1570","page","type-page","status-publish","hentry"],"acf":[],"_links":{"self":[{"href":"https:\/\/scf.se\/paracykel\/wp-json\/wp\/v2\/pages\/1570","targetHints":{"allow":["GET"]}}],"collection":[{"href":"https:\/\/scf.se\/paracykel\/wp-json\/wp\/v2\/pages"}],"about":[{"href":"https:\/\/scf.se\/paracykel\/wp-json\/wp\/v2\/types\/page"}],"author":[{"embeddable":true,"href":"https:\/\/scf.se\/paracykel\/wp-json\/wp\/v2\/users\/38"}],"replies":[{"embeddable":true,"href":"https:\/\/scf.se\/paracykel\/wp-json\/wp\/v2\/comments?post=1570"}],"version-history":[{"count":0,"href":"https:\/\/scf.se\/paracykel\/wp-json\/wp\/v2\/pages\/1570\/revisions"}],"wp:attachment":[{"href":"https:\/\/scf.se\/paracykel\/wp-json\/wp\/v2\/media?parent=1570"}],"curies":[{"name":"wp","href":"https:\/\/api.w.org\/{rel}","templated":true}]}}