
{"id":1442,"date":"2025-12-15T13:23:17","date_gmt":"2025-12-15T12:23:17","guid":{"rendered":"http:\/\/scf.se\/paracykel\/?page_id=1442"},"modified":"2025-12-15T14:38:37","modified_gmt":"2025-12-15T13:38:37","slug":"pilotpool-till-tandem","status":"publish","type":"page","link":"https:\/\/scf.se\/paracykel\/pilotpool-till-tandem\/","title":{"rendered":"Pilotpool f\u00f6r tandemcykling"},"content":{"rendered":"<p>F\u00f6r att som synskadad cykla tandem s\u00e5 beh\u00f6vs det en Pilot (den som sitter fram, styr, bromsar och informerar vad som h\u00e4nder).<\/p>\n<p>F\u00f6r att m\u00f6jligg\u00f6ra att Stoker (den synskadade) och Piloter hittar varande finns vissa grupper p\u00e5 Facebook. Nedan listas l\u00e4nkar till de Pilotpooler som finns.<\/p>\n<p>Har du, eller vill du starta en Pilotpool &#8211; H\u00e4r g\u00e4rna av dig till oss p\u00e5 paracykel@scf.se s\u00e5 kan vi l\u00e4nka till er pool:)<\/p>\n<p>LISTA:<\/p>\n<p><a href=\"https:\/\/www.facebook.com\/groups\/24399879416280498\/?ref=share\">Stokers, guider och piloter f\u00f6r cykel och triathlon<\/a><\/p>\n<p>&nbsp;<\/p>\n","protected":false},"excerpt":{"rendered":"<p>F\u00f6r att som synskadad cykla tandem s\u00e5 beh\u00f6vs det en Pilot (den som sitter fram, styr, bromsar och informerar vad som h\u00e4nder). F\u00f6r att m\u00f6jligg\u00f6ra att Stoker (den synskadade) och Piloter hittar varande finns vissa grupper p\u00e5 Facebook. Nedan listas l\u00e4nkar till de Pilotpooler som finns. Har du, eller vill du starta en Pilotpool<a href=\"https:\/\/scf.se\/paracykel\/pilotpool-till-tandem\/\" class=\"news-card__more\"> &#8230;<\/a><\/p>\n","protected":false},"author":11,"featured_media":1533,"parent":0,"menu_order":0,"comment_status":"closed","ping_status":"closed","template":"","meta":{"_acf_changed":false,"footnotes":""},"class_list":["post-1442","page","type-page","status-publish","hentry"],"acf":[],"_links":{"self":[{"href":"https:\/\/scf.se\/paracykel\/wp-json\/wp\/v2\/pages\/1442","targetHints":{"allow":["GET"]}}],"collection":[{"href":"https:\/\/scf.se\/paracykel\/wp-json\/wp\/v2\/pages"}],"about":[{"href":"https:\/\/scf.se\/paracykel\/wp-json\/wp\/v2\/types\/page"}],"author":[{"embeddable":true,"href":"https:\/\/scf.se\/paracykel\/wp-json\/wp\/v2\/users\/11"}],"replies":[{"embeddable":true,"href":"https:\/\/scf.se\/paracykel\/wp-json\/wp\/v2\/comments?post=1442"}],"version-history":[{"count":6,"href":"https:\/\/scf.se\/paracykel\/wp-json\/wp\/v2\/pages\/1442\/revisions"}],"predecessor-version":[{"id":4012,"href":"https:\/\/scf.se\/paracykel\/wp-json\/wp\/v2\/pages\/1442\/revisions\/4012"}],"wp:featuredmedia":[{"embeddable":true,"href":"https:\/\/scf.se\/paracykel\/wp-json\/wp\/v2\/media\/1533"}],"wp:attachment":[{"href":"https:\/\/scf.se\/paracykel\/wp-json\/wp\/v2\/media?parent=1442"}],"curies":[{"name":"wp","href":"https:\/\/api.w.org\/{rel}","templated":true}]}}