
{"id":1441,"date":"2022-01-21T10:00:06","date_gmt":"2022-01-21T09:00:06","guid":{"rendered":"http:\/\/scf.se\/paracykel\/?page_id=1441"},"modified":"2025-05-19T15:04:39","modified_gmt":"2025-05-19T13:04:39","slug":"utbildning-piloter-till-tandem","status":"publish","type":"page","link":"https:\/\/scf.se\/paracykel\/utbildning-piloter-till-tandem\/","title":{"rendered":"Utbildning f\u00f6r Piloter till tandem"},"content":{"rendered":"<p>SWE Cycling Para anordnar tillsammans med Sweden Paratriathlon utbildningar f\u00f6r tandempiloter vid ett par tillf\u00e4llen varje \u00e5r.<\/p>\n<p>Utbildningen ges i 2 delar.<\/p>\n<p>-Del 1 \u00e4r ett teoretiskt utbildningstillf\u00e4lle som genomf\u00f6rs digitalt.<\/p>\n<p>-Del 2 \u00e4r ett praktiskt tillf\u00e4lle som genomf\u00f6rs fysiskt p\u00e5 plats.<br \/>\nDessa tillf\u00e4llen samordnas p\u00e5 olika st\u00e4llen i Sverige utifr\u00e5n var behovet finns.<\/p>\n<p>\u00c4r du intresserad och vill g\u00f6ra intresseanm\u00e4lan?<\/p>\n<p>Kontakta\u00a0<a href=\"https:\/\/scf.se\/paracykel\/utbildning-piloter-till-tandem\/anna.beck@scf.se\">anna.beck@scf.se<\/a>\u00a0eller\u00a0<a href=\"https:\/\/scf.se\/paracykel\/utbildning-piloter-till-tandem\/paracykel@scf.se\">paracykel@scf.se<\/a><\/p>\n<p>&nbsp;<\/p>\n<p><strong>NYFIKEN<\/strong> p\u00e5 vad det kan inneb\u00e4ra att vara tandempilot:<\/p>\n<p>Kika p\u00e5 in v\u00e5ra utbildningsfilmer p\u00e5 youtube:<\/p>\n<ol>\n<li><a href=\"https:\/\/www.youtube.com\/watch?v=FGBiaU-qUcE&amp;list=PLPhNrXv3vFAkhkVuFYqW-ZdhBHftWzcuf&amp;index=12\">Pilotutbildning \u2013 F\u00f6lj med p\u00e5 en runda<\/a><\/li>\n<li><a href=\"https:\/\/www.youtube.com\/watch?v=Fn8eBpHkZZ4&amp;list=PLPhNrXv3vFAkhkVuFYqW-ZdhBHftWzcuf&amp;index=7\">Pilotutbildning \u2013 Intervju med en Pilot<\/a><\/li>\n<li><a href=\"https:\/\/www.youtube.com\/watch?v=Z_ACeGlcdN4&amp;list=PLPhNrXv3vFAkhkVuFYqW-ZdhBHftWzcuf&amp;index=14\">Pilotutbildning \u2013 Fr\u00e5gor till en Stoker<\/a><\/li>\n<li><a href=\"https:\/\/www.youtube.com\/watch?v=CUErbuVEv64&amp;list=PLPhNrXv3vFAkhkVuFYqW-ZdhBHftWzcuf&amp;index=34\">Utbildningsvideo \u2013 Tandem kommunikation<\/a><\/li>\n<li><a href=\"https:\/\/www.youtube.com\/watch?v=1VRqqajEuCE&amp;list=PLPhNrXv3vFAkhkVuFYqW-ZdhBHftWzcuf&amp;index=36\">Utbildningsvideo \u2013 Tandem begrepp<\/a><\/li>\n<li><a href=\"https:\/\/www.youtube.com\/watch?v=7oajifTQmCo&amp;list=PLPhNrXv3vFAkhkVuFYqW-ZdhBHftWzcuf&amp;index=39\">Utbildningsvideo \u2013 Tandem start och stopp<\/a><\/li>\n<\/ol>\n","protected":false},"excerpt":{"rendered":"<p>SWE Cycling Para anordnar tillsammans med Sweden Paratriathlon utbildningar f\u00f6r tandempiloter vid ett par tillf\u00e4llen varje \u00e5r. Utbildningen ges i 2 delar. -Del 1 \u00e4r ett teoretiskt utbildningstillf\u00e4lle som genomf\u00f6rs digitalt. -Del 2 \u00e4r ett praktiskt tillf\u00e4lle som genomf\u00f6rs fysiskt p\u00e5 plats. Dessa tillf\u00e4llen samordnas p\u00e5 olika st\u00e4llen i Sverige utifr\u00e5n var behovet finns.<a href=\"https:\/\/scf.se\/paracykel\/utbildning-piloter-till-tandem\/\" class=\"news-card__more\"> &#8230;<\/a><\/p>\n","protected":false},"author":11,"featured_media":2671,"parent":0,"menu_order":0,"comment_status":"closed","ping_status":"closed","template":"","meta":{"_acf_changed":false,"footnotes":""},"class_list":["post-1441","page","type-page","status-publish","hentry"],"acf":[],"_links":{"self":[{"href":"https:\/\/scf.se\/paracykel\/wp-json\/wp\/v2\/pages\/1441","targetHints":{"allow":["GET"]}}],"collection":[{"href":"https:\/\/scf.se\/paracykel\/wp-json\/wp\/v2\/pages"}],"about":[{"href":"https:\/\/scf.se\/paracykel\/wp-json\/wp\/v2\/types\/page"}],"author":[{"embeddable":true,"href":"https:\/\/scf.se\/paracykel\/wp-json\/wp\/v2\/users\/11"}],"replies":[{"embeddable":true,"href":"https:\/\/scf.se\/paracykel\/wp-json\/wp\/v2\/comments?post=1441"}],"version-history":[{"count":6,"href":"https:\/\/scf.se\/paracykel\/wp-json\/wp\/v2\/pages\/1441\/revisions"}],"predecessor-version":[{"id":3655,"href":"https:\/\/scf.se\/paracykel\/wp-json\/wp\/v2\/pages\/1441\/revisions\/3655"}],"wp:featuredmedia":[{"embeddable":true,"href":"https:\/\/scf.se\/paracykel\/wp-json\/wp\/v2\/media\/2671"}],"wp:attachment":[{"href":"https:\/\/scf.se\/paracykel\/wp-json\/wp\/v2\/media?parent=1441"}],"curies":[{"name":"wp","href":"https:\/\/api.w.org\/{rel}","templated":true}]}}