
{"id":1400,"date":"2025-05-19T14:45:47","date_gmt":"2025-05-19T12:45:47","guid":{"rendered":"http:\/\/scf.se\/paracykel\/?page_id=1400"},"modified":"2025-05-19T14:45:12","modified_gmt":"2025-05-19T12:45:12","slug":"hyra-cykel","status":"publish","type":"page","link":"https:\/\/scf.se\/paracykel\/borja-cykla-paracykel\/kom-igang-med-paracykel\/hyra-cykel\/","title":{"rendered":"L\u00e5na cykel"},"content":{"rendered":"<p>Grengrupp paracykel har tillg\u00e5ng till ett antal cyklar som anv\u00e4nds vid aktiviteter.<br \/>\nCyklarna finns placerade p\u00e5 v\u00e5ra dep\u00e5er i Falun, Stockholm, \u00d6rebro, Malm\u00f6 och Lindome.<\/p>\n<p>Vill du prova-p\u00e5 att cykla och g\u00f6ra det p\u00e5 hemmaplan, s\u00e5 kan du l\u00e5na en cykel under n\u00e5gra veckor. H\u00e4mta den p\u00e5 den dep\u00e5 d\u00e4r den f\u00f6rvaras och ta med den hem f\u00f6r att cykla.<br \/>\nKontakta <a href=\"http:\/\/mailto;paracykel@scf.se\">paracykel@scf.se <\/a>med vilken cykel typ du \u00e4r intresserad av att l\u00e5na.<br \/>\nDu f\u00e5r skriva p\u00e5 ett avtal med v\u00e5ra villkor f\u00f6r att du ska f\u00e5 tillg\u00e5ng att l\u00e5na en cykel. <a href=\"https:\/\/scf.se\/paracykel\/wp-content\/uploads\/sites\/7\/2023\/02\/Utlaning-av-paracykel.pdf\">Utl\u00e5ning av paracykel<\/a><\/p>\n<p>SWE Cycling Para har ett samarbete med Fritidsbanken och Paratriathlon vilket m\u00f6jligg\u00f6r att kunna l\u00e5na cykel \u00e4ven p\u00e5 andra orter. Se <a href=\"https:\/\/www.fritidsbanken.se\/\">Fritidsbankens hemsida<\/a>.<\/p>\n<p><strong>Handcyklar<\/strong><\/p>\n<p>Handcykel Wolturnus Buzzard<\/p>\n<p><a href=\"https:\/\/scf.se\/paracykel\/wp-content\/uploads\/sites\/7\/2025\/05\/IMG_1253-scaled.jpg\"><img loading=\"lazy\" decoding=\"async\" class=\"alignnone size-medium wp-image-3600\" src=\"https:\/\/scf.se\/paracykel\/wp-content\/uploads\/sites\/7\/2025\/05\/IMG_1253-300x225.jpg\" alt=\"\" width=\"300\" height=\"225\" srcset=\"https:\/\/scf.se\/paracykel\/wp-content\/uploads\/sites\/7\/2025\/05\/IMG_1253-300x225.jpg 300w, https:\/\/scf.se\/paracykel\/wp-content\/uploads\/sites\/7\/2025\/05\/IMG_1253-1024x768.jpg 1024w, https:\/\/scf.se\/paracykel\/wp-content\/uploads\/sites\/7\/2025\/05\/IMG_1253-768x576.jpg 768w, https:\/\/scf.se\/paracykel\/wp-content\/uploads\/sites\/7\/2025\/05\/IMG_1253-1536x1152.jpg 1536w, https:\/\/scf.se\/paracykel\/wp-content\/uploads\/sites\/7\/2025\/05\/IMG_1253-2048x1536.jpg 2048w\" sizes=\"auto, (max-width: 300px) 100vw, 300px\" \/><\/a><br \/>\nLiggande handcykel vuxen Top End Force 2<br \/>\n<a href=\"https:\/\/scf.se\/paracykel\/wp-content\/uploads\/sites\/7\/2020\/10\/Force2.jpg\"><img loading=\"lazy\" decoding=\"async\" class=\"alignnone size-medium wp-image-1426\" src=\"https:\/\/scf.se\/paracykel\/wp-content\/uploads\/sites\/7\/2020\/10\/Force2-300x169.jpg\" alt=\"\" width=\"300\" height=\"169\" srcset=\"https:\/\/scf.se\/paracykel\/wp-content\/uploads\/sites\/7\/2020\/10\/Force2-300x169.jpg 300w, https:\/\/scf.se\/paracykel\/wp-content\/uploads\/sites\/7\/2020\/10\/Force2.jpg 550w\" sizes=\"auto, (max-width: 300px) 100vw, 300px\" \/><\/a><\/p>\n<p>Liggande handcykel vuxen Top End Force 3<br \/>\n<a href=\"https:\/\/scf.se\/paracykel\/wp-content\/uploads\/sites\/7\/2020\/10\/Force-3.jpg\"><img loading=\"lazy\" decoding=\"async\" class=\"alignnone size-medium wp-image-1427\" src=\"https:\/\/scf.se\/paracykel\/wp-content\/uploads\/sites\/7\/2020\/10\/Force-3-300x300.jpg\" alt=\"\" width=\"300\" height=\"300\" srcset=\"https:\/\/scf.se\/paracykel\/wp-content\/uploads\/sites\/7\/2020\/10\/Force-3-300x300.jpg 300w, https:\/\/scf.se\/paracykel\/wp-content\/uploads\/sites\/7\/2020\/10\/Force-3-150x150.jpg 150w, https:\/\/scf.se\/paracykel\/wp-content\/uploads\/sites\/7\/2020\/10\/Force-3.jpg 560w\" sizes=\"auto, (max-width: 300px) 100vw, 300px\" \/><\/a><\/p>\n<p>Sittande handcykel vuxen Excelerator<br \/>\n<a href=\"https:\/\/scf.se\/paracykel\/wp-content\/uploads\/sites\/7\/2020\/10\/Excelerator.jpg\"><img loading=\"lazy\" decoding=\"async\" class=\"alignnone size-full wp-image-1428\" src=\"https:\/\/scf.se\/paracykel\/wp-content\/uploads\/sites\/7\/2020\/10\/Excelerator.jpg\" alt=\"\" width=\"225\" height=\"225\" srcset=\"https:\/\/scf.se\/paracykel\/wp-content\/uploads\/sites\/7\/2020\/10\/Excelerator.jpg 225w, https:\/\/scf.se\/paracykel\/wp-content\/uploads\/sites\/7\/2020\/10\/Excelerator-150x150.jpg 150w\" sizes=\"auto, (max-width: 225px) 100vw, 225px\" \/><\/a><\/p>\n<p>Sittande handcykel Top End Excelerator Jr<br \/>\n<a href=\"https:\/\/scf.se\/paracykel\/wp-content\/uploads\/sites\/7\/2020\/10\/Excelerator-Jr.jpg\"><img loading=\"lazy\" decoding=\"async\" class=\"alignnone size-medium wp-image-1429\" src=\"https:\/\/scf.se\/paracykel\/wp-content\/uploads\/sites\/7\/2020\/10\/Excelerator-Jr-300x300.jpg\" alt=\"\" width=\"300\" height=\"300\" srcset=\"https:\/\/scf.se\/paracykel\/wp-content\/uploads\/sites\/7\/2020\/10\/Excelerator-Jr-300x300.jpg 300w, https:\/\/scf.se\/paracykel\/wp-content\/uploads\/sites\/7\/2020\/10\/Excelerator-Jr-150x150.jpg 150w, https:\/\/scf.se\/paracykel\/wp-content\/uploads\/sites\/7\/2020\/10\/Excelerator-Jr.jpg 554w\" sizes=\"auto, (max-width: 300px) 100vw, 300px\" \/><\/a><\/p>\n<p>Liggcykel Hase<\/p>\n<a href=\"https:\/\/scf.se\/paracykel\/wp-content\/uploads\/sites\/7\/2025\/05\/IMG_1256-scaled.jpg\"><img loading=\"lazy\" decoding=\"async\" class=\"alignnone size-medium wp-image-3601\" src=\"https:\/\/scf.se\/paracykel\/wp-content\/uploads\/sites\/7\/2025\/05\/IMG_1256-300x225.jpg\" alt=\"\" width=\"300\" height=\"225\" srcset=\"https:\/\/scf.se\/paracykel\/wp-content\/uploads\/sites\/7\/2025\/05\/IMG_1256-300x225.jpg 300w, https:\/\/scf.se\/paracykel\/wp-content\/uploads\/sites\/7\/2025\/05\/IMG_1256-1024x768.jpg 1024w, https:\/\/scf.se\/paracykel\/wp-content\/uploads\/sites\/7\/2025\/05\/IMG_1256-768x576.jpg 768w, https:\/\/scf.se\/paracykel\/wp-content\/uploads\/sites\/7\/2025\/05\/IMG_1256-1536x1152.jpg 1536w, https:\/\/scf.se\/paracykel\/wp-content\/uploads\/sites\/7\/2025\/05\/IMG_1256-2048x1536.jpg 2048w\" sizes=\"auto, (max-width: 300px) 100vw, 300px\" \/><\/a>\n<p><strong>Tandemcyklar<\/strong><\/p>\n<p>Racer tandemcykel Duratec<\/p>\n<a href=\"https:\/\/scf.se\/paracykel\/wp-content\/uploads\/sites\/7\/2023\/02\/IMG_3113-scaled.jpg\"><img loading=\"lazy\" decoding=\"async\" class=\"alignnone size-medium wp-image-2068\" src=\"https:\/\/scf.se\/paracykel\/wp-content\/uploads\/sites\/7\/2023\/02\/IMG_3113-300x225.jpg\" alt=\"\" width=\"300\" height=\"225\" srcset=\"https:\/\/scf.se\/paracykel\/wp-content\/uploads\/sites\/7\/2023\/02\/IMG_3113-300x225.jpg 300w, https:\/\/scf.se\/paracykel\/wp-content\/uploads\/sites\/7\/2023\/02\/IMG_3113-1024x768.jpg 1024w, https:\/\/scf.se\/paracykel\/wp-content\/uploads\/sites\/7\/2023\/02\/IMG_3113-768x576.jpg 768w, https:\/\/scf.se\/paracykel\/wp-content\/uploads\/sites\/7\/2023\/02\/IMG_3113-1536x1152.jpg 1536w, https:\/\/scf.se\/paracykel\/wp-content\/uploads\/sites\/7\/2023\/02\/IMG_3113-2048x1536.jpg 2048w\" sizes=\"auto, (max-width: 300px) 100vw, 300px\" \/><\/a>\n<p>Citybike tandem Lapierre<br \/>\n<a href=\"https:\/\/scf.se\/paracykel\/wp-content\/uploads\/sites\/7\/2020\/10\/Citybike-Tandem.jpg\"><img loading=\"lazy\" decoding=\"async\" class=\"alignnone size-medium wp-image-1431\" src=\"https:\/\/scf.se\/paracykel\/wp-content\/uploads\/sites\/7\/2020\/10\/Citybike-Tandem-300x161.jpg\" alt=\"\" width=\"300\" height=\"161\" srcset=\"https:\/\/scf.se\/paracykel\/wp-content\/uploads\/sites\/7\/2020\/10\/Citybike-Tandem-300x161.jpg 300w, https:\/\/scf.se\/paracykel\/wp-content\/uploads\/sites\/7\/2020\/10\/Citybike-Tandem-768x411.jpg 768w, https:\/\/scf.se\/paracykel\/wp-content\/uploads\/sites\/7\/2020\/10\/Citybike-Tandem.jpg 785w\" sizes=\"auto, (max-width: 300px) 100vw, 300px\" \/><\/a><\/p>\n<p><strong>Trike<\/strong><\/p>\n<p>Trike Allebike<\/p>\n<a href=\"https:\/\/scf.se\/paracykel\/wp-content\/uploads\/sites\/7\/2025\/05\/IMG_1249-scaled.jpg\"><img loading=\"lazy\" decoding=\"async\" class=\"alignnone size-medium wp-image-3605\" src=\"https:\/\/scf.se\/paracykel\/wp-content\/uploads\/sites\/7\/2025\/05\/IMG_1249-300x225.jpg\" alt=\"\" width=\"300\" height=\"225\" srcset=\"https:\/\/scf.se\/paracykel\/wp-content\/uploads\/sites\/7\/2025\/05\/IMG_1249-300x225.jpg 300w, https:\/\/scf.se\/paracykel\/wp-content\/uploads\/sites\/7\/2025\/05\/IMG_1249-1024x768.jpg 1024w, https:\/\/scf.se\/paracykel\/wp-content\/uploads\/sites\/7\/2025\/05\/IMG_1249-768x576.jpg 768w, https:\/\/scf.se\/paracykel\/wp-content\/uploads\/sites\/7\/2025\/05\/IMG_1249-1536x1152.jpg 1536w, https:\/\/scf.se\/paracykel\/wp-content\/uploads\/sites\/7\/2025\/05\/IMG_1249-2048x1536.jpg 2048w\" sizes=\"auto, (max-width: 300px) 100vw, 300px\" \/><\/a>\n<p><strong>Racer<\/strong><\/p>\n<p>Racer Allebike<\/p>\n<a href=\"https:\/\/scf.se\/paracykel\/wp-content\/uploads\/sites\/7\/2025\/05\/IMG_1241-scaled.jpg\"><img loading=\"lazy\" decoding=\"async\" class=\"alignnone size-medium wp-image-3603\" src=\"https:\/\/scf.se\/paracykel\/wp-content\/uploads\/sites\/7\/2025\/05\/IMG_1241-225x300.jpg\" alt=\"\" width=\"225\" height=\"300\" srcset=\"https:\/\/scf.se\/paracykel\/wp-content\/uploads\/sites\/7\/2025\/05\/IMG_1241-225x300.jpg 225w, https:\/\/scf.se\/paracykel\/wp-content\/uploads\/sites\/7\/2025\/05\/IMG_1241-768x1024.jpg 768w, https:\/\/scf.se\/paracykel\/wp-content\/uploads\/sites\/7\/2025\/05\/IMG_1241-1152x1536.jpg 1152w, https:\/\/scf.se\/paracykel\/wp-content\/uploads\/sites\/7\/2025\/05\/IMG_1241-1536x2048.jpg 1536w, https:\/\/scf.se\/paracykel\/wp-content\/uploads\/sites\/7\/2025\/05\/IMG_1241-scaled.jpg 1920w\" sizes=\"auto, (max-width: 225px) 100vw, 225px\" \/><\/a>\n<p>MTB Allebike<\/p>\n<a href=\"https:\/\/scf.se\/paracykel\/wp-content\/uploads\/sites\/7\/2025\/05\/IMG_1238-scaled.jpg\"><img loading=\"lazy\" decoding=\"async\" class=\"alignnone size-medium wp-image-3599\" src=\"https:\/\/scf.se\/paracykel\/wp-content\/uploads\/sites\/7\/2025\/05\/IMG_1238-300x225.jpg\" alt=\"\" width=\"300\" height=\"225\" srcset=\"https:\/\/scf.se\/paracykel\/wp-content\/uploads\/sites\/7\/2025\/05\/IMG_1238-300x225.jpg 300w, https:\/\/scf.se\/paracykel\/wp-content\/uploads\/sites\/7\/2025\/05\/IMG_1238-1024x768.jpg 1024w, https:\/\/scf.se\/paracykel\/wp-content\/uploads\/sites\/7\/2025\/05\/IMG_1238-768x576.jpg 768w, https:\/\/scf.se\/paracykel\/wp-content\/uploads\/sites\/7\/2025\/05\/IMG_1238-1536x1152.jpg 1536w, https:\/\/scf.se\/paracykel\/wp-content\/uploads\/sites\/7\/2025\/05\/IMG_1238-2048x1536.jpg 2048w\" sizes=\"auto, (max-width: 300px) 100vw, 300px\" \/><\/a>\n<p>&nbsp;<\/p>\n<p>&nbsp;<\/p>\n<p>&nbsp;<\/p>\n<p>&nbsp;<\/p>\n","protected":false},"excerpt":{"rendered":"<p>Grengrupp paracykel har tillg\u00e5ng till ett antal cyklar som anv\u00e4nds vid aktiviteter. Cyklarna finns placerade p\u00e5 v\u00e5ra dep\u00e5er i Falun, Stockholm, \u00d6rebro, Malm\u00f6 och Lindome. Vill du prova-p\u00e5 att cykla och g\u00f6ra det p\u00e5 hemmaplan, s\u00e5 kan du l\u00e5na en cykel under n\u00e5gra veckor. H\u00e4mta den p\u00e5 den dep\u00e5 d\u00e4r den f\u00f6rvaras och ta<a href=\"https:\/\/scf.se\/paracykel\/borja-cykla-paracykel\/kom-igang-med-paracykel\/hyra-cykel\/\" class=\"news-card__more\"> &#8230;<\/a><\/p>\n","protected":false},"author":11,"featured_media":0,"parent":67,"menu_order":0,"comment_status":"closed","ping_status":"closed","template":"","meta":{"_acf_changed":false,"footnotes":""},"class_list":["post-1400","page","type-page","status-publish","hentry"],"acf":[],"_links":{"self":[{"href":"https:\/\/scf.se\/paracykel\/wp-json\/wp\/v2\/pages\/1400","targetHints":{"allow":["GET"]}}],"collection":[{"href":"https:\/\/scf.se\/paracykel\/wp-json\/wp\/v2\/pages"}],"about":[{"href":"https:\/\/scf.se\/paracykel\/wp-json\/wp\/v2\/types\/page"}],"author":[{"embeddable":true,"href":"https:\/\/scf.se\/paracykel\/wp-json\/wp\/v2\/users\/11"}],"replies":[{"embeddable":true,"href":"https:\/\/scf.se\/paracykel\/wp-json\/wp\/v2\/comments?post=1400"}],"version-history":[{"count":5,"href":"https:\/\/scf.se\/paracykel\/wp-json\/wp\/v2\/pages\/1400\/revisions"}],"predecessor-version":[{"id":3611,"href":"https:\/\/scf.se\/paracykel\/wp-json\/wp\/v2\/pages\/1400\/revisions\/3611"}],"up":[{"embeddable":true,"href":"https:\/\/scf.se\/paracykel\/wp-json\/wp\/v2\/pages\/67"}],"wp:attachment":[{"href":"https:\/\/scf.se\/paracykel\/wp-json\/wp\/v2\/media?parent=1400"}],"curies":[{"name":"wp","href":"https:\/\/api.w.org\/{rel}","templated":true}]}}