
{"id":1399,"date":"2025-05-19T14:45:12","date_gmt":"2025-05-19T12:45:12","guid":{"rendered":"http:\/\/scf.se\/paracykel\/?page_id=1399"},"modified":"2025-09-25T12:09:53","modified_gmt":"2025-09-25T10:09:53","slug":"kopa-cykel","status":"publish","type":"page","link":"https:\/\/scf.se\/paracykel\/borja-cykla-paracykel\/kom-igang-med-paracykel\/kopa-cykel\/","title":{"rendered":"K\u00f6pa cykel"},"content":{"rendered":"<p>Det finns ett antal leverant\u00f6rer av cyklar i Sverige och internationellt beroende p\u00e5 vilken cykel typ som man har behov av. Nedan \u00e4r f\u00f6rteckning p\u00e5 de leverant\u00f6rer som vi k\u00e4nner till.<\/p>\n<p><strong>Handcykel<\/strong><\/p>\n<p>Det finns fler tillverkare av handcyklar. Nedan \u00e4r n\u00e5gra exempel.<\/p>\n<p><a href=\"https:\/\/wolturnus.dk\/se\/\">Rullstolar och handcyklar med mera &#8211; l\u00e4s mer om Wolturnus<\/a><br \/>\n<a href=\"https:\/\/www.sunrisemedical.se\/sport\/quickie\/handcyklar\">Sunrise<\/a><br \/>\n<a href=\"https:\/\/topendsportsllc.com\/handcycles\/\">Topend<\/a><br \/>\n<a href=\"https:\/\/carbonbike-usa-1576766.mybigcommerce.com\/handcycles\/\">Carbonbike<\/a><\/p>\n<p><strong>Racer &#8211; MTB &#8211; Gravel<br \/>\n<\/strong>Cykel k\u00f6ps fr\u00e5n din cykel butik. F\u00f6ljande sidor nedan har anpassningar f\u00f6r att cykla, det finns fler, vid f\u00f6rfr\u00e5gan om\u00a0anpassning av din cykel kontakta <a href=\"mailto:paracykel@scf.se\">paracykel@scf.se<\/a><br \/>\n<a href=\"https:\/\/outbraker.com\/shop\/outbraker-pro-n-double-booster-road\/\">Outbraker &#8211; f\u00f6r att bromsa med ett handtag<\/a><br \/>\n<a href=\"https:\/\/nimmu.se\/koalaa-2\/\">Armproteser<\/a><\/p>\n<p><strong>Tandem<\/strong><br \/>\n<a href=\"https:\/\/www.duratec.cz\/en\/bikes-a-frames\/tandems\/\">Duratec<\/a><br \/>\n<a href=\"https:\/\/calfeedesign.com\/tandems\/\">Calfee<\/a><br \/>\nScandinavian Flyers s\u00e4ljer Duratac i Sverige, kontakta Peter Ton\u00e9r,\u00a0 <a href=\"mailto:peter.toner@gmail.com\">peter.toner@gmail.com<\/a><\/p>\n<p><strong>Trike<br \/>\n<\/strong>F\u00f6r att bygga ihop en racer trike f\u00e5r man k\u00f6pa in cykel\/ram komponenter, bakaxel och hjul fr\u00e5n<br \/>\nolika k\u00e4llor, alternativt ta kontakt med <a href=\"https:\/\/scf.se\/paracykel\/wp-content\/uploads\/sites\/7\/2025\/09\/Free-Race-Axle-for-tribike.pdf\">Free Race Axle for tribike<\/a>\u00a0f\u00f6r byggnation av komplett cykel.<br \/>\n<a href=\"https:\/\/www.skeppshult.se\/sv\/cyklarna\/s3\/\">Skeppshult -Trehjulig standardcykel<\/a><br \/>\n<a href=\"https:\/\/cargo.monarkexercise.se\/sv_se\/produkter\/\">Monark &#8211; Trehjulig standardcykel<\/a><br \/>\n<a href=\"https:\/\/bilanpassarna.se\/\">Van Raam &#8211; Trehjuliga cyklar<\/a><\/p>\n<p>Vid f\u00f6rfr\u00e5gan om trike t\u00e4vlingscykel kontakta <a href=\"mailto:paracykel@scf.se\">paracykel@scf.se<\/a><\/p>\n<p><strong>Fler cykel typer och leverant\u00f6rer<br \/>\n<\/strong>Det finns fler cykel typer och leverant\u00f6rer av cyklar f\u00f6r personer med funktionsneds\u00e4ttningar, b\u00e5de i Sverige och internationellt.<br \/>\nGoogla t.ex. med s\u00f6kord som cykel f\u00f6r personer med funktionsneds\u00e4ttning, adaptive cycling eller f\u00f6r den cykel typ du s\u00f6ker.<\/p>\n<p><strong>ANS\u00d6K FR\u00c5N FONDER F\u00d6R HJ\u00c4LPMEDEL<\/strong><br \/>\nAtt k\u00f6pa en cykel kan f\u00f6r de flesta vara en stor investering, f\u00f6r att f\u00e5 fram medel till ett ink\u00f6p finns det ett stort antal fonder som ger bidrag vid k\u00f6p av hj\u00e4lpmedel och fr\u00e5n dessa kan du s\u00f6ka st\u00f6d och bidrag. Alla fonder har olika tillv\u00e4gag\u00e5ngss\u00e4tt n\u00e4r det g\u00e4ller ans\u00f6kan, men det vanligaste \u00e4r att du skickar in en beskrivning av dig sj\u00e4lv och dina behov. Se det som att du skall motivera varf\u00f6r just du skall f\u00e5 hj\u00e4lp och bidrag fr\u00e5n fonden. Din motivering bed\u00f6ms sedan av fonder f\u00f6r hj\u00e4lpmedel. Vi r\u00e5der dig att du skall l\u00e4sa respektive fonds anvisningar noga. Alla fonder och stiftelser har olika krav och ans\u00f6kningsprocedurer, och de v\u00e4nder sig ibland bara till specifika grupper. Det \u00e4r bra att vid ans\u00f6kan ocks\u00e5 bifoga en offert p\u00e5 den cykel som du ska k\u00f6pa.<\/p>\n<p><strong>FONDER ATT S\u00d6KA F\u00d6R HJ\u00c4LPMEDEL<\/strong><\/p>\n<p>H\u00e4r har vi listat l\u00e4nkar till de olika fonderna som vi k\u00e4nner till. Klicka p\u00e5 dem f\u00f6r mer information.<\/p>\n<ul>\n<li><a href=\"http:\/\/www.anerstiftelsen.com\/\" target=\"_blank\" rel=\"noopener noreferrer\">An\u00e9rstiftelsen<\/a>\u00a0\u2013 Hj\u00e4lp till organisationer som st\u00f6djer enskilda och beh\u00f6vande personer.<\/li>\n<li><a href=\"https:\/\/www.arvsfonden.se\/sok-pengar\/sa-soker-du-pengar\" target=\"_blank\" rel=\"noopener noreferrer\">Arvsfonden<\/a>\u00a0\u2013 St\u00f6djer ideella f\u00f6reningar och andra icke-vinstdrivande organisationer som vill utveckla verksamheter f\u00f6r barn, ungdomar och personer med funktionsneds\u00e4ttning p\u00e5 deras egna villkor.<\/li>\n<li><a href=\"https:\/\/www.imsweden.org\/vad-vi-gor\/berit-soderstroms-stiftelse\/\" target=\"_blank\" rel=\"noopener noreferrer\">Berit S\u00f6derstr\u00f6ms stiftelse<\/a> \u2013 stipendier som kan s\u00f6kas av personer med fysiska funktionsneds\u00e4ttningar.<\/li>\n<li><a href=\"http:\/\/www.felixneubergh.se\/\" target=\"_blank\" rel=\"noopener noreferrer\">Doktor Felix Neuberghs stiftelse<\/a> \u2013 Delar ut bidrag till bl.a. sjuka och personer med funktionsneds\u00e4ttningar.<\/li>\n<li><a href=\"http:\/\/www.foreningenfvo.se\/\" target=\"_blank\" rel=\"noopener noreferrer\">F\u00f6reningen FVO<\/a>\u00a0\u2013 F\u00f6rening som delar ut bidrag till personer med l\u00e5g inkomst, fr\u00e4mst till ensamst\u00e5ende f\u00f6r\u00e4ldrar, l\u00e5ngtidssjuka och \u00e5lderspension\u00e4rer<\/li>\n<li><a href=\"http:\/\/www.jerringfonden.org\/sok-bidrag\" target=\"_blank\" rel=\"noopener noreferrer\">Jerringfonden<\/a>\u00a0\u2013 Delar ut anslag och stipendier till personer eller verksamheter inom v\u00e5rd, omsorg eller utbildning. Medlen ska gynna barn och unga (under 18 \u00e5r) med s\u00e4rskilda behov<\/li>\n<li><a href=\"http:\/\/stahl.se\/stiftelsen\/\" target=\"_blank\" rel=\"noopener noreferrer\">Henry och Ella St\u00e5hls stiftelse<\/a>\u00a0\u2013\u00a0Ur stiftelsen kan du som har en varaktig funktionsneds\u00e4ttning eller sjukdom s\u00f6ka bidrag.<\/li>\n<\/ul>\n<h4>Fler fonder f\u00f6r hj\u00e4lpmedel<\/h4>\n<ul>\n<li><a href=\"https:\/\/kungafonden.se\/om-kungafonden\/\" target=\"_blank\" rel=\"noopener noreferrer\">Kungafonden<\/a>\u00a0\u2013 Ekonomiskt st\u00f6d till personer som drabbats av sjukdom eller skada vid tj\u00e4nstg\u00f6ring inom eller i samband med totalf\u00f6rsvaret, r\u00e4ddningstj\u00e4nsten och verksamhet inom Polisen, Kustbevakningen samt Tullverket.<\/li>\n<li><a href=\"http:\/\/www.carlssonsstiftelse.se\/\" target=\"_blank\" rel=\"noopener noreferrer\">Linn\u00e9a och Josef Carlssons Stiftelse<\/a> \u2013 Delar ut bidrag till barn och ungdomar, f\u00f6retr\u00e4delsevis till dem med CP-skada. Delar \u00e4ven ut bidrag till f\u00f6reningar och f\u00f6r forskning med samma inriktning.<\/li>\n<li><a href=\"http:\/\/www.norrbacka-eugenia.se\/\" target=\"_blank\" rel=\"noopener noreferrer\">Norrbacka-Eugeniastiftelsen<\/a> \u2013 Anslag till enskilda personer med r\u00f6relseneds\u00e4ttningar, organisationer och f\u00f6reningars aktiviteter samt till forskning och utvecklingsarbete.<\/li>\n<li><a href=\"http:\/\/www.hedlundsstiftelse.se\/\" target=\"_blank\" rel=\"noopener noreferrer\">Petrus och Augusta Hedlunds Stiftelse<\/a> \u2013 Bidrag till verksamheter som riktar sig till barn, ungdom eller \u00e4ldre, personer med funktionsneds\u00e4ttningar eller sjuka.<\/li>\n<li><a href=\"http:\/\/www.kungahuset.se\/hovstaterna\/kungligastiftelser\/prinscarlgustafsstiftelse\" target=\"_blank\" rel=\"noopener noreferrer\">Prins Carl Gustafs Stiftelse<\/a> \u2013 Stiftelsen prioriterar verksamheter som riktar sig till\u00a0 barn och ungdomar med funktionsneds\u00e4ttningar.<\/li>\n<li><a href=\"https:\/\/www.radiohjalpen.se\/insamlingar\/kronprinsessan-victorias-fond\" target=\"_blank\" rel=\"noopener noreferrer\">Radiohj\u00e4lpsfonden och Kronprinsessan Victorias fond<\/a>\u00a0\u2013 Ideella f\u00f6reningar kan s\u00f6ka om anslag f\u00f6r pengar till fritidsaktiviteter f\u00f6r personer med funktionsneds\u00e4ttning och\/eller kronisk sjukdom.<\/li>\n<li><a href=\"https:\/\/www.spsm.se\/funktionsnedsattningar\/\" target=\"_blank\" rel=\"noopener noreferrer\">Specialpedagogiska skolmyndigheten<\/a>\u00a0\u2013 Bidrag till vissa studier f\u00f6r personer med funktionsneds\u00e4ttning.<\/li>\n<li><a href=\"http:\/\/alexdicksonstiftelsen.se\/\" target=\"_blank\" rel=\"noopener noreferrer\">Stiftelsen Alexander Dickson\u2019s Donations Fond<\/a> \u2013 Bidrag till ekonomiskt beh\u00f6vande, t.ex. barn med funktionsneds\u00e4ttningar eller personer med kostnader f\u00f6r sjukdom som inte samh\u00e4llet ers\u00e4tter.<\/li>\n<li><a href=\"http:\/\/www.bangs-stiftelse.se\/\" target=\"_blank\" rel=\"noopener noreferrer\">Stiftelsen Karin och Ernst August B\u00e5ngs minne<\/a>\u00a0\u2013 Bidrag till f\u00f6reningar och organisationer med social inriktning.<\/li>\n<li><a href=\"https:\/\/dhr.se\/\" target=\"_blank\" rel=\"noopener noreferrer\">Bidragsstiftelsen fr\u00e5n DHR<\/a> \u2013 Du som kan ans\u00f6ka om bidrag fr\u00e5n Bidragsstiftelsen har en betydande r\u00f6relseneds\u00e4ttning som inte har sin grund i en intellektuell funktionsneds\u00e4ttning\u00a0 eller neuropsykiatriska diagnoser.<\/li>\n<li><a href=\"http:\/\/rfrykbergstiftelsecom.kund.vmi.se\/\" target=\"_blank\" rel=\"noopener noreferrer\">Ragnhild Frykbergs Stiftelse<\/a>\u00a0\u2013 Stiftelsen skall fr\u00e4mja ungdomars utbildning samt v\u00e5rd av beh\u00f6vande \u00e5lderstigna sjuka och lytta, oberoende av ras och k\u00f6n.<\/li>\n<\/ul>\n<h4>\u00c4nnu fler fonder f\u00f6r personer med funktionsneds\u00e4ttningar<\/h4>\n<ul>\n<li><a href=\"http:\/\/www.stiftelsenkma.com\/\" target=\"_blank\" rel=\"noopener noreferrer\">Stiftelsen Kronprinsessan Margaretas Arbetsn\u00e4mnd f\u00f6r synskadade<\/a>\u00a0\u2013 Fonden st\u00f6djer enskilda personer med synskada och forskning om synskador.<\/li>\n<li><a href=\"http:\/\/www.nilsohlsson.nu\/SokBidrag.aspx\" target=\"_blank\" rel=\"noopener noreferrer\">Nils Ohlssons Stiftelse<\/a>\u00a0\u2013 Stiftelsen ska fr\u00e4mja utbildning av barn och ungdomar som \u00e4r bosatta i Sverige och har allvarliga syn-, tal\/spr\u00e5k- eller h\u00f6rselskador.<\/li>\n<li><a href=\"http:\/\/www.anderssonsminne.se\/Default.aspx\" target=\"_blank\" rel=\"noopener noreferrer\">Stiftelsen Henning &amp; Greta Anderssons minne<\/a>\u00a0\u2013 Ger bidrag till personer som drabbats av l\u00e5ngvariga och sv\u00e5ra sjukdomar eller invaliditet.<\/li>\n<li><a href=\"http:\/\/www.solstickan.se\/\" target=\"_blank\" rel=\"noopener noreferrer\">Stiftelsen Solstickan<\/a>\u00a0\u2013 St\u00f6d till projekt och forskning men ej till enskilda personer.<\/li>\n<li><a href=\"http:\/\/sunnerdahls-handikappfond.se\/\" target=\"_blank\" rel=\"noopener noreferrer\">Stiftelsen Sunnerdahls Handikappfond<\/a> \u2013 Stiftelsen st\u00f6djer barn och ungdomar med olika typer av funktionsneds\u00e4ttningar. Anslag l\u00e4mnas till enskilda personer, handikapporganisationer och f\u00f6r forskning.<\/li>\n<li><a href=\"http:\/\/www.stiftelsen-sojansons-livsverk.se\/Index.asp?Pagenr=336\" target=\"_blank\" rel=\"noopener noreferrer\">Stiftelsen Sven-Olof Jansons livsverk<\/a><\/li>\n<li><a href=\"http:\/\/www.svcr.se\/\" target=\"_blank\" rel=\"noopener noreferrer\">Stiftelsen Svenska Kommitt\u00e9n f\u00f6r Rehabilitering<\/a> \u2013 Bidrag till vissa verksamheter f\u00f6r r\u00f6relseneds\u00e4ttning, d\u00f6va, h\u00f6rsel- och synskadade.<\/li>\n<li><a href=\"http:\/\/www.stiftelsensavstaholm.se\/\" target=\"_blank\" rel=\"noopener noreferrer\">Stiftelsen S\u00e4vstaholm<\/a> \u2013 Bidrag l\u00e4mnas till enskilda barn och vuxna med intellektuell funktionsneds\u00e4ttning, till personalutveckling, forskning och mera.<\/li>\n<li><a href=\"http:\/\/www.tystaskolan.se\/\" target=\"_blank\" rel=\"noopener noreferrer\">Stiftelsen Tysta Skolan<\/a>\u00a0\u2013 St\u00f6djer habiliterande och rehabiliterade verksamheter f\u00f6r d\u00f6va och h\u00f6rselskadade samt audiologisk forskning.<\/li>\n<li><a href=\"http:\/\/xn--swrdeklund-r5a.se\/\" target=\"_blank\" rel=\"noopener noreferrer\">Ulrika Eklunds Stiftelse<\/a>\u00a0\u2013 Bidrag till personer som lider av MS eller diabetes.<\/li>\n<li><a href=\"http:\/\/wmlundgren.se\/#Vetenskap\" target=\"_blank\" rel=\"noopener noreferrer\">Wilhelm och Martina Lundgrens Vetenskapsfond<\/a> \u2013 L\u00e4mnar bidrag till beh\u00f6vande privatpersoner (t.ex. sjuka, gamla och funktionsneds\u00e4ttning).<\/li>\n<li><a href=\"http:\/\/www.ahlen-stiftelsen.se\/index.html\" target=\"_blank\" rel=\"noopener noreferrer\">\u00c5hl\u00e9n-stiftelsen<\/a> Stiftelsen st\u00f6djer v\u00e5rd av \u00e5lderstigna, sjuka eller funktionsnedsatta.<\/li>\n<li><a href=\"http:\/\/www.anggardsstiftelsen.se\/\" target=\"_blank\" rel=\"noopener noreferrer\">\u00c4ngg\u00e5rdsstiftelsen<\/a> \u2013 Stiftelsen ska underl\u00e4tta f\u00f6r fysiskt funktionsnedsatta m\u00e4nniskor, s\u00e4rskilt de med r\u00f6relseneds\u00e4ttning, genom att l\u00e4mna bidrag f\u00f6r studier, arbetsm\u00f6jligheter, boendef\u00f6rh\u00e5llande och rekreation. Bidrag l\u00e4mnas ocks\u00e5 till forskning.<\/li>\n<li><a href=\"http:\/\/rtp.se\/\" target=\"_blank\" rel=\"noopener noreferrer\">Personskadef\u00f6rbundet RTP<\/a>\u00a0\u2013 St\u00f6d och hj\u00e4lp till personer som skadats i en trafikolycka och f\u00e5tt en betydande funktionsneds\u00e4ttning.<\/li>\n<li><a href=\"http:\/\/www.lindhes.se\/stiftelseforvaltning\/\" target=\"_blank\" rel=\"noopener noreferrer\">Lindh\u00e9s Stiftelsef\u00f6rvaltning<\/a>\u00a0\u2013\u00a08 stiftelser av olika storlek\u00a0som delar ut medel och ekonomiskt st\u00f6d\u00a0till olika \u00e4ndam\u00e5l.<\/li>\n<li><a href=\"http:\/\/propatria.se\/bidrag-privatpersoner\/\" target=\"_blank\" rel=\"noopener noreferrer\">Pro Patria<\/a>\u00a0\u2013\u00a0Pro Patria delar ut ekonomiskt bidrag till familjer med barn och ungdomar upp till 18 \u00e5r. Syftet med bidragen \u00e4r att de ska f\u00f6rgylla tillvaron f\u00f6r de unga.<\/li>\n<\/ul>\n","protected":false},"excerpt":{"rendered":"<p>Det finns ett antal leverant\u00f6rer av cyklar i Sverige och internationellt beroende p\u00e5 vilken cykel typ som man har behov av. Nedan \u00e4r f\u00f6rteckning p\u00e5 de leverant\u00f6rer som vi k\u00e4nner till. Handcykel Det finns fler tillverkare av handcyklar. Nedan \u00e4r n\u00e5gra exempel. Rullstolar och handcyklar med mera &#8211; l\u00e4s mer om Wolturnus Sunrise Topend<a href=\"https:\/\/scf.se\/paracykel\/borja-cykla-paracykel\/kom-igang-med-paracykel\/kopa-cykel\/\" class=\"news-card__more\"> &#8230;<\/a><\/p>\n","protected":false},"author":11,"featured_media":0,"parent":67,"menu_order":0,"comment_status":"closed","ping_status":"closed","template":"","meta":{"_acf_changed":false,"footnotes":""},"class_list":["post-1399","page","type-page","status-publish","hentry"],"acf":[],"_links":{"self":[{"href":"https:\/\/scf.se\/paracykel\/wp-json\/wp\/v2\/pages\/1399","targetHints":{"allow":["GET"]}}],"collection":[{"href":"https:\/\/scf.se\/paracykel\/wp-json\/wp\/v2\/pages"}],"about":[{"href":"https:\/\/scf.se\/paracykel\/wp-json\/wp\/v2\/types\/page"}],"author":[{"embeddable":true,"href":"https:\/\/scf.se\/paracykel\/wp-json\/wp\/v2\/users\/11"}],"replies":[{"embeddable":true,"href":"https:\/\/scf.se\/paracykel\/wp-json\/wp\/v2\/comments?post=1399"}],"version-history":[{"count":6,"href":"https:\/\/scf.se\/paracykel\/wp-json\/wp\/v2\/pages\/1399\/revisions"}],"predecessor-version":[{"id":3904,"href":"https:\/\/scf.se\/paracykel\/wp-json\/wp\/v2\/pages\/1399\/revisions\/3904"}],"up":[{"embeddable":true,"href":"https:\/\/scf.se\/paracykel\/wp-json\/wp\/v2\/pages\/67"}],"wp:attachment":[{"href":"https:\/\/scf.se\/paracykel\/wp-json\/wp\/v2\/media?parent=1399"}],"curies":[{"name":"wp","href":"https:\/\/api.w.org\/{rel}","templated":true}]}}