
{"id":1373,"date":"2020-09-11T11:41:38","date_gmt":"2020-09-11T09:41:38","guid":{"rendered":"http:\/\/scf.se\/paracykel\/?page_id=1373"},"modified":"2021-09-29T13:44:57","modified_gmt":"2021-09-29T11:44:57","slug":"vm-bana-2020","status":"publish","type":"page","link":"https:\/\/scf.se\/paracykel\/vm-bana-2020\/","title":{"rendered":"VM Bana 2020"},"content":{"rendered":"<p>V\u00e4rldsm\u00e4sterskapen p\u00e5 bana arrangeras varje \u00e5r mellan januari och mars.<br \/>\nP\u00e5 bana t\u00e4vlar racer och tandem.<\/p>\n<p>2020 arrangerades det i Milton Kanada.<br \/>\nSverige var representerade med fem cyklister.<\/p>\n<p>2021 inv\u00e4ntar vi besked p\u00e5 om det kommer att arrangeras i Rio Brasilien som det var t\u00e4nkt,<br \/>\neller om arrangemanget flyttas p\u00e5 grund av pandemin med Covid-19.<\/p>\n<p>Sverige och landslag paracykel tog 2019 den historiskt f\u00f6rsta medaljen p\u00e5 VM i Apeldoorn, Nederl\u00e4nderna<\/p>\n<p><a href=\"https:\/\/www.uci.org\/news\/2018\/2019-uci-para-cycling-track-world-championships\">Information om VM p\u00e5 Internationella cykelf\u00f6rbundet<\/a>.<\/p>\n<p>&nbsp;<\/p>\n","protected":false},"excerpt":{"rendered":"<p>V\u00e4rldsm\u00e4sterskapen p\u00e5 bana arrangeras varje \u00e5r mellan januari och mars. P\u00e5 bana t\u00e4vlar racer och tandem. 2020 arrangerades det i Milton Kanada. Sverige var representerade med fem cyklister. 2021 inv\u00e4ntar vi besked p\u00e5 om det kommer att arrangeras i Rio Brasilien som det var t\u00e4nkt, eller om arrangemanget flyttas p\u00e5 grund av pandemin med<a href=\"https:\/\/scf.se\/paracykel\/vm-bana-2020\/\" class=\"news-card__more\"> &#8230;<\/a><\/p>\n","protected":false},"author":11,"featured_media":0,"parent":0,"menu_order":0,"comment_status":"closed","ping_status":"closed","template":"","meta":{"_acf_changed":false,"footnotes":""},"class_list":["post-1373","page","type-page","status-publish","hentry"],"acf":[],"_links":{"self":[{"href":"https:\/\/scf.se\/paracykel\/wp-json\/wp\/v2\/pages\/1373","targetHints":{"allow":["GET"]}}],"collection":[{"href":"https:\/\/scf.se\/paracykel\/wp-json\/wp\/v2\/pages"}],"about":[{"href":"https:\/\/scf.se\/paracykel\/wp-json\/wp\/v2\/types\/page"}],"author":[{"embeddable":true,"href":"https:\/\/scf.se\/paracykel\/wp-json\/wp\/v2\/users\/11"}],"replies":[{"embeddable":true,"href":"https:\/\/scf.se\/paracykel\/wp-json\/wp\/v2\/comments?post=1373"}],"version-history":[{"count":0,"href":"https:\/\/scf.se\/paracykel\/wp-json\/wp\/v2\/pages\/1373\/revisions"}],"wp:attachment":[{"href":"https:\/\/scf.se\/paracykel\/wp-json\/wp\/v2\/media?parent=1373"}],"curies":[{"name":"wp","href":"https:\/\/api.w.org\/{rel}","templated":true}]}}