
{"id":1372,"date":"2021-09-29T11:41:25","date_gmt":"2021-09-29T09:41:25","guid":{"rendered":"http:\/\/scf.se\/paracykel\/?page_id=1372"},"modified":"2025-05-22T14:02:30","modified_gmt":"2025-05-22T12:02:30","slug":"vm-landsvag2020","status":"publish","type":"page","link":"https:\/\/scf.se\/paracykel\/vm-landsvag2020\/","title":{"rendered":"VM Landsv\u00e4g 2020"},"content":{"rendered":"<p>\u00c5r 2020 st\u00e4lldes VM in i Oostende Belgien p\u00e5 grund av Covid-19.<\/p>\n<p>Sverige har framg\u00e5ngsrikt t\u00e4vlat p\u00e5 VM sedan 2002. V\u00e4rldsm\u00e4sterskapen har arrangerats varje \u00e5r sedan 2017.<\/p>\n<p>Vid t\u00e4vlingarna \u00e4r alla fyra cykeltyper med:<\/p>\n<ul>\n<li>Handcykel<\/li>\n<li>Racer<\/li>\n<li>Tandem<\/li>\n<li>Trike<\/li>\n<\/ul>\n<p><a href=\"https:\/\/www.uci.org\/news\/2016\/2019-uci-para-cycling-road-world-championships-official-documents\">Mer information om VM p\u00e5 internationella cykelf\u00f6rbundet<\/a><\/p>\n","protected":false},"excerpt":{"rendered":"<p>\u00c5r 2020 st\u00e4lldes VM in i Oostende Belgien p\u00e5 grund av Covid-19. Sverige har framg\u00e5ngsrikt t\u00e4vlat p\u00e5 VM sedan 2002. V\u00e4rldsm\u00e4sterskapen har arrangerats varje \u00e5r sedan 2017. Vid t\u00e4vlingarna \u00e4r alla fyra cykeltyper med: Handcykel Racer Tandem Trike Mer information om VM p\u00e5 internationella cykelf\u00f6rbundet<\/p>\n","protected":false},"author":11,"featured_media":0,"parent":0,"menu_order":0,"comment_status":"closed","ping_status":"closed","template":"","meta":{"_acf_changed":false,"footnotes":""},"class_list":["post-1372","page","type-page","status-publish","hentry"],"acf":[],"_links":{"self":[{"href":"https:\/\/scf.se\/paracykel\/wp-json\/wp\/v2\/pages\/1372","targetHints":{"allow":["GET"]}}],"collection":[{"href":"https:\/\/scf.se\/paracykel\/wp-json\/wp\/v2\/pages"}],"about":[{"href":"https:\/\/scf.se\/paracykel\/wp-json\/wp\/v2\/types\/page"}],"author":[{"embeddable":true,"href":"https:\/\/scf.se\/paracykel\/wp-json\/wp\/v2\/users\/11"}],"replies":[{"embeddable":true,"href":"https:\/\/scf.se\/paracykel\/wp-json\/wp\/v2\/comments?post=1372"}],"version-history":[{"count":1,"href":"https:\/\/scf.se\/paracykel\/wp-json\/wp\/v2\/pages\/1372\/revisions"}],"predecessor-version":[{"id":3702,"href":"https:\/\/scf.se\/paracykel\/wp-json\/wp\/v2\/pages\/1372\/revisions\/3702"}],"wp:attachment":[{"href":"https:\/\/scf.se\/paracykel\/wp-json\/wp\/v2\/media?parent=1372"}],"curies":[{"name":"wp","href":"https:\/\/api.w.org\/{rel}","templated":true}]}}