
{"id":1371,"date":"2020-09-11T11:41:10","date_gmt":"2020-09-11T09:41:10","guid":{"rendered":"http:\/\/scf.se\/paracykel\/?page_id=1371"},"modified":"2025-05-27T07:59:00","modified_gmt":"2025-05-27T05:59:00","slug":"projekt","status":"publish","type":"page","link":"https:\/\/scf.se\/paracykel\/projekt\/","title":{"rendered":"Projekt"},"content":{"rendered":"<p>Paracykel arbetar kontinuerligt med att det bedrivs projekt b\u00e5de inom f\u00f6rbundet och<br \/>\ninom f\u00f6rbundets f\u00f6reningar f\u00f6r att forts\u00e4tta utveckla verksamheten.<\/p>\n<p><strong><br \/>\nInformation om tidigare projekt.<br \/>\n<\/strong><a href=\"https:\/\/scf.se\/paracykel\/anna-beck-ledstjarna-for-fler-i-rorelse-och-siktar-pa-paris\/\"><strong>Projekt Ledstj\u00e4rna<\/strong><\/a><br \/>\n<a href=\"https:\/\/scf.se\/paracykel\/paracykelakademin\/\">Paracykelakademin 2016 &#8211; 2019<\/a><br \/>\n<a href=\"https:\/\/scf.se\/paracykel\/borja-cykla-paracykel\/projekt-paracykel\/\">Paracykel 2013 &#8211; 2016<\/a><\/p>\n<p>&nbsp;<\/p>\n","protected":false},"excerpt":{"rendered":"<p>Paracykel arbetar kontinuerligt med att det bedrivs projekt b\u00e5de inom f\u00f6rbundet och inom f\u00f6rbundets f\u00f6reningar f\u00f6r att forts\u00e4tta utveckla verksamheten. Information om tidigare projekt. Projekt Ledstj\u00e4rna Paracykelakademin 2016 &#8211; 2019 Paracykel 2013 &#8211; 2016 &nbsp;<\/p>\n","protected":false},"author":11,"featured_media":1666,"parent":0,"menu_order":0,"comment_status":"closed","ping_status":"closed","template":"","meta":{"_acf_changed":false,"footnotes":""},"class_list":["post-1371","page","type-page","status-publish","hentry"],"acf":[],"_links":{"self":[{"href":"https:\/\/scf.se\/paracykel\/wp-json\/wp\/v2\/pages\/1371","targetHints":{"allow":["GET"]}}],"collection":[{"href":"https:\/\/scf.se\/paracykel\/wp-json\/wp\/v2\/pages"}],"about":[{"href":"https:\/\/scf.se\/paracykel\/wp-json\/wp\/v2\/types\/page"}],"author":[{"embeddable":true,"href":"https:\/\/scf.se\/paracykel\/wp-json\/wp\/v2\/users\/11"}],"replies":[{"embeddable":true,"href":"https:\/\/scf.se\/paracykel\/wp-json\/wp\/v2\/comments?post=1371"}],"version-history":[{"count":1,"href":"https:\/\/scf.se\/paracykel\/wp-json\/wp\/v2\/pages\/1371\/revisions"}],"predecessor-version":[{"id":3709,"href":"https:\/\/scf.se\/paracykel\/wp-json\/wp\/v2\/pages\/1371\/revisions\/3709"}],"wp:featuredmedia":[{"embeddable":true,"href":"https:\/\/scf.se\/paracykel\/wp-json\/wp\/v2\/media\/1666"}],"wp:attachment":[{"href":"https:\/\/scf.se\/paracykel\/wp-json\/wp\/v2\/media?parent=1371"}],"curies":[{"name":"wp","href":"https:\/\/api.w.org\/{rel}","templated":true}]}}