
{"id":1369,"date":"2025-12-15T11:40:37","date_gmt":"2025-12-15T10:40:37","guid":{"rendered":"http:\/\/scf.se\/paracykel\/?page_id=1369"},"modified":"2025-12-15T14:35:31","modified_gmt":"2025-12-15T13:35:31","slug":"forening","status":"publish","type":"page","link":"https:\/\/scf.se\/paracykel\/forening\/","title":{"rendered":"F\u00f6reningsinformation"},"content":{"rendered":"<p>Information riktat till f\u00f6reningar som vill komma ig\u00e5ng med paracykel verksamhet.<br \/>\nGrengrupp paracykel har tillg\u00e5ng till en cykelpark som anv\u00e4nds vid aktiviteter och<br \/>\nkan hyras ut till f\u00f6reningar och aktiva som vill komma ig\u00e5ng! F\u00f6r att utbilda ledare till f\u00f6reningen s\u00e5 finns det utbildningar inom <a href=\"https:\/\/scf.se\/forbundet\/utbildningar\/\">svenska cykelf\u00f6rbundet<\/a>, <a href=\"https:\/\/www.parasport.nu\/forbundet\/Utbildning\/\">Parasportf\u00f6rbundet<\/a> , <a href=\"https:\/\/www.parasport.nu\/Distrikt\/\">distriktsf\u00f6rbund inom Parasport<\/a> och <a href=\"https:\/\/www.sisuidrottsutbildarna.se\/stodochverktyg\/forforening\/idrottaremedfunktionsnedsattning\/\">Sisu idrottsutbildarna<\/a>.<\/p>\n<p>&nbsp;<\/p>\n<p>&nbsp;<\/p>\n<p>&nbsp;<\/p>\n<p>&nbsp;<\/p>\n","protected":false},"excerpt":{"rendered":"<p>Information riktat till f\u00f6reningar som vill komma ig\u00e5ng med paracykel verksamhet. Grengrupp paracykel har tillg\u00e5ng till en cykelpark som anv\u00e4nds vid aktiviteter och kan hyras ut till f\u00f6reningar och aktiva som vill komma ig\u00e5ng! F\u00f6r att utbilda ledare till f\u00f6reningen s\u00e5 finns det utbildningar inom svenska cykelf\u00f6rbundet, Parasportf\u00f6rbundet , distriktsf\u00f6rbund inom Parasport och Sisu<a href=\"https:\/\/scf.se\/paracykel\/forening\/\" class=\"news-card__more\"> &#8230;<\/a><\/p>\n","protected":false},"author":11,"featured_media":0,"parent":0,"menu_order":0,"comment_status":"closed","ping_status":"closed","template":"","meta":{"_acf_changed":false,"footnotes":""},"class_list":["post-1369","page","type-page","status-publish","hentry"],"acf":[],"_links":{"self":[{"href":"https:\/\/scf.se\/paracykel\/wp-json\/wp\/v2\/pages\/1369","targetHints":{"allow":["GET"]}}],"collection":[{"href":"https:\/\/scf.se\/paracykel\/wp-json\/wp\/v2\/pages"}],"about":[{"href":"https:\/\/scf.se\/paracykel\/wp-json\/wp\/v2\/types\/page"}],"author":[{"embeddable":true,"href":"https:\/\/scf.se\/paracykel\/wp-json\/wp\/v2\/users\/11"}],"replies":[{"embeddable":true,"href":"https:\/\/scf.se\/paracykel\/wp-json\/wp\/v2\/comments?post=1369"}],"version-history":[{"count":1,"href":"https:\/\/scf.se\/paracykel\/wp-json\/wp\/v2\/pages\/1369\/revisions"}],"predecessor-version":[{"id":4011,"href":"https:\/\/scf.se\/paracykel\/wp-json\/wp\/v2\/pages\/1369\/revisions\/4011"}],"wp:attachment":[{"href":"https:\/\/scf.se\/paracykel\/wp-json\/wp\/v2\/media?parent=1369"}],"curies":[{"name":"wp","href":"https:\/\/api.w.org\/{rel}","templated":true}]}}