
{"id":1357,"date":"2021-09-28T12:48:39","date_gmt":"2021-09-28T10:48:39","guid":{"rendered":"http:\/\/scf.se\/paracykel\/?page_id=1357"},"modified":"2021-09-28T17:08:19","modified_gmt":"2021-09-28T15:08:19","slug":"sm-linje","status":"publish","type":"page","link":"https:\/\/scf.se\/paracykel\/svenska-masterskapen\/sm-linje\/","title":{"rendered":"SM Jaktstart 2020"},"content":{"rendered":"<p>SM Jaktstart k\u00f6rs i samband\u00a0 med SM Kortbana f\u00f6r Landsv\u00e4g. Normalt arrangeras det p\u00e5 SM-sommarveckan. \u00c5r 2020 st\u00e4lldes SM-sommarveckan in p\u00e5 grund av Covid-19.<\/p>\n<p>\u00c5r 2019 k\u00f6rde Paracykel f\u00f6rsta g\u00e5ngen Jaktstart p\u00e5 SM Kortbana i Malm\u00f6 med handcykel. Inf\u00f6r kommande \u00e5r planerar vi f\u00f6r att genomf\u00f6ra SM Jaktstart med fler cykeltyper.<\/p>\n<p>SM-Linje 15 augusti p\u00e5 Arlanda Test Track2:<br \/>\nSM 2020 arrangerades som en Linjet\u00e4vling med gemensam start f\u00f6r alla klasser och resultat efter faktortabell f\u00f6r alla cykeltyper.<\/p>\n<h3><strong>Resultat<\/strong><\/h3>\n<div class=\"o9v6fnle cxmmr5t8 oygrvhab hcukyx3x c1et5uql ii04i59q\">\n<div dir=\"auto\"><strong>Handcykel:<\/strong><\/div>\n<ol>\n<li>Anders Olsson<\/li>\n<li>Arnt-Christian Furuberg<\/li>\n<li>Edvard Jonsson<\/li>\n<li>Simon Risberg<\/li>\n<\/ol>\n<\/div>\n<div class=\"o9v6fnle cxmmr5t8 oygrvhab hcukyx3x c1et5uql ii04i59q\">\n<div dir=\"auto\"><strong>Racer:<\/strong><\/div>\n<ol>\n<li>Anna Beck<\/li>\n<li>Henrik Marvig<\/li>\n<li>Daniel Strandberg<\/li>\n<li>Patrick Mauritzon<\/li>\n<\/ol>\n<\/div>\n<div class=\"o9v6fnle cxmmr5t8 oygrvhab hcukyx3x c1et5uql ii04i59q\">\n<div dir=\"auto\"><strong>Tandem<\/strong>:<\/div>\n<ol>\n<li>Louise Jannering\/Jenny Eliasson<\/li>\n<li>Henrik R\u00fcffel\/Magnus Lagerstierna.<\/li>\n<\/ol>\n<\/div>\n","protected":false},"excerpt":{"rendered":"<p>SM Jaktstart k\u00f6rs i samband\u00a0 med SM Kortbana f\u00f6r Landsv\u00e4g. Normalt arrangeras det p\u00e5 SM-sommarveckan. \u00c5r 2020 st\u00e4lldes SM-sommarveckan in p\u00e5 grund av Covid-19. \u00c5r 2019 k\u00f6rde Paracykel f\u00f6rsta g\u00e5ngen Jaktstart p\u00e5 SM Kortbana i Malm\u00f6 med handcykel. Inf\u00f6r kommande \u00e5r planerar vi f\u00f6r att genomf\u00f6ra SM Jaktstart med fler cykeltyper. SM-Linje 15 augusti<a href=\"https:\/\/scf.se\/paracykel\/svenska-masterskapen\/sm-linje\/\" class=\"news-card__more\"> &#8230;<\/a><\/p>\n","protected":false},"author":11,"featured_media":0,"parent":111,"menu_order":0,"comment_status":"closed","ping_status":"closed","template":"","meta":{"_acf_changed":false,"footnotes":""},"class_list":["post-1357","page","type-page","status-publish","hentry"],"acf":[],"_links":{"self":[{"href":"https:\/\/scf.se\/paracykel\/wp-json\/wp\/v2\/pages\/1357","targetHints":{"allow":["GET"]}}],"collection":[{"href":"https:\/\/scf.se\/paracykel\/wp-json\/wp\/v2\/pages"}],"about":[{"href":"https:\/\/scf.se\/paracykel\/wp-json\/wp\/v2\/types\/page"}],"author":[{"embeddable":true,"href":"https:\/\/scf.se\/paracykel\/wp-json\/wp\/v2\/users\/11"}],"replies":[{"embeddable":true,"href":"https:\/\/scf.se\/paracykel\/wp-json\/wp\/v2\/comments?post=1357"}],"version-history":[{"count":0,"href":"https:\/\/scf.se\/paracykel\/wp-json\/wp\/v2\/pages\/1357\/revisions"}],"up":[{"embeddable":true,"href":"https:\/\/scf.se\/paracykel\/wp-json\/wp\/v2\/pages\/111"}],"wp:attachment":[{"href":"https:\/\/scf.se\/paracykel\/wp-json\/wp\/v2\/media?parent=1357"}],"curies":[{"name":"wp","href":"https:\/\/api.w.org\/{rel}","templated":true}]}}