
{"id":1356,"date":"2020-09-09T12:47:14","date_gmt":"2020-09-09T10:47:14","guid":{"rendered":"http:\/\/scf.se\/paracykel\/?page_id=1356"},"modified":"2021-09-28T17:00:23","modified_gmt":"2021-09-28T15:00:23","slug":"sm-tempo2020","status":"publish","type":"page","link":"https:\/\/scf.se\/paracykel\/svenska-masterskapen\/sm-tempo2020\/","title":{"rendered":"SM Tempo 2020"},"content":{"rendered":"<p>SM Tempo arrangeras i samband med SM Landsv\u00e4g. F\u00f6rsta SM tempo f\u00f6r Paracykel arrangerades i G\u00f6tene 2014.<br \/>\nT\u00e4vlingen har 2019 &#8211; 2020 arrangerats i Lekeryd utanf\u00f6r Huskvarna.<\/p>\n<h4>SM Tempo i Lekeryd 2020 26 juli<\/h4>\n<table width=\"885\">\n<tbody>\n<tr>\n<td colspan=\"4\" width=\"512\"><strong>Resultat<\/strong><\/td>\n<td width=\"70\"><\/td>\n<td width=\"64\"><\/td>\n<td width=\"92\"><\/td>\n<\/tr>\n<tr>\n<td><\/td>\n<td><\/td>\n<td><\/td>\n<td><\/td>\n<td><\/td>\n<td><\/td>\n<td><\/td>\n<\/tr>\n<tr>\n<td>Placering<\/td>\n<td>Deltagare<\/td>\n<td>Kategori<\/td>\n<td>F\u00f6rening<\/td>\n<td>UCI-faktor<\/td>\n<td>Nettotid<\/td>\n<td>Omr\u00e4knad tid<\/td>\n<\/tr>\n<tr>\n<td><strong>Tandem<\/strong><\/td>\n<td><\/td>\n<td><\/td>\n<td><\/td>\n<td><\/td>\n<td><\/td>\n<td><\/td>\n<\/tr>\n<tr>\n<td>1<\/td>\n<td>Loise Jannering\/Anna Sv\u00e4rdstr\u00f6m<\/td>\n<td>WB<\/td>\n<td>SMACK<\/td>\n<td>87,73%<\/td>\n<td>24:32,9<\/td>\n<td>21:32,2<\/td>\n<\/tr>\n<tr>\n<td><\/td>\n<td><\/td>\n<td><\/td>\n<td><\/td>\n<td><\/td>\n<td><\/td>\n<td><\/td>\n<\/tr>\n<tr>\n<td><strong>Trike<\/strong><\/td>\n<td><\/td>\n<td><\/td>\n<td><\/td>\n<td><\/td>\n<td><\/td>\n<td><\/td>\n<\/tr>\n<tr>\n<td>1<\/td>\n<td>Rickard Nilsson<\/td>\n<td>MT1<\/td>\n<td>SMACK<\/td>\n<td>82,35%<\/td>\n<td>38:51,8<\/td>\n<td>32:00,2<\/td>\n<\/tr>\n<tr>\n<td><\/td>\n<td><\/td>\n<td><\/td>\n<td><\/td>\n<td><\/td>\n<td><\/td>\n<td><\/td>\n<\/tr>\n<tr>\n<td><strong>Handbike<\/strong><\/td>\n<td><\/td>\n<td><\/td>\n<td><\/td>\n<td><\/td>\n<td><\/td>\n<td><\/td>\n<\/tr>\n<tr>\n<td>1<\/td>\n<td>Peter Malmberg<\/td>\n<td>MH4<\/td>\n<td>CK Bure<\/td>\n<td>100,00%<\/td>\n<td>26:27,5<\/td>\n<td>26:27,5<\/td>\n<\/tr>\n<tr>\n<td>2<\/td>\n<td>Eje Grennborg<\/td>\n<td>MH3<\/td>\n<td>CK La Lepre Stanca<\/td>\n<td>97,23%<\/td>\n<td>35:32,1<\/td>\n<td>34:33,0<\/td>\n<\/tr>\n<tr>\n<td>3<\/td>\n<td>Mikael Rudolfsson<\/td>\n<td>MH3<\/td>\n<td>Karlskrona CK<\/td>\n<td>97,23%<\/td>\n<td>36:58,1<\/td>\n<td>35:56,6<\/td>\n<\/tr>\n<tr>\n<td>4<\/td>\n<td>Simon Risberg<\/td>\n<td>MH5<\/td>\n<td>SMACK<\/td>\n<td>100,00%<\/td>\n<td>41:21,7<\/td>\n<td>41:21,7<\/td>\n<\/tr>\n<tr>\n<td>5<\/td>\n<td>Edvard Jonson<\/td>\n<td>MH2<\/td>\n<td>Tjust Bike o Running Club<\/td>\n<td>82,71%<\/td>\n<td>50:41,0<\/td>\n<td>41:55,2<\/td>\n<\/tr>\n<tr>\n<td>6<\/td>\n<td>Bengt Svensson<\/td>\n<td>MH3<\/td>\n<td>M\u00f6lndals CK<\/td>\n<td>97,23%<\/td>\n<td>46:58,1<\/td>\n<td>45:40,1<\/td>\n<\/tr>\n<tr>\n<td><\/td>\n<td><\/td>\n<td><\/td>\n<td><\/td>\n<td><\/td>\n<td><\/td>\n<td><\/td>\n<\/tr>\n<tr>\n<td><strong>Racer<\/strong><\/td>\n<td><\/td>\n<td><\/td>\n<td><\/td>\n<td><\/td>\n<td><\/td>\n<td><\/td>\n<\/tr>\n<tr>\n<td>1<\/td>\n<td>Anna Beck<\/td>\n<td>WC3<\/td>\n<td>Skoghalls CK \u2013 Hammar\u00f6<\/td>\n<td>81,76%<\/td>\n<td>24:58,5<\/td>\n<td>20:25,1<\/td>\n<\/tr>\n<tr>\n<td>2<\/td>\n<td>Henrik Marvig<\/td>\n<td>MC3<\/td>\n<td>J\u00f6nk\u00f6pings CK<\/td>\n<td>93,19%<\/td>\n<td>23:28,4<\/td>\n<td>21:52,5<\/td>\n<\/tr>\n<tr>\n<td>3<\/td>\n<td>Daniel Strandberg<\/td>\n<td>MC3<\/td>\n<td>V\u00e4rnamo CK<\/td>\n<td>93,19%<\/td>\n<td>23:57,8<\/td>\n<td>22:19,9<\/td>\n<\/tr>\n<tr>\n<td>4<\/td>\n<td>Kristoffer St\u00e5hl<\/td>\n<td>MC2<\/td>\n<td>CK HVR16<\/td>\n<td>89,60%<\/td>\n<td>25:47,3<\/td>\n<td>23:06,4<\/td>\n<\/tr>\n<\/tbody>\n<\/table>\n","protected":false},"excerpt":{"rendered":"<p>SM Tempo arrangeras i samband med SM Landsv\u00e4g. F\u00f6rsta SM tempo f\u00f6r Paracykel arrangerades i G\u00f6tene 2014. T\u00e4vlingen har 2019 &#8211; 2020 arrangerats i Lekeryd utanf\u00f6r Huskvarna. SM Tempo i Lekeryd 2020 26 juli Resultat Placering Deltagare Kategori F\u00f6rening UCI-faktor Nettotid Omr\u00e4knad tid Tandem 1 Loise Jannering\/Anna Sv\u00e4rdstr\u00f6m WB SMACK 87,73% 24:32,9 21:32,2 Trike<a href=\"https:\/\/scf.se\/paracykel\/svenska-masterskapen\/sm-tempo2020\/\" class=\"news-card__more\"> &#8230;<\/a><\/p>\n","protected":false},"author":11,"featured_media":0,"parent":111,"menu_order":0,"comment_status":"closed","ping_status":"closed","template":"","meta":{"_acf_changed":false,"footnotes":""},"class_list":["post-1356","page","type-page","status-publish","hentry"],"acf":[],"_links":{"self":[{"href":"https:\/\/scf.se\/paracykel\/wp-json\/wp\/v2\/pages\/1356","targetHints":{"allow":["GET"]}}],"collection":[{"href":"https:\/\/scf.se\/paracykel\/wp-json\/wp\/v2\/pages"}],"about":[{"href":"https:\/\/scf.se\/paracykel\/wp-json\/wp\/v2\/types\/page"}],"author":[{"embeddable":true,"href":"https:\/\/scf.se\/paracykel\/wp-json\/wp\/v2\/users\/11"}],"replies":[{"embeddable":true,"href":"https:\/\/scf.se\/paracykel\/wp-json\/wp\/v2\/comments?post=1356"}],"version-history":[{"count":0,"href":"https:\/\/scf.se\/paracykel\/wp-json\/wp\/v2\/pages\/1356\/revisions"}],"up":[{"embeddable":true,"href":"https:\/\/scf.se\/paracykel\/wp-json\/wp\/v2\/pages\/111"}],"wp:attachment":[{"href":"https:\/\/scf.se\/paracykel\/wp-json\/wp\/v2\/media?parent=1356"}],"curies":[{"name":"wp","href":"https:\/\/api.w.org\/{rel}","templated":true}]}}