
{"id":134,"date":"2026-03-03T15:21:17","date_gmt":"2026-03-03T14:21:17","guid":{"rendered":"http:\/\/84.19.147.213\/paracykel\/?page_id=134"},"modified":"2026-03-17T16:23:50","modified_gmt":"2026-03-17T15:23:50","slug":"tavlingsregler","status":"publish","type":"page","link":"https:\/\/scf.se\/paracykel\/tavlingsregler\/","title":{"rendered":"T\u00e4vlingsregler"},"content":{"rendered":"<h3><strong>T\u00e4vlingregler<\/strong> f\u00f6r<strong> Svensk Paracykling <\/strong><\/h3>\n<p>T\u00e4vlingsregler f\u00f6r Svensk Paracykling utg\u00e5r fr\u00e5n Internationella cykelf\u00f6rbundets regler &#8211; Part 16 Paracycling, med svenska till\u00e4mpningar.<\/p>\n<p><a href=\"https:\/\/scf.se\/paracykel\/wp-content\/uploads\/sites\/7\/2026\/03\/16-PAR-20260101-E.pdf\">UCI Part 16 Paracycling<\/a><\/p>\n<p><a href=\"https:\/\/scf.se\/paracykel\/wp-content\/uploads\/sites\/7\/2026\/03\/Svensk-tillampning-TR-del-16-5.docx\">Svensk till\u00e4mpning TR del 16<\/a><\/p>\n<h3>Klassificering Svensk Paracykel<\/h3>\n<p>F\u00f6r att t\u00e4vla i Paracykelklassen p\u00e5 svenska arrangemang kr\u00e4vs en nationell klassificering. Nationell klassificering utg\u00e5r fr\u00e5n det internationella regelverket, med vissa svenska till\u00e4mpningar<\/p>\n<p><a href=\"https:\/\/scf.se\/paracykel\/wp-content\/uploads\/sites\/7\/2026\/03\/Svensk-tillampning-for-Nationell-klassificering-2026-2-22.pdf\">Svensk-tillampning-for-Nationell-klassificering-2026<\/a><\/p>\n<p>Bilagor<br \/>\n1.<br \/>\n<a href=\"https:\/\/scf.se\/paracykel\/wp-content\/uploads\/sites\/7\/2026\/03\/Svenska_klasser_tillampade_faktorer_2024_fallande.pdf\">Svenska_klasser_tillampade_faktorer_2024_fallande<\/a><\/p>\n<p><strong>2.<\/strong><br \/>\n<a href=\"https:\/\/scf.se\/paracykel\/wp-content\/uploads\/sites\/7\/2026\/03\/Faktorer-Landsvag.pdf\">Faktorer Landsv\u00e4g<\/a><\/p>\n<p><a href=\"https:\/\/scf.se\/paracykel\/wp-content\/uploads\/sites\/7\/2026\/03\/UCI-Factors_2024-Bana.pdf\">Faktortabeller bana<\/a><\/p>\n<p><strong>Blanketter<br \/>\n<\/strong><a href=\"https:\/\/scf.se\/paracykel\/wp-content\/uploads\/sites\/7\/2026\/03\/Protest-mot-klassificering.pdf\">Protest mot klassificering<\/a><strong><br \/>\n<\/strong><\/p>\n<h3>\u00d6vrigt<\/h3>\n<p><a href=\"https:\/\/scf.se\/paracykel\/wp-content\/uploads\/sites\/7\/2020\/11\/TR-16-Appendix-2-Ordlista.pdf\">Ordlista kapitel 16<\/a><\/p>\n<p><a href=\"https:\/\/scf.se\/paracykel\/wp-content\/uploads\/sites\/7\/2026\/03\/SM-Regler-Paracykel-2026-03-12.pdf\">SM Regler Paracykel<\/a><\/p>\n<p>T\u00e4vlingsregler g\u00e5r \u00e4ven att hitta i Svenska Cykelf\u00f6rbundets t\u00e4vlingsregler del 16.<\/p>\n","protected":false},"excerpt":{"rendered":"<p>T\u00e4vlingregler f\u00f6r Svensk Paracykling T\u00e4vlingsregler f\u00f6r Svensk Paracykling utg\u00e5r fr\u00e5n Internationella cykelf\u00f6rbundets regler &#8211; Part 16 Paracycling, med svenska till\u00e4mpningar. UCI Part 16 Paracycling Svensk till\u00e4mpning TR del 16 Klassificering Svensk Paracykel F\u00f6r att t\u00e4vla i Paracykelklassen p\u00e5 svenska arrangemang kr\u00e4vs en nationell klassificering. Nationell klassificering utg\u00e5r fr\u00e5n det internationella regelverket, med vissa svenska<a href=\"https:\/\/scf.se\/paracykel\/tavlingsregler\/\" class=\"news-card__more\"> &#8230;<\/a><\/p>\n","protected":false},"author":43,"featured_media":0,"parent":0,"menu_order":0,"comment_status":"closed","ping_status":"closed","template":"","meta":{"_acf_changed":false,"footnotes":""},"class_list":["post-134","page","type-page","status-publish","hentry"],"acf":[],"_links":{"self":[{"href":"https:\/\/scf.se\/paracykel\/wp-json\/wp\/v2\/pages\/134","targetHints":{"allow":["GET"]}}],"collection":[{"href":"https:\/\/scf.se\/paracykel\/wp-json\/wp\/v2\/pages"}],"about":[{"href":"https:\/\/scf.se\/paracykel\/wp-json\/wp\/v2\/types\/page"}],"author":[{"embeddable":true,"href":"https:\/\/scf.se\/paracykel\/wp-json\/wp\/v2\/users\/43"}],"replies":[{"embeddable":true,"href":"https:\/\/scf.se\/paracykel\/wp-json\/wp\/v2\/comments?post=134"}],"version-history":[{"count":16,"href":"https:\/\/scf.se\/paracykel\/wp-json\/wp\/v2\/pages\/134\/revisions"}],"predecessor-version":[{"id":4164,"href":"https:\/\/scf.se\/paracykel\/wp-json\/wp\/v2\/pages\/134\/revisions\/4164"}],"wp:attachment":[{"href":"https:\/\/scf.se\/paracykel\/wp-json\/wp\/v2\/media?parent=134"}],"curies":[{"name":"wp","href":"https:\/\/api.w.org\/{rel}","templated":true}]}}