
{"id":9241,"date":"2026-03-04T07:16:13","date_gmt":"2026-03-04T06:16:13","guid":{"rendered":"https:\/\/scf.se\/mountainbike\/?page_id=9241"},"modified":"2026-03-04T07:16:13","modified_gmt":"2026-03-04T06:16:13","slug":"swe-cup-downhill-2026","status":"publish","type":"page","link":"https:\/\/scf.se\/mountainbike\/swe-cup-downhill-2026\/","title":{"rendered":"SWE Cup Downhill 2026"},"content":{"rendered":"<p><em><strong>Delt\u00e4vlingar:<\/strong><\/em><\/p>\n<ul>\n<li data-start=\"499\" data-end=\"613\"><strong>30\u201331 maj:<\/strong>\u00a0Kisa<\/li>\n<li data-start=\"499\" data-end=\"613\"><strong>3\u20134 juli:<\/strong>\u00a0\u00c5re<\/li>\n<li data-start=\"499\" data-end=\"613\"><strong>1\u20132 augusti:<\/strong>\u00a0Sunne, \u00e4ven SM.<\/li>\n<li data-start=\"499\" data-end=\"613\"><strong>26\u201327 september:<\/strong>\u00a0Isaberg<\/li>\n<\/ul>\n<p><em><strong>Klassindelning:<\/strong><\/em><br \/>\n<strong>Pojk\/Flick 13-14 \u00e5r\u00a0\u2013\u00a0<\/strong>Licens Youth men\/women, eng\u00e5ngslicens (g\u00e4ller ej p\u00e5 SM).<strong><br \/>\nPojk\/Flick 15-16 \u00e5r\u00a0\u2013\u00a0<\/strong>Licens Youth men\/women, eng\u00e5ngslicens (g\u00e4ller ej p\u00e5 SM).<strong><br \/>\nJunior (17-18 \u00e5r) dam\/herr\u00a0\u2013\u00a0<\/strong>Licens Junior men\/women (17-18 \u00e5r), krav p\u00e5 \u00e5rslicens.<strong><br \/>\nT\u00e4vling dam\/herr 19+\u00a0\u2013\u00a0<\/strong>Licens Under 23 men\/women (21-22 \u00e5r), Licens Elite men\/women (23+ \u00e5r), krav p\u00e5 \u00e5rslicens.<br \/>\n<strong>Masterklass 30+ \u00e5r dam\/herr\u00a0\u2013\u00a0<\/strong>Licens Master men\/women, krav p\u00e5 \u00e5rslicens.<\/p>\n<p><strong>Sportklass 15+ \u00e5r <\/strong>\u2013\u00a0krav p\u00e5 licens vid anm\u00e4lan. Licenser som passar f\u00f6r klassen \u00e4r eng\u00e5ngslicens eller \u00e5rslicens (Ej E-Cycling licens eller motionslicens).<\/p>\n<p><em><strong>Po\u00e4ng:<br \/>\n<\/strong><\/em>Po\u00e4ng f\u00f6r SWE Cup, f\u00f6r varje delt\u00e4vling kan man f\u00e5 f\u00f6ljande po\u00e4ng:<br \/>\nI den totala sammanst\u00e4llningen r\u00e4knas 3 av 4 delt\u00e4vlingar, skulle tv\u00e5 eller fler deltagare hamna p\u00e5 samma po\u00e4ng g\u00e5r det p\u00e5 resultatet p\u00e5 SM.<\/p>\n<table width=\"576\">\n<tbody>\n<tr>\n<td width=\"66\"><\/td>\n<td width=\"161\"><\/td>\n<td width=\"170\"><\/td>\n<\/tr>\n<tr>\n<td width=\"66\">Placering<\/td>\n<td width=\"161\">Kval<\/td>\n<td width=\"170\">T\u00e4vling<\/td>\n<\/tr>\n<tr>\n<td width=\"66\"><strong>1<\/strong><\/td>\n<td width=\"161\">60<\/td>\n<td width=\"170\">160<\/td>\n<\/tr>\n<tr>\n<td width=\"66\"><strong>2<\/strong><\/td>\n<td width=\"161\">50<\/td>\n<td width=\"170\">130<\/td>\n<\/tr>\n<tr>\n<td width=\"66\"><strong>3<\/strong><\/td>\n<td width=\"161\">43<\/td>\n<td width=\"170\">110<\/td>\n<\/tr>\n<tr>\n<td width=\"66\"><strong>4<\/strong><\/td>\n<td width=\"161\">38<\/td>\n<td width=\"170\">95<\/td>\n<\/tr>\n<tr>\n<td width=\"66\"><strong>5<\/strong><\/td>\n<td width=\"161\">35<\/td>\n<td width=\"170\">85<\/td>\n<\/tr>\n<tr>\n<td width=\"66\"><strong>6<\/strong><\/td>\n<td width=\"161\">32<\/td>\n<td width=\"170\">75<\/td>\n<\/tr>\n<tr>\n<td width=\"66\"><strong>7<\/strong><\/td>\n<td width=\"161\">30<\/td>\n<td width=\"170\">70<\/td>\n<\/tr>\n<tr>\n<td width=\"66\"><strong>8<\/strong><\/td>\n<td width=\"161\">28<\/td>\n<td width=\"170\">65<\/td>\n<\/tr>\n<tr>\n<td width=\"66\"><strong>9<\/strong><\/td>\n<td width=\"161\">26<\/td>\n<td width=\"170\">60<\/td>\n<\/tr>\n<tr>\n<td width=\"66\"><strong>10<\/strong><\/td>\n<td width=\"161\">24<\/td>\n<td width=\"170\">55<\/td>\n<\/tr>\n<tr>\n<td width=\"66\"><strong>11<\/strong><\/td>\n<td width=\"161\">22<\/td>\n<td width=\"170\">50<\/td>\n<\/tr>\n<tr>\n<td width=\"66\"><strong>12<\/strong><\/td>\n<td width=\"161\">20<\/td>\n<td width=\"170\">48<\/td>\n<\/tr>\n<tr>\n<td width=\"66\"><strong>13<\/strong><\/td>\n<td width=\"161\">18<\/td>\n<td width=\"170\">46<\/td>\n<\/tr>\n<tr>\n<td width=\"66\"><strong>14<\/strong><\/td>\n<td width=\"161\">17<\/td>\n<td width=\"170\">44<\/td>\n<\/tr>\n<tr>\n<td width=\"66\"><strong>15<\/strong><\/td>\n<td width=\"161\">16<\/td>\n<td width=\"170\">42<\/td>\n<\/tr>\n<tr>\n<td width=\"66\"><strong>16<\/strong><\/td>\n<td width=\"161\">15<\/td>\n<td width=\"170\">40<\/td>\n<\/tr>\n<tr>\n<td width=\"66\"><strong>17<\/strong><\/td>\n<td width=\"161\">14<\/td>\n<td width=\"170\">38<\/td>\n<\/tr>\n<tr>\n<td width=\"66\"><strong>18<\/strong><\/td>\n<td width=\"161\">13<\/td>\n<td width=\"170\">36<\/td>\n<\/tr>\n<tr>\n<td width=\"66\"><strong>19<\/strong><\/td>\n<td width=\"161\">12<\/td>\n<td width=\"170\">34<\/td>\n<\/tr>\n<tr>\n<td width=\"66\"><strong>20<\/strong><\/td>\n<td width=\"161\">11<\/td>\n<td width=\"170\">32<\/td>\n<\/tr>\n<tr>\n<td width=\"66\"><strong>21<\/strong><\/td>\n<td width=\"161\">10<\/td>\n<td width=\"170\">30<\/td>\n<\/tr>\n<tr>\n<td width=\"66\"><strong>22<\/strong><\/td>\n<td width=\"161\">9<\/td>\n<td width=\"170\">29<\/td>\n<\/tr>\n<tr>\n<td width=\"66\"><strong>23<\/strong><\/td>\n<td width=\"161\">8<\/td>\n<td width=\"170\">28<\/td>\n<\/tr>\n<tr>\n<td width=\"66\"><strong>24<\/strong><\/td>\n<td width=\"161\">7<\/td>\n<td width=\"170\">27<\/td>\n<\/tr>\n<tr>\n<td width=\"66\"><strong>25<\/strong><\/td>\n<td width=\"161\">6<\/td>\n<td width=\"170\">26<\/td>\n<\/tr>\n<tr>\n<td width=\"66\"><strong>26<\/strong><\/td>\n<td width=\"161\">5<\/td>\n<td width=\"170\">25<\/td>\n<\/tr>\n<tr>\n<td width=\"66\"><strong>27<\/strong><\/td>\n<td width=\"161\">4<\/td>\n<td width=\"170\">24<\/td>\n<\/tr>\n<tr>\n<td width=\"66\"><strong>28<\/strong><\/td>\n<td width=\"161\">3<\/td>\n<td width=\"170\">23<\/td>\n<\/tr>\n<tr>\n<td width=\"66\"><strong>29<\/strong><\/td>\n<td width=\"161\">2<\/td>\n<td width=\"170\">22<\/td>\n<\/tr>\n<tr>\n<td width=\"66\"><strong>30<\/strong><\/td>\n<td width=\"161\">1<\/td>\n<td width=\"170\">21<\/td>\n<\/tr>\n<tr>\n<td width=\"66\"><strong>31<\/strong><\/td>\n<td width=\"161\">0<\/td>\n<td width=\"170\">20<\/td>\n<\/tr>\n<tr>\n<td width=\"66\"><strong>32<\/strong><\/td>\n<td width=\"161\">0<\/td>\n<td width=\"170\">19<\/td>\n<\/tr>\n<tr>\n<td width=\"66\"><strong>33<\/strong><\/td>\n<td width=\"161\">0<\/td>\n<td width=\"170\">18<\/td>\n<\/tr>\n<tr>\n<td width=\"66\"><strong>34<\/strong><\/td>\n<td width=\"161\">0<\/td>\n<td width=\"170\">17<\/td>\n<\/tr>\n<tr>\n<td width=\"66\"><strong>35<\/strong><\/td>\n<td width=\"161\">0<\/td>\n<td width=\"170\">16<\/td>\n<\/tr>\n<tr>\n<td width=\"66\"><strong>36<\/strong><\/td>\n<td width=\"161\">0<\/td>\n<td width=\"170\">15<\/td>\n<\/tr>\n<tr>\n<td width=\"66\"><strong>37<\/strong><\/td>\n<td width=\"161\">0<\/td>\n<td width=\"170\">14<\/td>\n<\/tr>\n<tr>\n<td width=\"66\"><strong>38<\/strong><\/td>\n<td width=\"161\">0<\/td>\n<td width=\"170\">13<\/td>\n<\/tr>\n<tr>\n<td width=\"66\"><strong>39<\/strong><\/td>\n<td width=\"161\">0<\/td>\n<td width=\"170\">12<\/td>\n<\/tr>\n<tr>\n<td width=\"66\"><strong>40<\/strong><\/td>\n<td width=\"161\">0<\/td>\n<td width=\"170\">11<\/td>\n<\/tr>\n<tr>\n<td width=\"66\"><strong>41<\/strong><\/td>\n<td width=\"161\">0<\/td>\n<td width=\"170\">10<\/td>\n<\/tr>\n<tr>\n<td width=\"66\"><strong>42<\/strong><\/td>\n<td width=\"161\">0<\/td>\n<td width=\"170\">9<\/td>\n<\/tr>\n<tr>\n<td width=\"66\"><strong>43<\/strong><\/td>\n<td width=\"161\">0<\/td>\n<td width=\"170\">8<\/td>\n<\/tr>\n<tr>\n<td width=\"66\"><strong>44<\/strong><\/td>\n<td width=\"161\">0<\/td>\n<td width=\"170\">7<\/td>\n<\/tr>\n<tr>\n<td width=\"66\"><strong>45<\/strong><\/td>\n<td width=\"161\">0<\/td>\n<td width=\"170\">6<\/td>\n<\/tr>\n<tr>\n<td width=\"66\"><strong>46<\/strong><\/td>\n<td width=\"161\">0<\/td>\n<td width=\"170\">5<\/td>\n<\/tr>\n<tr>\n<td width=\"66\"><strong>47<\/strong><\/td>\n<td width=\"161\">0<\/td>\n<td width=\"170\">4<\/td>\n<\/tr>\n<tr>\n<td width=\"66\"><strong>48<\/strong><\/td>\n<td width=\"161\">0<\/td>\n<td width=\"170\">3<\/td>\n<\/tr>\n<tr>\n<td width=\"66\"><strong>49<\/strong><\/td>\n<td width=\"161\">0<\/td>\n<td width=\"170\">2<\/td>\n<\/tr>\n<tr>\n<td width=\"66\"><strong>50osv<\/strong><\/td>\n<td width=\"161\">0<\/td>\n<td width=\"170\">1<\/td>\n<\/tr>\n<\/tbody>\n<\/table>\n<p>&nbsp;<\/p>\n<p><em><strong>Prispengar f\u00f6r totalsammanst\u00e4llningen:<\/strong><\/em><br \/>\nHerrar Elit:\u00a0\u00a0\u00a0\u00a0\u00a0\u00a0\u00a0\u00a0\u00a0\u00a0\u00a0\u00a0 1: a 3000 kr, 2: a 2000 kr, 3: a 500 kr<br \/>\nDamer Elit: \u00a0\u00a0\u00a0\u00a0\u00a0\u00a0\u00a0\u00a0\u00a0\u00a0 1: a 3000 kr, 2: a 2000 kr, 3: a 500 kr<\/p>\n","protected":false},"excerpt":{"rendered":"<p>Delt\u00e4vlingar: 30\u201331 maj:\u00a0Kisa 3\u20134 juli:\u00a0\u00c5re 1\u20132 augusti:\u00a0Sunne, \u00e4ven SM. 26\u201327 september:\u00a0Isaberg Klassindelning: Pojk\/Flick 13-14 \u00e5r\u00a0\u2013\u00a0Licens Youth men\/women, eng\u00e5ngslicens (g\u00e4ller ej p\u00e5 SM). Pojk\/Flick 15-16 \u00e5r\u00a0\u2013\u00a0Licens Youth men\/women, eng\u00e5ngslicens (g\u00e4ller ej p\u00e5 SM). Junior (17-18 \u00e5r) dam\/herr\u00a0\u2013\u00a0Licens Junior men\/women (17-18 \u00e5r), krav p\u00e5 \u00e5rslicens. T\u00e4vling dam\/herr 19+\u00a0\u2013\u00a0Licens Under 23 men\/women (21-22 \u00e5r), Licens Elite men\/women<a href=\"https:\/\/scf.se\/mountainbike\/swe-cup-downhill-2026\/\" class=\"news-card__more\"> &#8230;<\/a><\/p>\n","protected":false},"author":58,"featured_media":0,"parent":0,"menu_order":0,"comment_status":"closed","ping_status":"closed","template":"","meta":{"_acf_changed":false,"footnotes":""},"class_list":["post-9241","page","type-page","status-publish","hentry"],"acf":[],"_links":{"self":[{"href":"https:\/\/scf.se\/mountainbike\/wp-json\/wp\/v2\/pages\/9241","targetHints":{"allow":["GET"]}}],"collection":[{"href":"https:\/\/scf.se\/mountainbike\/wp-json\/wp\/v2\/pages"}],"about":[{"href":"https:\/\/scf.se\/mountainbike\/wp-json\/wp\/v2\/types\/page"}],"author":[{"embeddable":true,"href":"https:\/\/scf.se\/mountainbike\/wp-json\/wp\/v2\/users\/58"}],"replies":[{"embeddable":true,"href":"https:\/\/scf.se\/mountainbike\/wp-json\/wp\/v2\/comments?post=9241"}],"version-history":[{"count":1,"href":"https:\/\/scf.se\/mountainbike\/wp-json\/wp\/v2\/pages\/9241\/revisions"}],"predecessor-version":[{"id":9242,"href":"https:\/\/scf.se\/mountainbike\/wp-json\/wp\/v2\/pages\/9241\/revisions\/9242"}],"wp:attachment":[{"href":"https:\/\/scf.se\/mountainbike\/wp-json\/wp\/v2\/media?parent=9241"}],"curies":[{"name":"wp","href":"https:\/\/api.w.org\/{rel}","templated":true}]}}