
{"id":9134,"date":"2026-02-09T15:21:45","date_gmt":"2026-02-09T14:21:45","guid":{"rendered":"https:\/\/scf.se\/mountainbike\/?page_id=9134"},"modified":"2026-04-14T14:11:31","modified_gmt":"2026-04-14T12:11:31","slug":"uttagningskriterier-xc-2026","status":"publish","type":"page","link":"https:\/\/scf.se\/mountainbike\/uttagningskriterier-xc-2026\/","title":{"rendered":"Uttagningskriterier XCO\/XCC 2026"},"content":{"rendered":"<h2>Uttagningskriterier f\u00f6r landslagsuppdrag<\/h2>\n<p><strong>Cyklisterna som uppfyller f\u00f6ljande kriterier kan kallas till ett m\u00e4sterskap. Uttagningarna sker senast tv\u00e5 veckor innan m\u00e4sterskapets start.<\/strong><\/p>\n<p>F\u00f6r att vara aktuell f\u00f6r kommande m\u00e4sterskap s\u00e5 m\u00e5ste resultaten ha gjorts under innevarande s\u00e4song. Resultat som g\u00f6rs under inledningen av s\u00e4songen har mindre vikt \u00e4n de som g\u00f6rs n\u00e4rmare uttagningen eller under uttagningsperiod.<\/p>\n<h3>Seniorelit<\/h3>\n<ul>\n<li><strong>VM:<\/strong> topp 100 p\u00e5 v\u00e4rldsranking, gjort start p\u00e5 XCC v\u00e4rldscup och har en stark m\u00f6jlighet p\u00e5 topp 20 under en dag med bra f\u00f6ruts\u00e4ttningar.<\/li>\n<li><strong>EM:<\/strong> Goda m\u00f6jligheter till en topp 20 placering (motsvarande topp 30 p\u00e5 v\u00e4rldscup).<\/li>\n<\/ul>\n<h3>U23<\/h3>\n<ul>\n<li><strong>VM<\/strong>: topp 200 p\u00e5 v\u00e4rldsranking, gjort start i XCC v\u00e4rldscup och stark m\u00f6jlighet till topp 20 under en dag med bra f\u00f6ruts\u00e4ttningar.<\/li>\n<li><strong>EM:<\/strong> Goda m\u00f6jligheter till en topp 20 placering (motsvarande topp 30 p\u00e5 v\u00e4rldscup).<\/li>\n<\/ul>\n<h3>Junior<\/h3>\n<ul>\n<li><strong>VM:<\/strong> startat en junior world series med goda resultat ses som meriterande, topp fem p\u00e5 SM och visat kapacitet f\u00f6r en topp 20 placering p\u00e5 internationella m\u00e4sterskap. Tillr\u00e4ckligt med UCI-po\u00e4ng f\u00f6r en startposition som g\u00f6r en topp 20 placering m\u00f6jlig.<\/li>\n<li><strong>EM:<\/strong> Toppen av f\u00e4ltet p\u00e5 nationella t\u00e4vlingar, visar en god formkurva och visat kapacitet f\u00f6r en topp 20 placering p\u00e5 internationellt m\u00e4sterskap.<\/li>\n<\/ul>\n<h2>Uttagningsperioder f\u00f6r landslagsuppdrag<\/h2>\n<p><strong>Under f\u00f6ljande period kommer vi att analysera resultat f\u00f6r att efter perioden \u00e5terkomma med vilka som \u00e4r aktuella f\u00f6r landslagsuppdrag. <\/strong><\/p>\n<ul>\n<li>F\u00f6r junior s\u00e5 kollar vi p\u00e5 mycket p\u00e5 nationella resultat. Internationella resultat \u00e4r en merit men inget krav f\u00f6r att kunna bli uttagen.<\/li>\n<li>F\u00f6r cyklister i U23-klassen och seniorelit s\u00e5 kollar vi p\u00e5 internationella resultat.<\/li>\n<\/ul>\n<h3>Uppdrag 1, Heubach och Nove Mesto<\/h3>\n<p><strong>Uttagningsgrundande period:<\/strong> 1 februari\u20132 maj 2026<\/p>\n<h3>Uppdrag 2, Leogang, Lenzerheide, Davos och La Thuile<\/h3>\n<p><strong>Uttagningsgrundande period: <\/strong>1 februari\u201331 maj 2026<\/p>\n<h3>Uppdrag 3, EM<\/h3>\n<p><strong>Uttagningsgrundande period: <\/strong>1 maj\u201331 juni 2026<\/p>\n<h3>Uppdrag 4, VM<\/h3>\n<p><strong>Uttagningsgrundande period: <\/strong>11 juni\u201311 augusti 2026<\/p>\n<ul>\n<li><strong>Vid fr\u00e5gor:<\/strong> kontakta f\u00f6rbundskaptenen David Eriksson: <a href=\"http:\/\/david@eriksson@scf.se\"><em><strong>david@eriksson@scf.se<\/strong><\/em><\/a><\/li>\n<\/ul>\n","protected":false},"excerpt":{"rendered":"<p>Uttagningskriterier f\u00f6r landslagsuppdrag Cyklisterna som uppfyller f\u00f6ljande kriterier kan kallas till ett m\u00e4sterskap. Uttagningarna sker senast tv\u00e5 veckor innan m\u00e4sterskapets start. F\u00f6r att vara aktuell f\u00f6r kommande m\u00e4sterskap s\u00e5 m\u00e5ste resultaten ha gjorts under innevarande s\u00e4song. Resultat som g\u00f6rs under inledningen av s\u00e4songen har mindre vikt \u00e4n de som g\u00f6rs n\u00e4rmare uttagningen eller under<a href=\"https:\/\/scf.se\/mountainbike\/uttagningskriterier-xc-2026\/\" class=\"news-card__more\"> &#8230;<\/a><\/p>\n","protected":false},"author":41,"featured_media":0,"parent":0,"menu_order":0,"comment_status":"closed","ping_status":"closed","template":"","meta":{"_acf_changed":false,"footnotes":""},"class_list":["post-9134","page","type-page","status-publish","hentry"],"acf":[],"_links":{"self":[{"href":"https:\/\/scf.se\/mountainbike\/wp-json\/wp\/v2\/pages\/9134","targetHints":{"allow":["GET"]}}],"collection":[{"href":"https:\/\/scf.se\/mountainbike\/wp-json\/wp\/v2\/pages"}],"about":[{"href":"https:\/\/scf.se\/mountainbike\/wp-json\/wp\/v2\/types\/page"}],"author":[{"embeddable":true,"href":"https:\/\/scf.se\/mountainbike\/wp-json\/wp\/v2\/users\/41"}],"replies":[{"embeddable":true,"href":"https:\/\/scf.se\/mountainbike\/wp-json\/wp\/v2\/comments?post=9134"}],"version-history":[{"count":6,"href":"https:\/\/scf.se\/mountainbike\/wp-json\/wp\/v2\/pages\/9134\/revisions"}],"predecessor-version":[{"id":9412,"href":"https:\/\/scf.se\/mountainbike\/wp-json\/wp\/v2\/pages\/9134\/revisions\/9412"}],"wp:attachment":[{"href":"https:\/\/scf.se\/mountainbike\/wp-json\/wp\/v2\/media?parent=9134"}],"curies":[{"name":"wp","href":"https:\/\/api.w.org\/{rel}","templated":true}]}}