
{"id":8950,"date":"2025-10-24T07:59:22","date_gmt":"2025-10-24T05:59:22","guid":{"rendered":"https:\/\/scf.se\/mountainbike\/?page_id=8950"},"modified":"2025-10-24T07:59:22","modified_gmt":"2025-10-24T05:59:22","slug":"swe-cup-xco-xcc-2026","status":"publish","type":"page","link":"https:\/\/scf.se\/mountainbike\/swe-cup-xco-xcc-2026\/","title":{"rendered":"SWE Cup XCO\/XCC 2026"},"content":{"rendered":"<h3>T\u00e4vlingskalender f\u00f6r SWE Cup XCO 2026<\/h3>\n<div>\n<table id=\"x_x_x_x_x_x_x_x_x_table_0\" cellspacing=\"0\" cellpadding=\"0\">\n<tbody>\n<tr>\n<td>\n<p class=\"x_elementToProof\"><span data-olk-copy-source=\"MessageBody\">SWE Cup XCO #1 &#8211; S\u00e4ter 2 maj(XCO)<\/span><\/p>\n<\/td>\n<\/tr>\n<tr>\n<td>\n<p class=\"x_elementToProof\">SWE Cup XCO #2 &#8211; Huskvarna 14-16maj(tour)<\/p>\n<\/td>\n<\/tr>\n<tr>\n<td>\n<p class=\"x_elementToProof\">SWE Cup XCO #3-4 &#8211; Sigtuna 13-14 juni(XCO &amp; XCC)<\/p>\n<\/td>\n<\/tr>\n<tr>\n<td>\n<p class=\"x_elementToProof\">SWE Cup XCO #5-6 &#8211; Falun 12-13 juli(XCO &amp; XCC)<\/p>\n<\/td>\n<\/tr>\n<tr>\n<td>\n<p class=\"x_elementToProof\">SWE Cup XCO #7-8 &#8211; Bor\u00e5s 22-23 augusti(XCO &amp; XCC)<\/p>\n<\/td>\n<\/tr>\n<tr>\n<td>\n<p class=\"x_elementToProof\">SWE Cup XCO #9-10 &#8211; Hallby 12-13 september(XCO &amp; XCC)<\/p>\n<\/td>\n<\/tr>\n<\/tbody>\n<\/table>\n<\/div>\n<div>\n<h3><strong>Klasser SWE Cup XCO<br \/>\n<\/strong><\/h3>\n<ul>\n<li>Herrar Elit, \u00e4r \u00f6ppen f\u00f6r cyklister som innehar U23- eller Elitlicens.<\/li>\n<li>Damer Elit, \u00e4r \u00f6ppen f\u00f6r cyklister som innehar Dam Elit och Dam U23 licens.<\/li>\n<li>Herr Juniorer, \u00e4r \u00f6ppen f\u00f6r cyklister som innehar juniorlicens.<\/li>\n<li>Dam Juniorer, \u00e4r \u00f6ppen f\u00f6r cyklister med dam juniorlicens.<\/li>\n<\/ul>\n<h3><strong>SWE Cup Ungdom<br \/>\n<\/strong><\/h3>\n<ul>\n<li>P\/F 15-16 \u00e4r \u00f6ppen f\u00f6r cyklister som innehar t\u00e4vlingslicens eller tecknar eng\u00e5ngslicens vid\u00a0t\u00e4vlingstillf\u00e4llet.<\/li>\n<li>P\/F 13-14 \u00e4r \u00f6ppen f\u00f6r cyklister som innehar t\u00e4vlingslicens eller tecknar eng\u00e5ngslicens vid\u00a0t\u00e4vlingstillf\u00e4llet.<\/li>\n<\/ul>\n<h3><strong>SWE Cup Master<br \/>\n<\/strong><\/h3>\n<ul>\n<li>D\/H 30 R\u00e4tt att delta i klassen har cyklist som under kalender\u00e5ret fyller l\u00e4gst\u00a030 \u00e5r och innehar Master licens.<\/li>\n<li>D\/H 40 R\u00e4tt att delta i klassen har cyklist som under kalender\u00e5ret fyller l\u00e4gst\u00a040 \u00e5r och innehar Master licens.<\/li>\n<li>D\/H 50 R\u00e4tt att delta i klassen har cyklist som under kalender\u00e5ret fyller l\u00e4gst\u00a050 \u00e5r och innehar Master licens.<\/li>\n<li>D\/H 60 R\u00e4tt att delta i klassen har cyklist som under kalender\u00e5ret fyller l\u00e4gst\u00a060 \u00e5r och innehar Master licens.<\/li>\n<\/ul>\n<h3><strong>Ledartr\u00f6ja<\/strong><\/h3>\n<ul>\n<li>Ledare av SWE Cup i elit- samt juniorklasser ska b\u00e4ra ledartr\u00f6jan. Cyklist som vunnit tv\u00e5 ledartr\u00f6jor samma s\u00e4song kan nekas att f\u00e5 ny ledartr\u00f6ja, s\u00e5vida inte tidigare utdelade tr\u00f6jor skadats, missf\u00e4rgats eller f\u00e5tt permanenta fl\u00e4ckar.<\/li>\n<li>Cyklist som tillh\u00f6r ett UCI-team i den aktuella grenen har r\u00e4tt att trycka lagets logga p\u00e5 fram och baksida av ledartr\u00f6jan. Placering och storlek ska f\u00f6rst godk\u00e4nnas av SCF genom t\u00e4vlingsansvarig.<\/li>\n<\/ul>\n<h3><strong>Po\u00e4ngber\u00e4kning<br \/>\n<\/strong><\/h3>\n<ul>\n<li class=\"BrdtextSwecycling\">Alla som fullf\u00f6ljer en delt\u00e4vling som ing\u00e5r i MTB SWE-Cup XCO\/XCC (SWE Cup Ungdom\/SWE Cup Master) f\u00e5r po\u00e4ng.<\/li>\n<li class=\"BrdtextSwecycling\">I tourerna \u00e4r det den totala slutst\u00e4llningen som ger po\u00e4ng, inga po\u00e4ng ges f\u00f6r enskild gren<s>.<\/s>\u00a0I den totala SWE Cup po\u00e4ngsammanst\u00e4llningen skall de tv\u00e5 s\u00e4msta po\u00e4ngresultaten r\u00e4knas bort efter sista delt\u00e4vlingen.<s><\/s><\/li>\n<li class=\"BrdtextSwecycling\">Po\u00e4ng erh\u00e5lls enligt tabellen nedan. S\u00e4mre placering \u00e4n 66 vid etapplopp f\u00e5r 3 po\u00e4ng var. S\u00e4mre placering \u00e4n 66 vid XCO t\u00e4vling f\u00e5r 1 po\u00e4ng var. S\u00e4mre placering \u00e4n 41 vid XCC t\u00e4vling f\u00e5r 1 po\u00e4ng var.<s><\/s><\/li>\n<\/ul>\n<p>&nbsp;<\/p>\n<table width=\"529\">\n<tbody>\n<tr>\n<td width=\"66\"><\/td>\n<td width=\"161\">Etapplopp<\/td>\n<td width=\"170\">XCO<\/td>\n<td width=\"132\">\u00a0XCC<\/td>\n<\/tr>\n<tr>\n<td width=\"66\">Placering<\/td>\n<td width=\"161\"><\/td>\n<td width=\"170\"><\/td>\n<td width=\"132\"><\/td>\n<\/tr>\n<tr>\n<td width=\"66\"><strong>1<\/strong><\/td>\n<td width=\"161\">375<\/td>\n<td width=\"170\">250<\/td>\n<td width=\"132\">125<\/td>\n<\/tr>\n<tr>\n<td width=\"66\"><strong>2<\/strong><\/td>\n<td width=\"161\">300<\/td>\n<td width=\"170\">200<\/td>\n<td width=\"132\">100<\/td>\n<\/tr>\n<tr>\n<td width=\"66\"><strong>3<\/strong><\/td>\n<td width=\"161\">240<\/td>\n<td width=\"170\">160<\/td>\n<td width=\"132\">80<\/td>\n<\/tr>\n<tr>\n<td width=\"66\"><strong>4<\/strong><\/td>\n<td width=\"161\">225<\/td>\n<td width=\"170\">150<\/td>\n<td width=\"132\">75<\/td>\n<\/tr>\n<tr>\n<td width=\"66\"><strong>5<\/strong><\/td>\n<td width=\"161\">210<\/td>\n<td width=\"170\">140<\/td>\n<td width=\"132\">70<\/td>\n<\/tr>\n<tr>\n<td width=\"66\"><strong>6<\/strong><\/td>\n<td width=\"161\">195<\/td>\n<td width=\"170\">130<\/td>\n<td width=\"132\">65<\/td>\n<\/tr>\n<tr>\n<td width=\"66\"><strong>7<\/strong><\/td>\n<td width=\"161\">180<\/td>\n<td width=\"170\">120<\/td>\n<td width=\"132\">60<\/td>\n<\/tr>\n<tr>\n<td width=\"66\"><strong>8<\/strong><\/td>\n<td width=\"161\">165<\/td>\n<td width=\"170\">110<\/td>\n<td width=\"132\">55<\/td>\n<\/tr>\n<tr>\n<td width=\"66\"><strong>9<\/strong><\/td>\n<td width=\"161\">150<\/td>\n<td width=\"170\">100<\/td>\n<td width=\"132\">50<\/td>\n<\/tr>\n<tr>\n<td width=\"66\"><strong>10<\/strong><\/td>\n<td width=\"161\">140<\/td>\n<td width=\"170\">95<\/td>\n<td width=\"132\">45<\/td>\n<\/tr>\n<tr>\n<td width=\"66\"><strong>11<\/strong><\/td>\n<td width=\"161\">130<\/td>\n<td width=\"170\">90<\/td>\n<td width=\"132\">40<\/td>\n<\/tr>\n<tr>\n<td width=\"66\"><strong>12<\/strong><\/td>\n<td width=\"161\">120<\/td>\n<td width=\"170\">85<\/td>\n<td width=\"132\">35<\/td>\n<\/tr>\n<tr>\n<td width=\"66\"><strong>13<\/strong><\/td>\n<td width=\"161\">110<\/td>\n<td width=\"170\">80<\/td>\n<td width=\"132\">30<\/td>\n<\/tr>\n<tr>\n<td width=\"66\"><strong>14<\/strong><\/td>\n<td width=\"161\">107<\/td>\n<td width=\"170\">78<\/td>\n<td width=\"132\">29<\/td>\n<\/tr>\n<tr>\n<td width=\"66\"><strong>15<\/strong><\/td>\n<td width=\"161\">104<\/td>\n<td width=\"170\">76<\/td>\n<td width=\"132\">28<\/td>\n<\/tr>\n<tr>\n<td width=\"66\"><strong>16<\/strong><\/td>\n<td width=\"161\">101<\/td>\n<td width=\"170\">74<\/td>\n<td width=\"132\">27<\/td>\n<\/tr>\n<tr>\n<td width=\"66\"><strong>17<\/strong><\/td>\n<td width=\"161\">98<\/td>\n<td width=\"170\">72<\/td>\n<td width=\"132\">26<\/td>\n<\/tr>\n<tr>\n<td width=\"66\"><strong>18<\/strong><\/td>\n<td width=\"161\">96<\/td>\n<td width=\"170\">70<\/td>\n<td width=\"132\">25<\/td>\n<\/tr>\n<tr>\n<td width=\"66\"><strong>19<\/strong><\/td>\n<td width=\"161\">92<\/td>\n<td width=\"170\">68<\/td>\n<td width=\"132\">24<\/td>\n<\/tr>\n<tr>\n<td width=\"66\"><strong>20<\/strong><\/td>\n<td width=\"161\">89<\/td>\n<td width=\"170\">66<\/td>\n<td width=\"132\">23<\/td>\n<\/tr>\n<tr>\n<td width=\"66\"><strong>21<\/strong><\/td>\n<td width=\"161\">86<\/td>\n<td width=\"170\">64<\/td>\n<td width=\"132\">22<\/td>\n<\/tr>\n<tr>\n<td width=\"66\"><strong>22<\/strong><\/td>\n<td width=\"161\">83<\/td>\n<td width=\"170\">62<\/td>\n<td width=\"132\">21<\/td>\n<\/tr>\n<tr>\n<td width=\"66\"><strong>23<\/strong><\/td>\n<td width=\"161\">80<\/td>\n<td width=\"170\">60<\/td>\n<td width=\"132\">20<\/td>\n<\/tr>\n<tr>\n<td width=\"66\"><strong>24<\/strong><\/td>\n<td width=\"161\">77<\/td>\n<td width=\"170\">58<\/td>\n<td width=\"132\">19<\/td>\n<\/tr>\n<tr>\n<td width=\"66\"><strong>25<\/strong><\/td>\n<td width=\"161\">74<\/td>\n<td width=\"170\">56<\/td>\n<td width=\"132\">18<\/td>\n<\/tr>\n<tr>\n<td width=\"66\"><strong>26<\/strong><\/td>\n<td width=\"161\">71<\/td>\n<td width=\"170\">54<\/td>\n<td width=\"132\">17<\/td>\n<\/tr>\n<tr>\n<td width=\"66\"><strong>27<\/strong><\/td>\n<td width=\"161\">68<\/td>\n<td width=\"170\">52<\/td>\n<td width=\"132\">16<\/td>\n<\/tr>\n<tr>\n<td width=\"66\"><strong>28<\/strong><\/td>\n<td width=\"161\">65<\/td>\n<td width=\"170\">50<\/td>\n<td width=\"132\">15<\/td>\n<\/tr>\n<tr>\n<td width=\"66\"><strong>29<\/strong><\/td>\n<td width=\"161\">62<\/td>\n<td width=\"170\">48<\/td>\n<td width=\"132\">14<\/td>\n<\/tr>\n<tr>\n<td width=\"66\"><strong>30<\/strong><\/td>\n<td width=\"161\">59<\/td>\n<td width=\"170\">46<\/td>\n<td width=\"132\">13<\/td>\n<\/tr>\n<tr>\n<td width=\"66\"><strong>31<\/strong><\/td>\n<td width=\"161\">56<\/td>\n<td width=\"170\">44<\/td>\n<td width=\"132\">12<\/td>\n<\/tr>\n<tr>\n<td width=\"66\"><strong>32<\/strong><\/td>\n<td width=\"161\">53<\/td>\n<td width=\"170\">42<\/td>\n<td width=\"132\">11<\/td>\n<\/tr>\n<tr>\n<td width=\"66\"><strong>33<\/strong><\/td>\n<td width=\"161\">50<\/td>\n<td width=\"170\">40<\/td>\n<td width=\"132\">10<\/td>\n<\/tr>\n<tr>\n<td width=\"66\"><strong>34<\/strong><\/td>\n<td width=\"161\">47<\/td>\n<td width=\"170\">38<\/td>\n<td width=\"132\">9<\/td>\n<\/tr>\n<tr>\n<td width=\"66\"><strong>35<\/strong><\/td>\n<td width=\"161\">44<\/td>\n<td width=\"170\">36<\/td>\n<td width=\"132\">8<\/td>\n<\/tr>\n<tr>\n<td width=\"66\"><strong>36<\/strong><\/td>\n<td width=\"161\">41<\/td>\n<td width=\"170\">34<\/td>\n<td width=\"132\">7<\/td>\n<\/tr>\n<tr>\n<td width=\"66\"><strong>37<\/strong><\/td>\n<td width=\"161\">38<\/td>\n<td width=\"170\">32<\/td>\n<td width=\"132\">6<\/td>\n<\/tr>\n<tr>\n<td width=\"66\"><strong>38<\/strong><\/td>\n<td width=\"161\">35<\/td>\n<td width=\"170\">30<\/td>\n<td width=\"132\">5<\/td>\n<\/tr>\n<tr>\n<td width=\"66\"><strong>39<\/strong><\/td>\n<td width=\"161\">33<\/td>\n<td width=\"170\">29<\/td>\n<td width=\"132\">4<\/td>\n<\/tr>\n<tr>\n<td width=\"66\"><strong>40<\/strong><\/td>\n<td width=\"161\">31<\/td>\n<td width=\"170\">28<\/td>\n<td width=\"132\">3<\/td>\n<\/tr>\n<tr>\n<td width=\"66\"><strong>41<\/strong><\/td>\n<td width=\"161\">29<\/td>\n<td width=\"170\">27<\/td>\n<td width=\"132\">2<\/td>\n<\/tr>\n<tr>\n<td width=\"66\"><strong>42*<\/strong><\/td>\n<td width=\"161\">27<\/td>\n<td width=\"170\">26<\/td>\n<td width=\"132\">1<\/td>\n<\/tr>\n<tr>\n<td width=\"66\"><strong>43<\/strong><\/td>\n<td width=\"161\">26<\/td>\n<td width=\"170\">25<\/td>\n<td width=\"132\">1<\/td>\n<\/tr>\n<tr>\n<td width=\"66\"><strong>44<\/strong><\/td>\n<td width=\"161\">25<\/td>\n<td width=\"170\">24<\/td>\n<td width=\"132\">1<\/td>\n<\/tr>\n<tr>\n<td width=\"66\"><strong>45<\/strong><\/td>\n<td width=\"161\">24<\/td>\n<td width=\"170\">23<\/td>\n<td width=\"132\">1<\/td>\n<\/tr>\n<tr>\n<td width=\"66\"><strong>46<\/strong><\/td>\n<td width=\"161\">23<\/td>\n<td width=\"170\">22<\/td>\n<td width=\"132\">1<\/td>\n<\/tr>\n<tr>\n<td width=\"66\"><strong>47<\/strong><\/td>\n<td width=\"161\">23<\/td>\n<td width=\"170\">21<\/td>\n<td width=\"132\">1<\/td>\n<\/tr>\n<tr>\n<td width=\"66\"><strong>48<\/strong><\/td>\n<td width=\"161\">21<\/td>\n<td width=\"170\">20<\/td>\n<td width=\"132\">1<\/td>\n<\/tr>\n<tr>\n<td width=\"66\"><strong>49<\/strong><\/td>\n<td width=\"161\">20<\/td>\n<td width=\"170\">19<\/td>\n<td width=\"132\">1<\/td>\n<\/tr>\n<tr>\n<td width=\"66\"><strong>50<\/strong><\/td>\n<td width=\"161\">19<\/td>\n<td width=\"170\">18<\/td>\n<td width=\"132\">1<\/td>\n<\/tr>\n<tr>\n<td width=\"66\"><strong>51<\/strong><\/td>\n<td width=\"161\">18<\/td>\n<td width=\"170\">17<\/td>\n<td width=\"132\">1<\/td>\n<\/tr>\n<tr>\n<td width=\"66\"><strong>52<\/strong><\/td>\n<td width=\"161\">17<\/td>\n<td width=\"170\">16<\/td>\n<td width=\"132\">1<\/td>\n<\/tr>\n<tr>\n<td width=\"66\"><strong>53<\/strong><\/td>\n<td width=\"161\">16<\/td>\n<td width=\"170\">15<\/td>\n<td width=\"132\">1<\/td>\n<\/tr>\n<tr>\n<td width=\"66\"><strong>54<\/strong><\/td>\n<td width=\"161\">15<\/td>\n<td width=\"170\">14<\/td>\n<td width=\"132\">1<\/td>\n<\/tr>\n<tr>\n<td width=\"66\"><strong>55<\/strong><\/td>\n<td width=\"161\">14<\/td>\n<td width=\"170\">13<\/td>\n<td width=\"132\">1<\/td>\n<\/tr>\n<tr>\n<td width=\"66\"><strong>56<\/strong><\/td>\n<td width=\"161\">13<\/td>\n<td width=\"170\">12<\/td>\n<td width=\"132\">1<\/td>\n<\/tr>\n<tr>\n<td width=\"66\"><strong>57<\/strong><\/td>\n<td width=\"161\">12<\/td>\n<td width=\"170\">11<\/td>\n<td width=\"132\">1<\/td>\n<\/tr>\n<tr>\n<td width=\"66\"><strong>58<\/strong><\/td>\n<td width=\"161\">11<\/td>\n<td width=\"170\">10<\/td>\n<td width=\"132\">1<\/td>\n<\/tr>\n<tr>\n<td width=\"66\"><strong>59<\/strong><\/td>\n<td width=\"161\">10<\/td>\n<td width=\"170\">9<\/td>\n<td width=\"132\">1<\/td>\n<\/tr>\n<tr>\n<td width=\"66\"><strong>60*<\/strong><\/td>\n<td width=\"161\">9<\/td>\n<td width=\"170\">8<\/td>\n<td width=\"132\">1<\/td>\n<\/tr>\n<tr>\n<td width=\"66\"><strong>61<\/strong><\/td>\n<td width=\"161\">8<\/td>\n<td width=\"170\">7<\/td>\n<td width=\"132\">1<\/td>\n<\/tr>\n<tr>\n<td width=\"66\"><strong>62<\/strong><\/td>\n<td width=\"161\">7<\/td>\n<td width=\"170\">6<\/td>\n<td width=\"132\">1<\/td>\n<\/tr>\n<tr>\n<td width=\"66\"><strong>63<\/strong><\/td>\n<td width=\"161\">6<\/td>\n<td width=\"170\">5<\/td>\n<td width=\"132\">1<\/td>\n<\/tr>\n<tr>\n<td width=\"66\"><strong>64<\/strong><\/td>\n<td width=\"161\">5<\/td>\n<td width=\"170\">4<\/td>\n<td width=\"132\">1<\/td>\n<\/tr>\n<tr>\n<td width=\"66\"><strong>65<\/strong><\/td>\n<td width=\"161\">4<\/td>\n<td width=\"170\">3<\/td>\n<td width=\"132\">1<\/td>\n<\/tr>\n<tr>\n<td width=\"66\"><strong>66<\/strong><\/td>\n<td width=\"161\">3<\/td>\n<td width=\"170\">2<\/td>\n<td width=\"132\">1<\/td>\n<\/tr>\n<tr>\n<td width=\"66\"><strong>67*<\/strong><\/td>\n<td width=\"161\">3<\/td>\n<td width=\"170\">1<\/td>\n<td width=\"132\">1<\/td>\n<\/tr>\n<tr>\n<td width=\"66\"><strong>68<\/strong><\/td>\n<td width=\"161\">3<\/td>\n<td width=\"170\">1<\/td>\n<td width=\"132\">1<\/td>\n<\/tr>\n<\/tbody>\n<\/table>\n<p>&nbsp;<\/p>\n<p><strong>Anm\u00e4lan<br \/>\n<\/strong>Anm\u00e4lan sker i Sportstiming, avgifter nedan.<\/p>\n<table width=\"400\">\n<tbody>\n<tr>\n<td width=\"64\"><strong>XCO<\/strong><\/td>\n<td width=\"64\">Pris<\/td>\n<td width=\"64\"><strong>XCC<\/strong><\/td>\n<td width=\"64\">Pris<\/td>\n<\/tr>\n<tr>\n<td>9-10<\/td>\n<td>150 kr<\/td>\n<td>9-10<\/td>\n<td>75 kr<\/td>\n<\/tr>\n<tr>\n<td>11-12<\/td>\n<td>150 kr<\/td>\n<td>11-12<\/td>\n<td>75 kr<\/td>\n<\/tr>\n<tr>\n<td>13-14<\/td>\n<td>300 kr<\/td>\n<td>13-14<\/td>\n<td>150 kr<\/td>\n<\/tr>\n<tr>\n<td>15-16<\/td>\n<td>300 kr<\/td>\n<td>15-16<\/td>\n<td>150 kr<\/td>\n<\/tr>\n<tr>\n<td>Junior<\/td>\n<td>350 kr<\/td>\n<td>Junior<\/td>\n<td>175 kr<\/td>\n<\/tr>\n<tr>\n<td>Master<\/td>\n<td>350 kr<\/td>\n<td>Master<\/td>\n<td>175 kr<\/td>\n<\/tr>\n<tr>\n<td>Elit<\/td>\n<td>500 kr<\/td>\n<td>Elit<\/td>\n<td>250 kr<\/td>\n<\/tr>\n<tr>\n<td>Nyb\u00f6rjare<\/td>\n<td>Max 50 kr<\/td>\n<td>Nyb\u00f6rjare<\/td>\n<td>Max 50 kr<\/td>\n<\/tr>\n<\/tbody>\n<\/table>\n<p>Vid etapplopp g\u00e4ller fri priss\u00e4ttning f\u00f6r arrang\u00f6ren.<br \/>\nEfteranm\u00e4lningsavgift 100%.<\/p>\n<p>&nbsp;<\/p>\n<p><a name=\"_Toc69391432\"><\/a><strong>Seedning<\/strong><\/p>\n<p><em>Info kommer<\/em><\/p>\n<p>&nbsp;<\/p>\n<p><a name=\"_Toc69391434\"><\/a><strong>\u00a0<\/strong><strong>Slutpriser SWE Cup:<\/strong><\/p>\n<p>Herrar Elit:\u00a0\u00a0\u00a0\u00a0\u00a0\u00a0\u00a0 1: a 7\u2019000 kr, 2: a 4\u2019000 kr, 3: a 2\u2019500 kr<\/p>\n<p>Damer Elit: \u00a0\u00a0\u00a0\u00a0\u00a0\u00a0 1: a 7\u2019000 kr, 2: a 4\u2019000 kr, 3: a 2\u2019500 kr<\/p>\n<p>Herrar Junior: \u00a0 1: a 3\u2019000 kr, 2: a 2\u2019000 kr, 3: a 1\u2019000 kr<\/p>\n<p>Damer Junior: \u00a0 1: a 3\u2019000 kr, 2: a 2\u2019000 kr, 3: a 1\u2019000 kr<\/p>\n<\/div>\n","protected":false},"excerpt":{"rendered":"<p>T\u00e4vlingskalender f\u00f6r SWE Cup XCO 2026 SWE Cup XCO #1 &#8211; S\u00e4ter 2 maj(XCO) SWE Cup XCO #2 &#8211; Huskvarna 14-16maj(tour) SWE Cup XCO #3-4 &#8211; Sigtuna 13-14 juni(XCO &amp; XCC) SWE Cup XCO #5-6 &#8211; Falun 12-13 juli(XCO &amp; XCC) SWE Cup XCO #7-8 &#8211; Bor\u00e5s 22-23 augusti(XCO &amp; XCC) SWE Cup XCO<a href=\"https:\/\/scf.se\/mountainbike\/swe-cup-xco-xcc-2026\/\" class=\"news-card__more\"> &#8230;<\/a><\/p>\n","protected":false},"author":58,"featured_media":0,"parent":0,"menu_order":0,"comment_status":"closed","ping_status":"closed","template":"","meta":{"_acf_changed":false,"footnotes":""},"class_list":["post-8950","page","type-page","status-publish","hentry"],"acf":[],"_links":{"self":[{"href":"https:\/\/scf.se\/mountainbike\/wp-json\/wp\/v2\/pages\/8950","targetHints":{"allow":["GET"]}}],"collection":[{"href":"https:\/\/scf.se\/mountainbike\/wp-json\/wp\/v2\/pages"}],"about":[{"href":"https:\/\/scf.se\/mountainbike\/wp-json\/wp\/v2\/types\/page"}],"author":[{"embeddable":true,"href":"https:\/\/scf.se\/mountainbike\/wp-json\/wp\/v2\/users\/58"}],"replies":[{"embeddable":true,"href":"https:\/\/scf.se\/mountainbike\/wp-json\/wp\/v2\/comments?post=8950"}],"version-history":[{"count":1,"href":"https:\/\/scf.se\/mountainbike\/wp-json\/wp\/v2\/pages\/8950\/revisions"}],"predecessor-version":[{"id":8951,"href":"https:\/\/scf.se\/mountainbike\/wp-json\/wp\/v2\/pages\/8950\/revisions\/8951"}],"wp:attachment":[{"href":"https:\/\/scf.se\/mountainbike\/wp-json\/wp\/v2\/media?parent=8950"}],"curies":[{"name":"wp","href":"https:\/\/api.w.org\/{rel}","templated":true}]}}