
{"id":819,"date":"2022-01-23T15:11:56","date_gmt":"2022-01-23T14:11:56","guid":{"rendered":"http:\/\/scf.se\/mountainbike\/?page_id=819"},"modified":"2024-02-20T17:03:42","modified_gmt":"2024-02-20T16:03:42","slug":"grengrupp-mountainbike","status":"publish","type":"page","link":"https:\/\/scf.se\/mountainbike\/grengrupp-mountainbike\/","title":{"rendered":"Grengrupp Mountainbike"},"content":{"rendered":"<p>Grengrupperna best\u00e5r av en grupp av m\u00e4nniskor med olika kompetenser och erfarenheter inom respektive gren\/disciplin som har som uppgift att representera och vara med i utvecklingen av sporten. Grengrupperna har en viktig roll bland annat med anpassningar av reglementet f\u00f6r att fortsatt beh\u00e5lla och skapa en attraktiv idrott. Grengruppen kan bara f\u00e5 s\u00e5 stort mandat fr\u00e5n SCF som gruppens engagemangs- och verksamhetsniv\u00e5 \u00e5terspeglar. Svenska Cykelf\u00f6rbundet kommer bara fungera s\u00e5 bra som grengruppen fungerar. Sedan flera \u00e5r tillbaka finns beslut p\u00e5 SCF om att toppstyrningen ska bort och i st\u00e4llet ska mandat skjutas ut till experterna i respektive gren och verksamhetsomr\u00e5de \u2013 exempelvis grengrupperna. Grengrupperna beh\u00f6ver f\u00e5 fortsatt f\u00f6rankring och \u00f6kat engagemang fr\u00e5n ledare, arrang\u00f6rer och cyklister som \u00e4r de som mest naturligt driver p\u00e5 den nationella utvecklingen av sporten. Vi ska dock inte gl\u00f6mma att vi lyder under UCI och RF, vilket g\u00f6r att all utveckling och f\u00f6r\u00e4ndring beh\u00f6ver f\u00f6rankring och konsekvensanalys.<\/p>\n<h4><a href=\"https:\/\/scf.se\/mountainbike\/grengrupp-mountainbike\/grengrupp-xco\/\">Till Grengrupp XCO<\/a><\/h4>\n<h4><a href=\"https:\/\/scf.se\/mountainbike\/grengrupp-xcm\/\">Till Grengrupp XCM<\/a><\/h4>\n<h4><a href=\"https:\/\/scf.se\/mountainbike\/grengrupp-gravity\/\">Till Grengrupp Gravity<\/a><\/h4>\n<p>F\u00f6r att kontakta n\u00e5gon av grengrupperna MTB: <a href=\"mailto:mountainbike@scf.se\">mountainbike@scf.se<\/a><\/p>\n<p>F\u00f6r \u00f6vriga fr\u00e5gor till SCF och kontaktuppgifter inom organisationen, <a href=\"https:\/\/scf.se\/forbundet\/kontakt\">se kontakta SCF<\/a><\/p>\n<p>&nbsp;<\/p>\n","protected":false},"excerpt":{"rendered":"<p>Grengrupperna best\u00e5r av en grupp av m\u00e4nniskor med olika kompetenser och erfarenheter inom respektive gren\/disciplin som har som uppgift att representera och vara med i utvecklingen av sporten. Grengrupperna har en viktig roll bland annat med anpassningar av reglementet f\u00f6r att fortsatt beh\u00e5lla och skapa en attraktiv idrott. Grengruppen kan bara f\u00e5 s\u00e5 stort<a href=\"https:\/\/scf.se\/mountainbike\/grengrupp-mountainbike\/\" class=\"news-card__more\"> &#8230;<\/a><\/p>\n","protected":false},"author":32,"featured_media":0,"parent":0,"menu_order":0,"comment_status":"closed","ping_status":"closed","template":"","meta":{"_acf_changed":false,"footnotes":""},"class_list":["post-819","page","type-page","status-publish","hentry"],"acf":[],"_links":{"self":[{"href":"https:\/\/scf.se\/mountainbike\/wp-json\/wp\/v2\/pages\/819","targetHints":{"allow":["GET"]}}],"collection":[{"href":"https:\/\/scf.se\/mountainbike\/wp-json\/wp\/v2\/pages"}],"about":[{"href":"https:\/\/scf.se\/mountainbike\/wp-json\/wp\/v2\/types\/page"}],"author":[{"embeddable":true,"href":"https:\/\/scf.se\/mountainbike\/wp-json\/wp\/v2\/users\/32"}],"replies":[{"embeddable":true,"href":"https:\/\/scf.se\/mountainbike\/wp-json\/wp\/v2\/comments?post=819"}],"version-history":[{"count":0,"href":"https:\/\/scf.se\/mountainbike\/wp-json\/wp\/v2\/pages\/819\/revisions"}],"wp:attachment":[{"href":"https:\/\/scf.se\/mountainbike\/wp-json\/wp\/v2\/media?parent=819"}],"curies":[{"name":"wp","href":"https:\/\/api.w.org\/{rel}","templated":true}]}}