
{"id":7619,"date":"2026-02-09T11:30:46","date_gmt":"2026-02-09T10:30:46","guid":{"rendered":"https:\/\/scf.se\/mountainbike\/?page_id=7619"},"modified":"2026-02-09T15:25:12","modified_gmt":"2026-02-09T14:25:12","slug":"uttagningskriterier-xco-xcc-landslaget-2025","status":"publish","type":"page","link":"https:\/\/scf.se\/mountainbike\/uttagningskriterier-xco-xcc-landslaget-2025\/","title":{"rendered":"Uttagningskriterier XCO\/XCC 2025"},"content":{"rendered":"<p><strong>Cyklisterna som uppfyller f\u00f6ljande kriterier kan kallas till ett m\u00e4sterskap under MTB-s\u00e4songen 2025. Uttagningarna sker senast tv\u00e5 veckor innan m\u00e4sterskapets start.<\/strong><\/p>\n<p>F\u00f6r att vara aktuell f\u00f6r kommande m\u00e4sterskap s\u00e5 m\u00e5ste resultaten ha gjorts under innevarande s\u00e4song. Resultat som g\u00f6rs under inledningen av s\u00e4songen har mindre vikt \u00e4n de som g\u00f6rs n\u00e4rmare uttagningen eller under uttagningsperiod.<\/p>\n<h3>VM och EM<\/h3>\n<p><strong>Seniorelit<\/strong><\/p>\n<ul>\n<li>T\u00e4vlande i v\u00e4rldscupen med goda resultat under s\u00e4songen<\/li>\n<li>UCI-ranking enligt f\u00f6ljande:<br \/>\n<strong>Herrelit:<\/strong> Topp 80<br \/>\n<strong>Damelit:<\/strong> Topp 40<\/li>\n<\/ul>\n<h3>U23<\/h3>\n<ul>\n<li>T\u00e4vlande i V\u00e4rldscupen eller HC med goda resultat<\/li>\n<li>UCI ranking enligt f\u00f6ljande<br \/>\n<strong>Herrar U23:<\/strong> Topp 50<br \/>\n<strong>Damer U23:<\/strong> Topp 30<\/li>\n<\/ul>\n<h3>Junior<\/h3>\n<ul>\n<li>T\u00e4vlande internationellt i World series med goda resultat \u00e4r meriterande<\/li>\n<li>T\u00e4vlat vid nationellt m\u00e4sterskap och SWE Cup med goda result<\/li>\n<li>Tydlig utvecklingskurva<\/li>\n<li>Tillr\u00e4ckliga tekniska, fysiska och mentala f\u00f6ruts\u00e4ttningar f\u00f6r att hantera internationellt t\u00e4vlande p\u00e5 h\u00f6gsta niv\u00e5<\/li>\n<li>UCI-po\u00e4ng som g\u00f6r en bra startposition m\u00f6jlig<\/li>\n<\/ul>\n","protected":false},"excerpt":{"rendered":"<p>Cyklisterna som uppfyller f\u00f6ljande kriterier kan kallas till ett m\u00e4sterskap under MTB-s\u00e4songen 2025. Uttagningarna sker senast tv\u00e5 veckor innan m\u00e4sterskapets start. F\u00f6r att vara aktuell f\u00f6r kommande m\u00e4sterskap s\u00e5 m\u00e5ste resultaten ha gjorts under innevarande s\u00e4song. Resultat som g\u00f6rs under inledningen av s\u00e4songen har mindre vikt \u00e4n de som g\u00f6rs n\u00e4rmare uttagningen eller under<a href=\"https:\/\/scf.se\/mountainbike\/uttagningskriterier-xco-xcc-landslaget-2025\/\" class=\"news-card__more\"> &#8230;<\/a><\/p>\n","protected":false},"author":41,"featured_media":0,"parent":0,"menu_order":0,"comment_status":"closed","ping_status":"closed","template":"","meta":{"_acf_changed":false,"footnotes":""},"class_list":["post-7619","page","type-page","status-publish","hentry"],"acf":[],"_links":{"self":[{"href":"https:\/\/scf.se\/mountainbike\/wp-json\/wp\/v2\/pages\/7619","targetHints":{"allow":["GET"]}}],"collection":[{"href":"https:\/\/scf.se\/mountainbike\/wp-json\/wp\/v2\/pages"}],"about":[{"href":"https:\/\/scf.se\/mountainbike\/wp-json\/wp\/v2\/types\/page"}],"author":[{"embeddable":true,"href":"https:\/\/scf.se\/mountainbike\/wp-json\/wp\/v2\/users\/41"}],"replies":[{"embeddable":true,"href":"https:\/\/scf.se\/mountainbike\/wp-json\/wp\/v2\/comments?post=7619"}],"version-history":[{"count":10,"href":"https:\/\/scf.se\/mountainbike\/wp-json\/wp\/v2\/pages\/7619\/revisions"}],"predecessor-version":[{"id":9137,"href":"https:\/\/scf.se\/mountainbike\/wp-json\/wp\/v2\/pages\/7619\/revisions\/9137"}],"wp:attachment":[{"href":"https:\/\/scf.se\/mountainbike\/wp-json\/wp\/v2\/media?parent=7619"}],"curies":[{"name":"wp","href":"https:\/\/api.w.org\/{rel}","templated":true}]}}