
{"id":7125,"date":"2025-11-24T07:14:23","date_gmt":"2025-11-24T06:14:23","guid":{"rendered":"https:\/\/scf.se\/mountainbike\/?page_id=7125"},"modified":"2025-12-12T09:14:44","modified_gmt":"2025-12-12T08:14:44","slug":"swe-cup-enduro-2025","status":"publish","type":"page","link":"https:\/\/scf.se\/mountainbike\/swe-cup-enduro-2025\/","title":{"rendered":"SWE Cup Enduro 2025"},"content":{"rendered":"<h3>Slutresultat<\/h3>\n<p>S\u00e5 h\u00e4r blev resultatet i 2025\u00e5rs SWE Cup Enduro: <a href=\"https:\/\/www.sportstiming.se\/event\/15808\/points\">Sportstiming &#8211; SWE Cup Enduro po\u00e4ngsammanst\u00e4llning<\/a> Tack alla deltagare, ledare, funktion\u00e4rer, arrang\u00f6rer och cykelfans som g\u00f6r cupen m\u00f6jlig. Vi ses igen n\u00e4sta \u00e5r!<\/p>\n<hr \/>\n<p>\u00c5rets SWE Cup Enduro kalender blir som nedan.<\/p>\n<p>Anm\u00e4lan till hela serien kan g\u00f6ras <a href=\"https:\/\/www.sportstiming.se\/event\/15833\">h\u00e4r<\/a>, d\u00e4r blir en p\u00e5 k\u00f6pet s\u00e5 man betalar endast f\u00f6r fem.<\/p>\n<ul>\n<li><strong data-bind=\"text: Namn\">SWE Cup Enduro #1 &#8211; Hallands\u00e5sen 26-27 april, <a href=\"https:\/\/www.sportstiming.se\/event\/15808\">Anm\u00e4lan<\/a><\/strong><\/li>\n<li><strong data-bind=\"text: Namn\">SWE Cup Enduro #2 &#8211; Arvika Enduro 6-7 juni, <a href=\"https:\/\/www.sportstiming.se\/event\/15683\">Anm\u00e4lan<\/a><\/strong><\/li>\n<li><strong data-bind=\"text: Namn\">SWE Cup Enduro #3 &#8211; Sunne Enduro 12-13 juli, <a href=\"https:\/\/www.sportstiming.se\/backend\/event\/15809\">Anm\u00e4lan<\/a><\/strong><\/li>\n<li><strong data-bind=\"text: Namn\">SWE Cup Enduro #4 &#8211; Sundsvall 30-31 augusti, <a href=\"https:\/\/www.sportstiming.se\/event\/15810\">Anm\u00e4lan<\/a><\/strong><\/li>\n<li><strong data-bind=\"text: Namn\">SWE Cup Enduro #5 &#8211; Falun 13-14 september, <a href=\"https:\/\/www.sportstiming.se\/event\/15791\">Anm\u00e4lan<\/a><\/strong><\/li>\n<li><strong data-bind=\"text: Namn\">SCF Svenska M\u00e4sterskapen 2025 &amp; SWE Cup Enduro #6 &#8211; Isaberg 27-28 september, <a href=\"https:\/\/www.sportstiming.se\/event\/15863\">Anm\u00e4lan<\/a><\/strong><\/li>\n<\/ul>\n<h3><strong>T\u00e4vlingsklasser och licensguide<\/strong><\/h3>\n<h4>T\u00e4vlingsklasser Enduro<\/h4>\n<p><strong>Pojk\/Flick 13-14 \u00e5r\u00a0&#8211; <\/strong>Licens Youth men\/women, eng\u00e5ngslicens (g\u00e4ller ej p\u00e5 SM).<strong><br \/>\n<\/strong><strong>Pojk\/Flick 15-16 \u00e5r\u00a0&#8211; <\/strong>Licens Youth men\/women, eng\u00e5ngslicens (g\u00e4ller ej p\u00e5 SM).<strong><br \/>\n<\/strong><strong>Junior (17-18 \u00e5r) dam\/herr\u00a0&#8211; <\/strong>Licens Junior men\/women (17-18 \u00e5r), krav p\u00e5 \u00e5rslicens.<strong><br \/>\n<\/strong><strong>T\u00e4vling dam\/herr 19+\u00a0&#8211; <\/strong>Licens Under 23 men\/women (21-22 \u00e5r), Licens Elite men\/women (23+ \u00e5r), krav p\u00e5 \u00e5rslicens.<strong><br \/>\n<\/strong><strong>Masterklass 35+ \u00e5r dam\/herr\u00a0&#8211; <\/strong>Licens Master men\/women, krav p\u00e5 \u00e5rslicens.<strong><br \/>\n<\/strong><strong>Masterklass 45+ \u00e5r herr\u00a0&#8211; <\/strong>Licens Master herr (Endast p\u00e5 SM vid fler \u00e4n tv\u00e5 startande fr\u00e5n tv\u00e5 olika f\u00f6reningar), krav p\u00e5 \u00e5rslicens.<br \/>\n<strong>Sportmotion l\u00e5ng 15+ \u00e5r &#8211; <\/strong>instegst\u00e4vlingsklass, krav p\u00e5 licens vid anm\u00e4lan. Licenser som passar f\u00f6r klassen \u00e4r Motionslicens, eng\u00e5ngslicens eller h\u00f6gre (Ej E-Cycling licens).<br \/>\n<strong>MTB E-Bike Sportmotion\u00a0\u2013 <\/strong>licenskrav som Sportmotion l\u00e5ng.<\/p>\n<p>Cyklister 35 \u00e5r och \u00e4ldre kan v\u00e4lja att teckna elitlicens och t\u00e4vla i t\u00e4vlingsklass i st\u00e4llet f\u00f6r masterklass.<\/p>\n<h4>Motionsklasser Enduro<\/h4>\n<p><strong>Motion kids(kort)<\/strong> (10-14\u00e5r &#8211; deltagande barn 10-12 \u00e5r m\u00e5ste ske i vuxet s\u00e4llskap)<strong><br \/>\n<\/strong><strong>Motion mellan\u00a0&#8211; <\/strong>(Minimi\u00e5lder 13 \u00e5r)<\/p>\n<p>Om licenskrav:<\/p>\n<p>Junior, t\u00e4vlingsklass och masterklass har krav p\u00e5 t\u00e4vlingslicens (\u00e5rslicens). Ungdomsklasserna kan k\u00f6ras med eng\u00e5ngslicens (ej p\u00e5 SM). E-Bike Sportmotion l\u00e5ng kan k\u00f6ras med t\u00e4vlingslicens, motionslicens eller eng\u00e5ngslicens. Cyklister 35 \u00e5r och \u00e4ldre kan v\u00e4lja att teckna elitlicens och t\u00e4vla i t\u00e4vlingsklass ist\u00e4llet f\u00f6r masterklass. F\u00f6r att l\u00f6sa t\u00e4vlingslicens m\u00e5ste du vara medlem i en SCF-ansluten f\u00f6rening, d\u00e4refter kan du sj\u00e4lv ans\u00f6ka om din t\u00e4vlingslicens.<\/p>\n<p>&nbsp;<\/p>\n<p><strong>Po\u00e4ngber\u00e4kning SWE Cup Enduro<\/strong><\/p>\n<table width=\"397\">\n<tbody>\n<tr>\n<td width=\"66\"><\/td>\n<td width=\"161\">SWE Cup delt\u00e4vling<\/td>\n<td width=\"170\">SM om det \u00e4r del av SWE Cup<\/td>\n<\/tr>\n<tr>\n<td width=\"66\"><strong>1<\/strong><\/td>\n<td width=\"161\">520<\/td>\n<td width=\"170\">650<\/td>\n<\/tr>\n<tr>\n<td width=\"66\"><strong>2<\/strong><\/td>\n<td width=\"161\">450<\/td>\n<td width=\"170\">563<\/td>\n<\/tr>\n<tr>\n<td width=\"66\"><strong>3<\/strong><\/td>\n<td width=\"161\">420<\/td>\n<td width=\"170\">525<\/td>\n<\/tr>\n<tr>\n<td width=\"66\"><strong>4<\/strong><\/td>\n<td width=\"161\">400<\/td>\n<td width=\"170\">500<\/td>\n<\/tr>\n<tr>\n<td width=\"66\"><strong>5<\/strong><\/td>\n<td width=\"161\">390<\/td>\n<td width=\"170\">488<\/td>\n<\/tr>\n<tr>\n<td width=\"66\"><strong>6<\/strong><\/td>\n<td width=\"161\">380<\/td>\n<td width=\"170\">475<\/td>\n<\/tr>\n<tr>\n<td width=\"66\"><strong>7<\/strong><\/td>\n<td width=\"161\">370<\/td>\n<td width=\"170\">463<\/td>\n<\/tr>\n<tr>\n<td width=\"66\"><strong>8<\/strong><\/td>\n<td width=\"161\">360<\/td>\n<td width=\"170\">450<\/td>\n<\/tr>\n<tr>\n<td width=\"66\"><strong>9<\/strong><\/td>\n<td width=\"161\">350<\/td>\n<td width=\"170\">438<\/td>\n<\/tr>\n<tr>\n<td width=\"66\"><strong>10<\/strong><\/td>\n<td width=\"161\">340<\/td>\n<td width=\"170\">425<\/td>\n<\/tr>\n<tr>\n<td width=\"66\"><strong>11<\/strong><\/td>\n<td width=\"161\">330<\/td>\n<td width=\"170\">413<\/td>\n<\/tr>\n<tr>\n<td width=\"66\"><strong>12<\/strong><\/td>\n<td width=\"161\">320<\/td>\n<td width=\"170\">400<\/td>\n<\/tr>\n<tr>\n<td width=\"66\"><strong>13<\/strong><\/td>\n<td width=\"161\">310<\/td>\n<td width=\"170\">388<\/td>\n<\/tr>\n<tr>\n<td width=\"66\"><strong>14<\/strong><\/td>\n<td width=\"161\">300<\/td>\n<td width=\"170\">375<\/td>\n<\/tr>\n<tr>\n<td width=\"66\"><strong>15<\/strong><\/td>\n<td width=\"161\">290<\/td>\n<td width=\"170\">363<\/td>\n<\/tr>\n<tr>\n<td width=\"66\"><strong>16<\/strong><\/td>\n<td width=\"161\">280<\/td>\n<td width=\"170\">350<\/td>\n<\/tr>\n<tr>\n<td width=\"66\"><strong>17<\/strong><\/td>\n<td width=\"161\">270<\/td>\n<td width=\"170\">338<\/td>\n<\/tr>\n<tr>\n<td width=\"66\"><strong>18<\/strong><\/td>\n<td width=\"161\">260<\/td>\n<td width=\"170\">325<\/td>\n<\/tr>\n<tr>\n<td width=\"66\"><strong>19<\/strong><\/td>\n<td width=\"161\">250<\/td>\n<td width=\"170\">313<\/td>\n<\/tr>\n<tr>\n<td width=\"66\"><strong>20<\/strong><\/td>\n<td width=\"161\">245<\/td>\n<td width=\"170\">306<\/td>\n<\/tr>\n<tr>\n<td width=\"66\"><strong>21<\/strong><\/td>\n<td width=\"161\">240<\/td>\n<td width=\"170\">300<\/td>\n<\/tr>\n<tr>\n<td width=\"66\"><strong>22<\/strong><\/td>\n<td width=\"161\">235<\/td>\n<td width=\"170\">294<\/td>\n<\/tr>\n<tr>\n<td width=\"66\"><strong>23<\/strong><\/td>\n<td width=\"161\">230<\/td>\n<td width=\"170\">288<\/td>\n<\/tr>\n<tr>\n<td width=\"66\"><strong>24<\/strong><\/td>\n<td width=\"161\">225<\/td>\n<td width=\"170\">281<\/td>\n<\/tr>\n<tr>\n<td width=\"66\"><strong>25<\/strong><\/td>\n<td width=\"161\">220<\/td>\n<td width=\"170\">275<\/td>\n<\/tr>\n<tr>\n<td width=\"66\"><strong>26<\/strong><\/td>\n<td width=\"161\">215<\/td>\n<td width=\"170\">269<\/td>\n<\/tr>\n<tr>\n<td width=\"66\"><strong>27<\/strong><\/td>\n<td width=\"161\">210<\/td>\n<td width=\"170\">263<\/td>\n<\/tr>\n<tr>\n<td width=\"66\"><strong>28<\/strong><\/td>\n<td width=\"161\">205<\/td>\n<td width=\"170\">256<\/td>\n<\/tr>\n<tr>\n<td width=\"66\"><strong>29<\/strong><\/td>\n<td width=\"161\">200<\/td>\n<td width=\"170\">250<\/td>\n<\/tr>\n<tr>\n<td width=\"66\"><strong>30*<\/strong><\/td>\n<td width=\"161\">195<\/td>\n<td width=\"170\">244<\/td>\n<\/tr>\n<tr>\n<td width=\"66\"><strong>31<\/strong><\/td>\n<td width=\"161\">185<\/td>\n<td width=\"170\">231<\/td>\n<\/tr>\n<tr>\n<td width=\"66\"><strong>32<\/strong><\/td>\n<td width=\"161\">180<\/td>\n<td width=\"170\">225<\/td>\n<\/tr>\n<tr>\n<td width=\"66\"><strong>33<\/strong><\/td>\n<td width=\"161\">175<\/td>\n<td width=\"170\">219<\/td>\n<\/tr>\n<tr>\n<td width=\"66\"><strong>34<\/strong><\/td>\n<td width=\"161\">170<\/td>\n<td width=\"170\">213<\/td>\n<\/tr>\n<tr>\n<td width=\"66\"><strong>35<\/strong><\/td>\n<td width=\"161\">165<\/td>\n<td width=\"170\">206<\/td>\n<\/tr>\n<tr>\n<td width=\"66\"><strong>36<\/strong><\/td>\n<td width=\"161\">160<\/td>\n<td width=\"170\">200<\/td>\n<\/tr>\n<tr>\n<td width=\"66\"><strong>37<\/strong><\/td>\n<td width=\"161\">155<\/td>\n<td width=\"170\">194<\/td>\n<\/tr>\n<tr>\n<td width=\"66\"><strong>38<\/strong><\/td>\n<td width=\"161\">150<\/td>\n<td width=\"170\">188<\/td>\n<\/tr>\n<tr>\n<td width=\"66\"><strong>39<\/strong><\/td>\n<td width=\"161\">145<\/td>\n<td width=\"170\">181<\/td>\n<\/tr>\n<tr>\n<td width=\"66\"><strong>40<\/strong><\/td>\n<td width=\"161\">140<\/td>\n<td width=\"170\">175<\/td>\n<\/tr>\n<tr>\n<td width=\"66\"><strong>41<\/strong><\/td>\n<td width=\"161\">135<\/td>\n<td width=\"170\">169<\/td>\n<\/tr>\n<tr>\n<td width=\"66\"><strong>42<\/strong><\/td>\n<td width=\"161\">130<\/td>\n<td width=\"170\">163<\/td>\n<\/tr>\n<tr>\n<td width=\"66\"><strong>43<\/strong><\/td>\n<td width=\"161\">125<\/td>\n<td width=\"170\">156<\/td>\n<\/tr>\n<tr>\n<td width=\"66\"><strong>44<\/strong><\/td>\n<td width=\"161\">123<\/td>\n<td width=\"170\">154<\/td>\n<\/tr>\n<tr>\n<td width=\"66\"><strong>45<\/strong><\/td>\n<td width=\"161\">120<\/td>\n<td width=\"170\">150<\/td>\n<\/tr>\n<tr>\n<td width=\"66\"><strong>46<\/strong><\/td>\n<td width=\"161\">117<\/td>\n<td width=\"170\">146<\/td>\n<\/tr>\n<tr>\n<td width=\"66\"><strong>47<\/strong><\/td>\n<td width=\"161\">115<\/td>\n<td width=\"170\">144<\/td>\n<\/tr>\n<tr>\n<td width=\"66\"><strong>48<\/strong><\/td>\n<td width=\"161\">113<\/td>\n<td width=\"170\">141<\/td>\n<\/tr>\n<tr>\n<td width=\"66\"><strong>49<\/strong><\/td>\n<td width=\"161\">111<\/td>\n<td width=\"170\">139<\/td>\n<\/tr>\n<tr>\n<td width=\"66\"><strong>50<\/strong><\/td>\n<td width=\"161\">109<\/td>\n<td width=\"170\">136<\/td>\n<\/tr>\n<tr>\n<td width=\"66\"><strong>51<\/strong><\/td>\n<td width=\"161\">107<\/td>\n<td width=\"170\">134<\/td>\n<\/tr>\n<tr>\n<td width=\"66\"><strong>52<\/strong><\/td>\n<td width=\"161\">105<\/td>\n<td width=\"170\">131<\/td>\n<\/tr>\n<tr>\n<td width=\"66\"><strong>53<\/strong><\/td>\n<td width=\"161\">103<\/td>\n<td width=\"170\">129<\/td>\n<\/tr>\n<tr>\n<td width=\"66\"><strong>54<\/strong><\/td>\n<td width=\"161\">101<\/td>\n<td width=\"170\">126<\/td>\n<\/tr>\n<tr>\n<td width=\"66\"><strong>55<\/strong><\/td>\n<td width=\"161\">99<\/td>\n<td width=\"170\">124<\/td>\n<\/tr>\n<tr>\n<td width=\"66\"><strong>56<\/strong><\/td>\n<td width=\"161\">97<\/td>\n<td width=\"170\">121<\/td>\n<\/tr>\n<tr>\n<td width=\"66\"><strong>57<\/strong><\/td>\n<td width=\"161\">95<\/td>\n<td width=\"170\">119<\/td>\n<\/tr>\n<tr>\n<td width=\"66\"><strong>58<\/strong><\/td>\n<td width=\"161\">93<\/td>\n<td width=\"170\">116<\/td>\n<\/tr>\n<tr>\n<td width=\"66\"><strong>59<\/strong><\/td>\n<td width=\"161\">91<\/td>\n<td width=\"170\">114<\/td>\n<\/tr>\n<tr>\n<td width=\"66\"><strong>60<\/strong><\/td>\n<td width=\"161\">89<\/td>\n<td width=\"170\">111<\/td>\n<\/tr>\n<tr>\n<td width=\"66\"><strong>61<\/strong><\/td>\n<td width=\"161\">87<\/td>\n<td width=\"170\">109<\/td>\n<\/tr>\n<tr>\n<td width=\"66\"><strong>62<\/strong><\/td>\n<td width=\"161\">85<\/td>\n<td width=\"170\">106<\/td>\n<\/tr>\n<tr>\n<td width=\"66\"><strong>63<\/strong><\/td>\n<td width=\"161\">83<\/td>\n<td width=\"170\">104<\/td>\n<\/tr>\n<tr>\n<td width=\"66\"><strong>64<\/strong><\/td>\n<td width=\"161\">81<\/td>\n<td width=\"170\">101<\/td>\n<\/tr>\n<tr>\n<td width=\"66\"><strong>65<\/strong><\/td>\n<td width=\"161\">79<\/td>\n<td width=\"170\">99<\/td>\n<\/tr>\n<tr>\n<td width=\"66\"><strong>66<\/strong><\/td>\n<td width=\"161\">77<\/td>\n<td width=\"170\">96<\/td>\n<\/tr>\n<tr>\n<td width=\"66\"><strong>67<\/strong><\/td>\n<td width=\"161\">75<\/td>\n<td width=\"170\">94<\/td>\n<\/tr>\n<tr>\n<td width=\"66\"><strong>68<\/strong><\/td>\n<td width=\"161\">73<\/td>\n<td width=\"170\">91<\/td>\n<\/tr>\n<tr>\n<td width=\"66\"><strong>69<\/strong><\/td>\n<td width=\"161\">71<\/td>\n<td width=\"170\">89<\/td>\n<\/tr>\n<tr>\n<td width=\"66\"><strong>70<\/strong><\/td>\n<td width=\"161\">69<\/td>\n<td width=\"170\">86<\/td>\n<\/tr>\n<tr>\n<td width=\"66\"><strong>71<\/strong><\/td>\n<td width=\"161\">67<\/td>\n<td width=\"170\">84<\/td>\n<\/tr>\n<tr>\n<td width=\"66\"><strong>72<\/strong><\/td>\n<td width=\"161\">65<\/td>\n<td width=\"170\">81<\/td>\n<\/tr>\n<tr>\n<td width=\"66\"><strong>73<\/strong><\/td>\n<td width=\"161\">63<\/td>\n<td width=\"170\">79<\/td>\n<\/tr>\n<tr>\n<td width=\"66\"><strong>74<\/strong><\/td>\n<td width=\"161\">61<\/td>\n<td width=\"170\">76<\/td>\n<\/tr>\n<tr>\n<td width=\"66\"><strong>75<\/strong><\/td>\n<td width=\"161\">59<\/td>\n<td width=\"170\">74<\/td>\n<\/tr>\n<tr>\n<td width=\"66\"><strong>76<\/strong><\/td>\n<td width=\"161\">57<\/td>\n<td width=\"170\">71<\/td>\n<\/tr>\n<tr>\n<td width=\"66\"><strong>77<\/strong><\/td>\n<td width=\"161\">55<\/td>\n<td width=\"170\">69<\/td>\n<\/tr>\n<tr>\n<td width=\"66\"><strong>78<\/strong><\/td>\n<td width=\"161\">53<\/td>\n<td width=\"170\">66<\/td>\n<\/tr>\n<tr>\n<td width=\"66\"><strong>79<\/strong><\/td>\n<td width=\"161\">50<\/td>\n<td width=\"170\">63<\/td>\n<\/tr>\n<tr>\n<td width=\"66\"><strong>80<\/strong><\/td>\n<td width=\"161\">47<\/td>\n<td width=\"170\">59<\/td>\n<\/tr>\n<tr>\n<td width=\"66\"><strong>81<\/strong><\/td>\n<td width=\"161\">45<\/td>\n<td width=\"170\">56<\/td>\n<\/tr>\n<tr>\n<td width=\"66\"><strong>82<\/strong><\/td>\n<td width=\"161\">43<\/td>\n<td width=\"170\">54<\/td>\n<\/tr>\n<tr>\n<td width=\"66\"><strong>83<\/strong><\/td>\n<td width=\"161\">40<\/td>\n<td width=\"170\">50<\/td>\n<\/tr>\n<tr>\n<td width=\"66\"><strong>84<\/strong><\/td>\n<td width=\"161\">37<\/td>\n<td width=\"170\">46<\/td>\n<\/tr>\n<tr>\n<td width=\"66\"><strong>85<\/strong><\/td>\n<td width=\"161\">35<\/td>\n<td width=\"170\">44<\/td>\n<\/tr>\n<tr>\n<td width=\"66\"><strong>86<\/strong><\/td>\n<td width=\"161\">33<\/td>\n<td width=\"170\">42<\/td>\n<\/tr>\n<tr>\n<td width=\"66\"><strong>87<\/strong><\/td>\n<td width=\"161\">30<\/td>\n<td width=\"170\">38<\/td>\n<\/tr>\n<tr>\n<td width=\"66\"><strong>88<\/strong><\/td>\n<td width=\"161\">27<\/td>\n<td width=\"170\">34<\/td>\n<\/tr>\n<tr>\n<td width=\"66\"><strong>89<\/strong><\/td>\n<td width=\"161\">26<\/td>\n<td width=\"170\">33<\/td>\n<\/tr>\n<tr>\n<td width=\"66\"><strong>90<\/strong><\/td>\n<td width=\"161\">25<\/td>\n<td width=\"170\">31<\/td>\n<\/tr>\n<tr>\n<td width=\"66\"><strong>91<\/strong><\/td>\n<td width=\"161\">24<\/td>\n<td width=\"170\">30<\/td>\n<\/tr>\n<tr>\n<td width=\"66\"><strong>92<\/strong><\/td>\n<td width=\"161\">23<\/td>\n<td width=\"170\">29<\/td>\n<\/tr>\n<tr>\n<td width=\"66\"><strong>93<\/strong><\/td>\n<td width=\"161\">22<\/td>\n<td width=\"170\">28<\/td>\n<\/tr>\n<tr>\n<td width=\"66\"><strong>94<\/strong><\/td>\n<td width=\"161\">21<\/td>\n<td width=\"170\">26<\/td>\n<\/tr>\n<tr>\n<td width=\"66\"><strong>95<\/strong><\/td>\n<td width=\"161\">20<\/td>\n<td width=\"170\">25<\/td>\n<\/tr>\n<tr>\n<td width=\"66\"><strong>96<\/strong><\/td>\n<td width=\"161\">19<\/td>\n<td width=\"170\">24<\/td>\n<\/tr>\n<tr>\n<td width=\"66\"><strong>97<\/strong><\/td>\n<td width=\"161\">18<\/td>\n<td width=\"170\">23<\/td>\n<\/tr>\n<tr>\n<td width=\"66\"><strong>98<\/strong><\/td>\n<td width=\"161\">17<\/td>\n<td width=\"170\">21<\/td>\n<\/tr>\n<tr>\n<td width=\"66\"><strong>99<\/strong><\/td>\n<td width=\"161\">16<\/td>\n<td width=\"170\">20<\/td>\n<\/tr>\n<tr>\n<td width=\"66\"><strong>100<\/strong><\/td>\n<td width=\"161\">15<\/td>\n<td width=\"170\">19<\/td>\n<\/tr>\n<tr>\n<td width=\"66\"><strong>101<\/strong><\/td>\n<td width=\"161\">14<\/td>\n<td width=\"170\">18<\/td>\n<\/tr>\n<tr>\n<td width=\"66\"><strong>102<\/strong><\/td>\n<td width=\"161\">13<\/td>\n<td width=\"170\">16<\/td>\n<\/tr>\n<tr>\n<td width=\"66\"><strong>103<\/strong><\/td>\n<td width=\"161\">12<\/td>\n<td width=\"170\">15<\/td>\n<\/tr>\n<tr>\n<td width=\"66\"><strong>104<\/strong><\/td>\n<td width=\"161\">11<\/td>\n<td width=\"170\">14<\/td>\n<\/tr>\n<tr>\n<td width=\"66\"><strong>105<\/strong><\/td>\n<td width=\"161\">10<\/td>\n<td width=\"170\">13<\/td>\n<\/tr>\n<tr>\n<td width=\"66\"><strong>106<\/strong><\/td>\n<td width=\"161\">9<\/td>\n<td width=\"170\">11<\/td>\n<\/tr>\n<tr>\n<td width=\"66\"><strong>107<\/strong><\/td>\n<td width=\"161\">8<\/td>\n<td width=\"170\">10<\/td>\n<\/tr>\n<tr>\n<td width=\"66\"><strong>108<\/strong><\/td>\n<td width=\"161\">7<\/td>\n<td width=\"170\">9<\/td>\n<\/tr>\n<tr>\n<td width=\"66\"><strong>109<\/strong><\/td>\n<td width=\"161\">6<\/td>\n<td width=\"170\">8<\/td>\n<\/tr>\n<tr>\n<td width=\"66\"><strong>110<\/strong><\/td>\n<td width=\"161\">5<\/td>\n<td width=\"170\">6<\/td>\n<\/tr>\n<tr>\n<td width=\"66\"><strong>111<\/strong><\/td>\n<td width=\"161\">4<\/td>\n<td width=\"170\">5<\/td>\n<\/tr>\n<tr>\n<td width=\"66\"><strong>112<\/strong><\/td>\n<td width=\"161\">3<\/td>\n<td width=\"170\">4<\/td>\n<\/tr>\n<tr>\n<td width=\"66\"><strong>113*<\/strong><\/td>\n<td width=\"161\">2<\/td>\n<td width=\"170\">3<\/td>\n<\/tr>\n<tr>\n<td width=\"66\"><strong>114<\/strong><\/td>\n<td width=\"161\">1<\/td>\n<td width=\"170\">2<\/td>\n<\/tr>\n<tr>\n<td width=\"66\"><strong>115 osv.<\/strong><\/td>\n<td width=\"161\">1<\/td>\n<td width=\"170\">1<\/td>\n<\/tr>\n<\/tbody>\n<\/table>\n<p>&nbsp;<\/p>\n<p><strong>Total Cupsammanst\u00e4llning<\/strong><\/p>\n<p>Alla SWE Cup delt\u00e4vlingars po\u00e4ng r\u00e4knas ihop och en delt\u00e4vling r\u00e4knas bort i totalen. Efter varje delt\u00e4vling s\u00e5 kommer en SWE Cup st\u00e4llning tas fram och publiceras p\u00e5 arrang\u00f6rens info sida samt SCF:s sida.<\/p>\n<p><strong>Slutpriser SWE Cup Enduro 2025<\/strong><\/p>\n<p>Vinnare m\u00e5ste meddela namn och klubb samt klubbens kontonummer f\u00f6r utbetalning. (f\u00f6r utbetalning av slutpriser s\u00e5 m\u00e5ste vinnarna deltagit i minst 3 delt\u00e4vlingar under s\u00e4songen)<\/p>\n<table width=\"0\">\n<tbody>\n<tr>\n<td width=\"93\">Placering<\/td>\n<td width=\"74\"><strong>Elit Dam<\/strong><\/td>\n<td width=\"74\"><strong>Elit Herr<\/strong><\/td>\n<td width=\"88\"><strong>Junior Dam<\/strong><\/td>\n<td width=\"74\"><strong>Junior Herr<\/strong><\/td>\n<\/tr>\n<tr>\n<td>1:a<\/td>\n<td>7000 kr<\/td>\n<td>7000 kr<\/td>\n<td>3000 kr<\/td>\n<td>3000 kr<\/td>\n<\/tr>\n<tr>\n<td>2:a<\/td>\n<td>4000 kr<\/td>\n<td>4000 kr<\/td>\n<td>2000 kr<\/td>\n<td>2000 kr<\/td>\n<\/tr>\n<tr>\n<td>3:a<\/td>\n<td>2500 kr<\/td>\n<td>2500 kr<\/td>\n<td>1000 kr<\/td>\n<td>1000 kr<\/td>\n<\/tr>\n<\/tbody>\n<\/table>\n","protected":false},"excerpt":{"rendered":"<p>Slutresultat S\u00e5 h\u00e4r blev resultatet i 2025\u00e5rs SWE Cup Enduro: Sportstiming &#8211; SWE Cup Enduro po\u00e4ngsammanst\u00e4llning Tack alla deltagare, ledare, funktion\u00e4rer, arrang\u00f6rer och cykelfans som g\u00f6r cupen m\u00f6jlig. Vi ses igen n\u00e4sta \u00e5r! \u00c5rets SWE Cup Enduro kalender blir som nedan. Anm\u00e4lan till hela serien kan g\u00f6ras h\u00e4r, d\u00e4r blir en p\u00e5 k\u00f6pet s\u00e5<a href=\"https:\/\/scf.se\/mountainbike\/swe-cup-enduro-2025\/\" class=\"news-card__more\"> &#8230;<\/a><\/p>\n","protected":false},"author":58,"featured_media":0,"parent":0,"menu_order":0,"comment_status":"closed","ping_status":"closed","template":"","meta":{"_acf_changed":false,"footnotes":""},"class_list":["post-7125","page","type-page","status-publish","hentry"],"acf":[],"_links":{"self":[{"href":"https:\/\/scf.se\/mountainbike\/wp-json\/wp\/v2\/pages\/7125","targetHints":{"allow":["GET"]}}],"collection":[{"href":"https:\/\/scf.se\/mountainbike\/wp-json\/wp\/v2\/pages"}],"about":[{"href":"https:\/\/scf.se\/mountainbike\/wp-json\/wp\/v2\/types\/page"}],"author":[{"embeddable":true,"href":"https:\/\/scf.se\/mountainbike\/wp-json\/wp\/v2\/users\/58"}],"replies":[{"embeddable":true,"href":"https:\/\/scf.se\/mountainbike\/wp-json\/wp\/v2\/comments?post=7125"}],"version-history":[{"count":20,"href":"https:\/\/scf.se\/mountainbike\/wp-json\/wp\/v2\/pages\/7125\/revisions"}],"predecessor-version":[{"id":8990,"href":"https:\/\/scf.se\/mountainbike\/wp-json\/wp\/v2\/pages\/7125\/revisions\/8990"}],"wp:attachment":[{"href":"https:\/\/scf.se\/mountainbike\/wp-json\/wp\/v2\/media?parent=7125"}],"curies":[{"name":"wp","href":"https:\/\/api.w.org\/{rel}","templated":true}]}}