
{"id":4901,"date":"2024-06-25T10:08:14","date_gmt":"2024-06-25T08:08:14","guid":{"rendered":"https:\/\/scf.se\/mountainbike\/?page_id=4901"},"modified":"2024-06-25T11:06:28","modified_gmt":"2024-06-25T09:06:28","slug":"swe-cup-downhill-2024","status":"publish","type":"page","link":"https:\/\/scf.se\/mountainbike\/swe-cup-downhill-2024\/","title":{"rendered":"SWE Cup Downhill 2024"},"content":{"rendered":"<p>Nytt f\u00f6r 2024 \u00e4r att det kommer arrangeras en SWE Cup downhill, f\u00f6ljande t\u00e4vlingar \u00e4r klara.<\/p>\n<ul>\n<li><span data-contrast=\"none\"><strong>\u00c5re:<\/strong> 6\u20137 Juli, anm\u00e4lan h\u00e4r: <a href=\"https:\/\/gravityseries.se\/events\/swecup-dh-1\/\">SweCup Downhill #1 \u2013 \u00c5RE \u2013 Gravity Series<\/a>\u00a0<\/span><\/li>\n<li><span data-contrast=\"none\"><strong>Vall\u00e5sen:<\/strong> 24\u201325 Augusti, anm\u00e4lan h\u00e4r: <a href=\"https:\/\/gravityseries.se\/events\/swecup-dh-2\/\">SweCup Downhill #2 \u2013 Vall\u00e5sen \u2013 Gravity Series<\/a>\u00a0<\/span><\/li>\n<li><span data-contrast=\"none\"><strong>J\u00e4rvs\u00f6<\/strong>: 5\u20136 oktober, anm\u00e4lan h\u00e4r: <a href=\"https:\/\/gravityseries.se\/events\/swecup-dh-1-839\/\">SweCup Downhill #3 \u2013 J\u00e4rvs\u00f6 \u2013 Gravity Series<\/a>\u00a0<\/span><\/li>\n<\/ul>\n<p>Po\u00e4ng f\u00f6r SWE Cup, f\u00f6r varje delt\u00e4vling kan man f\u00e5 f\u00f6ljande po\u00e4ng:<\/p>\n<table style=\"height: 1544px;\" width=\"576\">\n<tbody>\n<tr>\n<td width=\"66\"><\/td>\n<td width=\"161\"><\/td>\n<td width=\"170\"><\/td>\n<\/tr>\n<tr>\n<td width=\"66\">Placering<\/td>\n<td width=\"161\">Kval<\/td>\n<td width=\"170\">T\u00e4vling<\/td>\n<\/tr>\n<tr>\n<td width=\"66\"><strong>1<\/strong><\/td>\n<td width=\"161\">60<\/td>\n<td width=\"170\">160<\/td>\n<\/tr>\n<tr>\n<td width=\"66\"><strong>2<\/strong><\/td>\n<td width=\"161\">50<\/td>\n<td width=\"170\">130<\/td>\n<\/tr>\n<tr>\n<td width=\"66\"><strong>3<\/strong><\/td>\n<td width=\"161\">43<\/td>\n<td width=\"170\">110<\/td>\n<\/tr>\n<tr>\n<td width=\"66\"><strong>4<\/strong><\/td>\n<td width=\"161\">38<\/td>\n<td width=\"170\">95<\/td>\n<\/tr>\n<tr>\n<td width=\"66\"><strong>5<\/strong><\/td>\n<td width=\"161\">35<\/td>\n<td width=\"170\">85<\/td>\n<\/tr>\n<tr>\n<td width=\"66\"><strong>6<\/strong><\/td>\n<td width=\"161\">32<\/td>\n<td width=\"170\">75<\/td>\n<\/tr>\n<tr>\n<td width=\"66\"><strong>7<\/strong><\/td>\n<td width=\"161\">30<\/td>\n<td width=\"170\">70<\/td>\n<\/tr>\n<tr>\n<td width=\"66\"><strong>8<\/strong><\/td>\n<td width=\"161\">28<\/td>\n<td width=\"170\">65<\/td>\n<\/tr>\n<tr>\n<td width=\"66\"><strong>9<\/strong><\/td>\n<td width=\"161\">26<\/td>\n<td width=\"170\">60<\/td>\n<\/tr>\n<tr>\n<td width=\"66\"><strong>10<\/strong><\/td>\n<td width=\"161\">24<\/td>\n<td width=\"170\">55<\/td>\n<\/tr>\n<tr>\n<td width=\"66\"><strong>11<\/strong><\/td>\n<td width=\"161\">22<\/td>\n<td width=\"170\">50<\/td>\n<\/tr>\n<tr>\n<td width=\"66\"><strong>12<\/strong><\/td>\n<td width=\"161\">20<\/td>\n<td width=\"170\">48<\/td>\n<\/tr>\n<tr>\n<td width=\"66\"><strong>13<\/strong><\/td>\n<td width=\"161\">18<\/td>\n<td width=\"170\">46<\/td>\n<\/tr>\n<tr>\n<td width=\"66\"><strong>14<\/strong><\/td>\n<td width=\"161\">17<\/td>\n<td width=\"170\">44<\/td>\n<\/tr>\n<tr>\n<td width=\"66\"><strong>15<\/strong><\/td>\n<td width=\"161\">16<\/td>\n<td width=\"170\">42<\/td>\n<\/tr>\n<tr>\n<td width=\"66\"><strong>16<\/strong><\/td>\n<td width=\"161\">15<\/td>\n<td width=\"170\">40<\/td>\n<\/tr>\n<tr>\n<td width=\"66\"><strong>17<\/strong><\/td>\n<td width=\"161\">14<\/td>\n<td width=\"170\">38<\/td>\n<\/tr>\n<tr>\n<td width=\"66\"><strong>18<\/strong><\/td>\n<td width=\"161\">13<\/td>\n<td width=\"170\">36<\/td>\n<\/tr>\n<tr>\n<td width=\"66\"><strong>19<\/strong><\/td>\n<td width=\"161\">12<\/td>\n<td width=\"170\">34<\/td>\n<\/tr>\n<tr>\n<td width=\"66\"><strong>20<\/strong><\/td>\n<td width=\"161\">11<\/td>\n<td width=\"170\">32<\/td>\n<\/tr>\n<tr>\n<td width=\"66\"><strong>21<\/strong><\/td>\n<td width=\"161\">10<\/td>\n<td width=\"170\">30<\/td>\n<\/tr>\n<tr>\n<td width=\"66\"><strong>22<\/strong><\/td>\n<td width=\"161\">9<\/td>\n<td width=\"170\">29<\/td>\n<\/tr>\n<tr>\n<td width=\"66\"><strong>23<\/strong><\/td>\n<td width=\"161\">8<\/td>\n<td width=\"170\">28<\/td>\n<\/tr>\n<tr>\n<td width=\"66\"><strong>24<\/strong><\/td>\n<td width=\"161\">7<\/td>\n<td width=\"170\">27<\/td>\n<\/tr>\n<tr>\n<td width=\"66\"><strong>25<\/strong><\/td>\n<td width=\"161\">6<\/td>\n<td width=\"170\">26<\/td>\n<\/tr>\n<tr>\n<td width=\"66\"><strong>26<\/strong><\/td>\n<td width=\"161\">5<\/td>\n<td width=\"170\">25<\/td>\n<\/tr>\n<tr>\n<td width=\"66\"><strong>27<\/strong><\/td>\n<td width=\"161\">4<\/td>\n<td width=\"170\">24<\/td>\n<\/tr>\n<tr>\n<td width=\"66\"><strong>28<\/strong><\/td>\n<td width=\"161\">3<\/td>\n<td width=\"170\">23<\/td>\n<\/tr>\n<tr>\n<td width=\"66\"><strong>29<\/strong><\/td>\n<td width=\"161\">2<\/td>\n<td width=\"170\">22<\/td>\n<\/tr>\n<tr>\n<td width=\"66\"><strong>30<\/strong><\/td>\n<td width=\"161\">1<\/td>\n<td width=\"170\">21<\/td>\n<\/tr>\n<tr>\n<td width=\"66\"><strong>31<\/strong><\/td>\n<td width=\"161\">0<\/td>\n<td width=\"170\">20<\/td>\n<\/tr>\n<tr>\n<td width=\"66\"><strong>32<\/strong><\/td>\n<td width=\"161\">0<\/td>\n<td width=\"170\">19<\/td>\n<\/tr>\n<tr>\n<td width=\"66\"><strong>33<\/strong><\/td>\n<td width=\"161\">0<\/td>\n<td width=\"170\">18<\/td>\n<\/tr>\n<tr>\n<td width=\"66\"><strong>34<\/strong><\/td>\n<td width=\"161\">0<\/td>\n<td width=\"170\">17<\/td>\n<\/tr>\n<tr>\n<td width=\"66\"><strong>35<\/strong><\/td>\n<td width=\"161\">0<\/td>\n<td width=\"170\">16<\/td>\n<\/tr>\n<tr>\n<td width=\"66\"><strong>36<\/strong><\/td>\n<td width=\"161\">0<\/td>\n<td width=\"170\">15<\/td>\n<\/tr>\n<tr>\n<td width=\"66\"><strong>37<\/strong><\/td>\n<td width=\"161\">0<\/td>\n<td width=\"170\">14<\/td>\n<\/tr>\n<tr>\n<td width=\"66\"><strong>38<\/strong><\/td>\n<td width=\"161\">0<\/td>\n<td width=\"170\">13<\/td>\n<\/tr>\n<tr>\n<td width=\"66\"><strong>39<\/strong><\/td>\n<td width=\"161\">0<\/td>\n<td width=\"170\">12<\/td>\n<\/tr>\n<tr>\n<td width=\"66\"><strong>40<\/strong><\/td>\n<td width=\"161\">0<\/td>\n<td width=\"170\">11<\/td>\n<\/tr>\n<tr>\n<td width=\"66\"><strong>41<\/strong><\/td>\n<td width=\"161\">0<\/td>\n<td width=\"170\">10<\/td>\n<\/tr>\n<tr>\n<td width=\"66\"><strong>42<\/strong><\/td>\n<td width=\"161\">0<\/td>\n<td width=\"170\">9<\/td>\n<\/tr>\n<tr>\n<td width=\"66\"><strong>43<\/strong><\/td>\n<td width=\"161\">0<\/td>\n<td width=\"170\">8<\/td>\n<\/tr>\n<tr>\n<td width=\"66\"><strong>44<\/strong><\/td>\n<td width=\"161\">0<\/td>\n<td width=\"170\">7<\/td>\n<\/tr>\n<tr>\n<td width=\"66\"><strong>45<\/strong><\/td>\n<td width=\"161\">0<\/td>\n<td width=\"170\">6<\/td>\n<\/tr>\n<tr>\n<td width=\"66\"><strong>46<\/strong><\/td>\n<td width=\"161\">0<\/td>\n<td width=\"170\">5<\/td>\n<\/tr>\n<tr>\n<td width=\"66\"><strong>47<\/strong><\/td>\n<td width=\"161\">0<\/td>\n<td width=\"170\">4<\/td>\n<\/tr>\n<tr>\n<td width=\"66\"><strong>48<\/strong><\/td>\n<td width=\"161\">0<\/td>\n<td width=\"170\">3<\/td>\n<\/tr>\n<tr>\n<td width=\"66\"><strong>49<\/strong><\/td>\n<td width=\"161\">0<\/td>\n<td width=\"170\">2<\/td>\n<\/tr>\n<tr>\n<td width=\"66\"><strong>50osv<\/strong><\/td>\n<td width=\"161\">0<\/td>\n<td width=\"170\">1<\/td>\n<\/tr>\n<\/tbody>\n<\/table>\n","protected":false},"excerpt":{"rendered":"<p>Nytt f\u00f6r 2024 \u00e4r att det kommer arrangeras en SWE Cup downhill, f\u00f6ljande t\u00e4vlingar \u00e4r klara. \u00c5re: 6\u20137 Juli, anm\u00e4lan h\u00e4r: SweCup Downhill #1 \u2013 \u00c5RE \u2013 Gravity Series\u00a0 Vall\u00e5sen: 24\u201325 Augusti, anm\u00e4lan h\u00e4r: SweCup Downhill #2 \u2013 Vall\u00e5sen \u2013 Gravity Series\u00a0 J\u00e4rvs\u00f6: 5\u20136 oktober, anm\u00e4lan h\u00e4r: SweCup Downhill #3 \u2013 J\u00e4rvs\u00f6 \u2013 Gravity<a href=\"https:\/\/scf.se\/mountainbike\/swe-cup-downhill-2024\/\" class=\"news-card__more\"> &#8230;<\/a><\/p>\n","protected":false},"author":58,"featured_media":0,"parent":0,"menu_order":0,"comment_status":"closed","ping_status":"closed","template":"","meta":{"_acf_changed":false,"footnotes":""},"class_list":["post-4901","page","type-page","status-publish","hentry"],"acf":[],"_links":{"self":[{"href":"https:\/\/scf.se\/mountainbike\/wp-json\/wp\/v2\/pages\/4901","targetHints":{"allow":["GET"]}}],"collection":[{"href":"https:\/\/scf.se\/mountainbike\/wp-json\/wp\/v2\/pages"}],"about":[{"href":"https:\/\/scf.se\/mountainbike\/wp-json\/wp\/v2\/types\/page"}],"author":[{"embeddable":true,"href":"https:\/\/scf.se\/mountainbike\/wp-json\/wp\/v2\/users\/58"}],"replies":[{"embeddable":true,"href":"https:\/\/scf.se\/mountainbike\/wp-json\/wp\/v2\/comments?post=4901"}],"version-history":[{"count":4,"href":"https:\/\/scf.se\/mountainbike\/wp-json\/wp\/v2\/pages\/4901\/revisions"}],"predecessor-version":[{"id":5890,"href":"https:\/\/scf.se\/mountainbike\/wp-json\/wp\/v2\/pages\/4901\/revisions\/5890"}],"wp:attachment":[{"href":"https:\/\/scf.se\/mountainbike\/wp-json\/wp\/v2\/media?parent=4901"}],"curies":[{"name":"wp","href":"https:\/\/api.w.org\/{rel}","templated":true}]}}