
{"id":4836,"date":"2024-09-16T11:48:17","date_gmt":"2024-09-16T09:48:17","guid":{"rendered":"https:\/\/scf.se\/mountainbike\/?page_id=4836"},"modified":"2024-09-16T11:49:28","modified_gmt":"2024-09-16T09:49:28","slug":"swe-cup-xco-2024","status":"publish","type":"page","link":"https:\/\/scf.se\/mountainbike\/swe-cup-xco-2024\/","title":{"rendered":"SWE Cup XCO\/XCC 2024"},"content":{"rendered":"<p>SWE Cup XCO kommer under 2024 inneh\u00e5lla 8 t\u00e4vlingshelger fr\u00e5n idel erfarna arrang\u00f6rer.<\/p>\n<div class=\"single-card__title\">\n<h3>SWE Cup XCO\/XCC 2024<\/h3>\n<\/div>\n<p>Resultat SWE Cup XCO\/XCC 2024<br \/>\n<a href=\"https:\/\/scf.se\/mountainbike\/wp-content\/uploads\/sites\/6\/2024\/09\/SWECup2024-Herrar-Elit.pdf\">Herrar Elit<\/a><br \/>\n<a href=\"https:\/\/scf.se\/mountainbike\/wp-content\/uploads\/sites\/6\/2024\/09\/SWECup2024-Damer-Elit.pdf\">Damer Elit<\/a><br \/>\n<a href=\"https:\/\/scf.se\/mountainbike\/wp-content\/uploads\/sites\/6\/2024\/09\/SWECup2024-Herrar-Junior.pdf\">Herrar Junior\u00a0<\/a><br \/>\n<a href=\"https:\/\/scf.se\/mountainbike\/wp-content\/uploads\/sites\/6\/2024\/09\/SWECup2024-Damer-junior.pdf\">Damer Junior<\/a><br \/>\n<a href=\"https:\/\/scf.se\/mountainbike\/wp-content\/uploads\/sites\/6\/2024\/09\/SWECup2024-P-15-16.pdf\">P 15\/16<\/a><br \/>\n<a href=\"https:\/\/scf.se\/mountainbike\/wp-content\/uploads\/sites\/6\/2024\/09\/SWECup2024-F-15-16.pdf\">F 15\/16<\/a><br \/>\n<a href=\"https:\/\/scf.se\/mountainbike\/wp-content\/uploads\/sites\/6\/2024\/09\/SWECup2024-P-13-14.pdf\">P 13\/14<\/a><br \/>\n<a href=\"https:\/\/scf.se\/mountainbike\/wp-content\/uploads\/sites\/6\/2024\/09\/SWECup2024-F-13-14.pdf\">F 13\/14<\/a><br \/>\n<a href=\"https:\/\/scf.se\/mountainbike\/wp-content\/uploads\/sites\/6\/2024\/09\/SWECup2024-H30.pdf\">Herrar 30<\/a><br \/>\n<a href=\"https:\/\/scf.se\/mountainbike\/wp-content\/uploads\/sites\/6\/2024\/09\/SWECup2024-H40.pdf\">Herrar 40<\/a><br \/>\n<a href=\"https:\/\/scf.se\/mountainbike\/wp-content\/uploads\/sites\/6\/2024\/09\/SWECup2024-H50.pdf\">Herrar 50<\/a><br \/>\n<a href=\"https:\/\/scf.se\/mountainbike\/wp-content\/uploads\/sites\/6\/2024\/09\/SWECup2024-H60.pdf\">Herrar 60<\/a><br \/>\n<a href=\"https:\/\/scf.se\/mountainbike\/wp-content\/uploads\/sites\/6\/2024\/09\/SWECup2024-D30.pdf\">Damer 30<\/a><br \/>\n<a href=\"https:\/\/scf.se\/mountainbike\/wp-content\/uploads\/sites\/6\/2024\/09\/SWECup2024-D40.pdf\">Damer 40<\/a><br \/>\n<a href=\"https:\/\/scf.se\/mountainbike\/wp-content\/uploads\/sites\/6\/2024\/09\/SWECup2024-D50.pdf\">Damer 50<\/a><br \/>\n<a href=\"https:\/\/scf.se\/mountainbike\/wp-content\/uploads\/sites\/6\/2024\/09\/SWECup2024-D60.pdf\">Damer 60<\/a><\/p>\n<ul>\n<li><strong>SWE Cup #1:<\/strong> 27 april, Klippingracet S\u00e4ter XCO.<\/li>\n<li><strong>SWE Cup #2, #3:<\/strong> 11\u201312 maj Bor\u00e5s, XCO UCI C3 och XCC UCI C3. <a href=\"https:\/\/www.sportstiming.se\/event\/14161\"><em><strong>Info och anm\u00e4lan h\u00e4r!<\/strong><\/em><\/a><\/li>\n<li><strong>SWE Cup #4<\/strong>: 19 maj, G\u00f6teborg XCO UCI C1. <a href=\"https:\/\/www.sportstiming.se\/event\/14029\"><em><strong>Info och anm\u00e4lan h\u00e4r!<\/strong><\/em><\/a><\/li>\n<li><strong>SWE Cup #5:<\/strong> 24\u201326 maj, Huskvarna Tour UCI C2 (TT, XCO, XCC d\u00e4r man m\u00e5ste k\u00f6ra alla f\u00f6r att f\u00e5 po\u00e4ng i SWE Cup)<em>. <\/em><a href=\"https:\/\/www.sportstiming.se\/event\/13879\"><em><strong>Info och anm\u00e4lan h\u00e4r!<\/strong><\/em><\/a><\/li>\n<li><strong>SWE Cup #6, #7:<\/strong> 1\u20132 juni, Falun, XCO UCI C2 och XCC UCI C3.<\/li>\n<li><strong>SWE Cup # 8:<\/strong> 7\u20139 juni, Borl\u00e4nge Tour UCI C2(TT, XCO, XCC d\u00e4r man m\u00e5ste k\u00f6ra alla f\u00f6r att f\u00e5 po\u00e4ng i SWE Cup). <a href=\"https:\/\/www.sportstiming.se\/event\/13961\"><em><strong>Info och anm\u00e4lan h\u00e4r!<\/strong><\/em><\/a><\/li>\n<li><strong>SWE Cup #9:<\/strong> 25 augusti, Sigtuna XCO.<\/li>\n<li><strong>SWE Cup #10, #11:<\/strong> 14\u201315 september, Hallbyrundan J\u00f6nk\u00f6ping XCO UCI C2 och XCC UCI C3.<\/li>\n<\/ul>\n<p>Nytt f\u00f6r i \u00e5r \u00e4r att vi \u00e4ndrat lite i po\u00e4ngr\u00e4kningen, vi har dragit ner antalet po\u00e4ng i de tv\u00e5 tourerna, Huskvarna och Borl\u00e4nge, s\u00e5 att man kan f\u00e5 samma totalpo\u00e4ng som i de delt\u00e4vlingar som k\u00f6r XCO och XCC, totalt 375 po\u00e4ng.<br \/>\nMan f\u00e5r ocks\u00e5 i totalsammanst\u00e4llningen r\u00e4kna bort sitt s\u00e4msta XCO och XCC resultat.<\/p>\n<p>&nbsp;<\/p>\n<p><strong>Klasser SWE Cup XCO<br \/>\n<\/strong>Herrar Elit, \u00e4r \u00f6ppen f\u00f6r cyklister som innehar U23- eller Elitlicens.<br \/>\nDamer Elit, \u00e4r \u00f6ppen f\u00f6r cyklister som innehar Dam Elit och Dam U23 licens.<br \/>\nHerr Juniorer, \u00e4r \u00f6ppen f\u00f6r cyklister som innehar juniorlicens.<br \/>\nDam Juniorer, \u00e4r \u00f6ppen f\u00f6r cyklister med dam juniorlicens.<\/p>\n<p><strong>Klasser Ungdoms Cup<br \/>\n<\/strong>P\/F 15-16 \u00e4r \u00f6ppen f\u00f6r cyklister som innehar t\u00e4vlingslicens eller tecknar eng\u00e5ngslicens vid\u00a0t\u00e4vlingstillf\u00e4llet.<br \/>\nP\/F 13-14 \u00e4r \u00f6ppen f\u00f6r cyklister som innehar t\u00e4vlingslicens eller tecknar eng\u00e5ngslicens vid\u00a0t\u00e4vlingstillf\u00e4llet.<\/p>\n<p><strong>Klasser Master Cup<br \/>\n<\/strong>D\/H 30 R\u00e4tt att delta i klassen har cyklist som under kalender\u00e5ret fyller l\u00e4gst\u00a030 \u00e5r och innehar Master licens.<br \/>\nD\/H 40 R\u00e4tt att delta i klassen har cyklist som under kalender\u00e5ret fyller l\u00e4gst\u00a040 \u00e5r och innehar Master licens.<br \/>\nD\/H 50 R\u00e4tt att delta i klassen har cyklist som under kalender\u00e5ret fyller l\u00e4gst\u00a050 \u00e5r och innehar Master licens.<br \/>\nD\/H 60 R\u00e4tt att delta i klassen har cyklist som under kalender\u00e5ret fyller l\u00e4gst\u00a060 \u00e5r och innehar Master licens.<\/p>\n<p><strong>Ledartr\u00f6ja<\/strong><br \/>\nLedare av SWE Cup i elit- samt juniorklasser ska b\u00e4ra ledartr\u00f6jan. Cyklist som vunnit tv\u00e5 ledartr\u00f6jor samma s\u00e4song kan nekas att f\u00e5 ny ledartr\u00f6ja, s\u00e5vida inte tidigare utdelade tr\u00f6jor skadats, missf\u00e4rgats eller f\u00e5tt permanenta fl\u00e4ckar. Cyklist som tillh\u00f6r ett UCI-team i den aktuella grenen har r\u00e4tt att trycka lagets logga p\u00e5 fram och baksida av ledartr\u00f6jan. Placering och storlek ska f\u00f6rst godk\u00e4nnas av SCF genom t\u00e4vlingsansvarig.<\/p>\n<p><strong>Po\u00e4ngber\u00e4kning<br \/>\n<\/strong>Alla som fullf\u00f6ljer en delt\u00e4vling som ing\u00e5r i MTB SWE-Cup XCO\/XCC (SCF Ungdom MTB Cup\/ SCF Master MTB Cup) f\u00e5r po\u00e4ng. I tourerna \u00e4r det den totala slutst\u00e4llningen som ger po\u00e4ng, inga po\u00e4ng ges f\u00f6r enskild gren. I den totala SWE Cup po\u00e4ngsammanst\u00e4llningen skall det s\u00e4msta XCO resultatet och det s\u00e4msta XCC resultatet r\u00e4knas bort, f\u00f6r de t\u00e4vlingar som \u00e4r tourer s\u00e5 kan inte en enskild grens resultat r\u00e4knas bort.<br \/>\nPo\u00e4ng erh\u00e5lls enligt tabellen nedan. S\u00e4mre placering \u00e4n 66 vid etapplopp f\u00e5r 3 po\u00e4ng var. S\u00e4mre placering \u00e4n 66 vid XCO t\u00e4vling f\u00e5r 1 po\u00e4ng var. S\u00e4mre placering \u00e4n 41 vid XCC t\u00e4vling f\u00e5r 1 po\u00e4ng var.<\/p>\n<p><span style=\"text-decoration: line-through\">\u00a0<\/span><\/p>\n<table width=\"529\">\n<tbody>\n<tr>\n<td width=\"66\"><\/td>\n<td width=\"161\">Etapplopp<\/td>\n<td width=\"170\">XCO<\/td>\n<td width=\"132\">\u00a0XCC<\/td>\n<\/tr>\n<tr>\n<td width=\"66\">Placering<\/td>\n<td width=\"161\"><\/td>\n<td width=\"170\"><\/td>\n<td width=\"132\"><\/td>\n<\/tr>\n<tr>\n<td width=\"66\"><strong>1<\/strong><\/td>\n<td width=\"161\">375<\/td>\n<td width=\"170\">250<\/td>\n<td width=\"132\">125<\/td>\n<\/tr>\n<tr>\n<td width=\"66\"><strong>2<\/strong><\/td>\n<td width=\"161\">300<\/td>\n<td width=\"170\">200<\/td>\n<td width=\"132\">100<\/td>\n<\/tr>\n<tr>\n<td width=\"66\"><strong>3<\/strong><\/td>\n<td width=\"161\">240<\/td>\n<td width=\"170\">160<\/td>\n<td width=\"132\">80<\/td>\n<\/tr>\n<tr>\n<td width=\"66\"><strong>4<\/strong><\/td>\n<td width=\"161\">225<\/td>\n<td width=\"170\">150<\/td>\n<td width=\"132\">75<\/td>\n<\/tr>\n<tr>\n<td width=\"66\"><strong>5<\/strong><\/td>\n<td width=\"161\">210<\/td>\n<td width=\"170\">140<\/td>\n<td width=\"132\">70<\/td>\n<\/tr>\n<tr>\n<td width=\"66\"><strong>6<\/strong><\/td>\n<td width=\"161\">195<\/td>\n<td width=\"170\">130<\/td>\n<td width=\"132\">65<\/td>\n<\/tr>\n<tr>\n<td width=\"66\"><strong>7<\/strong><\/td>\n<td width=\"161\">180<\/td>\n<td width=\"170\">120<\/td>\n<td width=\"132\">60<\/td>\n<\/tr>\n<tr>\n<td width=\"66\"><strong>8<\/strong><\/td>\n<td width=\"161\">165<\/td>\n<td width=\"170\">110<\/td>\n<td width=\"132\">55<\/td>\n<\/tr>\n<tr>\n<td width=\"66\"><strong>9<\/strong><\/td>\n<td width=\"161\">150<\/td>\n<td width=\"170\">100<\/td>\n<td width=\"132\">50<\/td>\n<\/tr>\n<tr>\n<td width=\"66\"><strong>10<\/strong><\/td>\n<td width=\"161\">140<\/td>\n<td width=\"170\">95<\/td>\n<td width=\"132\">45<\/td>\n<\/tr>\n<tr>\n<td width=\"66\"><strong>11<\/strong><\/td>\n<td width=\"161\">130<\/td>\n<td width=\"170\">90<\/td>\n<td width=\"132\">40<\/td>\n<\/tr>\n<tr>\n<td width=\"66\"><strong>12<\/strong><\/td>\n<td width=\"161\">120<\/td>\n<td width=\"170\">85<\/td>\n<td width=\"132\">35<\/td>\n<\/tr>\n<tr>\n<td width=\"66\"><strong>13<\/strong><\/td>\n<td width=\"161\">110<\/td>\n<td width=\"170\">80<\/td>\n<td width=\"132\">30<\/td>\n<\/tr>\n<tr>\n<td width=\"66\"><strong>14<\/strong><\/td>\n<td width=\"161\">107<\/td>\n<td width=\"170\">78<\/td>\n<td width=\"132\">29<\/td>\n<\/tr>\n<tr>\n<td width=\"66\"><strong>15<\/strong><\/td>\n<td width=\"161\">104<\/td>\n<td width=\"170\">76<\/td>\n<td width=\"132\">28<\/td>\n<\/tr>\n<tr>\n<td width=\"66\"><strong>16<\/strong><\/td>\n<td width=\"161\">101<\/td>\n<td width=\"170\">74<\/td>\n<td width=\"132\">27<\/td>\n<\/tr>\n<tr>\n<td width=\"66\"><strong>17<\/strong><\/td>\n<td width=\"161\">98<\/td>\n<td width=\"170\">72<\/td>\n<td width=\"132\">26<\/td>\n<\/tr>\n<tr>\n<td width=\"66\"><strong>18<\/strong><\/td>\n<td width=\"161\">96<\/td>\n<td width=\"170\">70<\/td>\n<td width=\"132\">25<\/td>\n<\/tr>\n<tr>\n<td width=\"66\"><strong>19<\/strong><\/td>\n<td width=\"161\">92<\/td>\n<td width=\"170\">68<\/td>\n<td width=\"132\">24<\/td>\n<\/tr>\n<tr>\n<td width=\"66\"><strong>20<\/strong><\/td>\n<td width=\"161\">89<\/td>\n<td width=\"170\">66<\/td>\n<td width=\"132\">23<\/td>\n<\/tr>\n<tr>\n<td width=\"66\"><strong>21<\/strong><\/td>\n<td width=\"161\">86<\/td>\n<td width=\"170\">64<\/td>\n<td width=\"132\">22<\/td>\n<\/tr>\n<tr>\n<td width=\"66\"><strong>22<\/strong><\/td>\n<td width=\"161\">83<\/td>\n<td width=\"170\">62<\/td>\n<td width=\"132\">21<\/td>\n<\/tr>\n<tr>\n<td width=\"66\"><strong>23<\/strong><\/td>\n<td width=\"161\">80<\/td>\n<td width=\"170\">60<\/td>\n<td width=\"132\">20<\/td>\n<\/tr>\n<tr>\n<td width=\"66\"><strong>24<\/strong><\/td>\n<td width=\"161\">77<\/td>\n<td width=\"170\">58<\/td>\n<td width=\"132\">19<\/td>\n<\/tr>\n<tr>\n<td width=\"66\"><strong>25<\/strong><\/td>\n<td width=\"161\">74<\/td>\n<td width=\"170\">56<\/td>\n<td width=\"132\">18<\/td>\n<\/tr>\n<tr>\n<td width=\"66\"><strong>26<\/strong><\/td>\n<td width=\"161\">71<\/td>\n<td width=\"170\">54<\/td>\n<td width=\"132\">17<\/td>\n<\/tr>\n<tr>\n<td width=\"66\"><strong>27<\/strong><\/td>\n<td width=\"161\">68<\/td>\n<td width=\"170\">52<\/td>\n<td width=\"132\">16<\/td>\n<\/tr>\n<tr>\n<td width=\"66\"><strong>28<\/strong><\/td>\n<td width=\"161\">65<\/td>\n<td width=\"170\">50<\/td>\n<td width=\"132\">15<\/td>\n<\/tr>\n<tr>\n<td width=\"66\"><strong>29<\/strong><\/td>\n<td width=\"161\">62<\/td>\n<td width=\"170\">48<\/td>\n<td width=\"132\">14<\/td>\n<\/tr>\n<tr>\n<td width=\"66\"><strong>30<\/strong><\/td>\n<td width=\"161\">59<\/td>\n<td width=\"170\">46<\/td>\n<td width=\"132\">13<\/td>\n<\/tr>\n<tr>\n<td width=\"66\"><strong>31<\/strong><\/td>\n<td width=\"161\">56<\/td>\n<td width=\"170\">44<\/td>\n<td width=\"132\">12<\/td>\n<\/tr>\n<tr>\n<td width=\"66\"><strong>32<\/strong><\/td>\n<td width=\"161\">53<\/td>\n<td width=\"170\">42<\/td>\n<td width=\"132\">11<\/td>\n<\/tr>\n<tr>\n<td width=\"66\"><strong>33<\/strong><\/td>\n<td width=\"161\">50<\/td>\n<td width=\"170\">40<\/td>\n<td width=\"132\">10<\/td>\n<\/tr>\n<tr>\n<td width=\"66\"><strong>34<\/strong><\/td>\n<td width=\"161\">47<\/td>\n<td width=\"170\">38<\/td>\n<td width=\"132\">9<\/td>\n<\/tr>\n<tr>\n<td width=\"66\"><strong>35<\/strong><\/td>\n<td width=\"161\">44<\/td>\n<td width=\"170\">36<\/td>\n<td width=\"132\">8<\/td>\n<\/tr>\n<tr>\n<td width=\"66\"><strong>36<\/strong><\/td>\n<td width=\"161\">41<\/td>\n<td width=\"170\">34<\/td>\n<td width=\"132\">7<\/td>\n<\/tr>\n<tr>\n<td width=\"66\"><strong>37<\/strong><\/td>\n<td width=\"161\">38<\/td>\n<td width=\"170\">32<\/td>\n<td width=\"132\">6<\/td>\n<\/tr>\n<tr>\n<td width=\"66\"><strong>38<\/strong><\/td>\n<td width=\"161\">35<\/td>\n<td width=\"170\">30<\/td>\n<td width=\"132\">5<\/td>\n<\/tr>\n<tr>\n<td width=\"66\"><strong>39<\/strong><\/td>\n<td width=\"161\">33<\/td>\n<td width=\"170\">29<\/td>\n<td width=\"132\">4<\/td>\n<\/tr>\n<tr>\n<td width=\"66\"><strong>40<\/strong><\/td>\n<td width=\"161\">31<\/td>\n<td width=\"170\">28<\/td>\n<td width=\"132\">3<\/td>\n<\/tr>\n<tr>\n<td width=\"66\"><strong>41<\/strong><\/td>\n<td width=\"161\">29<\/td>\n<td width=\"170\">27<\/td>\n<td width=\"132\">2<\/td>\n<\/tr>\n<tr>\n<td width=\"66\"><strong>42*<\/strong><\/td>\n<td width=\"161\">27<\/td>\n<td width=\"170\">26<\/td>\n<td width=\"132\">1<\/td>\n<\/tr>\n<tr>\n<td width=\"66\"><strong>43<\/strong><\/td>\n<td width=\"161\">26<\/td>\n<td width=\"170\">25<\/td>\n<td width=\"132\">1<\/td>\n<\/tr>\n<tr>\n<td width=\"66\"><strong>44<\/strong><\/td>\n<td width=\"161\">25<\/td>\n<td width=\"170\">24<\/td>\n<td width=\"132\">1<\/td>\n<\/tr>\n<tr>\n<td width=\"66\"><strong>45<\/strong><\/td>\n<td width=\"161\">24<\/td>\n<td width=\"170\">23<\/td>\n<td width=\"132\">1<\/td>\n<\/tr>\n<tr>\n<td width=\"66\"><strong>46<\/strong><\/td>\n<td width=\"161\">23<\/td>\n<td width=\"170\">22<\/td>\n<td width=\"132\">1<\/td>\n<\/tr>\n<tr>\n<td width=\"66\"><strong>47<\/strong><\/td>\n<td width=\"161\">23<\/td>\n<td width=\"170\">21<\/td>\n<td width=\"132\">1<\/td>\n<\/tr>\n<tr>\n<td width=\"66\"><strong>48<\/strong><\/td>\n<td width=\"161\">21<\/td>\n<td width=\"170\">20<\/td>\n<td width=\"132\">1<\/td>\n<\/tr>\n<tr>\n<td width=\"66\"><strong>49<\/strong><\/td>\n<td width=\"161\">20<\/td>\n<td width=\"170\">19<\/td>\n<td width=\"132\">1<\/td>\n<\/tr>\n<tr>\n<td width=\"66\"><strong>50<\/strong><\/td>\n<td width=\"161\">19<\/td>\n<td width=\"170\">18<\/td>\n<td width=\"132\">1<\/td>\n<\/tr>\n<tr>\n<td width=\"66\"><strong>51<\/strong><\/td>\n<td width=\"161\">18<\/td>\n<td width=\"170\">17<\/td>\n<td width=\"132\">1<\/td>\n<\/tr>\n<tr>\n<td width=\"66\"><strong>52<\/strong><\/td>\n<td width=\"161\">17<\/td>\n<td width=\"170\">16<\/td>\n<td width=\"132\">1<\/td>\n<\/tr>\n<tr>\n<td width=\"66\"><strong>53<\/strong><\/td>\n<td width=\"161\">16<\/td>\n<td width=\"170\">15<\/td>\n<td width=\"132\">1<\/td>\n<\/tr>\n<tr>\n<td width=\"66\"><strong>54<\/strong><\/td>\n<td width=\"161\">15<\/td>\n<td width=\"170\">14<\/td>\n<td width=\"132\">1<\/td>\n<\/tr>\n<tr>\n<td width=\"66\"><strong>55<\/strong><\/td>\n<td width=\"161\">14<\/td>\n<td width=\"170\">13<\/td>\n<td width=\"132\">1<\/td>\n<\/tr>\n<tr>\n<td width=\"66\"><strong>56<\/strong><\/td>\n<td width=\"161\">13<\/td>\n<td width=\"170\">12<\/td>\n<td width=\"132\">1<\/td>\n<\/tr>\n<tr>\n<td width=\"66\"><strong>57<\/strong><\/td>\n<td width=\"161\">12<\/td>\n<td width=\"170\">11<\/td>\n<td width=\"132\">1<\/td>\n<\/tr>\n<tr>\n<td width=\"66\"><strong>58<\/strong><\/td>\n<td width=\"161\">11<\/td>\n<td width=\"170\">10<\/td>\n<td width=\"132\">1<\/td>\n<\/tr>\n<tr>\n<td width=\"66\"><strong>59<\/strong><\/td>\n<td width=\"161\">10<\/td>\n<td width=\"170\">9<\/td>\n<td width=\"132\">1<\/td>\n<\/tr>\n<tr>\n<td width=\"66\"><strong>60*<\/strong><\/td>\n<td width=\"161\">9<\/td>\n<td width=\"170\">8<\/td>\n<td width=\"132\">1<\/td>\n<\/tr>\n<tr>\n<td width=\"66\"><strong>61<\/strong><\/td>\n<td width=\"161\">8<\/td>\n<td width=\"170\">7<\/td>\n<td width=\"132\">1<\/td>\n<\/tr>\n<tr>\n<td width=\"66\"><strong>62<\/strong><\/td>\n<td width=\"161\">7<\/td>\n<td width=\"170\">6<\/td>\n<td width=\"132\">1<\/td>\n<\/tr>\n<tr>\n<td width=\"66\"><strong>63<\/strong><\/td>\n<td width=\"161\">6<\/td>\n<td width=\"170\">5<\/td>\n<td width=\"132\">1<\/td>\n<\/tr>\n<tr>\n<td width=\"66\"><strong>64<\/strong><\/td>\n<td width=\"161\">5<\/td>\n<td width=\"170\">4<\/td>\n<td width=\"132\">1<\/td>\n<\/tr>\n<tr>\n<td width=\"66\"><strong>65<\/strong><\/td>\n<td width=\"161\">4<\/td>\n<td width=\"170\">3<\/td>\n<td width=\"132\">1<\/td>\n<\/tr>\n<tr>\n<td width=\"66\"><strong>66<\/strong><\/td>\n<td width=\"161\">3<\/td>\n<td width=\"170\">2<\/td>\n<td width=\"132\">1<\/td>\n<\/tr>\n<tr>\n<td width=\"66\"><strong>67*<\/strong><\/td>\n<td width=\"161\">3<\/td>\n<td width=\"170\">1<\/td>\n<td width=\"132\">1<\/td>\n<\/tr>\n<tr>\n<td width=\"66\"><strong>68<\/strong><\/td>\n<td width=\"161\">3<\/td>\n<td width=\"170\">1<\/td>\n<td width=\"132\">1<\/td>\n<\/tr>\n<\/tbody>\n<\/table>\n<p>&nbsp;<\/p>\n<p><strong>Anm\u00e4lan<br \/>\n<\/strong>Anm\u00e4lan sker i Sportstiming, avgifter nedan.<\/p>\n<table width=\"400\">\n<tbody>\n<tr>\n<td width=\"64\"><strong>XCO<\/strong><\/td>\n<td width=\"64\">Pris<\/td>\n<td width=\"64\"><strong>XCC<\/strong><\/td>\n<td width=\"64\">Pris<\/td>\n<\/tr>\n<tr>\n<td>9-10<\/td>\n<td>150 kr<\/td>\n<td>9-10<\/td>\n<td>75 kr<\/td>\n<\/tr>\n<tr>\n<td>11-12<\/td>\n<td>150 kr<\/td>\n<td>11-12<\/td>\n<td>75 kr<\/td>\n<\/tr>\n<tr>\n<td>13-14<\/td>\n<td>300 kr<\/td>\n<td>13-14<\/td>\n<td>150 kr<\/td>\n<\/tr>\n<tr>\n<td>15-16<\/td>\n<td>300 kr<\/td>\n<td>15-16<\/td>\n<td>150 kr<\/td>\n<\/tr>\n<tr>\n<td>Junior<\/td>\n<td>350 kr<\/td>\n<td>Junior<\/td>\n<td>175 kr<\/td>\n<\/tr>\n<tr>\n<td>Master<\/td>\n<td>350 kr<\/td>\n<td>Master<\/td>\n<td>175 kr<\/td>\n<\/tr>\n<tr>\n<td>Elit<\/td>\n<td>500 kr<\/td>\n<td>Elit<\/td>\n<td>250 kr<\/td>\n<\/tr>\n<tr>\n<td>Nyb\u00f6rjare<\/td>\n<td>Max 50 kr<\/td>\n<td>Nyb\u00f6rjare<\/td>\n<td>Max 50 kr<\/td>\n<\/tr>\n<\/tbody>\n<\/table>\n<p>Vid etapplopp g\u00e4ller fri priss\u00e4ttning f\u00f6r arrang\u00f6ren.<br \/>\nEfteranm\u00e4lningsavgift 100%.<\/p>\n<p>&nbsp;<\/p>\n<p><a name=\"_Toc69391432\"><\/a><strong>Seedning<\/strong><\/p>\n<p>Inf\u00f6r f\u00f6rsta delt\u00e4vlingen startar juniorklasserna och elitklasserna efter UCI- rankingen, sedan f\u00f6reg\u00e5ende \u00e5rs SWE Cup, \u00f6vriga lottas.<\/p>\n<p>Inf\u00f6r \u00f6vriga delt\u00e4vlingar sker seedningen enligt f\u00f6ljande:<\/p>\n<p>1) Ledaren av SWE Cup<\/p>\n<p>2) UCI po\u00e4ng (g\u00e4ller endast Elit och Junior)<\/p>\n<p>3) SWE Cup totalst\u00e4llning<\/p>\n<p>4) Lottning<\/p>\n<p>Chefkommissarien kan \u00e4ndra p\u00e5 seedningen<\/p>\n<p><a name=\"_Toc69391434\"><\/a><strong>\u00a0<\/strong><\/p>\n<p><strong>\u00a0<\/strong><\/p>\n<p><strong>\u00a0<\/strong><\/p>\n<p><strong>Slutpriser SWE Cup:<\/strong><\/p>\n<p>Herrar Elit:\u00a0\u00a0\u00a0\u00a0\u00a0\u00a0\u00a0 1: a 7\u2019000 kr, 2: a 4\u2019000 kr, 3: a 2\u2019500 kr<\/p>\n<p>Damer Elit: \u00a0\u00a0\u00a0\u00a0\u00a0\u00a0 1: a 7\u2019000 kr, 2: a 4\u2019000 kr, 3: a 2\u2019500 kr<\/p>\n<p>Herrar Junior: \u00a0 1: a 3\u2019000 kr, 2: a 2\u2019000 kr, 3: a 1\u2019000 kr<\/p>\n<p>Damer Junior: \u00a0 1: a 3\u2019000 kr, 2: a 2\u2019000 kr, 3: a 1\u2019000 kr<\/p>\n<p>&nbsp;<\/p>\n","protected":false},"excerpt":{"rendered":"<p>SWE Cup XCO kommer under 2024 inneh\u00e5lla 8 t\u00e4vlingshelger fr\u00e5n idel erfarna arrang\u00f6rer. SWE Cup XCO\/XCC 2024 Resultat SWE Cup XCO\/XCC 2024 Herrar Elit Damer Elit Herrar Junior\u00a0 Damer Junior P 15\/16 F 15\/16 P 13\/14 F 13\/14 Herrar 30 Herrar 40 Herrar 50 Herrar 60 Damer 30 Damer 40 Damer 50 Damer 60<a href=\"https:\/\/scf.se\/mountainbike\/swe-cup-xco-2024\/\" class=\"news-card__more\"> &#8230;<\/a><\/p>\n","protected":false},"author":58,"featured_media":0,"parent":0,"menu_order":0,"comment_status":"closed","ping_status":"closed","template":"","meta":{"_acf_changed":false,"footnotes":""},"class_list":["post-4836","page","type-page","status-publish","hentry"],"acf":[],"_links":{"self":[{"href":"https:\/\/scf.se\/mountainbike\/wp-json\/wp\/v2\/pages\/4836","targetHints":{"allow":["GET"]}}],"collection":[{"href":"https:\/\/scf.se\/mountainbike\/wp-json\/wp\/v2\/pages"}],"about":[{"href":"https:\/\/scf.se\/mountainbike\/wp-json\/wp\/v2\/types\/page"}],"author":[{"embeddable":true,"href":"https:\/\/scf.se\/mountainbike\/wp-json\/wp\/v2\/users\/58"}],"replies":[{"embeddable":true,"href":"https:\/\/scf.se\/mountainbike\/wp-json\/wp\/v2\/comments?post=4836"}],"version-history":[{"count":10,"href":"https:\/\/scf.se\/mountainbike\/wp-json\/wp\/v2\/pages\/4836\/revisions"}],"predecessor-version":[{"id":6843,"href":"https:\/\/scf.se\/mountainbike\/wp-json\/wp\/v2\/pages\/4836\/revisions\/6843"}],"wp:attachment":[{"href":"https:\/\/scf.se\/mountainbike\/wp-json\/wp\/v2\/media?parent=4836"}],"curies":[{"name":"wp","href":"https:\/\/api.w.org\/{rel}","templated":true}]}}