
{"id":42,"date":"2026-04-13T14:15:20","date_gmt":"2026-04-13T12:15:20","guid":{"rendered":"http:\/\/svenskcykel.grandpublic.se\/mountainbike\/?page_id=42"},"modified":"2026-04-13T14:56:20","modified_gmt":"2026-04-13T12:56:20","slug":"tavlingsklasser","status":"publish","type":"page","link":"https:\/\/scf.se\/mountainbike\/tavling\/tavlingsklasser\/","title":{"rendered":"T\u00e4vlingsklasser"},"content":{"rendered":"<h3>Mountainbike<\/h3>\n<p>Herrar<br \/>\nP9-10 (Pojkar 9-10 \u00e5r)<br \/>\nR\u00e4tt att delta i klass P9-10 har cyklist som under kalender\u00e5ret fyller 9-10 \u00e5r och innehar t\u00e4vlingslicens eller tecknar eng\u00e5ngslicens vid\u00a0t\u00e4vlingstillf\u00e4llet.<\/p>\n<p>P11-12 (Pojkar 11-12 \u00e5r)<br \/>\nR\u00e4tt att delta i klass P11-12 har cyklist som under kalender\u00e5ret fyller 11-12 \u00e5r och innehar t\u00e4vlingslicens eller tecknar eng\u00e5ngslicens vid\u00a0t\u00e4vlingstillf\u00e4llet.<\/p>\n<p>P13-14 (Pojkar 13-14 \u00e5r)<br \/>\nR\u00e4tt att delta i klass P13-14 har cyklist som under kalender\u00e5ret fyller 13-14 \u00e5r och innehar t\u00e4vlingslicens eller tecknar eng\u00e5ngslicens vid\u00a0t\u00e4vlingstillf\u00e4llet.<\/p>\n<p>P15-16 (Pojkar 15-16 \u00e5r)<br \/>\nR\u00e4tt att delta i klass P15-16 har cyklist som under kalender\u00e5ret fyller 15-16 \u00e5r och innehar t\u00e4vlingslicens eller tecknar eng\u00e5ngslicens vid\u00a0t\u00e4vlingstillf\u00e4llet.<\/p>\n<p>HJ (Herrar Juniorer)<br \/>\nR\u00e4tt att delta i klass HJ har cyklist som under kalender\u00e5ret fyller 17-18 \u00e5r\u00a0och innehar Junior Menlicens.<\/p>\n<p>HS (Herrar Seniorer)<br \/>\nR\u00e4tt att delta i klass HS har cyklist som under kalender\u00e5ret fyller l\u00e4gst 17 \u00e5r och innehar HJ-, U23-, Elite Men- eller Master Menlicens.<\/p>\n<p>HU23 (Herrar Under 23)<br \/>\nR\u00e4tt att delta i klass U23 har cyklist som innehar U23-licens.<\/p>\n<p>HE (Herrar Elit, T\u00e4vling Herr)<br \/>\nR\u00e4tt att delta i klass HE har cyklist som innehar Elite Men- eller U23-licens.<\/p>\n<p>H30 (Herrar 30 \u00e5r och \u00e4ldre)<br \/>\nR\u00e4tt att delta i klass H30 har cyklist som under kalender\u00e5ret fyller l\u00e4gst\u00a030 \u00e5r och innehar Master Menlicens.<\/p>\n<p>Master H35+ (Herrar 35 \u00e5r och \u00e4ldre Enduro)<br \/>\nR\u00e4tt att delta i klass Master H35+ har cyklist som under kalender\u00e5ret fyller l\u00e4gst\u00a035 \u00e5r och innehar Master Menlicens.<\/p>\n<p>H40 (Herrar 40 \u00e5r och \u00e4ldre)<br \/>\nR\u00e4tt att delta i klass H40 har cyklist som under kalender\u00e5ret fyller l\u00e4gst\u00a040 \u00e5r och innehar Master Menlicens.<\/p>\n<p>H50 (Herrar 50 \u00e5r och \u00e4ldre)<br \/>\nR\u00e4tt att delta i klass H50 har cyklist som under kalender\u00e5ret fyller l\u00e4gst\u00a050 \u00e5r och innehar Master Menlicens.<\/p>\n<p>Master H45+ (Herrar 45 \u00e5r och \u00e4ldre Enduro)<br \/>\nR\u00e4tt att delta i klass Master H45+ har cyklist som under kalender\u00e5ret fyller l\u00e4gst 45 \u00e5r och innehar Master Menlicens.<\/p>\n<p>H60 (Herrar 60 \u00e5r och \u00e4ldre)<br \/>\nR\u00e4tt att delta i klass H60 har cyklist som under kalender\u00e5ret fyller l\u00e4gst 60 \u00e5r och innehar Master Menlicens.<\/p>\n<p>Herrar Sport (Herrar 15 \u00e5r och \u00e4ldre)<br \/>\nR\u00e4tt att delta i klass Herrar Sport har cyklist som under kalender\u00e5ret fyller l\u00e4gst 15 \u00e5r, vid Cross Country L\u00e5nglopp dock l\u00e4gst 17 \u00e5r, och innehar\u00a0t\u00e4vlingslicens eller tecknar eng\u00e5ngslicens vid t\u00e4vlingstillf\u00e4llet.<\/p>\n<p>Sportmotion Herrar<br \/>\nR\u00e4tt att delta i klass Sportmotion Herrar har cyklist som under kalender\u00e5ret fyller l\u00e4gst 15 \u00e5r och innehar Motionslicens, t\u00e4vlingslicens eller tecknar eng\u00e5ngslicens vid t\u00e4vlingstillf\u00e4llet.<\/p>\n<p>E-Bike Herrar<br \/>\nR\u00e4tt att delta i klass MTB E-Bike har cyklist som under kalender\u00e5ret fyller l\u00e4gst 15 \u00e5r och innehar Motionslicens, t\u00e4vlingslicens eller tecknar eng\u00e5ngslicens vid t\u00e4vlingstillf\u00e4llet.<\/p>\n<p>Ungdom Sport (Pojkar och Flickor 11-14 \u00e5r)<br \/>\nR\u00e4tt att delta i klass Ungdom Sport har cyklist som under kalender\u00e5ret fyller 11-14 \u00e5r och innehar t\u00e4vlingslicens, Youth Men\/Women, Under 11 Men\/Women eller tecknar eng\u00e5ngslicens vid t\u00e4vlingstillf\u00e4llet.<\/p>\n<p>PNyb (Pojkar Nyb\u00f6rjare 6 &#8211; 10 \u00e5r)<br \/>\nR\u00e4tt att delta i klass PNyb har pojkar som under kalender\u00e5ret fyller 6-10\u00a0\u00e5r. Innehav av t\u00e4vlingslicens \u00e4r inget krav. Cyklister som under \u00e5ret fyller\u00a010 \u00e5r och har l\u00f6st \u00e5rslicens f\u00e5r ej delta i nyb\u00f6rjarklass.<\/p>\n<p>Damer<br \/>\nF9-10 (Flickor 9-10 \u00e5r)<br \/>\nR\u00e4tt att delta i klass F9-10 har cyklist som under kalender\u00e5ret fyller 9-10 \u00e5r och innehar t\u00e4vlingslicens eller tecknar eng\u00e5ngslicens vid t\u00e4vlingstillf\u00e4llet.<\/p>\n<p>F11-12 (Flickor 11-12 \u00e5r)<br \/>\nR\u00e4tt att delta i klass F11-12 har cyklist som under kalender\u00e5ret fyller 11-12 \u00e5r och innehar t\u00e4vlingslicens eller tecknar eng\u00e5ngslicens vid t\u00e4vlingstillf\u00e4llet.<\/p>\n<p>F13-14 (Flickor 13-14 \u00e5r)<br \/>\nR\u00e4tt att delta i klass F13-14 har cyklist som under kalender\u00e5ret fyller 13-14 \u00e5r och innehar t\u00e4vlingslicens eller tecknar eng\u00e5ngslicens vid\u00a0t\u00e4vlingstillf\u00e4llet.<\/p>\n<p>F15-16 (Flickor 15-16 \u00e5r)<br \/>\nR\u00e4tt att delta i klass F15-16 har cyklist som under kalender\u00e5ret fyller 15-16 \u00e5r och innehar t\u00e4vlingslicens eller tecknar eng\u00e5ngslicens vid\u00a0t\u00e4vlingstillf\u00e4llet.<\/p>\n<p>DJ (Damer Juniorer)<br \/>\nR\u00e4tt att delta i klass DJ har cyklist som under kalender\u00e5ret fyller 17-18 \u00e5r\u00a0och innehar Junior Womenlicens.<\/p>\n<p>DS (Damer Seniorer)<br \/>\nR\u00e4tt att delta i klass DS har cyklist som under kalender\u00e5ret fyller l\u00e4gst 17\u00a0\u00e5r och innehar DJ-, Elite Woman- eller Master Womanlicens.<\/p>\n<p>DU23 (Damer Under 23)<br \/>\nR\u00e4tt att delta i klass U23 har cyklist som innehar U23-licens.<\/p>\n<p>DE (Damer Elit, T\u00e4vling Dam)<br \/>\nR\u00e4tt att delta i klass DE har cyklist som innehar Elite Women- eller U23-licens.<\/p>\n<p>D30 (Damer 30 \u00e5r och \u00e4ldre)<br \/>\nR\u00e4tt att delta i klass D30 har cyklist som under kalender\u00e5ret fyller l\u00e4gst\u00a030 \u00e5r och innehar Master Womenlicens.<\/p>\n<p>Master D35+ (Damer 35 \u00e5r och \u00e4ldre Enduro)<br \/>\nR\u00e4tt att delta i klass Master D35+ har cyklist som under kalender\u00e5ret fyller l\u00e4gst\u00a035 \u00e5r och innehar Master Womenlicens.<\/p>\n<p>D40 (Damer 40 \u00e5r och \u00e4ldre)<br \/>\nR\u00e4tt att delta i klass D40 har cyklist som under kalender\u00e5ret fyller l\u00e4gst\u00a040 \u00e5r och innehar Master Womenlicens.<\/p>\n<p>D50 (Damer 50 \u00e5r och \u00e4ldre)<br \/>\nR\u00e4tt att delta i klass D50 har cyklist som under kalender\u00e5ret fyller l\u00e4gst\u00a050 \u00e5r och innehar Master Womenlicens.<\/p>\n<p>D60 (Damer 60 \u00e5r och \u00e4ldre)<br \/>\nR\u00e4tt att delta i klass D60 har cyklist som under kalender\u00e5ret fyller l\u00e4gst 60 \u00e5r och innehar Master Womenlicens.<\/p>\n<p>Damer Sport (Damer 15 \u00e5r och \u00e4ldre)<br \/>\nR\u00e4tt att delta i klass Damer Sport har cyklist som under kalender\u00e5ret\u00a0fyller l\u00e4gst 15 \u00e5r, vid Cross Country L\u00e5nglopp dock l\u00e4gst 17 \u00e5r, och\u00a0innehar t\u00e4vlingslicens eller tecknar eng\u00e5ngslicens vid t\u00e4vlingstillf\u00e4llet.<\/p>\n<p>Sportmotion Damer<br \/>\nR\u00e4tt att delta i klass Sportmotion Damer har cyklist som under kalender\u00e5ret fyller l\u00e4gst 15 \u00e5r och innehar Motionslicens, t\u00e4vlingslicens eller tecknar eng\u00e5ngslicens vid t\u00e4vlingstillf\u00e4llet.<\/p>\n<p>E-Bike Damer<br \/>\nR\u00e4tt att delta i klass MTB E-Bike har cyklist som under kalender\u00e5ret fyller l\u00e4gst 15 \u00e5r och innehar Motionslicens, t\u00e4vlingslicens eller tecknar eng\u00e5ngslicens vid t\u00e4vlingstillf\u00e4llet.<\/p>\n<p>Ungdom Sport (Pojkar och Flickor 11-14 \u00e5r)<br \/>\nR\u00e4tt att delta i klass Ungdom Sport har cyklist som under kalender\u00e5ret fyller 11-14 \u00e5r och innehar t\u00e4vlingslicens, Youth Men eller Youth Women, eller tecknar eng\u00e5ngslicens vid t\u00e4vlingstillf\u00e4llet.<\/p>\n<p>FNyb (Flickor Nyb\u00f6rjare 6-10 \u00e5r)<br \/>\nR\u00e4tt att delta i klass FNyb har flickor som under kalender\u00e5ret fyller 6-10\u00a0\u00e5r. Innehav av t\u00e4vlingslicens \u00e4r inget krav. Cyklister som under \u00e5ret fyller\u00a010 \u00e5r och har l\u00f6st \u00e5rslicens f\u00e5r ej delta i nyb\u00f6rjarklass.<\/p>\n<p>R\u00e4tt att delta<br \/>\nCyklist som under kalender\u00e5ret fyller 18 \u00e5r \u00e4ger r\u00e4tt att delta i klass Herrar Elit, HU23 och Damer Elit vid samtliga t\u00e4vlingar\u00a0f\u00f6rutom m\u00e4sterskap och cupt\u00e4vling d\u00e5 Juniorklass samma t\u00e4vlingsdag\u00a0har cup.<\/p>\n<p>Uppdelning av t\u00e4vlingsklass<br \/>\nOm vid XC antalet startande i t\u00e4vlingsklass p\u00e5kallar uppdelning i grupper skall uppdelning ske efter \u00e5lder.<\/p>\n<p>Dispens<br \/>\nP\u00e5 ans\u00f6kan av sin f\u00f6rening kan cyklist erh\u00e5lla tillst\u00e5nd av SCF att t\u00e4vla i\u00a0annan klass \u00e4n \u00e5ldern ber\u00e4ttigar till.<\/p>\n<p>Cyklist som erh\u00e5llit tillst\u00e5nd att t\u00e4vla i l\u00e4gre klass skall d\u00e5 en (1) po\u00e4ng\u00a0enligt 17.1.006 er\u00f6vrats i allm\u00e4n t\u00e4vling eller etapplopp omg\u00e5ende\u00a0uppflyttas till r\u00e4tt \u00e5ldersklass.\u00a0Cyklist som av SCF anses icke kvalificerad f\u00f6r viss klass kan av SCF\u00a0nedflyttas till l\u00e4gre klass.<\/p>\n<p>NYB\u00d6RJARKLASS<br \/>\nNyb\u00f6rjarklass skall alltid arrangeras vid t\u00e4vlingar d\u00e4r ungdomsklass 9-10 och 11-12 \u00e5r arrangeras.<\/p>\n<p>\u00c5ldersindelning<br \/>\nNyb\u00f6rjarklass har f\u00f6ljande \u00e5ldersindelning:<br \/>\nPojkar som under kalender\u00e5ret fyller 6, 7, 8, 9 resp 10 \u00e5r,<br \/>\nFlickor som under kalender\u00e5ret fyller 6, 7, 8, 9 resp 10 \u00e5r.<br \/>\nVarje \u00e5ldersklass t\u00e4vlar f\u00f6r sig. P\u00e5 resultatlista skall ej tider anges.<\/p>\n<p>Ta del av grengrupp XCO:s<a href=\"https:\/\/scf.se\/mountainbike\/wp-content\/uploads\/sites\/6\/2020\/02\/Kommunik\u00e9-fr\u00e5n-grengrupp-MTB-XCO-1.docx\"> kommunik\u00e9<\/a> med bakgrund och motivering till alla f\u00f6r\u00e4ndringar i t\u00e4vlingsklasserna 2020.<\/p>\n","protected":false},"excerpt":{"rendered":"<p>Mountainbike Herrar P9-10 (Pojkar 9-10 \u00e5r) R\u00e4tt att delta i klass P9-10 har cyklist som under kalender\u00e5ret fyller 9-10 \u00e5r och innehar t\u00e4vlingslicens eller tecknar eng\u00e5ngslicens vid\u00a0t\u00e4vlingstillf\u00e4llet. P11-12 (Pojkar 11-12 \u00e5r) R\u00e4tt att delta i klass P11-12 har cyklist som under kalender\u00e5ret fyller 11-12 \u00e5r och innehar t\u00e4vlingslicens eller tecknar eng\u00e5ngslicens vid\u00a0t\u00e4vlingstillf\u00e4llet. P13-14 (Pojkar<a href=\"https:\/\/scf.se\/mountainbike\/tavling\/tavlingsklasser\/\" class=\"news-card__more\"> &#8230;<\/a><\/p>\n","protected":false},"author":32,"featured_media":0,"parent":11,"menu_order":0,"comment_status":"closed","ping_status":"closed","template":"","meta":{"_acf_changed":false,"footnotes":""},"class_list":["post-42","page","type-page","status-publish","hentry"],"acf":[],"_links":{"self":[{"href":"https:\/\/scf.se\/mountainbike\/wp-json\/wp\/v2\/pages\/42","targetHints":{"allow":["GET"]}}],"collection":[{"href":"https:\/\/scf.se\/mountainbike\/wp-json\/wp\/v2\/pages"}],"about":[{"href":"https:\/\/scf.se\/mountainbike\/wp-json\/wp\/v2\/types\/page"}],"author":[{"embeddable":true,"href":"https:\/\/scf.se\/mountainbike\/wp-json\/wp\/v2\/users\/32"}],"replies":[{"embeddable":true,"href":"https:\/\/scf.se\/mountainbike\/wp-json\/wp\/v2\/comments?post=42"}],"version-history":[{"count":4,"href":"https:\/\/scf.se\/mountainbike\/wp-json\/wp\/v2\/pages\/42\/revisions"}],"predecessor-version":[{"id":9398,"href":"https:\/\/scf.se\/mountainbike\/wp-json\/wp\/v2\/pages\/42\/revisions\/9398"}],"up":[{"embeddable":true,"href":"https:\/\/scf.se\/mountainbike\/wp-json\/wp\/v2\/pages\/11"}],"wp:attachment":[{"href":"https:\/\/scf.se\/mountainbike\/wp-json\/wp\/v2\/media?parent=42"}],"curies":[{"name":"wp","href":"https:\/\/api.w.org\/{rel}","templated":true}]}}