
{"id":3450,"date":"2023-01-05T13:20:55","date_gmt":"2023-01-05T12:20:55","guid":{"rendered":"http:\/\/scf.se\/mountainbike\/?page_id=3450"},"modified":"2023-09-25T19:43:57","modified_gmt":"2023-09-25T17:43:57","slug":"swe-cup-xco-2023","status":"publish","type":"page","link":"https:\/\/scf.se\/mountainbike\/swe-cup-xco-2023\/","title":{"rendered":"SWE Cup XCO 2023"},"content":{"rendered":"<p><strong>SWE Cup MTB XCO 2023 inneh\u00e5ller \u00e5tta delt\u00e4vlingar (sju helger), varav hela sju lopp \u00e4r UCI-klassade, d\u00e4r elit och junior kan samla v\u00e4rldsrankingpo\u00e4ng.<\/strong><\/p>\n<p>Precis som tidigare arrangeras vid varje delt\u00e4vling \u00e4ven den nationella cupen f\u00f6r ungdomar och master.<\/p>\n<h2>SWE Cup XCO\/XCC 2023<\/h2>\n<ul>\n<li><strong>29 april:<\/strong> Klippingracet (XCO), S\u00e4ter, \u00e4ven UCI C2. <a href=\"https:\/\/scf.se\/mountainbike\/wp-content\/uploads\/sites\/6\/2023\/04\/Kombinerad-Resultatlista.pdf\"><em><strong>Resultat H\u00c4R!<\/strong><\/em><\/a><\/li>\n<li><strong>18\u201320 maj<\/strong>: Huskvarna Tour (XCT, XCO som \u00e4ven har UCI C1-status och XCC)<a href=\"https:\/\/www.sportstiming.se\/event\/12634\/results?round=67832\"><em><strong>. Resultat H\u00c4R!<\/strong><\/em><\/a><\/li>\n<li><strong>21 maj:<\/strong> Gothenburg MTB race (XCO), \u00e4ven NM i XCO, \u00e4ven UCI C1. <a href=\"https:\/\/www.sportstiming.se\/event\/12173\/results\"><em><strong>Resultat H\u00c4R!<\/strong><\/em><\/a><\/li>\n<li><strong>11 juni:<\/strong> Lugnet XCO, Falun, \u00e4ven UCI C2. <strong><a href=\"https:\/\/www.sportstiming.dk\/event\/12285\/results\">Resultat H\u00c4R<\/a><\/strong><\/li>\n<li><strong>16\u201318 juni:<\/strong> Borl\u00e4nge Tour (XCO\/XCC), \u00e4ven UCI C2. <strong><a href=\"https:\/\/www.sportstiming.se\/event\/12690\/results\">Resultat H\u00c4R<\/a><\/strong><\/li>\n<li><strong>27 augusti<\/strong>: Sigtuna (XCO) <a href=\"https:\/\/www.sportstiming.se\/event\/12206\/results\"><strong>Resultat H\u00c4R<\/strong><\/a><\/li>\n<li><strong>16\u201317 september:<\/strong> Final, Hallbyrundan (XCO\/XCC), J\u00f6nk\u00f6ping, \u00e4ven UCI C2 respektive C3. <a href=\"https:\/\/www.sportstiming.se\/event\/12926\/results\"><strong>Resultat H\u00c4R<\/strong><\/a><\/li>\n<\/ul>\n<p><a href=\"https:\/\/www.sportstiming.se\/event\/12926\/points\"><strong><em>Hela SWE Cup-st\u00e4llningen totalt efter fyra delt\u00e4vlingar H\u00c4R!<\/em><\/strong><\/a><\/p>\n<p>&nbsp;<\/p>\n<p><strong>Klasser SWE Cup XCO<br \/>\n<\/strong>Herrar Elit, \u00e4r \u00f6ppen f\u00f6r cyklister som innehar U23- eller Elitlicens.<br \/>\nDamer Elit, \u00e4r \u00f6ppen f\u00f6r cyklister som innehar Dam Elit och Dam U23 licens.<br \/>\nHerr Juniorer, \u00e4r \u00f6ppen f\u00f6r cyklister som innehar juniorlicens.<br \/>\nDam Juniorer, \u00e4r \u00f6ppen f\u00f6r cyklister med dam juniorlicens.<\/p>\n<p><strong>Klasser Ungdoms Cup<br \/>\n<\/strong>P\/F 15-16 \u00e4r \u00f6ppen f\u00f6r cyklister som innehar t\u00e4vlingslicens eller tecknar eng\u00e5ngslicens vid\u00a0t\u00e4vlingstillf\u00e4llet.<br \/>\nP\/F 13-14 \u00e4r \u00f6ppen f\u00f6r cyklister som innehar t\u00e4vlingslicens eller tecknar eng\u00e5ngslicens vid\u00a0t\u00e4vlingstillf\u00e4llet.<\/p>\n<p><strong>Klasser Master Cup<br \/>\n<\/strong>D\/H 30 R\u00e4tt att delta i klassen har cyklist som under kalender\u00e5ret fyller l\u00e4gst\u00a030 \u00e5r och innehar Master licens.<br \/>\nD\/H 40 R\u00e4tt att delta i klassen har cyklist som under kalender\u00e5ret fyller l\u00e4gst\u00a040 \u00e5r och innehar Master licens.<br \/>\nD\/H 50 R\u00e4tt att delta i klassen har cyklist som under kalender\u00e5ret fyller l\u00e4gst\u00a050 \u00e5r och innehar Master licens.<br \/>\nD\/H 60 R\u00e4tt att delta i klassen har cyklist som under kalender\u00e5ret fyller l\u00e4gst\u00a060 \u00e5r och innehar Master licens.<\/p>\n<p><strong>Po\u00e4ngber\u00e4kning<\/strong><br \/>\nAlla som fullf\u00f6ljer en delt\u00e4vling som ing\u00e5r i MTB SWE Cup XCO (SCF Ungdom MTB Cup\/ SCF Master MTB Cup) f\u00e5r po\u00e4ng. Dessa po\u00e4ng erh\u00e5lls enligt po\u00e4nglistorna nedan.<\/p>\n<table width=\"400\">\n<tbody>\n<tr>\n<td width=\"105\">T\u00e4vling<\/td>\n<td width=\"45\">XCO<\/td>\n<td width=\"45\">XCC<\/td>\n<td width=\"98\">Totalpo\u00e4ng<\/td>\n<td width=\"107\">T\u00e4vlingsdagar<\/td>\n<\/tr>\n<tr>\n<td>Klippingracet<\/td>\n<td>250<\/td>\n<td>\u2013<\/td>\n<td width=\"98\">250<\/td>\n<td width=\"107\">1<\/td>\n<\/tr>\n<tr>\n<td>Huskvarna<\/td>\n<td>\u2013<\/td>\n<td>\u2013<\/td>\n<td width=\"98\">500<\/td>\n<td width=\"107\">3<\/td>\n<\/tr>\n<tr>\n<td>G\u00f6teborg<\/td>\n<td>250<\/td>\n<td>\u2013<\/td>\n<td width=\"98\">250<\/td>\n<td width=\"107\">1<\/td>\n<\/tr>\n<tr>\n<td>Falun<\/td>\n<td>250<\/td>\n<td>\u2013<\/td>\n<td width=\"98\">250<\/td>\n<td width=\"107\">1<\/td>\n<\/tr>\n<tr>\n<td>Borl\u00e4nge<\/td>\n<td>\u2013<\/td>\n<td>\u2013<\/td>\n<td width=\"98\">500<\/td>\n<td width=\"107\">3<\/td>\n<\/tr>\n<tr>\n<td>Sigtuna<\/td>\n<td>250<\/td>\n<td>\u2013<\/td>\n<td width=\"98\">250<\/td>\n<td width=\"107\">1<\/td>\n<\/tr>\n<tr>\n<td>Hallby<\/td>\n<td>250<\/td>\n<td>125<\/td>\n<td width=\"98\">375<\/td>\n<td width=\"107\">2<\/td>\n<\/tr>\n<\/tbody>\n<\/table>\n<p>&nbsp;<\/p>\n<table width=\"400\">\n<tbody>\n<tr>\n<td width=\"60\">Placering<\/td>\n<td width=\"50\">Etapplopp Huskvarna MTB Tour samt Borl\u00e4nge Tour<\/td>\n<td width=\"40\"><\/td>\n<td width=\"40\">XCO<\/td>\n<td width=\"40\">XCC<\/td>\n<\/tr>\n<tr>\n<td>1<\/td>\n<td>500<\/td>\n<td><\/td>\n<td>250<\/td>\n<td>125<\/td>\n<\/tr>\n<tr>\n<td>2<\/td>\n<td>400<\/td>\n<td><\/td>\n<td>200<\/td>\n<td>100<\/td>\n<\/tr>\n<tr>\n<td>3<\/td>\n<td>320<\/td>\n<td><\/td>\n<td>160<\/td>\n<td>80<\/td>\n<\/tr>\n<tr>\n<td>4<\/td>\n<td>300<\/td>\n<td><\/td>\n<td>150<\/td>\n<td>75<\/td>\n<\/tr>\n<tr>\n<td>5<\/td>\n<td>280<\/td>\n<td><\/td>\n<td>140<\/td>\n<td>70<\/td>\n<\/tr>\n<tr>\n<td>6<\/td>\n<td>260<\/td>\n<td><\/td>\n<td>130<\/td>\n<td>65<\/td>\n<\/tr>\n<tr>\n<td>7<\/td>\n<td>240<\/td>\n<td><\/td>\n<td>120<\/td>\n<td>60<\/td>\n<\/tr>\n<tr>\n<td>8<\/td>\n<td>220<\/td>\n<td><\/td>\n<td>110<\/td>\n<td>55<\/td>\n<\/tr>\n<tr>\n<td>9<\/td>\n<td>200<\/td>\n<td><\/td>\n<td>100<\/td>\n<td>50<\/td>\n<\/tr>\n<tr>\n<td>10<\/td>\n<td>185<\/td>\n<td><\/td>\n<td>95<\/td>\n<td>45<\/td>\n<\/tr>\n<tr>\n<td>11<\/td>\n<td>170<\/td>\n<td><\/td>\n<td>90<\/td>\n<td>40<\/td>\n<\/tr>\n<tr>\n<td>12<\/td>\n<td>155<\/td>\n<td><\/td>\n<td>85<\/td>\n<td>35<\/td>\n<\/tr>\n<tr>\n<td>13<\/td>\n<td>140<\/td>\n<td><\/td>\n<td>80<\/td>\n<td>30<\/td>\n<\/tr>\n<tr>\n<td>14<\/td>\n<td>136<\/td>\n<td><\/td>\n<td>78<\/td>\n<td>29<\/td>\n<\/tr>\n<tr>\n<td>15<\/td>\n<td>132<\/td>\n<td><\/td>\n<td>76<\/td>\n<td>28<\/td>\n<\/tr>\n<tr>\n<td>16<\/td>\n<td>128<\/td>\n<td><\/td>\n<td>74<\/td>\n<td>27<\/td>\n<\/tr>\n<tr>\n<td>17<\/td>\n<td>124<\/td>\n<td><\/td>\n<td>72<\/td>\n<td>26<\/td>\n<\/tr>\n<tr>\n<td>18<\/td>\n<td>120<\/td>\n<td><\/td>\n<td>70<\/td>\n<td>25<\/td>\n<\/tr>\n<tr>\n<td>19<\/td>\n<td>116<\/td>\n<td><\/td>\n<td>68<\/td>\n<td>24<\/td>\n<\/tr>\n<tr>\n<td>20<\/td>\n<td>112<\/td>\n<td><\/td>\n<td>66<\/td>\n<td>23<\/td>\n<\/tr>\n<tr>\n<td>21<\/td>\n<td>108<\/td>\n<td><\/td>\n<td>64<\/td>\n<td>22<\/td>\n<\/tr>\n<tr>\n<td>22<\/td>\n<td>104<\/td>\n<td><\/td>\n<td>62<\/td>\n<td>21<\/td>\n<\/tr>\n<tr>\n<td>23<\/td>\n<td>100<\/td>\n<td><\/td>\n<td>60<\/td>\n<td>20<\/td>\n<\/tr>\n<tr>\n<td>24<\/td>\n<td>96<\/td>\n<td><\/td>\n<td>58<\/td>\n<td>19<\/td>\n<\/tr>\n<tr>\n<td>25<\/td>\n<td>92<\/td>\n<td><\/td>\n<td>56<\/td>\n<td>18<\/td>\n<\/tr>\n<tr>\n<td>26<\/td>\n<td>88<\/td>\n<td><\/td>\n<td>54<\/td>\n<td>17<\/td>\n<\/tr>\n<tr>\n<td>27<\/td>\n<td>84<\/td>\n<td><\/td>\n<td>52<\/td>\n<td>16<\/td>\n<\/tr>\n<tr>\n<td>28<\/td>\n<td>80<\/td>\n<td><\/td>\n<td>50<\/td>\n<td>15<\/td>\n<\/tr>\n<tr>\n<td>29<\/td>\n<td>76<\/td>\n<td><\/td>\n<td>48<\/td>\n<td>14<\/td>\n<\/tr>\n<tr>\n<td>30<\/td>\n<td>72<\/td>\n<td><\/td>\n<td>46<\/td>\n<td>13<\/td>\n<\/tr>\n<tr>\n<td>31<\/td>\n<td>68<\/td>\n<td><\/td>\n<td>44<\/td>\n<td>12<\/td>\n<\/tr>\n<tr>\n<td>32<\/td>\n<td>64<\/td>\n<td><\/td>\n<td>42<\/td>\n<td>11<\/td>\n<\/tr>\n<tr>\n<td>33<\/td>\n<td>60<\/td>\n<td><\/td>\n<td>40<\/td>\n<td>10<\/td>\n<\/tr>\n<tr>\n<td>34<\/td>\n<td>56<\/td>\n<td><\/td>\n<td>38<\/td>\n<td>9<\/td>\n<\/tr>\n<tr>\n<td>35<\/td>\n<td>52<\/td>\n<td><\/td>\n<td>36<\/td>\n<td>8<\/td>\n<\/tr>\n<tr>\n<td>36<\/td>\n<td>48<\/td>\n<td><\/td>\n<td>34<\/td>\n<td>7<\/td>\n<\/tr>\n<tr>\n<td>37<\/td>\n<td>44<\/td>\n<td><\/td>\n<td>32<\/td>\n<td>6<\/td>\n<\/tr>\n<tr>\n<td>38<\/td>\n<td>40<\/td>\n<td><\/td>\n<td>30<\/td>\n<td>5<\/td>\n<\/tr>\n<tr>\n<td>39<\/td>\n<td>37<\/td>\n<td><\/td>\n<td>29<\/td>\n<td>4<\/td>\n<\/tr>\n<tr>\n<td>40<\/td>\n<td>34<\/td>\n<td><\/td>\n<td>28<\/td>\n<td>3<\/td>\n<\/tr>\n<tr>\n<td>41<\/td>\n<td>31<\/td>\n<td><\/td>\n<td>27<\/td>\n<td>2<\/td>\n<\/tr>\n<tr>\n<td>42<\/td>\n<td>28<\/td>\n<td><\/td>\n<td>26<\/td>\n<td>1<\/td>\n<\/tr>\n<tr>\n<td>43<\/td>\n<td>27<\/td>\n<td><\/td>\n<td>25<\/td>\n<td>1<\/td>\n<\/tr>\n<tr>\n<td>44<\/td>\n<td>26<\/td>\n<td><\/td>\n<td>24<\/td>\n<td>1<\/td>\n<\/tr>\n<tr>\n<td>45<\/td>\n<td>25<\/td>\n<td><\/td>\n<td>23<\/td>\n<td>1<\/td>\n<\/tr>\n<tr>\n<td>46<\/td>\n<td>24<\/td>\n<td><\/td>\n<td>22<\/td>\n<td>1<\/td>\n<\/tr>\n<tr>\n<td>47<\/td>\n<td>23<\/td>\n<td><\/td>\n<td>21<\/td>\n<td>1<\/td>\n<\/tr>\n<tr>\n<td>48<\/td>\n<td>22<\/td>\n<td><\/td>\n<td>20<\/td>\n<td>1<\/td>\n<\/tr>\n<tr>\n<td>49<\/td>\n<td>21<\/td>\n<td><\/td>\n<td>19<\/td>\n<td>1<\/td>\n<\/tr>\n<tr>\n<td>50<\/td>\n<td>20<\/td>\n<td><\/td>\n<td>18<\/td>\n<td>1<\/td>\n<\/tr>\n<tr>\n<td>51<\/td>\n<td>19<\/td>\n<td><\/td>\n<td>17<\/td>\n<td>1<\/td>\n<\/tr>\n<tr>\n<td>52<\/td>\n<td>18<\/td>\n<td><\/td>\n<td>16<\/td>\n<td>1<\/td>\n<\/tr>\n<tr>\n<td>53<\/td>\n<td>17<\/td>\n<td><\/td>\n<td>15<\/td>\n<td>1<\/td>\n<\/tr>\n<tr>\n<td>54<\/td>\n<td>16<\/td>\n<td><\/td>\n<td>14<\/td>\n<td>1<\/td>\n<\/tr>\n<tr>\n<td>55<\/td>\n<td>15<\/td>\n<td><\/td>\n<td>13<\/td>\n<td>1<\/td>\n<\/tr>\n<tr>\n<td>56<\/td>\n<td>14<\/td>\n<td><\/td>\n<td>12<\/td>\n<td>1<\/td>\n<\/tr>\n<tr>\n<td>57<\/td>\n<td>13<\/td>\n<td><\/td>\n<td>11<\/td>\n<td>1<\/td>\n<\/tr>\n<tr>\n<td>58<\/td>\n<td>12<\/td>\n<td><\/td>\n<td>10<\/td>\n<td>1<\/td>\n<\/tr>\n<tr>\n<td>59<\/td>\n<td>11<\/td>\n<td><\/td>\n<td>9<\/td>\n<td>1<\/td>\n<\/tr>\n<tr>\n<td>60*<\/td>\n<td>10<\/td>\n<td><\/td>\n<td>8<\/td>\n<td>1<\/td>\n<\/tr>\n<tr>\n<td>61<\/td>\n<td>9<\/td>\n<td><\/td>\n<td>7<\/td>\n<td>1<\/td>\n<\/tr>\n<tr>\n<td>62<\/td>\n<td>8<\/td>\n<td><\/td>\n<td>6<\/td>\n<td>1<\/td>\n<\/tr>\n<tr>\n<td>63<\/td>\n<td>7<\/td>\n<td><\/td>\n<td>5<\/td>\n<td>1<\/td>\n<\/tr>\n<tr>\n<td>64<\/td>\n<td>6<\/td>\n<td><\/td>\n<td>4<\/td>\n<td>1<\/td>\n<\/tr>\n<tr>\n<td>65<\/td>\n<td>5<\/td>\n<td><\/td>\n<td>3<\/td>\n<td>1<\/td>\n<\/tr>\n<tr>\n<td>66<\/td>\n<td>4<\/td>\n<td><\/td>\n<td>2<\/td>\n<td>1<\/td>\n<\/tr>\n<tr>\n<td>67<\/td>\n<td>3<\/td>\n<td><\/td>\n<td>1<\/td>\n<td>1<\/td>\n<\/tr>\n<\/tbody>\n<\/table>\n<p>&nbsp;<\/p>\n<p>S\u00e4mre placering \u00e4n 41 f\u00e5r 1 po\u00e4ng vid XCC. S\u00e4mre placering \u00e4n 66 f\u00e5r 1 po\u00e4ng vid XCO. S\u00e4mre placering \u00e4n 66 f\u00e5r 3 respektive 2 po\u00e4ng vid etapplopp.<\/p>\n<p>Vid lika po\u00e4ng vinner den som har flest segrar, d\u00e4refter andraplatser och sedan tredjeplatser. Kan detta inte skilja dem \u00e5t avg\u00f6r inb\u00f6rdes resultat i den senaste delt\u00e4vlingen.<\/p>\n<p><strong>Anm\u00e4lan<br \/>\n<\/strong>Anm\u00e4lan sker i Sportstiming, avgifter nedan.<\/p>\n<table width=\"400\">\n<tbody>\n<tr>\n<td width=\"64\"><strong>XCO<\/strong><\/td>\n<td width=\"64\">Pris<\/td>\n<td width=\"64\"><strong>XCC<\/strong><\/td>\n<td width=\"64\">Pris<\/td>\n<\/tr>\n<tr>\n<td>9-10<\/td>\n<td>150 kr<\/td>\n<td>9-10<\/td>\n<td>75 kr<\/td>\n<\/tr>\n<tr>\n<td>11-12<\/td>\n<td>150 kr<\/td>\n<td>11-12<\/td>\n<td>75 kr<\/td>\n<\/tr>\n<tr>\n<td>13-14<\/td>\n<td>300 kr<\/td>\n<td>13-14<\/td>\n<td>150 kr<\/td>\n<\/tr>\n<tr>\n<td>15-16<\/td>\n<td>300 kr<\/td>\n<td>15-16<\/td>\n<td>150 kr<\/td>\n<\/tr>\n<tr>\n<td>Junior<\/td>\n<td>350 kr<\/td>\n<td>Junior<\/td>\n<td>175 kr<\/td>\n<\/tr>\n<tr>\n<td>Master<\/td>\n<td>350 kr<\/td>\n<td>Master<\/td>\n<td>175 kr<\/td>\n<\/tr>\n<tr>\n<td>Elit<\/td>\n<td>500 kr<\/td>\n<td>Elit<\/td>\n<td>250 kr<\/td>\n<\/tr>\n<tr>\n<td>Nyb\u00f6rjare<\/td>\n<td>Max 50 kr<\/td>\n<td>Nyb\u00f6rjare<\/td>\n<td>Max 50 kr<\/td>\n<\/tr>\n<\/tbody>\n<\/table>\n<p>Vid etapplopp g\u00e4ller fri priss\u00e4ttning f\u00f6r arrang\u00f6ren.<\/p>\n<p>Efteranm\u00e4lningsavgift ytterligare 100%<\/p>\n<p>&nbsp;<\/p>\n<p><strong>Seedning<\/strong><\/p>\n<p>Inf\u00f6r f\u00f6rsta delt\u00e4vlingen startar juniorklasserna och elitklasserna efter UCI- rankingen, sedan f\u00f6reg\u00e5ende \u00e5rs SWE Cup, \u00f6vriga lottas.<\/p>\n<p>Inf\u00f6r \u00f6vriga delt\u00e4vlingar sker seedningen enligt f\u00f6ljande:<\/p>\n<p>1) Ledaren av SWE Cup<\/p>\n<p>2) UCI po\u00e4ng (g\u00e4ller endast Elit och Junior)<\/p>\n<p>3) SWE Cup totalst\u00e4llning<\/p>\n<p>4) Lottning<\/p>\n<p>Chefkommissarien kan \u00e4ndra p\u00e5 seedningen<\/p>\n<p>Ordinarie anm\u00e4lningsavgift fram till s\u00f6ndag helgen innan 23.59. D\u00e4refter dubbel anm\u00e4lningsavgift. Om anm\u00e4lan \u00e4r inkommen senast tisdagen 16.00 f\u00f6re t\u00e4vlingsdagen ing\u00e5r cyklisten i seedningen (sker p\u00e5 tisdagen efter UCIs rankinguppdatering).<\/p>\n<p><strong>Priser i delt\u00e4vling<br \/>\n<\/strong>Betalas ut av arrangerande f\u00f6rening till \u00e5karens f\u00f6rening enligt nedan (minimum-belopp).<br \/>\nVid UCI-t\u00e4vlingar g\u00e4ller UCI:s prispengar<\/p>\n<table width=\"400\">\n<tbody>\n<tr>\n<td width=\"60\">Placering<\/td>\n<td width=\"60\"><strong>Elit XCO<\/strong><\/td>\n<td width=\"60\"><strong>Junior XCO<\/strong><\/td>\n<td width=\"60\"><strong>Elit XCC<\/strong><\/td>\n<td width=\"60\"><strong>Junior XCC<\/strong><\/td>\n<\/tr>\n<tr>\n<td>1:a<\/td>\n<td>2000 kr<\/td>\n<td>650 kr<\/td>\n<td>1000 kr<\/td>\n<td>350 kr<\/td>\n<\/tr>\n<tr>\n<td>2:a<\/td>\n<td>1500 kr<\/td>\n<td>500 kr<\/td>\n<td>750 kr<\/td>\n<td>250 kr<\/td>\n<\/tr>\n<tr>\n<td>3:a<\/td>\n<td>1000 kr<\/td>\n<td>400 kr<\/td>\n<td>500 kr<\/td>\n<td>200 kr<\/td>\n<\/tr>\n<tr>\n<td>4:a<\/td>\n<td>750 kr<\/td>\n<td>350 kr<\/td>\n<td>350 kr<\/td>\n<td>175 kr<\/td>\n<\/tr>\n<tr>\n<td>5:a<\/td>\n<td>500 kr<\/td>\n<td>200 kr<\/td>\n<td>250 kr<\/td>\n<td>100 kr<\/td>\n<\/tr>\n<\/tbody>\n<\/table>\n<p>Varje delt\u00e4vling delas det ut ledartr\u00f6ja i klasserna Damer Junior, Herrar Junior, Damer Elit och Herr Elit. Ledartr\u00f6jan m\u00e5ste b\u00e4ras av ledaren i cupen.<\/p>\n<p><strong>Slutpriser SWE Cup XCO 2022<\/strong>:<br \/>\nBetalas ut av f\u00f6rbundet till arrangerande klubb som i sin tur betalar ut till vinnarna.<\/p>\n<table width=\"403\">\n<tbody>\n<tr>\n<td width=\"93\">Placering<\/td>\n<td width=\"74\"><strong>Elit Dam<\/strong><\/td>\n<td width=\"74\"><strong>Elit Herr<\/strong><\/td>\n<td width=\"88\"><strong>Junior Dam<\/strong><\/td>\n<td width=\"74\"><strong>Junior Herr<\/strong><\/td>\n<\/tr>\n<tr>\n<td>1:a<\/td>\n<td>7000 kr<\/td>\n<td>7000 kr<\/td>\n<td>3000 kr<\/td>\n<td>3000 kr<\/td>\n<\/tr>\n<tr>\n<td>2:a<\/td>\n<td>4000 kr<\/td>\n<td>4000 kr<\/td>\n<td>2000 kr<\/td>\n<td>2000 kr<\/td>\n<\/tr>\n<tr>\n<td>3:a<\/td>\n<td>2500 kr<\/td>\n<td>2500 kr<\/td>\n<td>1000 kr<\/td>\n<td>1000 kr<\/td>\n<\/tr>\n<\/tbody>\n<\/table>\n<p>&nbsp;<\/p>\n","protected":false},"excerpt":{"rendered":"<p>SWE Cup MTB XCO 2023 inneh\u00e5ller \u00e5tta delt\u00e4vlingar (sju helger), varav hela sju lopp \u00e4r UCI-klassade, d\u00e4r elit och junior kan samla v\u00e4rldsrankingpo\u00e4ng. Precis som tidigare arrangeras vid varje delt\u00e4vling \u00e4ven den nationella cupen f\u00f6r ungdomar och master. SWE Cup XCO\/XCC 2023 29 april: Klippingracet (XCO), S\u00e4ter, \u00e4ven UCI C2. Resultat H\u00c4R! 18\u201320 maj:<a href=\"https:\/\/scf.se\/mountainbike\/swe-cup-xco-2023\/\" class=\"news-card__more\"> &#8230;<\/a><\/p>\n","protected":false},"author":58,"featured_media":3240,"parent":0,"menu_order":0,"comment_status":"closed","ping_status":"closed","template":"","meta":{"_acf_changed":false,"footnotes":""},"class_list":["post-3450","page","type-page","status-publish","hentry"],"acf":[],"_links":{"self":[{"href":"https:\/\/scf.se\/mountainbike\/wp-json\/wp\/v2\/pages\/3450","targetHints":{"allow":["GET"]}}],"collection":[{"href":"https:\/\/scf.se\/mountainbike\/wp-json\/wp\/v2\/pages"}],"about":[{"href":"https:\/\/scf.se\/mountainbike\/wp-json\/wp\/v2\/types\/page"}],"author":[{"embeddable":true,"href":"https:\/\/scf.se\/mountainbike\/wp-json\/wp\/v2\/users\/58"}],"replies":[{"embeddable":true,"href":"https:\/\/scf.se\/mountainbike\/wp-json\/wp\/v2\/comments?post=3450"}],"version-history":[{"count":0,"href":"https:\/\/scf.se\/mountainbike\/wp-json\/wp\/v2\/pages\/3450\/revisions"}],"wp:featuredmedia":[{"embeddable":true,"href":"https:\/\/scf.se\/mountainbike\/wp-json\/wp\/v2\/media\/3240"}],"wp:attachment":[{"href":"https:\/\/scf.se\/mountainbike\/wp-json\/wp\/v2\/media?parent=3450"}],"curies":[{"name":"wp","href":"https:\/\/api.w.org\/{rel}","templated":true}]}}