
{"id":2796,"date":"2022-06-22T10:48:37","date_gmt":"2022-06-22T08:48:37","guid":{"rendered":"http:\/\/scf.se\/mountainbike\/?page_id=2796"},"modified":"2022-08-16T10:38:52","modified_gmt":"2022-08-16T08:38:52","slug":"sm-downhill-2022","status":"publish","type":"page","link":"https:\/\/scf.se\/mountainbike\/sm-downhill-2022\/","title":{"rendered":"SM Downhill 2022"},"content":{"rendered":"<div class=\"single-card__title\">\n<h1><strong style=\"font-size: 16px;\">SM Downhill 2022<\/strong><\/h1>\n<\/div>\n<p><strong>Arrang\u00f6r:<\/strong> SCF i samarbete med SK Rye, Hafjell Bike Park Norge (Inkl. Norska Cupen och Norska M\u00e4sterskapen)<\/p>\n<p><strong>Inbjudan:<\/strong> <a href=\"https:\/\/scf.se\/mountainbike\/nordiskt-samarbete-hafjell-i-norge-blir-destinationen-for-sm-i-downhill\/\">H\u00e4r<\/a><\/p>\n<p><strong>Plats: Hafjell Bike Park Norge<\/strong><\/p>\n<p><strong>Datum:<\/strong> 13-14 augusti<\/p>\n<p><strong>T\u00e4vlingsklass:<\/strong><\/p>\n<ul>\n<li>P 15-16 Inkl. 13-14<\/li>\n<li>F 15-16 Inkl. 13-14<\/li>\n<li>Herr Junior<\/li>\n<li>Dam Junior<\/li>\n<li>Herr Elit<\/li>\n<li>Dam Elit<\/li>\n<li>Herr Master<\/li>\n<li>Dam Master<\/li>\n<\/ul>\n<p><strong>Resultat i de klasser som genomf\u00f6rdes:\u00a0<\/strong><\/p>\n<ul>\n<li><a href=\"https:\/\/scf.se\/mountainbike\/wp-content\/uploads\/sites\/6\/2022\/08\/SM-DH-2022-Resultat-H-Elit.pdf\">Herr Elit<\/a><\/li>\n<li><a href=\"https:\/\/scf.se\/mountainbike\/wp-content\/uploads\/sites\/6\/2022\/08\/SM-DH-2022-Resultat-H-Junior.pdf\">Herr Junior<\/a><\/li>\n<li><a href=\"https:\/\/scf.se\/mountainbike\/wp-content\/uploads\/sites\/6\/2022\/08\/SM-DH-2022-Resultat-H-Master.pdf\">Herr Master<\/a><\/li>\n<li><a href=\"https:\/\/scf.se\/mountainbike\/wp-content\/uploads\/sites\/6\/2022\/08\/SM-DH-2022-Resultat-P13-14.pdf\">P 15-16 Inkl. 13-14<\/a><\/li>\n<\/ul>\n<p>&nbsp;<\/p>\n","protected":false},"excerpt":{"rendered":"<p>SM Downhill 2022 Arrang\u00f6r: SCF i samarbete med SK Rye, Hafjell Bike Park Norge (Inkl. Norska Cupen och Norska M\u00e4sterskapen) Inbjudan: H\u00e4r Plats: Hafjell Bike Park Norge Datum: 13-14 augusti T\u00e4vlingsklass: P 15-16 Inkl. 13-14 F 15-16 Inkl. 13-14 Herr Junior Dam Junior Herr Elit Dam Elit Herr Master Dam Master Resultat i de<a href=\"https:\/\/scf.se\/mountainbike\/sm-downhill-2022\/\" class=\"news-card__more\"> &#8230;<\/a><\/p>\n","protected":false},"author":39,"featured_media":0,"parent":0,"menu_order":0,"comment_status":"closed","ping_status":"closed","template":"","meta":{"_acf_changed":false,"footnotes":""},"class_list":["post-2796","page","type-page","status-publish","hentry"],"acf":[],"_links":{"self":[{"href":"https:\/\/scf.se\/mountainbike\/wp-json\/wp\/v2\/pages\/2796","targetHints":{"allow":["GET"]}}],"collection":[{"href":"https:\/\/scf.se\/mountainbike\/wp-json\/wp\/v2\/pages"}],"about":[{"href":"https:\/\/scf.se\/mountainbike\/wp-json\/wp\/v2\/types\/page"}],"author":[{"embeddable":true,"href":"https:\/\/scf.se\/mountainbike\/wp-json\/wp\/v2\/users\/39"}],"replies":[{"embeddable":true,"href":"https:\/\/scf.se\/mountainbike\/wp-json\/wp\/v2\/comments?post=2796"}],"version-history":[{"count":0,"href":"https:\/\/scf.se\/mountainbike\/wp-json\/wp\/v2\/pages\/2796\/revisions"}],"wp:attachment":[{"href":"https:\/\/scf.se\/mountainbike\/wp-json\/wp\/v2\/media?parent=2796"}],"curies":[{"name":"wp","href":"https:\/\/api.w.org\/{rel}","templated":true}]}}