
{"id":2387,"date":"2022-03-24T10:40:52","date_gmt":"2022-03-24T09:40:52","guid":{"rendered":"http:\/\/scf.se\/mountainbike\/?page_id=2387"},"modified":"2022-03-25T08:59:54","modified_gmt":"2022-03-25T07:59:54","slug":"downhill","status":"publish","type":"page","link":"https:\/\/scf.se\/mountainbike\/downhill\/","title":{"rendered":"Downhill"},"content":{"rendered":"<p>B\u00e4st information om internationella Downhill t\u00e4vlingar hittar du p\u00e5 internationella cykelf\u00f6rbundets hemsida <a href=\"http:\/\/www.google.com\/url?q=http%3A%2F%2Fwww.uci.ch&amp;sa=D&amp;sntz=1&amp;usg=AFQjCNFRHS0FJblfvhVRm3FpCQ1kAlaLBA\" target=\"_blank\" rel=\"noopener noreferrer\">UCI<\/a>.<\/p>\n<p>Enkelt beskrivet kan man s\u00e4ga att Downhill t\u00e4vlingar \u00e4r uppdelade i tre kategorier, nationella t\u00e4vlingar, t\u00e4vlingar centrerade p\u00e5 kontinenter (till exempel Europacup) och v\u00e4rldscupst\u00e4vlingar. De tv\u00e5 f\u00f6rstn\u00e4mnda kan alla med t\u00e4vlingslicens delta\/anm\u00e4la sig till oberoende om de g\u00e5r i Sverige eller utomlands.<\/p>\n<p><strong>Nationella t\u00e4vlingar<\/strong><br \/>\nNationella t\u00e4vlingar i olika UCI klasser\/kategorier. Alla med t\u00e4vlingslicens kan delta\/anm\u00e4la sig till kvalt\u00e4vlingar oberoende om de g\u00e5r i Sverige eller utomlands.<\/p>\n<p><strong>Europacupen<\/strong><br \/>\n<a href=\"https:\/\/www.google.com\/url?q=https%3A%2F%2Fwww.ixsdownhillcup.com%2Fen%2F&amp;sa=D&amp;sntz=1&amp;usg=AFQjCNEfJVsHf-xMbchfFqdu_DWhmQxp_Q\" target=\"_blank\" rel=\"noopener noreferrer\">IXS Downhillcup<\/a> \u00e4r den b\u00e4sta instegst\u00e4vlingen f\u00f6r dig som vill b\u00f6rja t\u00e4vla st\u00f6rre internationella t\u00e4vlingar. Alla med t\u00e4vlingslicens kan delta\/anm\u00e4la sig till kvalt\u00e4vlingar oberoende om de g\u00e5r i Sverige eller utomlands.<\/p>\n<p><strong>UCI Mountainbike Worldcup<\/strong><br \/>\nF\u00f6r att kunna delta i v\u00e4rldscupen i Downhill som elitcyklist (19+ \u00e5r) beh\u00f6ver du antingen inneha tillr\u00e4ckligt med UCI po\u00e4ng (40 po\u00e4ng) eller bli uttagen till landslagsuppdrag av f\u00f6rbundskaptenen. Som junior (17-18 \u00e5r) g\u00e4ller att man blir uttagen att k\u00f6ra i landslagsregi. F\u00f6r b\u00e5de junior och elit finns det \u00e4ven en begr\u00e4nsad m\u00f6jlighet att s\u00f6ka dispens fr\u00e5n f\u00f6rbundskaptenen att f\u00e5 t\u00e4vla i v\u00e4rldscupen i egen regi. Deltagande sker i s\u00e5 fall i landslagskl\u00e4der, enligt kraven fr\u00e5n UCI.<\/p>\n<p><strong>UCI klasser\/kategorier<\/strong><br \/>\nDownhill t\u00e4vlingar \u00e4r indelade i olika kategorier (kategori 1-3, CC, CDM, CM) beroende p\u00e5 niv\u00e5 p\u00e5 t\u00e4vlingen. Desto h\u00f6gre niv\u00e5 p\u00e5 t\u00e4vlingen desto mer UCI po\u00e4ng har du m\u00f6jlighet att f\u00e5 vid deltagande och goda resultat.<\/p>\n","protected":false},"excerpt":{"rendered":"<p>B\u00e4st information om internationella Downhill t\u00e4vlingar hittar du p\u00e5 internationella cykelf\u00f6rbundets hemsida UCI. Enkelt beskrivet kan man s\u00e4ga att Downhill t\u00e4vlingar \u00e4r uppdelade i tre kategorier, nationella t\u00e4vlingar, t\u00e4vlingar centrerade p\u00e5 kontinenter (till exempel Europacup) och v\u00e4rldscupst\u00e4vlingar. De tv\u00e5 f\u00f6rstn\u00e4mnda kan alla med t\u00e4vlingslicens delta\/anm\u00e4la sig till oberoende om de g\u00e5r i Sverige eller<a href=\"https:\/\/scf.se\/mountainbike\/downhill\/\" class=\"news-card__more\"> &#8230;<\/a><\/p>\n","protected":false},"author":30,"featured_media":0,"parent":0,"menu_order":0,"comment_status":"closed","ping_status":"closed","template":"","meta":{"_acf_changed":false,"footnotes":""},"class_list":["post-2387","page","type-page","status-publish","hentry"],"acf":[],"_links":{"self":[{"href":"https:\/\/scf.se\/mountainbike\/wp-json\/wp\/v2\/pages\/2387","targetHints":{"allow":["GET"]}}],"collection":[{"href":"https:\/\/scf.se\/mountainbike\/wp-json\/wp\/v2\/pages"}],"about":[{"href":"https:\/\/scf.se\/mountainbike\/wp-json\/wp\/v2\/types\/page"}],"author":[{"embeddable":true,"href":"https:\/\/scf.se\/mountainbike\/wp-json\/wp\/v2\/users\/30"}],"replies":[{"embeddable":true,"href":"https:\/\/scf.se\/mountainbike\/wp-json\/wp\/v2\/comments?post=2387"}],"version-history":[{"count":0,"href":"https:\/\/scf.se\/mountainbike\/wp-json\/wp\/v2\/pages\/2387\/revisions"}],"wp:attachment":[{"href":"https:\/\/scf.se\/mountainbike\/wp-json\/wp\/v2\/media?parent=2387"}],"curies":[{"name":"wp","href":"https:\/\/api.w.org\/{rel}","templated":true}]}}